{"id":96559,"date":"2025-03-17T18:16:55","date_gmt":"2025-03-17T17:16:55","guid":{"rendered":"http:\/\/js-photo.fr\/acceuil\/?page_id=96559"},"modified":"2025-06-04T07:13:23","modified_gmt":"2025-06-04T06:13:23","slug":"odyssea-10-kilometres-page-1","status":"publish","type":"page","link":"http:\/\/js-photo.fr\/acceuil\/odyssea-10-kilometres-page-1","title":{"rendered":"Odyss\u00e9a 10 kilom\u00e8tres page 1"},"content":{"rendered":"\n<p><\/p>\n\n\n\n<p class=\"has-medium-font-size\">Organis\u00e9 par le Racing Club Nantais,  la course Odyss\u00e9a est devenue un \u00e9v\u00e9nement au service de la lutte contre le cancer du sein. Quatre courses au programme, 10 km chronom\u00e9tr\u00e9s, course 5 km, course enfants et 5 km marche. Cette ann\u00e9e, 19 500 participantes et participants se sont inscrits pour courir, soit dans les rues de Nantes, soit en se connectant sur le site d&rsquo;Odyss\u00e9a. Un record a \u00e9t\u00e9 battue cette ann\u00e9e : 193 000 euros ont en effet \u00e9t\u00e9 collect\u00e9s.<\/p>\n\n\n\n<figure class=\"wp-block-gallery has-nested-images columns-1 is-cropped wp-block-gallery-2 is-layout-flex wp-block-gallery-is-layout-flex\">\n<figure class=\"wp-block-image size-full\"><img decoding=\"async\" data-id=\"112105\" src=\"http:\/\/js-photo.fr\/wp-content\/uploads\/2025\/06\/Odyssea-10kms-0001-scaled.jpg\" alt=\"\" class=\"wp-image-112105\"\/><\/figure>\n\n\n\n<figure class=\"wp-block-image size-full\"><img decoding=\"async\" data-id=\"96564\" src=\"http:\/\/js-photo.fr\/wp-content\/uploads\/2025\/03\/Odyssea-10kms-0002-scaled.jpg\" alt=\"\" class=\"wp-image-96564\"\/><\/figure>\n\n\n\n<figure class=\"wp-block-image size-full\"><img decoding=\"async\" data-id=\"96565\" src=\"http:\/\/js-photo.fr\/wp-content\/uploads\/2025\/03\/Odyssea-10kms-0003-scaled.jpg\" alt=\"\" class=\"wp-image-96565\"\/><\/figure>\n\n\n\n<figure class=\"wp-block-image size-full\"><img decoding=\"async\" data-id=\"96561\" src=\"http:\/\/js-photo.fr\/wp-content\/uploads\/2025\/03\/Odyssea-10kms-0004-scaled.jpg\" alt=\"\" class=\"wp-image-96561\"\/><\/figure>\n\n\n\n<figure class=\"wp-block-image size-full\"><img decoding=\"async\" data-id=\"96563\" src=\"http:\/\/js-photo.fr\/wp-content\/uploads\/2025\/03\/Odyssea-10kms-0005-scaled.jpg\" alt=\"\" class=\"wp-image-96563\"\/><\/figure>\n\n\n\n<figure class=\"wp-block-image size-full\"><img decoding=\"async\" data-id=\"96562\" src=\"http:\/\/js-photo.fr\/wp-content\/uploads\/2025\/03\/Odyssea-10kms-0006-scaled.jpg\" alt=\"\" class=\"wp-image-96562\"\/><\/figure>\n\n\n\n<figure class=\"wp-block-image size-full\"><img decoding=\"async\" data-id=\"96566\" src=\"http:\/\/js-photo.fr\/wp-content\/uploads\/2025\/03\/Odyssea-10kms-0007-scaled.jpg\" alt=\"\" class=\"wp-image-96566\"\/><\/figure>\n\n\n\n<figure class=\"wp-block-image size-full\"><img decoding=\"async\" data-id=\"96567\" src=\"http:\/\/js-photo.fr\/wp-content\/uploads\/2025\/03\/Odyssea-10kms-0008-scaled.jpg\" alt=\"\" class=\"wp-image-96567\"\/><\/figure>\n\n\n\n<figure class=\"wp-block-image size-full\"><img decoding=\"async\" data-id=\"96569\" src=\"http:\/\/js-photo.fr\/wp-content\/uploads\/2025\/03\/Odyssea-10kms-0009-scaled.jpg\" alt=\"\" class=\"wp-image-96569\"\/><\/figure>\n\n\n\n<figure class=\"wp-block-image size-full\"><img decoding=\"async\" data-id=\"96568\" src=\"http:\/\/js-photo.fr\/wp-content\/uploads\/2025\/03\/Odyssea-10kms-0010-scaled.jpg\" alt=\"\" class=\"wp-image-96568\"\/><\/figure>\n\n\n\n<figure class=\"wp-block-image size-full\"><img decoding=\"async\" data-id=\"96570\" src=\"http:\/\/js-photo.fr\/wp-content\/uploads\/2025\/03\/Odyssea-10kms-0011-scaled.jpg\" alt=\"\" class=\"wp-image-96570\"\/><\/figure>\n\n\n\n<figure class=\"wp-block-image size-full\"><img decoding=\"async\" data-id=\"96571\" src=\"http:\/\/js-photo.fr\/wp-content\/uploads\/2025\/03\/Odyssea-10kms-0012-scaled.jpg\" alt=\"\" class=\"wp-image-96571\"\/><\/figure>\n\n\n\n<figure class=\"wp-block-image size-full\"><img decoding=\"async\" data-id=\"96572\" src=\"http:\/\/js-photo.fr\/wp-content\/uploads\/2025\/03\/Odyssea-10kms-0013-scaled.jpg\" alt=\"\" class=\"wp-image-96572\"\/><\/figure>\n\n\n\n<figure class=\"wp-block-image size-full\"><img decoding=\"async\" data-id=\"96573\" src=\"http:\/\/js-photo.fr\/wp-content\/uploads\/2025\/03\/Odyssea-10kms-0014-scaled.jpg\" alt=\"\" class=\"wp-image-96573\"\/><\/figure>\n\n\n\n<figure class=\"wp-block-image size-full\"><img decoding=\"async\" data-id=\"96574\" src=\"http:\/\/js-photo.fr\/wp-content\/uploads\/2025\/03\/Odyssea-10kms-0015-scaled.jpg\" alt=\"\" class=\"wp-image-96574\"\/><\/figure>\n\n\n\n<figure class=\"wp-block-image size-full\"><img decoding=\"async\" data-id=\"96576\" src=\"http:\/\/js-photo.fr\/wp-content\/uploads\/2025\/03\/Odyssea-10kms-0016-scaled.jpg\" alt=\"\" class=\"wp-image-96576\"\/><\/figure>\n\n\n\n<figure class=\"wp-block-image size-full\"><img decoding=\"async\" data-id=\"96575\" src=\"http:\/\/js-photo.fr\/wp-content\/uploads\/2025\/03\/Odyssea-10kms-0017-scaled.jpg\" alt=\"\" class=\"wp-image-96575\"\/><\/figure>\n\n\n\n<figure class=\"wp-block-image size-full\"><img decoding=\"async\" data-id=\"96577\" src=\"http:\/\/js-photo.fr\/wp-content\/uploads\/2025\/03\/Odyssea-10kms-0018-scaled.jpg\" alt=\"\" class=\"wp-image-96577\"\/><\/figure>\n\n\n\n<figure class=\"wp-block-image size-full\"><img decoding=\"async\" data-id=\"96578\" src=\"http:\/\/js-photo.fr\/wp-content\/uploads\/2025\/03\/Odyssea-10kms-0019-scaled.jpg\" alt=\"\" class=\"wp-image-96578\"\/><\/figure>\n\n\n\n<figure class=\"wp-block-image size-full\"><img decoding=\"async\" data-id=\"96579\" src=\"http:\/\/js-photo.fr\/wp-content\/uploads\/2025\/03\/Odyssea-10kms-0020-scaled.jpg\" alt=\"\" class=\"wp-image-96579\"\/><\/figure>\n\n\n\n<figure class=\"wp-block-image size-full\"><img decoding=\"async\" data-id=\"96580\" src=\"http:\/\/js-photo.fr\/wp-content\/uploads\/2025\/03\/Odyssea-10kms-0021-scaled.jpg\" alt=\"\" class=\"wp-image-96580\"\/><\/figure>\n\n\n\n<figure class=\"wp-block-image size-full\"><img decoding=\"async\" data-id=\"96581\" src=\"http:\/\/js-photo.fr\/wp-content\/uploads\/2025\/03\/Odyssea-10kms-0022-scaled.jpg\" alt=\"\" class=\"wp-image-96581\"\/><\/figure>\n\n\n\n<figure class=\"wp-block-image size-full\"><img decoding=\"async\" data-id=\"96582\" src=\"http:\/\/js-photo.fr\/wp-content\/uploads\/2025\/03\/Odyssea-10kms-0023-scaled.jpg\" alt=\"\" class=\"wp-image-96582\"\/><\/figure>\n\n\n\n<figure class=\"wp-block-image size-full\"><img decoding=\"async\" data-id=\"96583\" src=\"http:\/\/js-photo.fr\/wp-content\/uploads\/2025\/03\/Odyssea-10kms-0024-scaled.jpg\" alt=\"\" class=\"wp-image-96583\"\/><\/figure>\n\n\n\n<figure class=\"wp-block-image size-full\"><img decoding=\"async\" data-id=\"96584\" src=\"http:\/\/js-photo.fr\/wp-content\/uploads\/2025\/03\/Odyssea-10kms-0025-scaled.jpg\" alt=\"\" class=\"wp-image-96584\"\/><\/figure>\n\n\n\n<figure class=\"wp-block-image size-full\"><img decoding=\"async\" data-id=\"96585\" src=\"http:\/\/js-photo.fr\/wp-content\/uploads\/2025\/03\/Odyssea-10kms-0026-scaled.jpg\" alt=\"\" class=\"wp-image-96585\"\/><\/figure>\n\n\n\n<figure class=\"wp-block-image size-full\"><img decoding=\"async\" data-id=\"96586\" src=\"http:\/\/js-photo.fr\/wp-content\/uploads\/2025\/03\/Odyssea-10kms-0027-scaled.jpg\" alt=\"\" class=\"wp-image-96586\"\/><\/figure>\n\n\n\n<figure class=\"wp-block-image size-full\"><img decoding=\"async\" data-id=\"96587\" src=\"http:\/\/js-photo.fr\/wp-content\/uploads\/2025\/03\/Odyssea-10kms-0028-scaled.jpg\" alt=\"\" class=\"wp-image-96587\"\/><\/figure>\n\n\n\n<figure class=\"wp-block-image size-full\"><img decoding=\"async\" data-id=\"96588\" src=\"http:\/\/js-photo.fr\/wp-content\/uploads\/2025\/03\/Odyssea-10kms-0029-scaled.jpg\" alt=\"\" class=\"wp-image-96588\"\/><\/figure>\n\n\n\n<figure class=\"wp-block-image size-full\"><img decoding=\"async\" data-id=\"96589\" src=\"http:\/\/js-photo.fr\/wp-content\/uploads\/2025\/03\/Odyssea-10kms-0030-scaled.jpg\" alt=\"\" class=\"wp-image-96589\"\/><\/figure>\n\n\n\n<figure class=\"wp-block-image size-full\"><img decoding=\"async\" data-id=\"96590\" src=\"http:\/\/js-photo.fr\/wp-content\/uploads\/2025\/03\/Odyssea-10kms-0031-scaled.jpg\" alt=\"\" class=\"wp-image-96590\"\/><\/figure>\n\n\n\n<figure class=\"wp-block-image size-full\"><img decoding=\"async\" data-id=\"96591\" src=\"http:\/\/js-photo.fr\/wp-content\/uploads\/2025\/03\/Odyssea-10kms-0032-scaled.jpg\" alt=\"\" class=\"wp-image-96591\"\/><\/figure>\n\n\n\n<figure class=\"wp-block-image size-full\"><img decoding=\"async\" data-id=\"96592\" src=\"http:\/\/js-photo.fr\/wp-content\/uploads\/2025\/03\/Odyssea-10kms-0033-scaled.jpg\" alt=\"\" class=\"wp-image-96592\"\/><\/figure>\n\n\n\n<figure class=\"wp-block-image size-full\"><img decoding=\"async\" data-id=\"96593\" src=\"http:\/\/js-photo.fr\/wp-content\/uploads\/2025\/03\/Odyssea-10kms-0034-scaled.jpg\" alt=\"\" class=\"wp-image-96593\"\/><\/figure>\n\n\n\n<figure class=\"wp-block-image size-full\"><img decoding=\"async\" data-id=\"96594\" src=\"http:\/\/js-photo.fr\/wp-content\/uploads\/2025\/03\/Odyssea-10kms-0035-scaled.jpg\" alt=\"\" class=\"wp-image-96594\"\/><\/figure>\n\n\n\n<figure class=\"wp-block-image size-full\"><img decoding=\"async\" data-id=\"96595\" src=\"http:\/\/js-photo.fr\/wp-content\/uploads\/2025\/03\/Odyssea-10kms-0036-scaled.jpg\" alt=\"\" class=\"wp-image-96595\"\/><\/figure>\n\n\n\n<figure class=\"wp-block-image size-full\"><img decoding=\"async\" data-id=\"96596\" src=\"http:\/\/js-photo.fr\/wp-content\/uploads\/2025\/03\/Odyssea-10kms-0037-scaled.jpg\" alt=\"\" class=\"wp-image-96596\"\/><\/figure>\n\n\n\n<figure class=\"wp-block-image size-full\"><img decoding=\"async\" data-id=\"96597\" src=\"http:\/\/js-photo.fr\/wp-content\/uploads\/2025\/03\/Odyssea-10kms-0038-scaled.jpg\" alt=\"\" class=\"wp-image-96597\"\/><\/figure>\n\n\n\n<figure class=\"wp-block-image size-full\"><img decoding=\"async\" data-id=\"96598\" src=\"http:\/\/js-photo.fr\/wp-content\/uploads\/2025\/03\/Odyssea-10kms-0039-scaled.jpg\" alt=\"\" class=\"wp-image-96598\"\/><\/figure>\n\n\n\n<figure class=\"wp-block-image size-full\"><img decoding=\"async\" data-id=\"96599\" src=\"http:\/\/js-photo.fr\/wp-content\/uploads\/2025\/03\/Odyssea-10kms-0040-scaled.jpg\" alt=\"\" class=\"wp-image-96599\"\/><\/figure>\n\n\n\n<figure class=\"wp-block-image size-full\"><img decoding=\"async\" data-id=\"96600\" src=\"http:\/\/js-photo.fr\/wp-content\/uploads\/2025\/03\/Odyssea-10kms-0041-scaled.jpg\" alt=\"\" class=\"wp-image-96600\"\/><\/figure>\n\n\n\n<figure class=\"wp-block-image size-full\"><img decoding=\"async\" data-id=\"96601\" src=\"http:\/\/js-photo.fr\/wp-content\/uploads\/2025\/03\/Odyssea-10kms-0042-scaled.jpg\" alt=\"\" class=\"wp-image-96601\"\/><\/figure>\n\n\n\n<figure class=\"wp-block-image size-full\"><img decoding=\"async\" data-id=\"96602\" src=\"http:\/\/js-photo.fr\/wp-content\/uploads\/2025\/03\/Odyssea-10kms-0043-scaled.jpg\" alt=\"\" class=\"wp-image-96602\"\/><\/figure>\n\n\n\n<figure class=\"wp-block-image size-full\"><img decoding=\"async\" data-id=\"96603\" src=\"http:\/\/js-photo.fr\/wp-content\/uploads\/2025\/03\/Odyssea-10kms-0044-scaled.jpg\" alt=\"\" class=\"wp-image-96603\"\/><\/figure>\n\n\n\n<figure class=\"wp-block-image size-full\"><img decoding=\"async\" data-id=\"96604\" src=\"http:\/\/js-photo.fr\/wp-content\/uploads\/2025\/03\/Odyssea-10kms-0045-scaled.jpg\" alt=\"\" class=\"wp-image-96604\"\/><\/figure>\n\n\n\n<figure class=\"wp-block-image size-full\"><img decoding=\"async\" data-id=\"96605\" src=\"http:\/\/js-photo.fr\/wp-content\/uploads\/2025\/03\/Odyssea-10kms-0046-scaled.jpg\" alt=\"\" class=\"wp-image-96605\"\/><\/figure>\n\n\n\n<figure class=\"wp-block-image size-full\"><img decoding=\"async\" data-id=\"96606\" src=\"http:\/\/js-photo.fr\/wp-content\/uploads\/2025\/03\/Odyssea-10kms-0047-scaled.jpg\" alt=\"\" class=\"wp-image-96606\"\/><\/figure>\n\n\n\n<figure class=\"wp-block-image size-full\"><img decoding=\"async\" data-id=\"96607\" src=\"http:\/\/js-photo.fr\/wp-content\/uploads\/2025\/03\/Odyssea-10kms-0048-scaled.jpg\" alt=\"\" class=\"wp-image-96607\"\/><\/figure>\n\n\n\n<figure class=\"wp-block-image size-full\"><img decoding=\"async\" data-id=\"96608\" src=\"http:\/\/js-photo.fr\/wp-content\/uploads\/2025\/03\/Odyssea-10kms-0049-scaled.jpg\" alt=\"\" class=\"wp-image-96608\"\/><\/figure>\n\n\n\n<figure class=\"wp-block-image size-full\"><img decoding=\"async\" data-id=\"96609\" src=\"http:\/\/js-photo.fr\/wp-content\/uploads\/2025\/03\/Odyssea-10kms-0050-scaled.jpg\" alt=\"\" class=\"wp-image-96609\"\/><\/figure>\n\n\n\n<figure class=\"wp-block-image size-full\"><img decoding=\"async\" data-id=\"96610\" src=\"http:\/\/js-photo.fr\/wp-content\/uploads\/2025\/03\/Odyssea-10kms-0051-scaled.jpg\" alt=\"\" class=\"wp-image-96610\"\/><\/figure>\n\n\n\n<figure class=\"wp-block-image size-full\"><img decoding=\"async\" data-id=\"96611\" src=\"http:\/\/js-photo.fr\/wp-content\/uploads\/2025\/03\/Odyssea-10kms-0052-scaled.jpg\" alt=\"\" class=\"wp-image-96611\"\/><\/figure>\n\n\n\n<figure class=\"wp-block-image size-full\"><img decoding=\"async\" data-id=\"96612\" src=\"http:\/\/js-photo.fr\/wp-content\/uploads\/2025\/03\/Odyssea-10kms-0053-scaled.jpg\" alt=\"\" class=\"wp-image-96612\"\/><\/figure>\n\n\n\n<figure class=\"wp-block-image size-full\"><img decoding=\"async\" data-id=\"96613\" src=\"http:\/\/js-photo.fr\/wp-content\/uploads\/2025\/03\/Odyssea-10kms-0054-scaled.jpg\" alt=\"\" class=\"wp-image-96613\"\/><\/figure>\n\n\n\n<figure class=\"wp-block-image size-full\"><img decoding=\"async\" data-id=\"96614\" src=\"http:\/\/js-photo.fr\/wp-content\/uploads\/2025\/03\/Odyssea-10kms-0055-scaled.jpg\" alt=\"\" class=\"wp-image-96614\"\/><\/figure>\n\n\n\n<figure class=\"wp-block-image size-full\"><img decoding=\"async\" data-id=\"96615\" src=\"http:\/\/js-photo.fr\/wp-content\/uploads\/2025\/03\/Odyssea-10kms-0056-scaled.jpg\" alt=\"\" class=\"wp-image-96615\"\/><\/figure>\n\n\n\n<figure class=\"wp-block-image size-full\"><img decoding=\"async\" data-id=\"96616\" src=\"http:\/\/js-photo.fr\/wp-content\/uploads\/2025\/03\/Odyssea-10kms-0057-scaled.jpg\" alt=\"\" class=\"wp-image-96616\"\/><\/figure>\n\n\n\n<figure class=\"wp-block-image size-full\"><img decoding=\"async\" data-id=\"96617\" src=\"http:\/\/js-photo.fr\/wp-content\/uploads\/2025\/03\/Odyssea-10kms-0058-scaled.jpg\" alt=\"\" class=\"wp-image-96617\"\/><\/figure>\n\n\n\n<figure class=\"wp-block-image size-full\"><img decoding=\"async\" data-id=\"96618\" src=\"http:\/\/js-photo.fr\/wp-content\/uploads\/2025\/03\/Odyssea-10kms-0059-scaled.jpg\" alt=\"\" class=\"wp-image-96618\"\/><\/figure>\n\n\n\n<figure class=\"wp-block-image size-full\"><img decoding=\"async\" data-id=\"96619\" src=\"http:\/\/js-photo.fr\/wp-content\/uploads\/2025\/03\/Odyssea-10kms-0060-scaled.jpg\" alt=\"\" class=\"wp-image-96619\"\/><\/figure>\n\n\n\n<figure class=\"wp-block-image size-full\"><img decoding=\"async\" data-id=\"96620\" src=\"http:\/\/js-photo.fr\/wp-content\/uploads\/2025\/03\/Odyssea-10kms-0061-scaled.jpg\" alt=\"\" class=\"wp-image-96620\"\/><\/figure>\n\n\n\n<figure class=\"wp-block-image size-full\"><img decoding=\"async\" data-id=\"96621\" src=\"http:\/\/js-photo.fr\/wp-content\/uploads\/2025\/03\/Odyssea-10kms-0062-scaled.jpg\" alt=\"\" class=\"wp-image-96621\"\/><\/figure>\n\n\n\n<figure class=\"wp-block-image size-full\"><img decoding=\"async\" data-id=\"96622\" src=\"http:\/\/js-photo.fr\/wp-content\/uploads\/2025\/03\/Odyssea-10kms-0063-scaled.jpg\" alt=\"\" class=\"wp-image-96622\"\/><\/figure>\n\n\n\n<figure class=\"wp-block-image size-full\"><img decoding=\"async\" data-id=\"96623\" src=\"http:\/\/js-photo.fr\/wp-content\/uploads\/2025\/03\/Odyssea-10kms-0064-scaled.jpg\" alt=\"\" class=\"wp-image-96623\"\/><\/figure>\n\n\n\n<figure class=\"wp-block-image size-full\"><img decoding=\"async\" data-id=\"96624\" src=\"http:\/\/js-photo.fr\/wp-content\/uploads\/2025\/03\/Odyssea-10kms-0065-scaled.jpg\" alt=\"\" class=\"wp-image-96624\"\/><\/figure>\n\n\n\n<figure class=\"wp-block-image size-full\"><img decoding=\"async\" data-id=\"96625\" src=\"http:\/\/js-photo.fr\/wp-content\/uploads\/2025\/03\/Odyssea-10kms-0066-scaled.jpg\" alt=\"\" class=\"wp-image-96625\"\/><\/figure>\n\n\n\n<figure class=\"wp-block-image size-full\"><img decoding=\"async\" data-id=\"96626\" src=\"http:\/\/js-photo.fr\/wp-content\/uploads\/2025\/03\/Odyssea-10kms-0067-scaled.jpg\" alt=\"\" class=\"wp-image-96626\"\/><\/figure>\n\n\n\n<figure class=\"wp-block-image size-full\"><img decoding=\"async\" data-id=\"96627\" src=\"http:\/\/js-photo.fr\/wp-content\/uploads\/2025\/03\/Odyssea-10kms-0068-scaled.jpg\" alt=\"\" class=\"wp-image-96627\"\/><\/figure>\n\n\n\n<figure class=\"wp-block-image size-full\"><img decoding=\"async\" data-id=\"96628\" src=\"http:\/\/js-photo.fr\/wp-content\/uploads\/2025\/03\/Odyssea-10kms-0069-scaled.jpg\" alt=\"\" class=\"wp-image-96628\"\/><\/figure>\n\n\n\n<figure class=\"wp-block-image size-full\"><img decoding=\"async\" data-id=\"96629\" src=\"http:\/\/js-photo.fr\/wp-content\/uploads\/2025\/03\/Odyssea-10kms-0070-scaled.jpg\" alt=\"\" class=\"wp-image-96629\"\/><\/figure>\n\n\n\n<figure class=\"wp-block-image size-full\"><img decoding=\"async\" data-id=\"96630\" src=\"http:\/\/js-photo.fr\/wp-content\/uploads\/2025\/03\/Odyssea-10kms-0071-scaled.jpg\" alt=\"\" class=\"wp-image-96630\"\/><\/figure>\n\n\n\n<figure class=\"wp-block-image size-full\"><img decoding=\"async\" data-id=\"96631\" src=\"http:\/\/js-photo.fr\/wp-content\/uploads\/2025\/03\/Odyssea-10kms-0072-scaled.jpg\" alt=\"\" class=\"wp-image-96631\"\/><\/figure>\n\n\n\n<figure class=\"wp-block-image size-full\"><img decoding=\"async\" data-id=\"96632\" src=\"http:\/\/js-photo.fr\/wp-content\/uploads\/2025\/03\/Odyssea-10kms-0073-scaled.jpg\" alt=\"\" class=\"wp-image-96632\"\/><\/figure>\n\n\n\n<figure class=\"wp-block-image size-full\"><img decoding=\"async\" data-id=\"96633\" src=\"http:\/\/js-photo.fr\/wp-content\/uploads\/2025\/03\/Odyssea-10kms-0074-scaled.jpg\" alt=\"\" class=\"wp-image-96633\"\/><\/figure>\n\n\n\n<figure class=\"wp-block-image size-full\"><img decoding=\"async\" data-id=\"96634\" src=\"http:\/\/js-photo.fr\/wp-content\/uploads\/2025\/03\/Odyssea-10kms-0075-scaled.jpg\" alt=\"\" class=\"wp-image-96634\"\/><\/figure>\n\n\n\n<figure class=\"wp-block-image size-full\"><img decoding=\"async\" data-id=\"96635\" src=\"http:\/\/js-photo.fr\/wp-content\/uploads\/2025\/03\/Odyssea-10kms-0076-scaled.jpg\" alt=\"\" class=\"wp-image-96635\"\/><\/figure>\n\n\n\n<figure class=\"wp-block-image size-full\"><img decoding=\"async\" data-id=\"96636\" src=\"http:\/\/js-photo.fr\/wp-content\/uploads\/2025\/03\/Odyssea-10kms-0077-scaled.jpg\" alt=\"\" class=\"wp-image-96636\"\/><\/figure>\n\n\n\n<figure class=\"wp-block-image size-full\"><img decoding=\"async\" data-id=\"96637\" src=\"http:\/\/js-photo.fr\/wp-content\/uploads\/2025\/03\/Odyssea-10kms-0078-scaled.jpg\" alt=\"\" class=\"wp-image-96637\"\/><\/figure>\n\n\n\n<figure class=\"wp-block-image size-full\"><img decoding=\"async\" data-id=\"96638\" src=\"http:\/\/js-photo.fr\/wp-content\/uploads\/2025\/03\/Odyssea-10kms-0079-scaled.jpg\" alt=\"\" class=\"wp-image-96638\"\/><\/figure>\n<\/figure>\n\n\n\n<ul class=\"wp-block-list\">\n<li class=\"has-large-font-size\">Toutes les photos, 21 pages :\n<ul class=\"wp-block-list\">\n<li class=\"has-large-font-size\"><a href=\"http:\/\/js-photo.fr\/acceuil\/odyssea-10-kilometres-page-1\" data-type=\"page\" data-id=\"96559\">Odyss\u00e9a 10 kilom\u00e8tres page 1<\/a><\/li>\n\n\n\n<li><a href=\"http:\/\/js-photo.fr\/acceuil\/odyssea-10-kilometres-page-2\" data-type=\"page\" data-id=\"96644\">Odyss\u00e9a 10 kilom\u00e8tres page 2<\/a><\/li>\n\n\n\n<li><a href=\"http:\/\/js-photo.fr\/acceuil\/odyssea-10-kilometres-page-3\" data-type=\"page\" data-id=\"96726\">Odyss\u00e9a 10 kilom\u00e8tres page 3<\/a><\/li>\n\n\n\n<li><a href=\"http:\/\/js-photo.fr\/acceuil\/odyssea-10-kilometres-page-4\" data-type=\"page\" data-id=\"96943\">Odyss\u00e9a 10 kilom\u00e8tres page 4<\/a><\/li>\n\n\n\n<li><a href=\"http:\/\/js-photo.fr\/acceuil\/odyssea-10-kilometres-page-5\" data-type=\"page\" data-id=\"97025\">Odyss\u00e9a 10 kilom\u00e8tres page 5<\/a><\/li>\n\n\n\n<li><a href=\"http:\/\/js-photo.fr\/acceuil\/odyssea-10-kilometres-page-6\" data-type=\"page\" data-id=\"97107\">Odyss\u00e9a 10 kilom\u00e8tres page 6<\/a><\/li>\n\n\n\n<li><a href=\"http:\/\/js-photo.fr\/acceuil\/odyssea-10-kilometres-page-7\" data-type=\"page\" data-id=\"97191\">Odyss\u00e9a 10 kilom\u00e8tres page 7<\/a><\/li>\n\n\n\n<li><a href=\"http:\/\/js-photo.fr\/acceuil\/odyssea-10-kilometres-page-8\" data-type=\"page\" data-id=\"97273\">Odyss\u00e9a 10 kilom\u00e8tres page 8<\/a><\/li>\n\n\n\n<li><a href=\"http:\/\/js-photo.fr\/acceuil\/odyssea-10-kilometres-page-9\" data-type=\"page\" data-id=\"97355\">Odyss\u00e9a 10 kilom\u00e8tres page 9<\/a><\/li>\n\n\n\n<li><a href=\"http:\/\/js-photo.fr\/acceuil\/odyssea-10-kilometres-page-10\" data-type=\"page\" data-id=\"97540\">Odyss\u00e9a 10 kilom\u00e8tres page 10<\/a><\/li>\n\n\n\n<li><a href=\"http:\/\/js-photo.fr\/acceuil\/odyssea-10-kilometres-page-11\" data-type=\"page\" data-id=\"97764\">Odyss\u00e9a 10 kilom\u00e8tres page 11<\/a><\/li>\n\n\n\n<li><a href=\"http:\/\/js-photo.fr\/acceuil\/odyssea-10-kilometres-page-12\" data-type=\"page\" data-id=\"97846\">Odyss\u00e9a 10 kilom\u00e8tres page 12<\/a><\/li>\n\n\n\n<li><a href=\"http:\/\/js-photo.fr\/acceuil\/odyssea-10-kilometres-page-13\" data-type=\"page\" data-id=\"97928\">Odyss\u00e9a 10 kilom\u00e8tres page 13<\/a><\/li>\n\n\n\n<li><a href=\"http:\/\/js-photo.fr\/acceuil\/odyssea-10-kilometres-page-14\" data-type=\"page\" data-id=\"98010\">Odyss\u00e9a 10 kilom\u00e8tres page 14<\/a><\/li>\n\n\n\n<li><a href=\"http:\/\/js-photo.fr\/acceuil\/odyssea-10-kilometres-page-15\" data-type=\"page\" data-id=\"98092\">Odyss\u00e9a 10 kilom\u00e8tres page 15<\/a><\/li>\n\n\n\n<li><a href=\"http:\/\/js-photo.fr\/acceuil\/odyssea-10-kilometres-page-16\" data-type=\"page\" data-id=\"98174\">Odyss\u00e9a 10 kilom\u00e8tres page 16<\/a><\/li>\n\n\n\n<li><a href=\"http:\/\/js-photo.fr\/acceuil\/odyssea-10-kilometres-page-17\" data-type=\"page\" data-id=\"98256\">Odyss\u00e9a 10 kilom\u00e8tres page 17<\/a><\/li>\n\n\n\n<li><a href=\"http:\/\/js-photo.fr\/acceuil\/odyssea-10-kilometres-page-18\" data-type=\"page\" data-id=\"98338\">Odyss\u00e9a 10 kilom\u00e8tres page 18<\/a><\/li>\n\n\n\n<li><a href=\"http:\/\/js-photo.fr\/acceuil\/odyssea-10-kilometres-page-19\" data-type=\"page\" data-id=\"98420\">Odyss\u00e9a 10 kilom\u00e8tres page 19<\/a><\/li>\n\n\n\n<li><a href=\"http:\/\/js-photo.fr\/acceuil\/odyssea-10-kilometres-page-20\" data-type=\"page\" data-id=\"98502\">Odyss\u00e9a 10 kilom\u00e8tres page 20<\/a><\/li>\n\n\n\n<li><a href=\"http:\/\/js-photo.fr\/acceuil\/odyssea-10-kilometres-page-21\" data-type=\"page\" data-id=\"98584\">Odyss\u00e9a 10 kilom\u00e8tres page 21<\/a><\/li>\n<\/ul>\n<\/li>\n<\/ul>\n","protected":false},"excerpt":{"rendered":"<p>Organis\u00e9 par le Racing Club Nantais, la course Odyss\u00e9a est devenue un \u00e9v\u00e9nement au service de la lutte contre le cancer du sein. Quatre courses &hellip; <\/p>\n","protected":false},"author":1,"featured_media":0,"parent":0,"menu_order":0,"comment_status":"open","ping_status":"closed","template":"","meta":{"footnotes":""},"class_list":["post-96559","page","type-page","status-publish","hentry"],"_links":{"self":[{"href":"http:\/\/js-photo.fr\/acceuil\/wp-json\/wp\/v2\/pages\/96559","targetHints":{"allow":["GET"]}}],"collection":[{"href":"http:\/\/js-photo.fr\/acceuil\/wp-json\/wp\/v2\/pages"}],"about":[{"href":"http:\/\/js-photo.fr\/acceuil\/wp-json\/wp\/v2\/types\/page"}],"author":[{"embeddable":true,"href":"http:\/\/js-photo.fr\/acceuil\/wp-json\/wp\/v2\/users\/1"}],"replies":[{"embeddable":true,"href":"http:\/\/js-photo.fr\/acceuil\/wp-json\/wp\/v2\/comments?post=96559"}],"version-history":[{"count":7,"href":"http:\/\/js-photo.fr\/acceuil\/wp-json\/wp\/v2\/pages\/96559\/revisions"}],"predecessor-version":[{"id":112108,"href":"http:\/\/js-photo.fr\/acceuil\/wp-json\/wp\/v2\/pages\/96559\/revisions\/112108"}],"wp:attachment":[{"href":"http:\/\/js-photo.fr\/acceuil\/wp-json\/wp\/v2\/media?parent=96559"}],"curies":[{"name":"wp","href":"https:\/\/api.w.org\/{rel}","templated":true}]}}