{"id":94703,"date":"2025-02-24T15:51:51","date_gmt":"2025-02-24T14:51:51","guid":{"rendered":"http:\/\/js-photo.fr\/acceuil\/?page_id=94703"},"modified":"2025-06-02T06:56:59","modified_gmt":"2025-06-02T05:56:59","slug":"dix-kilometres-carquefou-2025-page-1","status":"publish","type":"page","link":"http:\/\/js-photo.fr\/acceuil\/dix-kilometres-carquefou-2025-page-1","title":{"rendered":"Dix kilom\u00e8tres Carquefou 2025 page 1"},"content":{"rendered":"\n<p class=\"has-medium-font-size\">Ce dimanche, le site du complexe du Moulin Boisseau accueillait une nouvelle \u00e9dition des 10 Kms de Carquefou organis\u00e9 par le <a href=\"https:\/\/www.facebook.com\/CarquefouAC?__cft__[0]=AZU5WQ_HkfinY5qXehXUjEYWSUpEmBip3DRyD4KchewVnlrGE9xj081NcbOxcicuaLUe1e7UAtYolHMist2B188EzqanoGZ-e0rW9f474suNQJ4Vj9n9MEuhC2sBFhIhlon3xaUokeJscVZeHkvm7_ql&amp;__tn__=-]K-R\">Carquefou Athl\u00e9tique Club<\/a>. Avec plus de 1170 participants au d\u00e9part, cette \u00e9dition a encore \u00e9t\u00e9 un succ\u00e8s gr\u00e2ce aux 80 b\u00e9n\u00e9voles.<\/p>\n\n\n\n<figure class=\"wp-block-gallery has-nested-images columns-1 is-cropped wp-block-gallery-2 is-layout-flex wp-block-gallery-is-layout-flex\">\n<figure class=\"wp-block-image size-large\"><img decoding=\"async\" data-id=\"111368\" src=\"http:\/\/js-photo.fr\/wp-content\/uploads\/10km-Carquefou-0001-scaled.jpg\" alt=\"\" class=\"wp-image-111368\"\/><\/figure>\n\n\n\n<figure class=\"wp-block-image size-large\"><img decoding=\"async\" data-id=\"111369\" src=\"http:\/\/js-photo.fr\/wp-content\/uploads\/10km-Carquefou-0002-scaled.jpg\" alt=\"\" class=\"wp-image-111369\"\/><\/figure>\n\n\n\n<figure class=\"wp-block-image size-large\"><img decoding=\"async\" data-id=\"111372\" src=\"http:\/\/js-photo.fr\/wp-content\/uploads\/10km-Carquefou-0003-scaled.jpg\" alt=\"\" class=\"wp-image-111372\"\/><\/figure>\n\n\n\n<figure class=\"wp-block-image size-large\"><img decoding=\"async\" data-id=\"111370\" src=\"http:\/\/js-photo.fr\/wp-content\/uploads\/10km-Carquefou-0004-scaled.jpg\" alt=\"\" class=\"wp-image-111370\"\/><\/figure>\n\n\n\n<figure class=\"wp-block-image size-large\"><img decoding=\"async\" data-id=\"111371\" src=\"http:\/\/js-photo.fr\/wp-content\/uploads\/10km-Carquefou-0005-scaled.jpg\" alt=\"\" class=\"wp-image-111371\"\/><\/figure>\n\n\n\n<figure class=\"wp-block-image size-large\"><img decoding=\"async\" data-id=\"111373\" src=\"http:\/\/js-photo.fr\/wp-content\/uploads\/10km-Carquefou-0006-scaled.jpg\" alt=\"\" class=\"wp-image-111373\"\/><\/figure>\n\n\n\n<figure class=\"wp-block-image size-large\"><img decoding=\"async\" data-id=\"111374\" src=\"http:\/\/js-photo.fr\/wp-content\/uploads\/10km-Carquefou-0007-scaled.jpg\" alt=\"\" class=\"wp-image-111374\"\/><\/figure>\n\n\n\n<figure class=\"wp-block-image size-large\"><img decoding=\"async\" data-id=\"111375\" src=\"http:\/\/js-photo.fr\/wp-content\/uploads\/10km-Carquefou-0008-scaled.jpg\" alt=\"\" class=\"wp-image-111375\"\/><\/figure>\n\n\n\n<figure class=\"wp-block-image size-large\"><img decoding=\"async\" data-id=\"111376\" src=\"http:\/\/js-photo.fr\/wp-content\/uploads\/10km-Carquefou-0009-scaled.jpg\" alt=\"\" class=\"wp-image-111376\"\/><\/figure>\n\n\n\n<figure class=\"wp-block-image size-large\"><img decoding=\"async\" data-id=\"111377\" src=\"http:\/\/js-photo.fr\/wp-content\/uploads\/10km-Carquefou-0010-scaled.jpg\" alt=\"\" class=\"wp-image-111377\"\/><\/figure>\n\n\n\n<figure class=\"wp-block-image size-large\"><img decoding=\"async\" data-id=\"111378\" src=\"http:\/\/js-photo.fr\/wp-content\/uploads\/10km-Carquefou-0011-scaled.jpg\" alt=\"\" class=\"wp-image-111378\"\/><\/figure>\n\n\n\n<figure class=\"wp-block-image size-large\"><img decoding=\"async\" data-id=\"111379\" src=\"http:\/\/js-photo.fr\/wp-content\/uploads\/10km-Carquefou-0012-scaled.jpg\" alt=\"\" class=\"wp-image-111379\"\/><\/figure>\n\n\n\n<figure class=\"wp-block-image size-large\"><img decoding=\"async\" data-id=\"111380\" src=\"http:\/\/js-photo.fr\/wp-content\/uploads\/10km-Carquefou-0013-scaled.jpg\" alt=\"\" class=\"wp-image-111380\"\/><\/figure>\n\n\n\n<figure class=\"wp-block-image size-large\"><img decoding=\"async\" data-id=\"111381\" src=\"http:\/\/js-photo.fr\/wp-content\/uploads\/10km-Carquefou-0014-scaled.jpg\" alt=\"\" class=\"wp-image-111381\"\/><\/figure>\n\n\n\n<figure class=\"wp-block-image size-large\"><img decoding=\"async\" data-id=\"111382\" src=\"http:\/\/js-photo.fr\/wp-content\/uploads\/10km-Carquefou-0015-scaled.jpg\" alt=\"\" class=\"wp-image-111382\"\/><\/figure>\n\n\n\n<figure class=\"wp-block-image size-large\"><img decoding=\"async\" data-id=\"111383\" src=\"http:\/\/js-photo.fr\/wp-content\/uploads\/10km-Carquefou-0016-scaled.jpg\" alt=\"\" class=\"wp-image-111383\"\/><\/figure>\n\n\n\n<figure class=\"wp-block-image size-large\"><img decoding=\"async\" data-id=\"111384\" src=\"http:\/\/js-photo.fr\/wp-content\/uploads\/10km-Carquefou-0017-scaled.jpg\" alt=\"\" class=\"wp-image-111384\"\/><\/figure>\n\n\n\n<figure class=\"wp-block-image size-large\"><img decoding=\"async\" data-id=\"111385\" src=\"http:\/\/js-photo.fr\/wp-content\/uploads\/10km-Carquefou-0018-scaled.jpg\" alt=\"\" class=\"wp-image-111385\"\/><\/figure>\n\n\n\n<figure class=\"wp-block-image size-large\"><img decoding=\"async\" data-id=\"111386\" src=\"http:\/\/js-photo.fr\/wp-content\/uploads\/10km-Carquefou-0019-scaled.jpg\" alt=\"\" class=\"wp-image-111386\"\/><\/figure>\n\n\n\n<figure class=\"wp-block-image size-large\"><img decoding=\"async\" data-id=\"111387\" src=\"http:\/\/js-photo.fr\/wp-content\/uploads\/10km-Carquefou-0020-scaled.jpg\" alt=\"\" class=\"wp-image-111387\"\/><\/figure>\n\n\n\n<figure class=\"wp-block-image size-large\"><img decoding=\"async\" data-id=\"111388\" src=\"http:\/\/js-photo.fr\/wp-content\/uploads\/10km-Carquefou-0021-scaled.jpg\" alt=\"\" class=\"wp-image-111388\"\/><\/figure>\n\n\n\n<figure class=\"wp-block-image size-large\"><img decoding=\"async\" data-id=\"111389\" src=\"http:\/\/js-photo.fr\/wp-content\/uploads\/10km-Carquefou-0022-scaled.jpg\" alt=\"\" class=\"wp-image-111389\"\/><\/figure>\n\n\n\n<figure class=\"wp-block-image size-large\"><img decoding=\"async\" data-id=\"111390\" src=\"http:\/\/js-photo.fr\/wp-content\/uploads\/10km-Carquefou-0023-scaled.jpg\" alt=\"\" class=\"wp-image-111390\"\/><\/figure>\n\n\n\n<figure class=\"wp-block-image size-large\"><img decoding=\"async\" data-id=\"111391\" src=\"http:\/\/js-photo.fr\/wp-content\/uploads\/10km-Carquefou-0024-scaled.jpg\" alt=\"\" class=\"wp-image-111391\"\/><\/figure>\n\n\n\n<figure class=\"wp-block-image size-large\"><img decoding=\"async\" data-id=\"111392\" src=\"http:\/\/js-photo.fr\/wp-content\/uploads\/10km-Carquefou-0025-scaled.jpg\" alt=\"\" class=\"wp-image-111392\"\/><\/figure>\n\n\n\n<figure class=\"wp-block-image size-large\"><img decoding=\"async\" data-id=\"111393\" src=\"http:\/\/js-photo.fr\/wp-content\/uploads\/10km-Carquefou-0026-scaled.jpg\" alt=\"\" class=\"wp-image-111393\"\/><\/figure>\n\n\n\n<figure class=\"wp-block-image size-large\"><img decoding=\"async\" data-id=\"111394\" src=\"http:\/\/js-photo.fr\/wp-content\/uploads\/10km-Carquefou-0027-scaled.jpg\" alt=\"\" class=\"wp-image-111394\"\/><\/figure>\n\n\n\n<figure class=\"wp-block-image size-large\"><img decoding=\"async\" data-id=\"111395\" src=\"http:\/\/js-photo.fr\/wp-content\/uploads\/10km-Carquefou-0028-scaled.jpg\" alt=\"\" class=\"wp-image-111395\"\/><\/figure>\n\n\n\n<figure class=\"wp-block-image size-large\"><img decoding=\"async\" data-id=\"111396\" src=\"http:\/\/js-photo.fr\/wp-content\/uploads\/10km-Carquefou-0029-scaled.jpg\" alt=\"\" class=\"wp-image-111396\"\/><\/figure>\n\n\n\n<figure class=\"wp-block-image size-large\"><img decoding=\"async\" data-id=\"111397\" src=\"http:\/\/js-photo.fr\/wp-content\/uploads\/10km-Carquefou-0030-scaled.jpg\" alt=\"\" class=\"wp-image-111397\"\/><\/figure>\n\n\n\n<figure class=\"wp-block-image size-large\"><img decoding=\"async\" data-id=\"111398\" src=\"http:\/\/js-photo.fr\/wp-content\/uploads\/10km-Carquefou-0031-scaled.jpg\" alt=\"\" class=\"wp-image-111398\"\/><\/figure>\n\n\n\n<figure class=\"wp-block-image size-large\"><img decoding=\"async\" data-id=\"111400\" src=\"http:\/\/js-photo.fr\/wp-content\/uploads\/10km-Carquefou-0032-scaled.jpg\" alt=\"\" class=\"wp-image-111400\"\/><\/figure>\n\n\n\n<figure class=\"wp-block-image size-large\"><img decoding=\"async\" data-id=\"111399\" src=\"http:\/\/js-photo.fr\/wp-content\/uploads\/10km-Carquefou-0033-scaled.jpg\" alt=\"\" class=\"wp-image-111399\"\/><\/figure>\n\n\n\n<figure class=\"wp-block-image size-large\"><img decoding=\"async\" data-id=\"111401\" src=\"http:\/\/js-photo.fr\/wp-content\/uploads\/10km-Carquefou-0034-scaled.jpg\" alt=\"\" class=\"wp-image-111401\"\/><\/figure>\n\n\n\n<figure class=\"wp-block-image size-large\"><img decoding=\"async\" data-id=\"111402\" src=\"http:\/\/js-photo.fr\/wp-content\/uploads\/10km-Carquefou-0035-scaled.jpg\" alt=\"\" class=\"wp-image-111402\"\/><\/figure>\n\n\n\n<figure class=\"wp-block-image size-large\"><img decoding=\"async\" data-id=\"111403\" src=\"http:\/\/js-photo.fr\/wp-content\/uploads\/10km-Carquefou-0036-scaled.jpg\" alt=\"\" class=\"wp-image-111403\"\/><\/figure>\n\n\n\n<figure class=\"wp-block-image size-large\"><img decoding=\"async\" data-id=\"111404\" src=\"http:\/\/js-photo.fr\/wp-content\/uploads\/10km-Carquefou-0037-scaled.jpg\" alt=\"\" class=\"wp-image-111404\"\/><\/figure>\n\n\n\n<figure class=\"wp-block-image size-large\"><img decoding=\"async\" data-id=\"111405\" src=\"http:\/\/js-photo.fr\/wp-content\/uploads\/10km-Carquefou-0038-scaled.jpg\" alt=\"\" class=\"wp-image-111405\"\/><\/figure>\n\n\n\n<figure class=\"wp-block-image size-large\"><img decoding=\"async\" data-id=\"111406\" src=\"http:\/\/js-photo.fr\/wp-content\/uploads\/10km-Carquefou-0039-scaled.jpg\" alt=\"\" class=\"wp-image-111406\"\/><\/figure>\n\n\n\n<figure class=\"wp-block-image size-large\"><img decoding=\"async\" data-id=\"111408\" src=\"http:\/\/js-photo.fr\/wp-content\/uploads\/10km-Carquefou-0040-scaled.jpg\" alt=\"\" class=\"wp-image-111408\"\/><\/figure>\n\n\n\n<figure class=\"wp-block-image size-large\"><img decoding=\"async\" data-id=\"111407\" src=\"http:\/\/js-photo.fr\/wp-content\/uploads\/10km-Carquefou-0041-scaled.jpg\" alt=\"\" class=\"wp-image-111407\"\/><\/figure>\n\n\n\n<figure class=\"wp-block-image size-large\"><img decoding=\"async\" data-id=\"111409\" src=\"http:\/\/js-photo.fr\/wp-content\/uploads\/10km-Carquefou-0042-scaled.jpg\" alt=\"\" class=\"wp-image-111409\"\/><\/figure>\n\n\n\n<figure class=\"wp-block-image size-large\"><img decoding=\"async\" data-id=\"111410\" src=\"http:\/\/js-photo.fr\/wp-content\/uploads\/10km-Carquefou-0043-scaled.jpg\" alt=\"\" class=\"wp-image-111410\"\/><\/figure>\n\n\n\n<figure class=\"wp-block-image size-large\"><img decoding=\"async\" data-id=\"111411\" src=\"http:\/\/js-photo.fr\/wp-content\/uploads\/10km-Carquefou-0044-scaled.jpg\" alt=\"\" class=\"wp-image-111411\"\/><\/figure>\n\n\n\n<figure class=\"wp-block-image size-large\"><img decoding=\"async\" data-id=\"111412\" src=\"http:\/\/js-photo.fr\/wp-content\/uploads\/10km-Carquefou-0045-scaled.jpg\" alt=\"\" class=\"wp-image-111412\"\/><\/figure>\n\n\n\n<figure class=\"wp-block-image size-large\"><img decoding=\"async\" data-id=\"111413\" src=\"http:\/\/js-photo.fr\/wp-content\/uploads\/10km-Carquefou-0046-scaled.jpg\" alt=\"\" class=\"wp-image-111413\"\/><\/figure>\n\n\n\n<figure class=\"wp-block-image size-large\"><img decoding=\"async\" data-id=\"111414\" src=\"http:\/\/js-photo.fr\/wp-content\/uploads\/10km-Carquefou-0047-scaled.jpg\" alt=\"\" class=\"wp-image-111414\"\/><\/figure>\n\n\n\n<figure class=\"wp-block-image size-large\"><img decoding=\"async\" data-id=\"111415\" src=\"http:\/\/js-photo.fr\/wp-content\/uploads\/10km-Carquefou-0048-scaled.jpg\" alt=\"\" class=\"wp-image-111415\"\/><\/figure>\n\n\n\n<figure class=\"wp-block-image size-large\"><img decoding=\"async\" data-id=\"111416\" src=\"http:\/\/js-photo.fr\/wp-content\/uploads\/10km-Carquefou-0049-scaled.jpg\" alt=\"\" class=\"wp-image-111416\"\/><\/figure>\n\n\n\n<figure class=\"wp-block-image size-large\"><img decoding=\"async\" data-id=\"111417\" src=\"http:\/\/js-photo.fr\/wp-content\/uploads\/10km-Carquefou-0050-scaled.jpg\" alt=\"\" class=\"wp-image-111417\"\/><\/figure>\n\n\n\n<figure class=\"wp-block-image size-large\"><img decoding=\"async\" data-id=\"111418\" src=\"http:\/\/js-photo.fr\/wp-content\/uploads\/10km-Carquefou-0051-scaled.jpg\" alt=\"\" class=\"wp-image-111418\"\/><\/figure>\n\n\n\n<figure class=\"wp-block-image size-large\"><img decoding=\"async\" data-id=\"111419\" src=\"http:\/\/js-photo.fr\/wp-content\/uploads\/10km-Carquefou-0052-scaled.jpg\" alt=\"\" class=\"wp-image-111419\"\/><\/figure>\n\n\n\n<figure class=\"wp-block-image size-large\"><img decoding=\"async\" data-id=\"111420\" src=\"http:\/\/js-photo.fr\/wp-content\/uploads\/10km-Carquefou-0053-scaled.jpg\" alt=\"\" class=\"wp-image-111420\"\/><\/figure>\n\n\n\n<figure class=\"wp-block-image size-large\"><img decoding=\"async\" data-id=\"111421\" src=\"http:\/\/js-photo.fr\/wp-content\/uploads\/10km-Carquefou-0054-scaled.jpg\" alt=\"\" class=\"wp-image-111421\"\/><\/figure>\n\n\n\n<figure class=\"wp-block-image size-large\"><img decoding=\"async\" data-id=\"111422\" src=\"http:\/\/js-photo.fr\/wp-content\/uploads\/10km-Carquefou-0055-scaled.jpg\" alt=\"\" class=\"wp-image-111422\"\/><\/figure>\n\n\n\n<figure class=\"wp-block-image size-large\"><img decoding=\"async\" data-id=\"111423\" src=\"http:\/\/js-photo.fr\/wp-content\/uploads\/10km-Carquefou-0056-scaled.jpg\" alt=\"\" class=\"wp-image-111423\"\/><\/figure>\n\n\n\n<figure class=\"wp-block-image size-large\"><img decoding=\"async\" data-id=\"111424\" src=\"http:\/\/js-photo.fr\/wp-content\/uploads\/10km-Carquefou-0057-scaled.jpg\" alt=\"\" class=\"wp-image-111424\"\/><\/figure>\n\n\n\n<figure class=\"wp-block-image size-large\"><img decoding=\"async\" data-id=\"111425\" src=\"http:\/\/js-photo.fr\/wp-content\/uploads\/10km-Carquefou-0058-scaled.jpg\" alt=\"\" class=\"wp-image-111425\"\/><\/figure>\n\n\n\n<figure class=\"wp-block-image size-large\"><img decoding=\"async\" data-id=\"111426\" src=\"http:\/\/js-photo.fr\/wp-content\/uploads\/10km-Carquefou-0059-scaled.jpg\" alt=\"\" class=\"wp-image-111426\"\/><\/figure>\n\n\n\n<figure class=\"wp-block-image size-large\"><img decoding=\"async\" data-id=\"111427\" src=\"http:\/\/js-photo.fr\/wp-content\/uploads\/10km-Carquefou-0060-scaled.jpg\" alt=\"\" class=\"wp-image-111427\"\/><\/figure>\n\n\n\n<figure class=\"wp-block-image size-large\"><img decoding=\"async\" data-id=\"111428\" src=\"http:\/\/js-photo.fr\/wp-content\/uploads\/10km-Carquefou-0061-scaled.jpg\" alt=\"\" class=\"wp-image-111428\"\/><\/figure>\n\n\n\n<figure class=\"wp-block-image size-large\"><img decoding=\"async\" data-id=\"111429\" src=\"http:\/\/js-photo.fr\/wp-content\/uploads\/10km-Carquefou-0062-scaled.jpg\" alt=\"\" class=\"wp-image-111429\"\/><\/figure>\n\n\n\n<figure class=\"wp-block-image size-large\"><img decoding=\"async\" data-id=\"111430\" src=\"http:\/\/js-photo.fr\/wp-content\/uploads\/10km-Carquefou-0063-scaled.jpg\" alt=\"\" class=\"wp-image-111430\"\/><\/figure>\n\n\n\n<figure class=\"wp-block-image size-large\"><img decoding=\"async\" data-id=\"111431\" src=\"http:\/\/js-photo.fr\/wp-content\/uploads\/10km-Carquefou-0064-scaled.jpg\" alt=\"\" class=\"wp-image-111431\"\/><\/figure>\n\n\n\n<figure class=\"wp-block-image size-large\"><img decoding=\"async\" data-id=\"111432\" src=\"http:\/\/js-photo.fr\/wp-content\/uploads\/10km-Carquefou-0065-scaled.jpg\" alt=\"\" class=\"wp-image-111432\"\/><\/figure>\n\n\n\n<figure class=\"wp-block-image size-large\"><img decoding=\"async\" data-id=\"111433\" src=\"http:\/\/js-photo.fr\/wp-content\/uploads\/10km-Carquefou-0066-scaled.jpg\" alt=\"\" class=\"wp-image-111433\"\/><\/figure>\n\n\n\n<figure class=\"wp-block-image size-large\"><img decoding=\"async\" data-id=\"111434\" src=\"http:\/\/js-photo.fr\/wp-content\/uploads\/10km-Carquefou-0067-scaled.jpg\" alt=\"\" class=\"wp-image-111434\"\/><\/figure>\n\n\n\n<figure class=\"wp-block-image size-large\"><img decoding=\"async\" data-id=\"111435\" src=\"http:\/\/js-photo.fr\/wp-content\/uploads\/10km-Carquefou-0068-scaled.jpg\" alt=\"\" class=\"wp-image-111435\"\/><\/figure>\n\n\n\n<figure class=\"wp-block-image size-large\"><img decoding=\"async\" data-id=\"111436\" src=\"http:\/\/js-photo.fr\/wp-content\/uploads\/10km-Carquefou-0069-scaled.jpg\" alt=\"\" class=\"wp-image-111436\"\/><\/figure>\n\n\n\n<figure class=\"wp-block-image size-large\"><img decoding=\"async\" data-id=\"111437\" src=\"http:\/\/js-photo.fr\/wp-content\/uploads\/10km-Carquefou-0070-scaled.jpg\" alt=\"\" class=\"wp-image-111437\"\/><\/figure>\n\n\n\n<figure class=\"wp-block-image size-large\"><img decoding=\"async\" data-id=\"111438\" src=\"http:\/\/js-photo.fr\/wp-content\/uploads\/10km-Carquefou-0071-scaled.jpg\" alt=\"\" class=\"wp-image-111438\"\/><\/figure>\n\n\n\n<figure class=\"wp-block-image size-large\"><img decoding=\"async\" data-id=\"111439\" src=\"http:\/\/js-photo.fr\/wp-content\/uploads\/10km-Carquefou-0072-scaled.jpg\" alt=\"\" class=\"wp-image-111439\"\/><\/figure>\n\n\n\n<figure class=\"wp-block-image size-large\"><img decoding=\"async\" data-id=\"111440\" src=\"http:\/\/js-photo.fr\/wp-content\/uploads\/10km-Carquefou-0073-scaled.jpg\" alt=\"\" class=\"wp-image-111440\"\/><\/figure>\n\n\n\n<figure class=\"wp-block-image size-large\"><img decoding=\"async\" data-id=\"111441\" src=\"http:\/\/js-photo.fr\/wp-content\/uploads\/10km-Carquefou-0074-scaled.jpg\" alt=\"\" class=\"wp-image-111441\"\/><\/figure>\n\n\n\n<figure class=\"wp-block-image size-large\"><img decoding=\"async\" data-id=\"111442\" src=\"http:\/\/js-photo.fr\/wp-content\/uploads\/10km-Carquefou-0075-scaled.jpg\" alt=\"\" class=\"wp-image-111442\"\/><\/figure>\n\n\n\n<figure class=\"wp-block-image size-large\"><img decoding=\"async\" data-id=\"111443\" src=\"http:\/\/js-photo.fr\/wp-content\/uploads\/10km-Carquefou-0076-scaled.jpg\" alt=\"\" class=\"wp-image-111443\"\/><\/figure>\n\n\n\n<figure class=\"wp-block-image size-large\"><img decoding=\"async\" data-id=\"111444\" src=\"http:\/\/js-photo.fr\/wp-content\/uploads\/10km-Carquefou-0077-scaled.jpg\" alt=\"\" class=\"wp-image-111444\"\/><\/figure>\n\n\n\n<figure class=\"wp-block-image size-large\"><img decoding=\"async\" data-id=\"111445\" src=\"http:\/\/js-photo.fr\/wp-content\/uploads\/10km-Carquefou-0078-scaled.jpg\" alt=\"\" class=\"wp-image-111445\"\/><\/figure>\n\n\n\n<figure class=\"wp-block-image size-large\"><img decoding=\"async\" data-id=\"111446\" src=\"http:\/\/js-photo.fr\/wp-content\/uploads\/10km-Carquefou-0079-scaled.jpg\" alt=\"\" class=\"wp-image-111446\"\/><\/figure>\n<\/figure>\n\n\n\n<ul class=\"wp-block-list\">\n<li>Toutes les photos : 13 pages.\n<ul class=\"wp-block-list\">\n<li><a href=\"http:\/\/js-photo.fr\/acceuil\/dix-kilometres-carquefou-2025-page-1\" data-type=\"page\" data-id=\"94703\">Dix kilom\u00e8tres Carquefou 2025 page 1<\/a><\/li>\n\n\n\n<li><a href=\"http:\/\/js-photo.fr\/acceuil\/dix-kilometres-carquefou-2025-page-2\" data-type=\"page\" data-id=\"95447\">Dix kilom\u00e8tres Carquefou 2025 page 2<\/a><\/li>\n\n\n\n<li><a href=\"http:\/\/js-photo.fr\/acceuil\/dix-kilometres-carquefou-2025-page-3\" data-type=\"page\" data-id=\"95529\">Dix kilom\u00e8tres Carquefou 2025 page 3<\/a><\/li>\n\n\n\n<li><a href=\"http:\/\/js-photo.fr\/acceuil\/dix-kilometres-carquefou-2025-page-4\" data-type=\"page\" data-id=\"95611\">Dix kilom\u00e8tres Carquefou 2025 page 4<\/a><\/li>\n\n\n\n<li><a href=\"http:\/\/js-photo.fr\/acceuil\/dix-kilometres-carquefou-2025-page-5\" data-type=\"page\" data-id=\"95693\">Dix kilom\u00e8tres Carquefou 2025 page 5<\/a><\/li>\n\n\n\n<li><a href=\"http:\/\/js-photo.fr\/acceuil\/dix-kilometres-carquefou-2025-page-6\" data-type=\"page\" data-id=\"95775\">Dix kilom\u00e8tres Carquefou 2025 page 6<\/a><\/li>\n\n\n\n<li><a href=\"http:\/\/js-photo.fr\/acceuil\/dix-kilometres-carquefou-2025-page-7\" data-type=\"page\" data-id=\"95857\">Dix kilom\u00e8tres Carquefou 2025 page 7<\/a><\/li>\n\n\n\n<li><a href=\"http:\/\/js-photo.fr\/acceuil\/dix-kilometres-carquefou-2025-page-8\" data-type=\"page\" data-id=\"95939\">Dix kilom\u00e8tres Carquefou 2025 page 8<\/a><\/li>\n\n\n\n<li><a href=\"http:\/\/js-photo.fr\/acceuil\/dix-kilometres-carquefou-2025-page-9\" data-type=\"page\" data-id=\"96021\">Dix kilom\u00e8tres Carquefou 2025 page 9<\/a><\/li>\n\n\n\n<li><a href=\"http:\/\/js-photo.fr\/acceuil\/dix-kilometres-carquefou-2025-page-10\" data-type=\"page\" data-id=\"96103\">Dix kilom\u00e8tres Carquefou 2025 page 10<\/a><\/li>\n\n\n\n<li><a href=\"http:\/\/js-photo.fr\/acceuil\/dix-kilometres-carquefou-2025-page-11\" data-type=\"page\" data-id=\"96185\">Dix kilom\u00e8tres Carquefou 2025 page 11<\/a><\/li>\n\n\n\n<li><a href=\"http:\/\/js-photo.fr\/acceuil\/dix-kilometres-carquefou-2025-page-12\" data-type=\"page\" data-id=\"96269\">Dix kilom\u00e8tres Carquefou 2025 page 12<\/a><\/li>\n\n\n\n<li><a href=\"http:\/\/js-photo.fr\/acceuil\/dix-kilometres-carquefou-2025-page-13\" data-type=\"page\" data-id=\"96351\">Dix kilom\u00e8tres Carquefou 2025 page 13<\/a><\/li>\n<\/ul>\n<\/li>\n<\/ul>\n\n\n\n<p><\/p>\n\n\n\n<p><\/p>\n\n\n\n<p><\/p>\n","protected":false},"excerpt":{"rendered":"<p>Ce dimanche, le site du complexe du Moulin Boisseau accueillait une nouvelle \u00e9dition des 10 Kms de Carquefou organis\u00e9 par le Carquefou Athl\u00e9tique Club. Avec &hellip; <\/p>\n","protected":false},"author":1,"featured_media":0,"parent":0,"menu_order":0,"comment_status":"open","ping_status":"closed","template":"","meta":{"footnotes":""},"class_list":["post-94703","page","type-page","status-publish","hentry"],"_links":{"self":[{"href":"http:\/\/js-photo.fr\/acceuil\/wp-json\/wp\/v2\/pages\/94703","targetHints":{"allow":["GET"]}}],"collection":[{"href":"http:\/\/js-photo.fr\/acceuil\/wp-json\/wp\/v2\/pages"}],"about":[{"href":"http:\/\/js-photo.fr\/acceuil\/wp-json\/wp\/v2\/types\/page"}],"author":[{"embeddable":true,"href":"http:\/\/js-photo.fr\/acceuil\/wp-json\/wp\/v2\/users\/1"}],"replies":[{"embeddable":true,"href":"http:\/\/js-photo.fr\/acceuil\/wp-json\/wp\/v2\/comments?post=94703"}],"version-history":[{"count":4,"href":"http:\/\/js-photo.fr\/acceuil\/wp-json\/wp\/v2\/pages\/94703\/revisions"}],"predecessor-version":[{"id":111447,"href":"http:\/\/js-photo.fr\/acceuil\/wp-json\/wp\/v2\/pages\/94703\/revisions\/111447"}],"wp:attachment":[{"href":"http:\/\/js-photo.fr\/acceuil\/wp-json\/wp\/v2\/media?parent=94703"}],"curies":[{"name":"wp","href":"https:\/\/api.w.org\/{rel}","templated":true}]}}