{"id":94693,"date":"2025-01-01T07:36:49","date_gmt":"2025-01-01T06:36:49","guid":{"rendered":"http:\/\/js-photo.fr\/acceuil\/?page_id=94693"},"modified":"2025-01-01T07:40:39","modified_gmt":"2025-01-01T06:40:39","slug":"annee-2024","status":"publish","type":"page","link":"http:\/\/js-photo.fr\/acceuil\/accueil\/annee-2024","title":{"rendered":"Ann\u00e9e 2024"},"content":{"rendered":"\n<div class=\"wp-block-group\"><div class=\"wp-block-group__inner-container is-layout-flow wp-block-group-is-layout-flow\">\n<div class=\"wp-block-group is-vertical is-layout-flex wp-container-core-group-is-layout-8cf370e7 wp-block-group-is-layout-flex\">\n<p class=\"has-text-align-center has-vivid-red-color has-cyan-bluish-gray-background-color has-text-color has-background has-link-color has-large-font-size wp-elements-b15e0321cbc44b5b9cff13ca6a9ba7ee\"><strong>Pour visualiser les pages sur portable, il faut mettre comme param\u00e8tres : version pour ordinateur<\/strong><\/p>\n\n\n\n<div class=\"wp-block-group\"><div class=\"wp-block-group__inner-container is-layout-flow wp-block-group-is-layout-flow\">\n<p class=\"has-text-align-center has-large-font-size\">Retrouvez moi sur Facebook  <a href=\"https:\/\/www.facebook.com\/jsphoto.fr\">: jsphoto.fr<\/a> <\/p>\n<\/div><\/div>\n<\/div>\n<\/div><\/div>\n\n\n\n<p class=\"has-text-align-center has-black-color has-luminous-vivid-amber-background-color has-text-color has-background has-link-color has-x-large-font-size wp-elements-8983d8246dcae8c223d2be1070f6054b\"><strong>D\u00e9cembre 2024<\/strong><\/p>\n\n\n\n<ul class=\"wp-block-list has-white-color has-vivid-red-background-color has-text-color has-background has-link-color wp-elements-b37aa3b91175885e21f967bd23de0fa2\">\n<li class=\"has-large-font-size\" style=\"text-decoration:underline\"><strong><a href=\"http:\/\/js-photo.fr\/acceuil\/exposition-lart-et-la-matiere\" data-type=\"page\" data-id=\"94640\">22 d\u00e9cembre 2024 : Exposition l&rsquo;Art et la Mati\u00e8re.<\/a><\/strong><\/li>\n\n\n\n<li class=\"has-large-font-size\" style=\"text-decoration:underline\"><strong><a href=\"http:\/\/js-photo.fr\/acceuil\/concert-harmonie-2024-page-1\" data-type=\"page\" data-id=\"94356\">14 d\u00e9cembre 2024 : Concert de l&rsquo;Harmonie Saint-Michel \u00e0 Nort-sur-Erdre.<\/a><\/strong><\/li>\n\n\n\n<li class=\"has-large-font-size\" style=\"text-decoration:underline\"><strong><a href=\"http:\/\/js-photo.fr\/acceuil\/coupe-gambardella-page-1\" data-type=\"page\" data-id=\"94020\">14 d\u00e9cembre 2024 : Coupe Gambardella \u00e0 Nort-sur-Erdre.<\/a><\/strong><\/li>\n\n\n\n<li class=\"has-large-font-size\" style=\"text-decoration:underline\"><a href=\"http:\/\/js-photo.fr\/acceuil\/rando-quad-telethon-2024-a-nozay-page-1\" data-type=\"page\" data-id=\"93717\"><strong>07 d\u00e9cembre 2024 : Rando quad au profit du T\u00e9l\u00e9thon \u00e0 Nozay .<\/strong><\/a><\/li>\n<\/ul>\n\n\n\n<p class=\"has-text-align-center has-vivid-red-color has-pale-cyan-blue-background-color has-text-color has-background has-link-color has-x-large-font-size wp-elements-6bb234aee75322b81946b3da2d0d8024\"><strong>Novembre<\/strong> <strong>2024<\/strong><\/p>\n\n\n\n<ul class=\"wp-block-list has-vivid-purple-color has-cyan-bluish-gray-background-color has-text-color has-background has-link-color wp-elements-756f78fe5a07893067b252da3ab70adb\">\n<li class=\"has-large-font-size\" style=\"text-decoration:underline\"><a href=\"http:\/\/js-photo.fr\/acceuil\/tnt-2024-page-1\" data-type=\"page\" data-id=\"92165\"><strong>30 novembre 2024 : Trail Nocturne Touchois.<\/strong><\/a><\/li>\n\n\n\n<li class=\"has-large-font-size\" style=\"text-decoration:underline\"><strong><a href=\"http:\/\/js-photo.fr\/acceuil\/tnt-2024-course-jeunes\" data-type=\"page\" data-id=\"92093\">30 novembre 2024 : Trail Nocturne Touchois, course jeunes.<\/a><\/strong><\/li>\n\n\n\n<li class=\"has-large-font-size\" style=\"text-decoration:underline\"><strong><a href=\"http:\/\/js-photo.fr\/acceuil\/sainte-barbe-2024\" data-type=\"page\" data-id=\"92024\">16 novembre 2024 : Sainte Barbe des pompiers.<\/a><\/strong><\/li>\n\n\n\n<li class=\"has-large-font-size\" style=\"text-decoration:underline\"><strong><a href=\"http:\/\/js-photo.fr\/acceuil\/commemoration-de-larmistice-1918-11-novembre-2024-a-puceul\" data-type=\"page\" data-id=\"91972\">11 novembre 2024 : Comm\u00e9moration de l&rsquo;armistice 1918, Puceul.<\/a><\/strong><\/li>\n\n\n\n<li class=\"has-large-font-size\" style=\"text-decoration:underline\"><strong><a href=\"http:\/\/js-photo.fr\/acceuil\/commemoration-de-larmistice-1918-10-novembre-2024\" data-type=\"page\" data-id=\"91906\">10 novembre 2024 : Comm\u00e9moration de l&rsquo;armistice 1918, Nort-sur-Erdre.<\/a><\/strong><\/li>\n<\/ul>\n\n\n\n<p class=\"has-text-align-center has-vivid-green-cyan-color has-vivid-red-background-color has-text-color has-background has-link-color has-x-large-font-size wp-elements-6539338370695454bd926f47f0d2ae7c\"><strong>Octobre 2024<\/strong><\/p>\n\n\n\n<ul class=\"wp-block-list has-vivid-red-color has-vivid-green-cyan-background-color has-text-color has-background has-link-color wp-elements-437beae2294e2cbbacd5b0a5844927e0\">\n<li class=\"has-large-font-size\"><strong><a href=\"http:\/\/js-photo.fr\/acceuil\/trail-urbain-nantais-page-1\" data-type=\"page\" data-id=\"91078\">27 octobre 2024 : Trail Urbain Nantais.<\/a><\/strong><\/li>\n\n\n\n<li class=\"has-large-font-size\" style=\"text-decoration:underline\"><a href=\"http:\/\/js-photo.fr\/acceuil\/tour-de-chantenay-2024-page-1\" data-type=\"page\" data-id=\"90359\"><strong>27 octobre 2024 : Tour de Chantenay.<\/strong><\/a><\/li>\n\n\n\n<li class=\"has-large-font-size\" style=\"text-decoration:underline\"><strong><a href=\"http:\/\/js-photo.fr\/acceuil\/les-foulees-siffait-page-1\" data-type=\"page\" data-id=\"89651\">19 octobre 2024 : Les Foul\u00e9es Siffait au Cellier.<\/a><\/strong><\/li>\n\n\n\n<li class=\"has-large-font-size\" style=\"text-decoration:underline\"><strong><a href=\"http:\/\/js-photo.fr\/acceuil\/cyclo-cross-de-nozay-categorie-u19-u23-et-seniors-page-1\" data-type=\"page\" data-id=\"89404\">13 octobre 2024 : Cyclo-cross de Nozay cat\u00e9gorie U19-U23 et S\u00e9niors.<\/a><\/strong><\/li>\n\n\n\n<li class=\"has-large-font-size\" style=\"text-decoration:underline\"><strong><a href=\"http:\/\/js-photo.fr\/acceuil\/cyclo-cross-de-nozay-categorie-acces-page-1\" data-type=\"page\" data-id=\"89189\">13 octobre 2024 : Cyclo-cross de Nozay cat\u00e9gorie ACCES.<\/a><\/strong><\/li>\n\n\n\n<li class=\"has-large-font-size\" style=\"text-decoration:underline\"><strong><a href=\"http:\/\/js-photo.fr\/acceuil\/cyclo-cross-de-nozay-categorie-u15-u17-et-feminines\" data-type=\"page\" data-id=\"89041\">13 octobre 2024 : Cyclo-cross de Nozay cat\u00e9gorie U15-U17 et f\u00e9minines.<\/a><\/strong><\/li>\n\n\n\n<li class=\"has-large-font-size\" style=\"text-decoration:underline\"><a href=\"http:\/\/js-photo.fr\/acceuil\/foulees-du-tram-2024-page-1\" data-type=\"page\" data-id=\"87368\"><strong>13 octobre 2024 : Foul\u00e9es du Tram.<\/strong><\/a><\/li>\n\n\n\n<li class=\"has-large-font-size\" style=\"text-decoration:underline\"><a href=\"http:\/\/js-photo.fr\/acceuil\/beerun-2024-page-1\" data-type=\"page\" data-id=\"86332\"><strong>05 octobre 2024 : Beerun 44 \u00e0 Jou\u00e9-sur-Erdre.<\/strong><\/a><\/li>\n<\/ul>\n\n\n\n<p class=\"has-text-align-center has-luminous-vivid-orange-color has-luminous-vivid-amber-background-color has-text-color has-background has-link-color has-x-large-font-size wp-elements-8ecef97d402812de65d101f12be932a6\"><strong>Septembre 2024<\/strong><\/p>\n\n\n\n<ul class=\"wp-block-list has-vivid-cyan-blue-color has-cyan-bluish-gray-background-color has-text-color has-background has-link-color has-large-font-size wp-elements-af5790d246b7493f9739ddab721ad48b\">\n<li style=\"text-decoration:underline\"><strong><a href=\"http:\/\/js-photo.fr\/acceuil\/suce-sur-raid-2024-page-1\" data-type=\"page\" data-id=\"85561\">22 septembre 2024 : Suc\u00e9 sur Raid \u00e0 Suc\u00e9-sur-Erdre<\/a><\/strong><\/li>\n\n\n\n<li style=\"text-decoration:underline\"><strong><a href=\"http:\/\/js-photo.fr\/acceuil\/mariage-1920-page-1\" data-type=\"page\" data-id=\"85335\">21 septembre 2024 : Mariage 1920 \u00e0 H\u00e9ric.<\/a><\/strong><\/li>\n\n\n\n<li style=\"text-decoration:underline\"><strong><a href=\"http:\/\/js-photo.fr\/acceuil\/courses-hippiques-15-septembre-2024-a-nort-sur-erdre\" data-type=\"page\" data-id=\"85223\">15 septembre 2024 : Courses hippiques \u00e0 Nort-sur-Erdre.<\/a><\/strong><\/li>\n\n\n\n<li style=\"text-decoration:underline\"><strong><a href=\"http:\/\/js-photo.fr\/acceuil\/courses-cyclistes-ligne-categorie-junior\" data-type=\"page\" data-id=\"85064\">15 septembre 2024 ; Course cycliste junior \u00e0 Lign\u00e9.<\/a><\/strong><\/li>\n\n\n\n<li style=\"text-decoration:underline\"><strong><a href=\"http:\/\/js-photo.fr\/acceuil\/motocross-le-cellier-2024-page-1\" data-type=\"page\" data-id=\"84684\">15 septembre 2024 : Motocross Le Cellier.<\/a><\/strong><\/li>\n\n\n\n<li style=\"text-decoration:underline\"><strong><a href=\"http:\/\/js-photo.fr\/acceuil\/courses-cyclistes-ligne-categorie-u17\" data-type=\"page\" data-id=\"84601\">15 septembre 2024 : Course cycliste U17 \u00e0 Lign\u00e9.<\/a><\/strong><\/li>\n\n\n\n<li style=\"text-decoration:underline\"><a style=\"font-weight: bold;\" href=\"http:\/\/js-photo.fr\/acceuil\/rando-marsienne-2024-page-1\" data-type=\"page\" data-id=\"83671\">08 septembre 2024 : Rando marsienne.<\/a><\/li>\n\n\n\n<li class=\"has-large-font-size\" style=\"text-decoration:underline\"><a href=\"http:\/\/js-photo.fr\/acceuil\/nozay-sexpose-2024\" data-type=\"page\" data-id=\"83539\"><strong>07 septembre 2024 : Nozay s&rsquo;expose.<\/strong><\/a><\/li>\n\n\n\n<li class=\"has-large-font-size\" style=\"text-decoration:underline\"><a href=\"http:\/\/js-photo.fr\/acceuil\/courses-hippiques-1er-septembre-2024-page-1\" data-type=\"page\" data-id=\"83283\"><strong>1er septembre 2024 : Courses hippiques \u00e0 Nort-sur-Erdre.<\/strong><\/a><\/li>\n<\/ul>\n\n\n\n<p class=\"has-text-align-center has-vivid-red-color has-pale-cyan-blue-background-color has-text-color has-background has-link-color has-x-large-font-size wp-elements-6b96fa9bcfa156731d67358127257c7c\"><strong>Ao\u00fbt 2024<\/strong><\/p>\n\n\n\n<ul class=\"wp-block-list has-luminous-vivid-orange-color has-vivid-green-cyan-background-color has-text-color has-background has-link-color wp-elements-3e0bad390083de8678f91fbc28d54fc4\">\n<li class=\"has-large-font-size\" style=\"text-decoration:underline\"><a href=\"http:\/\/js-photo.fr\/acceuil\/vtt-ancenis-6-heures-page-1\" data-type=\"page\" data-id=\"82640\"><strong>31 ao\u00fbt 2024 : 6 heures de VTT \u00e0 Ancenis<\/strong>.<\/a><\/li>\n\n\n\n<li class=\"has-large-font-size\" style=\"text-decoration:underline\"><strong><a href=\"http:\/\/js-photo.fr\/acceuil\/motocross-heric-2024-page-1\" data-type=\"page\" data-id=\"84117\">25 ao\u00fbt 2024 : Motocross \u00e0 H\u00e9ric.<\/a><\/strong><\/li>\n\n\n\n<li class=\"has-large-font-size\" style=\"text-decoration:underline\"><strong><a href=\"http:\/\/js-photo.fr\/acceuil\/grand-prix-de-nantes-2024\" data-type=\"page\" data-id=\"82263\">24 et 25 ao\u00fbt 2024 : Courses cycliste Nantes.<\/a><\/strong><\/li>\n\n\n\n<li class=\"has-large-font-size\" style=\"text-decoration:underline\"><strong><a href=\"http:\/\/js-photo.fr\/acceuil\/montgolfiades-2024\" data-type=\"page\" data-id=\"81943\">23 ao\u00fbt 2024 : Montgolfiades \u00e0 Brissac-Quinc\u00e9.<\/a><\/strong><\/li>\n\n\n\n<li class=\"has-large-font-size\" style=\"text-decoration:underline\"><a href=\"http:\/\/js-photo.fr\/acceuil\/festiv-arz-2024-page-1\" data-type=\"page\" data-id=\"81095\"><strong>15 ao\u00fbt 2024 : Festiv Arz \u00e0 Arzal.<\/strong><\/a><\/li>\n\n\n\n<li class=\"has-large-font-size\" style=\"text-decoration:underline\"><strong><a href=\"http:\/\/js-photo.fr\/acceuil\/courses-cyclistes-de-la-saint-laurent-elite-open-1-2-3-page-1\" data-type=\"page\" data-id=\"80797\">12 ao\u00fbt 2024 : Courses cyclistes \u00e0 Blain cat: Elite\/Open.<\/a><\/strong><\/li>\n\n\n\n<li class=\"has-large-font-size\" style=\"text-decoration:underline\"><a href=\"http:\/\/js-photo.fr\/acceuil\/courses-cyclistes-de-la-saint-laurent-page-1\" data-type=\"page\" data-id=\"80621\"><strong>12 ao\u00fbt 2024 : Courses cyclistes \u00e0 Blain cat: Acc\u00e8s 1-2-3<\/strong><\/a>.<\/li>\n\n\n\n<li class=\"has-large-font-size\" style=\"text-decoration:underline\"><a href=\"http:\/\/js-photo.fr\/acceuil\/fete-des-courses-2024-page-1\" data-type=\"page\" data-id=\"80164\"><strong>11 ao\u00fbt 2024 : F\u00eate des courses \u00e0 Nort-sur-Erdre.<\/strong><\/a><\/li>\n\n\n\n<li class=\"has-large-font-size\" style=\"text-decoration:underline\"><strong><a href=\"http:\/\/js-photo.fr\/acceuil\/fete-du-pain-page-1\" data-type=\"page\" data-id=\"79907\">04 ao\u00fbt 2024 : F\u00eate du pain \u00e0 Saint Omer de Blain.<\/a><\/strong><\/li>\n<\/ul>\n\n\n\n<p class=\"has-text-align-center has-light-green-cyan-color has-vivid-red-background-color has-text-color has-background has-link-color has-x-large-font-size wp-elements-a9289d9ed3bc95cae9635d92b7783a66\"><strong>Juillet 2024<\/strong><\/p>\n\n\n\n<ul class=\"wp-block-list has-pale-cyan-blue-color has-luminous-vivid-orange-background-color has-text-color has-background has-link-color wp-elements-c4fad8ba2217a0b28e0695ec0a18382d\">\n<li class=\"has-large-font-size\" style=\"text-decoration:underline\"><strong><a href=\"http:\/\/js-photo.fr\/acceuil\/fete-du-mouton-2024-page-1\" data-type=\"page\" data-id=\"79540\">14 juillet 2024 : F\u00eate du mouton \u00e0 Lign\u00e9.<\/a><\/strong><\/li>\n\n\n\n<li class=\"has-large-font-size\" style=\"text-decoration:underline\"><strong><a href=\"http:\/\/js-photo.fr\/acceuil\/bal-populaire-13-juillet-2024\" data-type=\"page\" data-id=\"79413\">13 juillet 2024 : Bal populaire du comit\u00e9 des f\u00eates d&rsquo;H\u00e9ric.<\/a><\/strong><\/li>\n<\/ul>\n\n\n\n<p class=\"has-text-align-center has-vivid-red-color has-vivid-green-cyan-background-color has-text-color has-background has-link-color has-x-large-font-size wp-elements-a2f75d478375cd22ebfef85859a311de\"><strong>Juin 2024<\/strong><\/p>\n\n\n\n<ul class=\"wp-block-list has-black-color has-pale-cyan-blue-background-color has-text-color has-background has-link-color wp-elements-807202b47663044ce49e7a3aee11fed2\">\n<li class=\"has-large-font-size\" style=\"text-decoration:underline\"><a href=\"https:\/\/js-photo.fr\/acceuil\/maquis-de-saffre-80eme-anniversaire-page-1\" data-type=\"page\" data-id=\"79227\"><strong>23 juin 2024 : 80\u00e8me anniversaire du Maquis de Saffr\u00e9.<\/strong><\/a><\/li>\n\n\n\n<li class=\"has-large-font-size\" style=\"text-decoration:underline\"><strong><a href=\"http:\/\/js-photo.fr\/acceuil\/heric-en-couleurs-2024-page-1\" data-type=\"page\" data-id=\"77994\">8 juin 2024 : H\u00e9ric en couleurs.<\/a><\/strong><\/li>\n\n\n\n<li class=\"has-large-font-size\" style=\"text-decoration:underline\"><strong><a href=\"http:\/\/js-photo.fr\/acceuil\/open-float-tube\" data-type=\"page\" data-id=\"77914\">8 juin 2024 : Concours de p\u00eache Open Float tube.<\/a><\/strong><\/li>\n\n\n\n<li class=\"has-large-font-size\" style=\"text-decoration:underline\"><strong><a href=\"http:\/\/js-photo.fr\/acceuil\/motocross-la-meilleraye-de-bretagne-page-1\" data-type=\"page\" data-id=\"76893\">2 juin 2024 : Motocross et quads, La Meilleraye de Bretagne.<\/a><\/strong><\/li>\n\n\n\n<li class=\"has-large-font-size\" style=\"text-decoration:underline\"><a href=\"http:\/\/js-photo.fr\/acceuil\/randonnee-les-quads-de-la-pierre-bleue-page-1\" data-type=\"page\" data-id=\"76487\"><strong>1er juin 2024 : Rando quads \u00e0 Nozay.<\/strong><\/a><\/li>\n<\/ul>\n\n\n\n<p class=\"has-text-align-center has-white-color has-vivid-red-background-color has-text-color has-background has-link-color has-x-large-font-size wp-elements-7cc2c82a5e58511ef12d8832f8d517bc\"><strong>Mai 2024<\/strong><\/p>\n\n\n\n<ul class=\"wp-block-list has-pale-cyan-blue-color has-vivid-purple-background-color has-text-color has-background has-link-color wp-elements-ee569b35ecb772809cae9e38b4b1da4d\">\n<li class=\"has-large-font-size\" style=\"text-decoration:underline\"><strong><a href=\"http:\/\/js-photo.fr\/acceuil\/tour-de-loire-atlantique-2024\" data-type=\"page\" data-id=\"76268\">26 mai 2024 : Tour de Loire-Atlantique.<\/a><\/strong><\/li>\n\n\n\n<li class=\"has-large-font-size\" style=\"text-decoration:underline\"><strong><a href=\"http:\/\/js-photo.fr\/acceuil\/rando-vtt-et-pedestre-marsac-sur-don-page-1\" data-type=\"page\" data-id=\"75766\">26 mai 2024 : Rando VTT et p\u00e9destre, Marsac sur Don.<\/a><\/strong><\/li>\n\n\n\n<li class=\"has-large-font-size\" style=\"text-decoration:underline\"><strong><a href=\"http:\/\/js-photo.fr\/acceuil\/courses-hippiques-lundi-de-pentecote\" data-type=\"page\" data-id=\"75570\">20 mai 2024 : Courses hippiques du lundi de Pentec\u00f4te.<\/a><\/strong><\/li>\n\n\n\n<li class=\"has-large-font-size\" style=\"text-decoration:underline\"><strong><a href=\"http:\/\/js-photo.fr\/acceuil\/fete-de-la-liberation-a-casson-du-8-au-11-mai-2024\" data-type=\"page\" data-id=\"73070\">08 au 11 mai 2024 : F\u00eate de la lib\u00e9ration \u00e0 Casson.<\/a><\/strong><\/li>\n\n\n\n<li class=\"has-large-font-size\" style=\"text-decoration:underline\"><strong><a href=\"http:\/\/js-photo.fr\/acceuil\/trail-de-la-carriere-2024\" data-type=\"page\" data-id=\"72247\">05 mai 2024 Trail de la carri\u00e8re \u00e0 Petit-Mars.<\/a><\/strong><\/li>\n\n\n\n<li class=\"has-large-font-size\" style=\"text-decoration:underline\"><strong><a href=\"http:\/\/js-photo.fr\/acceuil\/foulees-du-1-er-mai-2024-page-1\" data-type=\"page\" data-id=\"71520\">1 er mai 2024 : Foul\u00e9es du 1er mai \u00e0 Teill\u00e9.<\/a><\/strong><\/li>\n\n\n\n<li class=\"has-large-font-size\" style=\"text-decoration:underline\"><strong><a href=\"http:\/\/js-photo.fr\/acceuil\/concours-de-palets-trophee-fafa\" data-type=\"page\" data-id=\"72202\">1 er mai 2024 : concours de palets.<\/a><\/strong><\/li>\n<\/ul>\n\n\n\n<p class=\"has-text-align-center has-black-color has-vivid-green-cyan-background-color has-text-color has-background has-link-color has-x-large-font-size wp-elements-8330acce1871ffccf675f0c819de7ffa\"><strong>Avril 2024<\/strong><\/p>\n\n\n\n<ul class=\"wp-block-list has-black-color has-pale-cyan-blue-background-color has-text-color has-background has-link-color wp-elements-84962ad803f759c456267cc46b85fbac\">\n<li class=\"has-large-font-size\" style=\"text-decoration:underline\"><strong><a href=\"http:\/\/js-photo.fr\/acceuil\/jeux-de-scene-avec-nort-en-scene\" data-type=\"page\" data-id=\"71394\">26 avril 2024 : Jeux de sc\u00e8ne avec Nort en sc\u00e8ne.<\/a><\/strong><\/li>\n\n\n\n<li class=\"has-large-font-size\" style=\"text-decoration:underline\"><a href=\"http:\/\/js-photo.fr\/acceuil\/courses-hippiques-14-avril-2024-page-1\" data-type=\"page\" data-id=\"71026\"><strong>14 avril 2024 : Courses hippiques<\/strong>.<\/a><\/li>\n<\/ul>\n\n\n\n<p class=\"has-text-align-center has-vivid-red-color has-cyan-bluish-gray-background-color has-text-color has-background has-link-color has-x-large-font-size wp-elements-9dcbe864ad0a46bcd487b05889348f1f\"><strong>Mars 2024<\/strong><\/p>\n\n\n\n<ul class=\"wp-block-list has-vivid-red-color has-luminous-vivid-amber-background-color has-text-color has-background has-link-color wp-elements-497afe6dd47c152608cccbcf3a3401c6\">\n<li class=\"has-large-font-size\" style=\"text-decoration:underline\"><a href=\"http:\/\/js-photo.fr\/acceuil\/matinee-fagots-2024\" data-type=\"page\" data-id=\"70979\"><strong>30 mars 2024 : Matin\u00e9e fagots du comit\u00e9 des f\u00eates.<\/strong><\/a><\/li>\n\n\n\n<li class=\"has-large-font-size\" style=\"text-decoration:underline\"><a href=\"http:\/\/js-photo.fr\/acceuil\/atlantisport-2024\" data-type=\"page\" data-id=\"69940\"><strong>24 mars 2024 : Atlantisport.<\/strong><\/a><\/li>\n\n\n\n<li class=\"has-large-font-size\" style=\"text-decoration:underline\"><strong><a href=\"http:\/\/js-photo.fr\/acceuil\/concert-de-lharmonie-saint-michel\" data-type=\"page\" data-id=\"69757\">23 mars 2024: Concert de l&rsquo;Harmonie Saint-Michel.<\/a><\/strong><\/li>\n\n\n\n<li class=\"has-large-font-size\" style=\"text-decoration:underline\"><strong><a href=\"http:\/\/js-photo.fr\/acceuil\/odyssea-2024-a-nantes\" data-type=\"page\" data-id=\"65552\">17 mars 2024 : Odyss\u00e9a Nantes courses 5 et 10 kilom\u00e8tres et marche.<\/a><\/strong><\/li>\n\n\n\n<li class=\"has-large-font-size\" style=\"text-decoration:underline\"><strong><a href=\"http:\/\/js-photo.fr\/acceuil\/semi-marathon-et-10-kilometres-dorvault-2024\" data-type=\"page\" data-id=\"64865\">10 mars 2024 : Semi-marathon  et 10 kilom\u00e8tres d&rsquo;Orvault.<\/a><\/strong><\/li>\n\n\n\n<li class=\"has-large-font-size\" style=\"text-decoration:underline\"><strong><a href=\"http:\/\/js-photo.fr\/acceuil\/salon-des-vins-2024\" data-type=\"page\" data-id=\"64829\">09 mars 2024 : Salon des vins.<\/a><\/strong><\/li>\n\n\n\n<li class=\"has-large-font-size\" style=\"text-decoration:underline\"><strong><a href=\"http:\/\/js-photo.fr\/acceuil\/dix-kilometres-carquefou\" data-type=\"page\" data-id=\"63841\">03 mars 2024 : 10 km de Carquefou<\/a><\/strong>.<\/li>\n<\/ul>\n\n\n\n<p class=\"has-text-align-center has-luminous-vivid-amber-color has-vivid-cyan-blue-background-color has-text-color has-background has-link-color has-x-large-font-size wp-elements-e5308cfee139da67accabee1b4465a57\"><strong>F\u00e9vrier 2024<\/strong><\/p>\n\n\n\n<ul class=\"wp-block-list has-luminous-vivid-amber-color has-vivid-purple-background-color has-text-color has-background has-link-color wp-elements-987071e0eb0b5695085ee9182c5b428c\">\n<li class=\"has-large-font-size\" style=\"text-decoration:underline\"><strong><a href=\"http:\/\/js-photo.fr\/acceuil\/le-trail-du-ruisseau-page-1\" data-type=\"page\" data-id=\"63303\">11 f\u00e9vrier 2024 : Trail du ruisseau.<\/a><\/strong><\/li>\n\n\n\n<li class=\"has-large-font-size\" style=\"text-decoration:underline\"><a href=\"http:\/\/js-photo.fr\/acceuil\/cormaris-trail-2024\" data-type=\"page\" data-id=\"61408\"><strong>04 f\u00e9vrier 2024 : Cormaris Trail.<\/strong><\/a><\/li>\n\n\n\n<li class=\"has-large-font-size\" style=\"text-decoration:underline\"><strong><a href=\"http:\/\/js-photo.fr\/acceuil\/u18f-8eme-de-finale-de-la-coupe-des-pays-de-la-loire\" data-type=\"page\" data-id=\"61161\">03 f\u00e9vrier 2024 : 8\u00e8me de finale de la coupe des Pays de la Loire de football, U18F<\/a>.<\/strong><\/li>\n<\/ul>\n\n\n\n<p class=\"has-text-align-center has-white-color has-pale-cyan-blue-background-color has-text-color has-background has-x-large-font-size\">Janvier 2024<\/p>\n\n\n\n<ul class=\"wp-block-list has-white-color has-vivid-red-background-color has-text-color has-background has-link-color has-x-large-font-size wp-elements-48e8f72823f8aca60941079b32813fd3\">\n<li class=\"has-large-font-size\" style=\"text-decoration:underline\"><a href=\"http:\/\/js-photo.fr\/acceuil\/challenge-jeunes-kayak-polo-28-janvier-2024-page-1\" data-type=\"page\" data-id=\"60577\">28 janvier 2024 : Challenge jeunes kayak polo.<\/a><\/li>\n\n\n\n<li class=\"has-large-font-size\" style=\"text-decoration:underline\"><a href=\"http:\/\/js-photo.fr\/acceuil\/trailr-run-2024\" data-type=\"page\" data-id=\"59391\">21 janvier 2024 : Trail&rsquo;R Run \u00e0 Treilli\u00e8res.<\/a><\/li>\n\n\n\n<li class=\"has-large-font-size\" style=\"text-decoration:underline\"><a href=\"http:\/\/js-photo.fr\/acceuil\/amorphe-dottenburg-par-la-compagnie-nort-en-scene-page-1\" data-type=\"page\" data-id=\"58850\">19 janvier 2024 : Amorphe d&rsquo;Ottenburg par la compagnie Nort En Sc\u00e8ne.<\/a><\/li>\n\n\n\n<li class=\"has-large-font-size\" style=\"text-decoration:underline\"><a href=\"http:\/\/js-photo.fr\/acceuil\/hand-13-janvier-2024\" data-type=\"page\" data-id=\"59272\">13 janvier 2024 : 32 \u00e9me de finale de la coupe de France d\u00e9partementale<\/a>.<\/li>\n\n\n\n<li class=\"has-large-font-size\" style=\"text-decoration:underline\"><a href=\"http:\/\/js-photo.fr\/acceuil\/biathlon-des-pirates-13-janvier-2024\" data-type=\"page\" data-id=\"57021\">13 janvier 2024 : Biathlon des pirates.<\/a><\/li>\n<\/ul>\n\n\n\n<p class=\"has-large-font-size\">Vous \u00eates professionel et voulez me sponsoriser , m&rsquo;aider \u00e0 renouveler mon mat\u00e9riel et continuer \u00e0 couvrir les \u00e9v\u00e8nements, Contactez-moi : jsphoto@hotmail.fr<\/p>\n\n\n\n<p><\/p>\n\n\n\n<p><\/p>\n\n\n\n<p class=\"has-text-align-center has-x-large-font-size\"><a href=\"http:\/\/js-photo.fr\/accueil\/2022-2\" data-type=\"page\" data-id=\"10936\">Les photos de 2022 : ICI.<\/a><\/p>\n\n\n\n<p class=\"has-text-align-center has-x-large-font-size\"><a href=\"http:\/\/js-photo.fr\/acceuil\/accueil\/2023-2\" data-type=\"page\" data-id=\"56992\">Les photos de  2023 : ICI<\/a><\/p>\n\n\n\n<p class=\"has-text-align-center has-white-color has-vivid-red-background-color has-text-color has-background has-link-color has-large-font-size wp-elements-51f10de0effe186b892c18aa8a450e38\">Merci \u00e0 ceux qui ont particip\u00e9 \u00e0 ma cagnotte et qui m&rsquo;ont permis de contribuer au rachat d&rsquo; un nouvel appareil et de continuer mon site internet.<\/p>\n\n\n\n<figure class=\"wp-block-gallery has-nested-images columns-default is-cropped wp-block-gallery-2 is-layout-flex wp-block-gallery-is-layout-flex\">\n<figure class=\"wp-block-image size-large\"><img loading=\"lazy\" decoding=\"async\" width=\"960\" height=\"800\" data-id=\"67560\" src=\"http:\/\/js-photo.fr\/wp-content\/uploads\/2024\/03\/Ma-cagnotte-au-23-mars-2024-960x800.jpg\" alt=\"\" class=\"wp-image-67560\" srcset=\"http:\/\/js-photo.fr\/wp-content\/uploads\/2024\/03\/Ma-cagnotte-au-23-mars-2024-960x800.jpg 960w, http:\/\/js-photo.fr\/wp-content\/uploads\/2024\/03\/Ma-cagnotte-au-23-mars-2024-768x640.jpg 768w, http:\/\/js-photo.fr\/wp-content\/uploads\/2024\/03\/Ma-cagnotte-au-23-mars-2024-1536x1280.jpg 1536w, http:\/\/js-photo.fr\/wp-content\/uploads\/2024\/03\/Ma-cagnotte-au-23-mars-2024-2048x1707.jpg 2048w\" sizes=\"auto, (max-width: 960px) 100vw, 960px\" \/><\/figure>\n<\/figure>\n","protected":false},"excerpt":{"rendered":"<p>Pour visualiser les pages sur portable, il faut mettre comme param\u00e8tres : version pour ordinateur Retrouvez moi sur Facebook : jsphoto.fr D\u00e9cembre 2024 Novembre 2024 &hellip; <\/p>\n","protected":false},"author":1,"featured_media":0,"parent":4469,"menu_order":3,"comment_status":"open","ping_status":"closed","template":"","meta":{"footnotes":""},"class_list":["post-94693","page","type-page","status-publish","hentry"],"_links":{"self":[{"href":"http:\/\/js-photo.fr\/acceuil\/wp-json\/wp\/v2\/pages\/94693","targetHints":{"allow":["GET"]}}],"collection":[{"href":"http:\/\/js-photo.fr\/acceuil\/wp-json\/wp\/v2\/pages"}],"about":[{"href":"http:\/\/js-photo.fr\/acceuil\/wp-json\/wp\/v2\/types\/page"}],"author":[{"embeddable":true,"href":"http:\/\/js-photo.fr\/acceuil\/wp-json\/wp\/v2\/users\/1"}],"replies":[{"embeddable":true,"href":"http:\/\/js-photo.fr\/acceuil\/wp-json\/wp\/v2\/comments?post=94693"}],"version-history":[{"count":2,"href":"http:\/\/js-photo.fr\/acceuil\/wp-json\/wp\/v2\/pages\/94693\/revisions"}],"predecessor-version":[{"id":94696,"href":"http:\/\/js-photo.fr\/acceuil\/wp-json\/wp\/v2\/pages\/94693\/revisions\/94696"}],"up":[{"embeddable":true,"href":"http:\/\/js-photo.fr\/acceuil\/wp-json\/wp\/v2\/pages\/4469"}],"wp:attachment":[{"href":"http:\/\/js-photo.fr\/acceuil\/wp-json\/wp\/v2\/media?parent=94693"}],"curies":[{"name":"wp","href":"https:\/\/api.w.org\/{rel}","templated":true}]}}