{"id":70979,"date":"2024-04-08T17:11:17","date_gmt":"2024-04-08T16:11:17","guid":{"rendered":"http:\/\/js-photo.fr\/acceuil\/?page_id=70979"},"modified":"2024-04-08T17:26:17","modified_gmt":"2024-04-08T16:26:17","slug":"matinee-fagots-2024","status":"publish","type":"page","link":"http:\/\/js-photo.fr\/acceuil\/matinee-fagots-2024","title":{"rendered":"Matin\u00e9e fagots 2024"},"content":{"rendered":"\n<p class=\"has-large-font-size\">Une vingtaine de b\u00e9n\u00e9voles ont r\u00e9pondus pr\u00e9sents ce samedi 30 mars 2024, \u00e0 l&rsquo;appel du comit\u00e9 des f\u00eates de Nort-sur-Erdre pour la traditionnelle matin\u00e9e fagots. Normalement pr\u00e9vue en d\u00e9but du mois de mars, cette matin\u00e9e fagots avait \u00e9t\u00e9 report\u00e9e suite aux mauvaises conditions m\u00e9t\u00e9orologiques. Plus de 200 fagots ont \u00e9t\u00e9 r\u00e9alis\u00e9s, ils seront vendus et la somme r\u00e9colt\u00e9e sera remise \u00e0 une association de lutte contre le cancer.<\/p>\n\n\n\n<figure class=\"wp-block-gallery has-nested-images columns-1 is-cropped wp-block-gallery-2 is-layout-flex wp-block-gallery-is-layout-flex\">\n<figure class=\"wp-block-image size-full\"><img loading=\"lazy\" decoding=\"async\" width=\"1222\" height=\"822\" data-id=\"70980\" src=\"http:\/\/js-photo.fr\/wp-content\/uploads\/2024\/04\/Matinee-fagots-2024-001.jpg\" alt=\"\" class=\"wp-image-70980\" srcset=\"http:\/\/js-photo.fr\/wp-content\/uploads\/2024\/04\/Matinee-fagots-2024-001.jpg 1222w, http:\/\/js-photo.fr\/wp-content\/uploads\/2024\/04\/Matinee-fagots-2024-001-1189x800.jpg 1189w, http:\/\/js-photo.fr\/wp-content\/uploads\/2024\/04\/Matinee-fagots-2024-001-768x517.jpg 768w\" sizes=\"auto, (max-width: 1222px) 100vw, 1222px\" \/><\/figure>\n\n\n\n<figure class=\"wp-block-image size-full\"><img loading=\"lazy\" decoding=\"async\" width=\"1222\" height=\"822\" data-id=\"70982\" src=\"http:\/\/js-photo.fr\/wp-content\/uploads\/2024\/04\/Matinee-fagots-2024-002.jpg\" alt=\"\" class=\"wp-image-70982\" srcset=\"http:\/\/js-photo.fr\/wp-content\/uploads\/2024\/04\/Matinee-fagots-2024-002.jpg 1222w, http:\/\/js-photo.fr\/wp-content\/uploads\/2024\/04\/Matinee-fagots-2024-002-1189x800.jpg 1189w, http:\/\/js-photo.fr\/wp-content\/uploads\/2024\/04\/Matinee-fagots-2024-002-768x517.jpg 768w\" sizes=\"auto, (max-width: 1222px) 100vw, 1222px\" \/><\/figure>\n\n\n\n<figure class=\"wp-block-image size-full\"><img loading=\"lazy\" decoding=\"async\" width=\"1222\" height=\"822\" data-id=\"70983\" src=\"http:\/\/js-photo.fr\/wp-content\/uploads\/2024\/04\/Matinee-fagots-2024-003.jpg\" alt=\"\" class=\"wp-image-70983\" srcset=\"http:\/\/js-photo.fr\/wp-content\/uploads\/2024\/04\/Matinee-fagots-2024-003.jpg 1222w, http:\/\/js-photo.fr\/wp-content\/uploads\/2024\/04\/Matinee-fagots-2024-003-1189x800.jpg 1189w, http:\/\/js-photo.fr\/wp-content\/uploads\/2024\/04\/Matinee-fagots-2024-003-768x517.jpg 768w\" sizes=\"auto, (max-width: 1222px) 100vw, 1222px\" \/><\/figure>\n\n\n\n<figure class=\"wp-block-image size-full\"><img loading=\"lazy\" decoding=\"async\" width=\"1222\" height=\"822\" data-id=\"70984\" src=\"http:\/\/js-photo.fr\/wp-content\/uploads\/2024\/04\/Matinee-fagots-2024-004.jpg\" alt=\"\" class=\"wp-image-70984\" srcset=\"http:\/\/js-photo.fr\/wp-content\/uploads\/2024\/04\/Matinee-fagots-2024-004.jpg 1222w, http:\/\/js-photo.fr\/wp-content\/uploads\/2024\/04\/Matinee-fagots-2024-004-1189x800.jpg 1189w, http:\/\/js-photo.fr\/wp-content\/uploads\/2024\/04\/Matinee-fagots-2024-004-768x517.jpg 768w\" sizes=\"auto, (max-width: 1222px) 100vw, 1222px\" \/><\/figure>\n\n\n\n<figure class=\"wp-block-image size-full\"><img loading=\"lazy\" decoding=\"async\" width=\"1222\" height=\"822\" data-id=\"70981\" src=\"http:\/\/js-photo.fr\/wp-content\/uploads\/2024\/04\/Matinee-fagots-2024-005.jpg\" alt=\"\" class=\"wp-image-70981\" srcset=\"http:\/\/js-photo.fr\/wp-content\/uploads\/2024\/04\/Matinee-fagots-2024-005.jpg 1222w, http:\/\/js-photo.fr\/wp-content\/uploads\/2024\/04\/Matinee-fagots-2024-005-1189x800.jpg 1189w, http:\/\/js-photo.fr\/wp-content\/uploads\/2024\/04\/Matinee-fagots-2024-005-768x517.jpg 768w\" sizes=\"auto, (max-width: 1222px) 100vw, 1222px\" \/><\/figure>\n\n\n\n<figure class=\"wp-block-image size-full\"><img loading=\"lazy\" decoding=\"async\" width=\"1222\" height=\"822\" data-id=\"70985\" src=\"http:\/\/js-photo.fr\/wp-content\/uploads\/2024\/04\/Matinee-fagots-2024-006.jpg\" alt=\"\" class=\"wp-image-70985\" srcset=\"http:\/\/js-photo.fr\/wp-content\/uploads\/2024\/04\/Matinee-fagots-2024-006.jpg 1222w, http:\/\/js-photo.fr\/wp-content\/uploads\/2024\/04\/Matinee-fagots-2024-006-1189x800.jpg 1189w, http:\/\/js-photo.fr\/wp-content\/uploads\/2024\/04\/Matinee-fagots-2024-006-768x517.jpg 768w\" sizes=\"auto, (max-width: 1222px) 100vw, 1222px\" \/><\/figure>\n\n\n\n<figure class=\"wp-block-image size-full\"><img loading=\"lazy\" decoding=\"async\" width=\"1222\" height=\"822\" data-id=\"70986\" src=\"http:\/\/js-photo.fr\/wp-content\/uploads\/2024\/04\/Matinee-fagots-2024-007.jpg\" alt=\"\" class=\"wp-image-70986\" srcset=\"http:\/\/js-photo.fr\/wp-content\/uploads\/2024\/04\/Matinee-fagots-2024-007.jpg 1222w, http:\/\/js-photo.fr\/wp-content\/uploads\/2024\/04\/Matinee-fagots-2024-007-1189x800.jpg 1189w, http:\/\/js-photo.fr\/wp-content\/uploads\/2024\/04\/Matinee-fagots-2024-007-768x517.jpg 768w\" sizes=\"auto, (max-width: 1222px) 100vw, 1222px\" \/><\/figure>\n\n\n\n<figure class=\"wp-block-image size-full\"><img loading=\"lazy\" decoding=\"async\" width=\"1222\" height=\"822\" data-id=\"70987\" src=\"http:\/\/js-photo.fr\/wp-content\/uploads\/2024\/04\/Matinee-fagots-2024-008.jpg\" alt=\"\" class=\"wp-image-70987\" srcset=\"http:\/\/js-photo.fr\/wp-content\/uploads\/2024\/04\/Matinee-fagots-2024-008.jpg 1222w, http:\/\/js-photo.fr\/wp-content\/uploads\/2024\/04\/Matinee-fagots-2024-008-1189x800.jpg 1189w, http:\/\/js-photo.fr\/wp-content\/uploads\/2024\/04\/Matinee-fagots-2024-008-768x517.jpg 768w\" sizes=\"auto, (max-width: 1222px) 100vw, 1222px\" \/><\/figure>\n\n\n\n<figure class=\"wp-block-image size-full\"><img loading=\"lazy\" decoding=\"async\" width=\"1222\" height=\"822\" data-id=\"70989\" src=\"http:\/\/js-photo.fr\/wp-content\/uploads\/2024\/04\/Matinee-fagots-2024-009.jpg\" alt=\"\" class=\"wp-image-70989\" srcset=\"http:\/\/js-photo.fr\/wp-content\/uploads\/2024\/04\/Matinee-fagots-2024-009.jpg 1222w, http:\/\/js-photo.fr\/wp-content\/uploads\/2024\/04\/Matinee-fagots-2024-009-1189x800.jpg 1189w, http:\/\/js-photo.fr\/wp-content\/uploads\/2024\/04\/Matinee-fagots-2024-009-768x517.jpg 768w\" sizes=\"auto, (max-width: 1222px) 100vw, 1222px\" \/><\/figure>\n\n\n\n<figure class=\"wp-block-image size-full\"><img loading=\"lazy\" decoding=\"async\" width=\"1222\" height=\"822\" data-id=\"70988\" src=\"http:\/\/js-photo.fr\/wp-content\/uploads\/2024\/04\/Matinee-fagots-2024-010.jpg\" alt=\"\" class=\"wp-image-70988\" srcset=\"http:\/\/js-photo.fr\/wp-content\/uploads\/2024\/04\/Matinee-fagots-2024-010.jpg 1222w, http:\/\/js-photo.fr\/wp-content\/uploads\/2024\/04\/Matinee-fagots-2024-010-1189x800.jpg 1189w, http:\/\/js-photo.fr\/wp-content\/uploads\/2024\/04\/Matinee-fagots-2024-010-768x517.jpg 768w\" sizes=\"auto, (max-width: 1222px) 100vw, 1222px\" \/><\/figure>\n\n\n\n<figure class=\"wp-block-image size-full\"><img loading=\"lazy\" decoding=\"async\" width=\"1222\" height=\"822\" data-id=\"70991\" src=\"http:\/\/js-photo.fr\/wp-content\/uploads\/2024\/04\/Matinee-fagots-2024-011.jpg\" alt=\"\" class=\"wp-image-70991\" srcset=\"http:\/\/js-photo.fr\/wp-content\/uploads\/2024\/04\/Matinee-fagots-2024-011.jpg 1222w, http:\/\/js-photo.fr\/wp-content\/uploads\/2024\/04\/Matinee-fagots-2024-011-1189x800.jpg 1189w, http:\/\/js-photo.fr\/wp-content\/uploads\/2024\/04\/Matinee-fagots-2024-011-768x517.jpg 768w\" sizes=\"auto, (max-width: 1222px) 100vw, 1222px\" \/><\/figure>\n\n\n\n<figure class=\"wp-block-image size-full\"><img loading=\"lazy\" decoding=\"async\" width=\"1222\" height=\"822\" data-id=\"70990\" src=\"http:\/\/js-photo.fr\/wp-content\/uploads\/2024\/04\/Matinee-fagots-2024-012.jpg\" alt=\"\" class=\"wp-image-70990\" srcset=\"http:\/\/js-photo.fr\/wp-content\/uploads\/2024\/04\/Matinee-fagots-2024-012.jpg 1222w, http:\/\/js-photo.fr\/wp-content\/uploads\/2024\/04\/Matinee-fagots-2024-012-1189x800.jpg 1189w, http:\/\/js-photo.fr\/wp-content\/uploads\/2024\/04\/Matinee-fagots-2024-012-768x517.jpg 768w\" sizes=\"auto, (max-width: 1222px) 100vw, 1222px\" \/><\/figure>\n\n\n\n<figure class=\"wp-block-image size-full\"><img loading=\"lazy\" decoding=\"async\" width=\"1222\" height=\"822\" data-id=\"70996\" src=\"http:\/\/js-photo.fr\/wp-content\/uploads\/2024\/04\/Matinee-fagots-2024-013.jpg\" alt=\"\" class=\"wp-image-70996\" srcset=\"http:\/\/js-photo.fr\/wp-content\/uploads\/2024\/04\/Matinee-fagots-2024-013.jpg 1222w, http:\/\/js-photo.fr\/wp-content\/uploads\/2024\/04\/Matinee-fagots-2024-013-1189x800.jpg 1189w, http:\/\/js-photo.fr\/wp-content\/uploads\/2024\/04\/Matinee-fagots-2024-013-768x517.jpg 768w\" sizes=\"auto, (max-width: 1222px) 100vw, 1222px\" \/><\/figure>\n\n\n\n<figure class=\"wp-block-image size-full\"><img loading=\"lazy\" decoding=\"async\" width=\"1222\" height=\"822\" data-id=\"70992\" src=\"http:\/\/js-photo.fr\/wp-content\/uploads\/2024\/04\/Matinee-fagots-2024-014.jpg\" alt=\"\" class=\"wp-image-70992\" srcset=\"http:\/\/js-photo.fr\/wp-content\/uploads\/2024\/04\/Matinee-fagots-2024-014.jpg 1222w, http:\/\/js-photo.fr\/wp-content\/uploads\/2024\/04\/Matinee-fagots-2024-014-1189x800.jpg 1189w, http:\/\/js-photo.fr\/wp-content\/uploads\/2024\/04\/Matinee-fagots-2024-014-768x517.jpg 768w\" sizes=\"auto, (max-width: 1222px) 100vw, 1222px\" \/><\/figure>\n\n\n\n<figure class=\"wp-block-image size-full\"><img loading=\"lazy\" decoding=\"async\" width=\"1222\" height=\"822\" data-id=\"70993\" src=\"http:\/\/js-photo.fr\/wp-content\/uploads\/2024\/04\/Matinee-fagots-2024-015.jpg\" alt=\"\" class=\"wp-image-70993\" srcset=\"http:\/\/js-photo.fr\/wp-content\/uploads\/2024\/04\/Matinee-fagots-2024-015.jpg 1222w, http:\/\/js-photo.fr\/wp-content\/uploads\/2024\/04\/Matinee-fagots-2024-015-1189x800.jpg 1189w, http:\/\/js-photo.fr\/wp-content\/uploads\/2024\/04\/Matinee-fagots-2024-015-768x517.jpg 768w\" sizes=\"auto, (max-width: 1222px) 100vw, 1222px\" \/><\/figure>\n\n\n\n<figure class=\"wp-block-image size-full\"><img loading=\"lazy\" decoding=\"async\" width=\"1222\" height=\"822\" data-id=\"70994\" src=\"http:\/\/js-photo.fr\/wp-content\/uploads\/2024\/04\/Matinee-fagots-2024-016.jpg\" alt=\"\" class=\"wp-image-70994\" srcset=\"http:\/\/js-photo.fr\/wp-content\/uploads\/2024\/04\/Matinee-fagots-2024-016.jpg 1222w, http:\/\/js-photo.fr\/wp-content\/uploads\/2024\/04\/Matinee-fagots-2024-016-1189x800.jpg 1189w, http:\/\/js-photo.fr\/wp-content\/uploads\/2024\/04\/Matinee-fagots-2024-016-768x517.jpg 768w\" sizes=\"auto, (max-width: 1222px) 100vw, 1222px\" \/><\/figure>\n\n\n\n<figure class=\"wp-block-image size-full\"><img loading=\"lazy\" decoding=\"async\" width=\"1222\" height=\"822\" data-id=\"70995\" src=\"http:\/\/js-photo.fr\/wp-content\/uploads\/2024\/04\/Matinee-fagots-2024-017.jpg\" alt=\"\" class=\"wp-image-70995\" srcset=\"http:\/\/js-photo.fr\/wp-content\/uploads\/2024\/04\/Matinee-fagots-2024-017.jpg 1222w, http:\/\/js-photo.fr\/wp-content\/uploads\/2024\/04\/Matinee-fagots-2024-017-1189x800.jpg 1189w, http:\/\/js-photo.fr\/wp-content\/uploads\/2024\/04\/Matinee-fagots-2024-017-768x517.jpg 768w\" sizes=\"auto, (max-width: 1222px) 100vw, 1222px\" \/><\/figure>\n\n\n\n<figure class=\"wp-block-image size-full\"><img loading=\"lazy\" decoding=\"async\" width=\"1222\" height=\"822\" data-id=\"70997\" src=\"http:\/\/js-photo.fr\/wp-content\/uploads\/2024\/04\/Matinee-fagots-2024-018.jpg\" alt=\"\" class=\"wp-image-70997\" srcset=\"http:\/\/js-photo.fr\/wp-content\/uploads\/2024\/04\/Matinee-fagots-2024-018.jpg 1222w, http:\/\/js-photo.fr\/wp-content\/uploads\/2024\/04\/Matinee-fagots-2024-018-1189x800.jpg 1189w, http:\/\/js-photo.fr\/wp-content\/uploads\/2024\/04\/Matinee-fagots-2024-018-768x517.jpg 768w\" sizes=\"auto, (max-width: 1222px) 100vw, 1222px\" \/><\/figure>\n\n\n\n<figure class=\"wp-block-image size-full\"><img loading=\"lazy\" decoding=\"async\" width=\"1222\" height=\"822\" data-id=\"70998\" src=\"http:\/\/js-photo.fr\/wp-content\/uploads\/2024\/04\/Matinee-fagots-2024-019.jpg\" alt=\"\" class=\"wp-image-70998\" srcset=\"http:\/\/js-photo.fr\/wp-content\/uploads\/2024\/04\/Matinee-fagots-2024-019.jpg 1222w, http:\/\/js-photo.fr\/wp-content\/uploads\/2024\/04\/Matinee-fagots-2024-019-1189x800.jpg 1189w, http:\/\/js-photo.fr\/wp-content\/uploads\/2024\/04\/Matinee-fagots-2024-019-768x517.jpg 768w\" sizes=\"auto, (max-width: 1222px) 100vw, 1222px\" \/><\/figure>\n\n\n\n<figure class=\"wp-block-image size-full\"><img loading=\"lazy\" decoding=\"async\" width=\"1222\" height=\"822\" data-id=\"70999\" src=\"http:\/\/js-photo.fr\/wp-content\/uploads\/2024\/04\/Matinee-fagots-2024-020.jpg\" alt=\"\" class=\"wp-image-70999\" srcset=\"http:\/\/js-photo.fr\/wp-content\/uploads\/2024\/04\/Matinee-fagots-2024-020.jpg 1222w, http:\/\/js-photo.fr\/wp-content\/uploads\/2024\/04\/Matinee-fagots-2024-020-1189x800.jpg 1189w, http:\/\/js-photo.fr\/wp-content\/uploads\/2024\/04\/Matinee-fagots-2024-020-768x517.jpg 768w\" sizes=\"auto, (max-width: 1222px) 100vw, 1222px\" \/><\/figure>\n\n\n\n<figure class=\"wp-block-image size-full\"><img loading=\"lazy\" decoding=\"async\" width=\"1222\" height=\"822\" data-id=\"71000\" src=\"http:\/\/js-photo.fr\/wp-content\/uploads\/2024\/04\/Matinee-fagots-2024-021.jpg\" alt=\"\" class=\"wp-image-71000\" srcset=\"http:\/\/js-photo.fr\/wp-content\/uploads\/2024\/04\/Matinee-fagots-2024-021.jpg 1222w, http:\/\/js-photo.fr\/wp-content\/uploads\/2024\/04\/Matinee-fagots-2024-021-1189x800.jpg 1189w, http:\/\/js-photo.fr\/wp-content\/uploads\/2024\/04\/Matinee-fagots-2024-021-768x517.jpg 768w\" sizes=\"auto, (max-width: 1222px) 100vw, 1222px\" \/><\/figure>\n\n\n\n<figure class=\"wp-block-image size-full\"><img loading=\"lazy\" decoding=\"async\" width=\"1222\" height=\"822\" data-id=\"71001\" src=\"http:\/\/js-photo.fr\/wp-content\/uploads\/2024\/04\/Matinee-fagots-2024-022.jpg\" alt=\"\" class=\"wp-image-71001\" srcset=\"http:\/\/js-photo.fr\/wp-content\/uploads\/2024\/04\/Matinee-fagots-2024-022.jpg 1222w, http:\/\/js-photo.fr\/wp-content\/uploads\/2024\/04\/Matinee-fagots-2024-022-1189x800.jpg 1189w, http:\/\/js-photo.fr\/wp-content\/uploads\/2024\/04\/Matinee-fagots-2024-022-768x517.jpg 768w\" sizes=\"auto, (max-width: 1222px) 100vw, 1222px\" \/><\/figure>\n\n\n\n<figure class=\"wp-block-image size-full\"><img loading=\"lazy\" decoding=\"async\" width=\"1222\" height=\"822\" data-id=\"71002\" src=\"http:\/\/js-photo.fr\/wp-content\/uploads\/2024\/04\/Matinee-fagots-2024-023.jpg\" alt=\"\" class=\"wp-image-71002\" srcset=\"http:\/\/js-photo.fr\/wp-content\/uploads\/2024\/04\/Matinee-fagots-2024-023.jpg 1222w, http:\/\/js-photo.fr\/wp-content\/uploads\/2024\/04\/Matinee-fagots-2024-023-1189x800.jpg 1189w, http:\/\/js-photo.fr\/wp-content\/uploads\/2024\/04\/Matinee-fagots-2024-023-768x517.jpg 768w\" sizes=\"auto, (max-width: 1222px) 100vw, 1222px\" \/><\/figure>\n\n\n\n<figure class=\"wp-block-image size-full\"><img loading=\"lazy\" decoding=\"async\" width=\"1222\" height=\"822\" data-id=\"71003\" src=\"http:\/\/js-photo.fr\/wp-content\/uploads\/2024\/04\/Matinee-fagots-2024-024.jpg\" alt=\"\" class=\"wp-image-71003\" srcset=\"http:\/\/js-photo.fr\/wp-content\/uploads\/2024\/04\/Matinee-fagots-2024-024.jpg 1222w, http:\/\/js-photo.fr\/wp-content\/uploads\/2024\/04\/Matinee-fagots-2024-024-1189x800.jpg 1189w, http:\/\/js-photo.fr\/wp-content\/uploads\/2024\/04\/Matinee-fagots-2024-024-768x517.jpg 768w\" sizes=\"auto, (max-width: 1222px) 100vw, 1222px\" \/><\/figure>\n\n\n\n<figure class=\"wp-block-image size-full\"><img loading=\"lazy\" decoding=\"async\" width=\"1222\" height=\"822\" data-id=\"71005\" src=\"http:\/\/js-photo.fr\/wp-content\/uploads\/2024\/04\/Matinee-fagots-2024-025.jpg\" alt=\"\" class=\"wp-image-71005\" srcset=\"http:\/\/js-photo.fr\/wp-content\/uploads\/2024\/04\/Matinee-fagots-2024-025.jpg 1222w, http:\/\/js-photo.fr\/wp-content\/uploads\/2024\/04\/Matinee-fagots-2024-025-1189x800.jpg 1189w, http:\/\/js-photo.fr\/wp-content\/uploads\/2024\/04\/Matinee-fagots-2024-025-768x517.jpg 768w\" sizes=\"auto, (max-width: 1222px) 100vw, 1222px\" \/><\/figure>\n\n\n\n<figure class=\"wp-block-image size-full\"><img loading=\"lazy\" decoding=\"async\" width=\"1222\" height=\"822\" data-id=\"71004\" src=\"http:\/\/js-photo.fr\/wp-content\/uploads\/2024\/04\/Matinee-fagots-2024-026.jpg\" alt=\"\" class=\"wp-image-71004\" srcset=\"http:\/\/js-photo.fr\/wp-content\/uploads\/2024\/04\/Matinee-fagots-2024-026.jpg 1222w, http:\/\/js-photo.fr\/wp-content\/uploads\/2024\/04\/Matinee-fagots-2024-026-1189x800.jpg 1189w, http:\/\/js-photo.fr\/wp-content\/uploads\/2024\/04\/Matinee-fagots-2024-026-768x517.jpg 768w\" sizes=\"auto, (max-width: 1222px) 100vw, 1222px\" \/><\/figure>\n\n\n\n<figure class=\"wp-block-image size-full\"><img loading=\"lazy\" decoding=\"async\" width=\"1222\" height=\"822\" data-id=\"71007\" src=\"http:\/\/js-photo.fr\/wp-content\/uploads\/2024\/04\/Matinee-fagots-2024-027.jpg\" alt=\"\" class=\"wp-image-71007\" srcset=\"http:\/\/js-photo.fr\/wp-content\/uploads\/2024\/04\/Matinee-fagots-2024-027.jpg 1222w, http:\/\/js-photo.fr\/wp-content\/uploads\/2024\/04\/Matinee-fagots-2024-027-1189x800.jpg 1189w, http:\/\/js-photo.fr\/wp-content\/uploads\/2024\/04\/Matinee-fagots-2024-027-768x517.jpg 768w\" sizes=\"auto, (max-width: 1222px) 100vw, 1222px\" \/><\/figure>\n\n\n\n<figure class=\"wp-block-image size-full\"><img loading=\"lazy\" decoding=\"async\" width=\"1222\" height=\"822\" data-id=\"71006\" src=\"http:\/\/js-photo.fr\/wp-content\/uploads\/2024\/04\/Matinee-fagots-2024-028.jpg\" alt=\"\" class=\"wp-image-71006\" srcset=\"http:\/\/js-photo.fr\/wp-content\/uploads\/2024\/04\/Matinee-fagots-2024-028.jpg 1222w, http:\/\/js-photo.fr\/wp-content\/uploads\/2024\/04\/Matinee-fagots-2024-028-1189x800.jpg 1189w, http:\/\/js-photo.fr\/wp-content\/uploads\/2024\/04\/Matinee-fagots-2024-028-768x517.jpg 768w\" sizes=\"auto, (max-width: 1222px) 100vw, 1222px\" \/><\/figure>\n\n\n\n<figure class=\"wp-block-image size-full\"><img loading=\"lazy\" decoding=\"async\" width=\"1222\" height=\"822\" data-id=\"71008\" src=\"http:\/\/js-photo.fr\/wp-content\/uploads\/2024\/04\/Matinee-fagots-2024-029.jpg\" alt=\"\" class=\"wp-image-71008\" srcset=\"http:\/\/js-photo.fr\/wp-content\/uploads\/2024\/04\/Matinee-fagots-2024-029.jpg 1222w, http:\/\/js-photo.fr\/wp-content\/uploads\/2024\/04\/Matinee-fagots-2024-029-1189x800.jpg 1189w, http:\/\/js-photo.fr\/wp-content\/uploads\/2024\/04\/Matinee-fagots-2024-029-768x517.jpg 768w\" sizes=\"auto, (max-width: 1222px) 100vw, 1222px\" \/><\/figure>\n\n\n\n<figure class=\"wp-block-image size-full\"><img loading=\"lazy\" decoding=\"async\" width=\"1222\" height=\"822\" data-id=\"71009\" src=\"http:\/\/js-photo.fr\/wp-content\/uploads\/2024\/04\/Matinee-fagots-2024-030.jpg\" alt=\"\" class=\"wp-image-71009\" srcset=\"http:\/\/js-photo.fr\/wp-content\/uploads\/2024\/04\/Matinee-fagots-2024-030.jpg 1222w, http:\/\/js-photo.fr\/wp-content\/uploads\/2024\/04\/Matinee-fagots-2024-030-1189x800.jpg 1189w, http:\/\/js-photo.fr\/wp-content\/uploads\/2024\/04\/Matinee-fagots-2024-030-768x517.jpg 768w\" sizes=\"auto, (max-width: 1222px) 100vw, 1222px\" \/><\/figure>\n\n\n\n<figure class=\"wp-block-image size-full\"><img loading=\"lazy\" decoding=\"async\" width=\"1222\" height=\"822\" data-id=\"71010\" src=\"http:\/\/js-photo.fr\/wp-content\/uploads\/2024\/04\/Matinee-fagots-2024-031.jpg\" alt=\"\" class=\"wp-image-71010\" srcset=\"http:\/\/js-photo.fr\/wp-content\/uploads\/2024\/04\/Matinee-fagots-2024-031.jpg 1222w, http:\/\/js-photo.fr\/wp-content\/uploads\/2024\/04\/Matinee-fagots-2024-031-1189x800.jpg 1189w, http:\/\/js-photo.fr\/wp-content\/uploads\/2024\/04\/Matinee-fagots-2024-031-768x517.jpg 768w\" sizes=\"auto, (max-width: 1222px) 100vw, 1222px\" \/><\/figure>\n\n\n\n<figure class=\"wp-block-image size-full\"><img loading=\"lazy\" decoding=\"async\" width=\"1222\" height=\"822\" data-id=\"71012\" src=\"http:\/\/js-photo.fr\/wp-content\/uploads\/2024\/04\/Matinee-fagots-2024-032.jpg\" alt=\"\" class=\"wp-image-71012\" srcset=\"http:\/\/js-photo.fr\/wp-content\/uploads\/2024\/04\/Matinee-fagots-2024-032.jpg 1222w, http:\/\/js-photo.fr\/wp-content\/uploads\/2024\/04\/Matinee-fagots-2024-032-1189x800.jpg 1189w, http:\/\/js-photo.fr\/wp-content\/uploads\/2024\/04\/Matinee-fagots-2024-032-768x517.jpg 768w\" sizes=\"auto, (max-width: 1222px) 100vw, 1222px\" \/><\/figure>\n\n\n\n<figure class=\"wp-block-image size-full\"><img loading=\"lazy\" decoding=\"async\" width=\"1222\" height=\"822\" data-id=\"71011\" src=\"http:\/\/js-photo.fr\/wp-content\/uploads\/2024\/04\/Matinee-fagots-2024-033.jpg\" alt=\"\" class=\"wp-image-71011\" srcset=\"http:\/\/js-photo.fr\/wp-content\/uploads\/2024\/04\/Matinee-fagots-2024-033.jpg 1222w, http:\/\/js-photo.fr\/wp-content\/uploads\/2024\/04\/Matinee-fagots-2024-033-1189x800.jpg 1189w, http:\/\/js-photo.fr\/wp-content\/uploads\/2024\/04\/Matinee-fagots-2024-033-768x517.jpg 768w\" sizes=\"auto, (max-width: 1222px) 100vw, 1222px\" \/><\/figure>\n\n\n\n<figure class=\"wp-block-image size-full\"><img loading=\"lazy\" decoding=\"async\" width=\"1222\" height=\"822\" data-id=\"71013\" src=\"http:\/\/js-photo.fr\/wp-content\/uploads\/2024\/04\/Matinee-fagots-2024-034.jpg\" alt=\"\" class=\"wp-image-71013\" srcset=\"http:\/\/js-photo.fr\/wp-content\/uploads\/2024\/04\/Matinee-fagots-2024-034.jpg 1222w, http:\/\/js-photo.fr\/wp-content\/uploads\/2024\/04\/Matinee-fagots-2024-034-1189x800.jpg 1189w, http:\/\/js-photo.fr\/wp-content\/uploads\/2024\/04\/Matinee-fagots-2024-034-768x517.jpg 768w\" sizes=\"auto, (max-width: 1222px) 100vw, 1222px\" \/><\/figure>\n\n\n\n<figure class=\"wp-block-image size-full\"><img loading=\"lazy\" decoding=\"async\" width=\"1222\" height=\"822\" data-id=\"71014\" src=\"http:\/\/js-photo.fr\/wp-content\/uploads\/2024\/04\/Matinee-fagots-2024-035.jpg\" alt=\"\" class=\"wp-image-71014\" srcset=\"http:\/\/js-photo.fr\/wp-content\/uploads\/2024\/04\/Matinee-fagots-2024-035.jpg 1222w, http:\/\/js-photo.fr\/wp-content\/uploads\/2024\/04\/Matinee-fagots-2024-035-1189x800.jpg 1189w, http:\/\/js-photo.fr\/wp-content\/uploads\/2024\/04\/Matinee-fagots-2024-035-768x517.jpg 768w\" sizes=\"auto, (max-width: 1222px) 100vw, 1222px\" \/><\/figure>\n\n\n\n<figure class=\"wp-block-image size-full\"><img loading=\"lazy\" decoding=\"async\" width=\"1222\" height=\"822\" data-id=\"71015\" src=\"http:\/\/js-photo.fr\/wp-content\/uploads\/2024\/04\/Matinee-fagots-2024-036.jpg\" alt=\"\" class=\"wp-image-71015\" srcset=\"http:\/\/js-photo.fr\/wp-content\/uploads\/2024\/04\/Matinee-fagots-2024-036.jpg 1222w, http:\/\/js-photo.fr\/wp-content\/uploads\/2024\/04\/Matinee-fagots-2024-036-1189x800.jpg 1189w, http:\/\/js-photo.fr\/wp-content\/uploads\/2024\/04\/Matinee-fagots-2024-036-768x517.jpg 768w\" sizes=\"auto, (max-width: 1222px) 100vw, 1222px\" \/><\/figure>\n\n\n\n<figure class=\"wp-block-image size-full\"><img loading=\"lazy\" decoding=\"async\" width=\"1222\" height=\"822\" data-id=\"71016\" src=\"http:\/\/js-photo.fr\/wp-content\/uploads\/2024\/04\/Matinee-fagots-2024-037.jpg\" alt=\"\" class=\"wp-image-71016\" srcset=\"http:\/\/js-photo.fr\/wp-content\/uploads\/2024\/04\/Matinee-fagots-2024-037.jpg 1222w, http:\/\/js-photo.fr\/wp-content\/uploads\/2024\/04\/Matinee-fagots-2024-037-1189x800.jpg 1189w, http:\/\/js-photo.fr\/wp-content\/uploads\/2024\/04\/Matinee-fagots-2024-037-768x517.jpg 768w\" sizes=\"auto, (max-width: 1222px) 100vw, 1222px\" \/><\/figure>\n\n\n\n<figure class=\"wp-block-image size-full\"><img loading=\"lazy\" decoding=\"async\" width=\"1222\" height=\"822\" data-id=\"71017\" src=\"http:\/\/js-photo.fr\/wp-content\/uploads\/2024\/04\/Matinee-fagots-2024-038.jpg\" alt=\"\" class=\"wp-image-71017\" srcset=\"http:\/\/js-photo.fr\/wp-content\/uploads\/2024\/04\/Matinee-fagots-2024-038.jpg 1222w, http:\/\/js-photo.fr\/wp-content\/uploads\/2024\/04\/Matinee-fagots-2024-038-1189x800.jpg 1189w, http:\/\/js-photo.fr\/wp-content\/uploads\/2024\/04\/Matinee-fagots-2024-038-768x517.jpg 768w\" sizes=\"auto, (max-width: 1222px) 100vw, 1222px\" \/><\/figure>\n\n\n\n<figure class=\"wp-block-image size-full\"><img loading=\"lazy\" decoding=\"async\" width=\"1222\" height=\"822\" data-id=\"71018\" src=\"http:\/\/js-photo.fr\/wp-content\/uploads\/2024\/04\/Matinee-fagots-2024-039.jpg\" alt=\"\" class=\"wp-image-71018\" srcset=\"http:\/\/js-photo.fr\/wp-content\/uploads\/2024\/04\/Matinee-fagots-2024-039.jpg 1222w, http:\/\/js-photo.fr\/wp-content\/uploads\/2024\/04\/Matinee-fagots-2024-039-1189x800.jpg 1189w, http:\/\/js-photo.fr\/wp-content\/uploads\/2024\/04\/Matinee-fagots-2024-039-768x517.jpg 768w\" sizes=\"auto, (max-width: 1222px) 100vw, 1222px\" \/><\/figure>\n\n\n\n<figure class=\"wp-block-image size-full\"><img loading=\"lazy\" decoding=\"async\" width=\"1222\" height=\"822\" data-id=\"71019\" src=\"http:\/\/js-photo.fr\/wp-content\/uploads\/2024\/04\/Matinee-fagots-2024-040.jpg\" alt=\"\" class=\"wp-image-71019\" srcset=\"http:\/\/js-photo.fr\/wp-content\/uploads\/2024\/04\/Matinee-fagots-2024-040.jpg 1222w, http:\/\/js-photo.fr\/wp-content\/uploads\/2024\/04\/Matinee-fagots-2024-040-1189x800.jpg 1189w, http:\/\/js-photo.fr\/wp-content\/uploads\/2024\/04\/Matinee-fagots-2024-040-768x517.jpg 768w\" sizes=\"auto, (max-width: 1222px) 100vw, 1222px\" \/><\/figure>\n<\/figure>\n","protected":false},"excerpt":{"rendered":"<p>Une vingtaine de b\u00e9n\u00e9voles ont r\u00e9pondus pr\u00e9sents ce samedi 30 mars 2024, \u00e0 l&rsquo;appel du comit\u00e9 des f\u00eates de Nort-sur-Erdre pour la traditionnelle matin\u00e9e fagots. &hellip; <\/p>\n","protected":false},"author":1,"featured_media":0,"parent":0,"menu_order":0,"comment_status":"open","ping_status":"closed","template":"","meta":{"footnotes":""},"class_list":["post-70979","page","type-page","status-publish","hentry"],"_links":{"self":[{"href":"http:\/\/js-photo.fr\/acceuil\/wp-json\/wp\/v2\/pages\/70979","targetHints":{"allow":["GET"]}}],"collection":[{"href":"http:\/\/js-photo.fr\/acceuil\/wp-json\/wp\/v2\/pages"}],"about":[{"href":"http:\/\/js-photo.fr\/acceuil\/wp-json\/wp\/v2\/types\/page"}],"author":[{"embeddable":true,"href":"http:\/\/js-photo.fr\/acceuil\/wp-json\/wp\/v2\/users\/1"}],"replies":[{"embeddable":true,"href":"http:\/\/js-photo.fr\/acceuil\/wp-json\/wp\/v2\/comments?post=70979"}],"version-history":[{"count":1,"href":"http:\/\/js-photo.fr\/acceuil\/wp-json\/wp\/v2\/pages\/70979\/revisions"}],"predecessor-version":[{"id":71020,"href":"http:\/\/js-photo.fr\/acceuil\/wp-json\/wp\/v2\/pages\/70979\/revisions\/71020"}],"wp:attachment":[{"href":"http:\/\/js-photo.fr\/acceuil\/wp-json\/wp\/v2\/media?parent=70979"}],"curies":[{"name":"wp","href":"https:\/\/api.w.org\/{rel}","templated":true}]}}