{"id":65552,"date":"2024-03-22T22:24:49","date_gmt":"2024-03-22T21:24:49","guid":{"rendered":"http:\/\/js-photo.fr\/acceuil\/?page_id=65552"},"modified":"2024-03-22T22:40:02","modified_gmt":"2024-03-22T21:40:02","slug":"odyssea-2024-a-nantes","status":"publish","type":"page","link":"http:\/\/js-photo.fr\/acceuil\/odyssea-2024-a-nantes","title":{"rendered":"Odyss\u00e9a 2024 \u00e0 Nantes"},"content":{"rendered":"\n<figure class=\"wp-block-gallery has-nested-images columns-default is-cropped wp-block-gallery-2 is-layout-flex wp-block-gallery-is-layout-flex\">\n<figure class=\"wp-block-image size-large\"><img decoding=\"async\" data-id=\"65582\" src=\"http:\/\/js-photo.fr\/wp-content\/uploads\/Odyssea-Nantes-10-kilometres-2024-000-667x559.jpg\" alt=\"\" class=\"wp-image-65582\"\/><\/figure>\n<\/figure>\n\n\n\n<ul class=\"wp-block-list\">\n<li class=\"has-large-font-size\"><strong><mark>Course 10 kilom\u00e8tres pr\u00e8s de 2000 photos r\u00e9parties en 12 pages :<\/mark><\/strong>\n<ul class=\"wp-block-list\">\n<li class=\"has-large-font-size\"><a href=\"http:\/\/js-photo.fr\/acceuil\/odyssea-2024-a-nantes-10-kilometres-page-1\" data-type=\"page\" data-id=\"65554\">Odyss\u00e9a 2024 \u00e0 Nantes 10 kilom\u00e8tres page 1<\/a><\/li>\n\n\n\n<li class=\"has-large-font-size\"><a href=\"http:\/\/js-photo.fr\/acceuil\/odyssea-2024-a-nantes-10-kilometres-page-2\" data-type=\"page\" data-id=\"65556\">Odyss\u00e9a 2024 \u00e0 Nantes 10 kilom\u00e8tres page 2<\/a><\/li>\n\n\n\n<li class=\"has-large-font-size\"><a href=\"http:\/\/js-photo.fr\/acceuil\/odyssea-2024-a-nantes-10-kilometres-page-3\" data-type=\"page\" data-id=\"65558\">Odyss\u00e9a 2024 \u00e0 Nantes 10 kilom\u00e8tres page 3<\/a><\/li>\n\n\n\n<li class=\"has-large-font-size\"><a href=\"http:\/\/js-photo.fr\/acceuil\/odyssea-2024-a-nantes-10-kilometres-page-4\" data-type=\"page\" data-id=\"65560\">Odyss\u00e9a 2024 \u00e0 Nantes 10 kilom\u00e8tres page 4<\/a><\/li>\n\n\n\n<li class=\"has-large-font-size\"><a href=\"http:\/\/js-photo.fr\/acceuil\/odyssea-2024-a-nantes-10-kilometres-page-5\" data-type=\"page\" data-id=\"65562\">Odyss\u00e9a 2024 \u00e0 Nantes 10 kilom\u00e8tres page 5<\/a><\/li>\n\n\n\n<li class=\"has-large-font-size\"><a href=\"http:\/\/js-photo.fr\/acceuil\/odyssea-2024-a-nantes-10-kilometres-page-6\" data-type=\"page\" data-id=\"65564\">Odyss\u00e9a 2024 \u00e0 Nantes 10 kilom\u00e8tres page 6<\/a><\/li>\n\n\n\n<li class=\"has-large-font-size\"><a href=\"http:\/\/js-photo.fr\/acceuil\/odyssea-2024-a-nantes-10-kilometres-page-7\" data-type=\"page\" data-id=\"65566\">Odyss\u00e9a 2024 \u00e0 Nantes 10 kilom\u00e8tres page 7<\/a><\/li>\n\n\n\n<li class=\"has-large-font-size\"><a href=\"http:\/\/js-photo.fr\/acceuil\/odyssea-2024-a-nantes-10-kilometres-page-8\" data-type=\"page\" data-id=\"65568\">Odyss\u00e9a 2024 \u00e0 Nantes 10 kilom\u00e8tres page 8<\/a><\/li>\n\n\n\n<li class=\"has-large-font-size\"><a href=\"http:\/\/js-photo.fr\/acceuil\/odyssea-2024-a-nantes-10-kilometres-page-9\" data-type=\"page\" data-id=\"65570\">Odyss\u00e9a 2024 \u00e0 Nantes 10 kilom\u00e8tres page 9<\/a><\/li>\n\n\n\n<li class=\"has-large-font-size\"><a href=\"http:\/\/js-photo.fr\/acceuil\/odyssea-2024-a-nantes-10-kilometres-page-10\" data-type=\"page\" data-id=\"65572\">Odyss\u00e9a 2024 \u00e0 Nantes 10 kilom\u00e8tres page 10<\/a><\/li>\n\n\n\n<li class=\"has-large-font-size\"><a href=\"http:\/\/js-photo.fr\/acceuil\/odyssea-2024-a-nantes-10-kilometres-page-11\" data-type=\"page\" data-id=\"65576\">Odyss\u00e9a 2024 \u00e0 Nantes 10 kilom\u00e8tres page 11<\/a><\/li>\n\n\n\n<li class=\"has-large-font-size\"><a href=\"http:\/\/js-photo.fr\/acceuil\/odyssea-2024-a-nantes-10-kilometres-page-12\" data-type=\"page\" data-id=\"65578\">Odyss\u00e9a 2024 \u00e0 Nantes 10 kilom\u00e8tres page 12<\/a><\/li>\n\n\n\n<li class=\"has-large-font-size\"><strong><mark>5 kilom\u00e8tres course et marche : plus de 2100 photos r\u00e9parties en 14 pages :<\/mark><\/strong>\n<ul class=\"wp-block-list\">\n<li class=\"has-large-font-size\"><a href=\"http:\/\/js-photo.fr\/acceuil\/odyssea-2024-a-nantes-5-kilometres-course-et-marche-page-1\" data-type=\"page\" data-id=\"67563\">Odyss\u00e9a 2024 \u00e0 Nantes 5 kilom\u00e8tres course et marche page 1<\/a><\/li>\n\n\n\n<li class=\"has-large-font-size\"><a href=\"http:\/\/js-photo.fr\/acceuil\/odyssea-2024-a-nantes-5-kilometres-course-et-marche-page-2\" data-type=\"page\" data-id=\"67565\">Odyss\u00e9a 2024 \u00e0 Nantes 5 kilom\u00e8tres course et marche page 2<\/a><\/li>\n\n\n\n<li class=\"has-large-font-size\"><a href=\"http:\/\/js-photo.fr\/acceuil\/odyssea-2024-a-nantes-5-kilometres-course-et-marche-page-3\" data-type=\"page\" data-id=\"67890\">Odyss\u00e9a 2024 \u00e0 Nantes 5 kilom\u00e8tres course et marche page 3<\/a><\/li>\n\n\n\n<li class=\"has-large-font-size\"><a href=\"http:\/\/js-photo.fr\/acceuil\/odyssea-2024-a-nantes-5-kilometres-course-et-marche-page-4\" data-type=\"page\" data-id=\"68052\">Odyss\u00e9a 2024 \u00e0 Nantes 5 kilom\u00e8tres course et marche page 4<\/a><\/li>\n\n\n\n<li class=\"has-large-font-size\"><a href=\"http:\/\/js-photo.fr\/acceuil\/odyssea-2024-a-nantes-5-kilometres-course-et-marche-page-5\" data-type=\"page\" data-id=\"68214\">Odyss\u00e9a 2024 \u00e0 Nantes 5 kilom\u00e8tres course et marche page 5<\/a><\/li>\n\n\n\n<li class=\"has-large-font-size\"><a href=\"http:\/\/js-photo.fr\/acceuil\/odyssea-2024-a-nantes-5-kilometres-course-et-marche-page-6\" data-type=\"page\" data-id=\"68376\">Odyss\u00e9a 2024 \u00e0 Nantes 5 kilom\u00e8tres course et marche page 6<\/a><\/li>\n\n\n\n<li class=\"has-large-font-size\"><a href=\"http:\/\/js-photo.fr\/acceuil\/odyssea-2024-a-nantes-5-kilometres-course-et-marche-page-7\" data-type=\"page\" data-id=\"68539\">Odyss\u00e9a 2024 \u00e0 Nantes 5 kilom\u00e8tres course et marche page 7<\/a><\/li>\n\n\n\n<li class=\"has-large-font-size\"><a href=\"http:\/\/js-photo.fr\/acceuil\/odyssea-2024-a-nantes-5-kilometres-course-et-marche-page-8\" data-type=\"page\" data-id=\"68701\">Odyss\u00e9a 2024 \u00e0 Nantes 5 kilom\u00e8tres course et marche page 8<\/a><\/li>\n\n\n\n<li class=\"has-large-font-size\"><a href=\"http:\/\/js-photo.fr\/acceuil\/odyssea-2024-a-nantes-5-kilometres-course-et-marche-page-9\" data-type=\"page\" data-id=\"68863\">Odyss\u00e9a 2024 \u00e0 Nantes 5 kilom\u00e8tres course et marche page 9<\/a><\/li>\n\n\n\n<li class=\"has-large-font-size\"><a href=\"http:\/\/js-photo.fr\/acceuil\/odyssea-2024-a-nantes-5-kilometres-course-et-marche-page-10\" data-type=\"page\" data-id=\"69025\">Odyss\u00e9a 2024 \u00e0 Nantes 5 kilom\u00e8tres course et marche page 10<\/a><\/li>\n\n\n\n<li class=\"has-large-font-size\"><a href=\"http:\/\/js-photo.fr\/acceuil\/odyssea-2024-a-nantes-5-kilometres-course-et-marche-page-11\" data-type=\"page\" data-id=\"69187\">Odyss\u00e9a 2024 \u00e0 Nantes 5 kilom\u00e8tres course et marche page 11<\/a><\/li>\n\n\n\n<li class=\"has-large-font-size\"><a href=\"http:\/\/js-photo.fr\/acceuil\/odyssea-2024-a-nantes-5-kilometres-course-et-marche-page-12\" data-type=\"page\" data-id=\"69349\">Odyss\u00e9a 2024 \u00e0 Nantes 5 kilom\u00e8tres course et marche page 12<\/a><\/li>\n\n\n\n<li class=\"has-large-font-size\"><a href=\"http:\/\/js-photo.fr\/acceuil\/odyssea-2024-a-nantes-5-kilometres-course-et-marche-page-13\" data-type=\"page\" data-id=\"69511\">Odyss\u00e9a 2024 \u00e0 Nantes 5 kilom\u00e8tres course et marche page 13<\/a><\/li>\n\n\n\n<li class=\"has-large-font-size\"><a href=\"http:\/\/js-photo.fr\/acceuil\/odyssea-2024-a-nantes-5-kilometres-course-et-marche-page-14\" data-type=\"page\" data-id=\"69673\">Odyss\u00e9a 2024 \u00e0 Nantes 5 kilom\u00e8tres course et marche page 14<\/a><\/li>\n<\/ul>\n<\/li>\n<\/ul>\n<\/li>\n<\/ul>\n","protected":false},"excerpt":{"rendered":"","protected":false},"author":1,"featured_media":0,"parent":0,"menu_order":0,"comment_status":"open","ping_status":"closed","template":"","meta":{"footnotes":""},"class_list":["post-65552","page","type-page","status-publish","hentry"],"_links":{"self":[{"href":"http:\/\/js-photo.fr\/acceuil\/wp-json\/wp\/v2\/pages\/65552","targetHints":{"allow":["GET"]}}],"collection":[{"href":"http:\/\/js-photo.fr\/acceuil\/wp-json\/wp\/v2\/pages"}],"about":[{"href":"http:\/\/js-photo.fr\/acceuil\/wp-json\/wp\/v2\/types\/page"}],"author":[{"embeddable":true,"href":"http:\/\/js-photo.fr\/acceuil\/wp-json\/wp\/v2\/users\/1"}],"replies":[{"embeddable":true,"href":"http:\/\/js-photo.fr\/acceuil\/wp-json\/wp\/v2\/comments?post=65552"}],"version-history":[{"count":2,"href":"http:\/\/js-photo.fr\/acceuil\/wp-json\/wp\/v2\/pages\/65552\/revisions"}],"predecessor-version":[{"id":65584,"href":"http:\/\/js-photo.fr\/acceuil\/wp-json\/wp\/v2\/pages\/65552\/revisions\/65584"}],"wp:attachment":[{"href":"http:\/\/js-photo.fr\/acceuil\/wp-json\/wp\/v2\/media?parent=65552"}],"curies":[{"name":"wp","href":"https:\/\/api.w.org\/{rel}","templated":true}]}}