{"id":59391,"date":"2024-01-22T22:57:24","date_gmt":"2024-01-22T21:57:24","guid":{"rendered":"http:\/\/js-photo.fr\/acceuil\/?page_id=59391"},"modified":"2024-01-22T23:29:20","modified_gmt":"2024-01-22T22:29:20","slug":"trailr-run-2024","status":"publish","type":"page","link":"http:\/\/js-photo.fr\/acceuil\/trailr-run-2024","title":{"rendered":"Trail&rsquo;R Run 2024"},"content":{"rendered":"\n<figure class=\"wp-block-gallery has-nested-images columns-default is-cropped wp-block-gallery-2 is-layout-flex wp-block-gallery-is-layout-flex\">\n<figure class=\"wp-block-image size-large\"><img loading=\"lazy\" decoding=\"async\" width=\"568\" height=\"428\" data-id=\"60557\" src=\"http:\/\/js-photo.fr\/wp-content\/uploads\/TrailR-Run-21-janvier-2024.jpg\" alt=\"\" class=\"wp-image-60557\"\/><\/figure>\n<\/figure>\n\n\n\n<p class=\"has-large-font-size\">3 courses au programme de cette 6 \u00e8me \u00e9dition :<\/p>\n\n\n\n<ul class=\"wp-block-list\">\n<li class=\"has-medium-font-size\">13 km \/ 200m D+ avec 2 sections chronom\u00e9tr\u00e9es :\n<ul class=\"wp-block-list\">\n<li>la premi\u00e8re de 3KM500 km<\/li>\n\n\n\n<li>la seconde de 2KM500<\/li>\n<\/ul>\n<\/li>\n\n\n\n<li class=\"has-medium-font-size\">25 km \/ 500m D+ avec 4 sections chronom\u00e9tr\u00e9es sont propos\u00e9es sur ce circuit :\n<ul class=\"wp-block-list\">\n<li>la 1\u00e8re : 3km<\/li>\n\n\n\n<li>la 2\u00e8me : 2km500<\/li>\n\n\n\n<li>la 3\u00e8me : 2km500<\/li>\n\n\n\n<li>la 4\u00e8me : 3km<\/li>\n<\/ul>\n<\/li>\n\n\n\n<li class=\"has-medium-font-size\">35 km \/ 720m D+ avec 5 sections chronom\u00e9tr\u00e9es sont propos\u00e9es sur ce circuit :\n<ul class=\"wp-block-list\">\n<li>la 1\u00e8re : 3km,<\/li>\n\n\n\n<li>la 2\u00e8me : 2km500,<\/li>\n\n\n\n<li>la 3\u00e8me : 5km<\/li>\n\n\n\n<li>la 4\u00e8me : 2km500<\/li>\n\n\n\n<li>la 5\u00e8me : 3km<\/li>\n<\/ul>\n<\/li>\n\n\n\n<li class=\"has-medium-font-size\">En 2024 : le Trail&rsquo;R Run soutient l&rsquo;AFSA (Association Fran\u00e7aise du Syndrome d&rsquo;Angelman)<\/li>\n<\/ul>\n\n\n\n<ul class=\"wp-block-list\">\n<li class=\"has-large-font-size\">Toutes les photos : 1100 photos en 14 pages.\n<ul class=\"wp-block-list\">\n<li><a href=\"http:\/\/js-photo.fr\/acceuil\/trailr-run-2024-page-1\" data-type=\"page\" data-id=\"59393\">Trail\u2019R Run 2024 page 1<\/a><\/li>\n\n\n\n<li><a href=\"http:\/\/js-photo.fr\/acceuil\/trailr-run-2024-page-2\" data-type=\"page\" data-id=\"59395\">Trail\u2019R Run 2024 page 2<\/a><\/li>\n\n\n\n<li><a href=\"http:\/\/js-photo.fr\/acceuil\/trailr-run-2024-page-3\" data-type=\"page\" data-id=\"59397\">Trail\u2019R Run 2024 page 3<\/a><\/li>\n\n\n\n<li><a href=\"http:\/\/js-photo.fr\/acceuil\/trailr-run-2024-page-4\" data-type=\"page\" data-id=\"59399\">Trail\u2019R Run 2024 page 4<\/a><\/li>\n\n\n\n<li><a href=\"http:\/\/js-photo.fr\/acceuil\/trailr-run-2024-page-5\" data-type=\"page\" data-id=\"59401\">Trail\u2019R Run 2024 page 5<\/a><\/li>\n\n\n\n<li><a href=\"http:\/\/js-photo.fr\/acceuil\/trailr-run-2024-page-6\" data-type=\"page\" data-id=\"59403\">Trail\u2019R Run 2024 page 6<\/a><\/li>\n\n\n\n<li><a href=\"http:\/\/js-photo.fr\/acceuil\/trailr-run-2024-page-7\" data-type=\"page\" data-id=\"59405\">Trail\u2019R Run 2024 page 7<\/a><\/li>\n\n\n\n<li><a href=\"http:\/\/js-photo.fr\/acceuil\/trailr-run-2024-page-8\" data-type=\"page\" data-id=\"59407\">Trail\u2019R Run 2024 page 8<\/a><\/li>\n\n\n\n<li><a href=\"http:\/\/js-photo.fr\/acceuil\/trailr-run-2024-page-9\" data-type=\"page\" data-id=\"59409\">Trail\u2019R Run 2024 page 9<\/a><\/li>\n\n\n\n<li><a href=\"http:\/\/js-photo.fr\/acceuil\/trailr-run-2024-page-10\" data-type=\"page\" data-id=\"59411\">Trail\u2019R Run 2024 page 10<\/a><\/li>\n\n\n\n<li><a href=\"http:\/\/js-photo.fr\/acceuil\/trailr-run-2024-page-11\" data-type=\"page\" data-id=\"59413\">Trail\u2019R Run 2024 page 11<\/a><\/li>\n\n\n\n<li><a href=\"http:\/\/js-photo.fr\/acceuil\/trailr-run-2024-page-12\" data-type=\"page\" data-id=\"59415\">Trail\u2019R Run 2024 page 12<\/a><\/li>\n\n\n\n<li><a href=\"http:\/\/js-photo.fr\/acceuil\/trailr-run-2024-page-13\" data-type=\"page\" data-id=\"59417\">Trail\u2019R Run 2024 page 13<\/a><\/li>\n\n\n\n<li><a href=\"http:\/\/js-photo.fr\/acceuil\/trailr-run-2024-page-14\" data-type=\"page\" data-id=\"59419\">Trail\u2019R Run 2024 page 14<\/a><\/li>\n<\/ul>\n<\/li>\n<\/ul>\n","protected":false},"excerpt":{"rendered":"<p>3 courses au programme de cette 6 \u00e8me \u00e9dition :<\/p>\n","protected":false},"author":1,"featured_media":0,"parent":0,"menu_order":0,"comment_status":"open","ping_status":"closed","template":"","meta":{"footnotes":""},"class_list":["post-59391","page","type-page","status-publish","hentry"],"_links":{"self":[{"href":"http:\/\/js-photo.fr\/acceuil\/wp-json\/wp\/v2\/pages\/59391","targetHints":{"allow":["GET"]}}],"collection":[{"href":"http:\/\/js-photo.fr\/acceuil\/wp-json\/wp\/v2\/pages"}],"about":[{"href":"http:\/\/js-photo.fr\/acceuil\/wp-json\/wp\/v2\/types\/page"}],"author":[{"embeddable":true,"href":"http:\/\/js-photo.fr\/acceuil\/wp-json\/wp\/v2\/users\/1"}],"replies":[{"embeddable":true,"href":"http:\/\/js-photo.fr\/acceuil\/wp-json\/wp\/v2\/comments?post=59391"}],"version-history":[{"count":2,"href":"http:\/\/js-photo.fr\/acceuil\/wp-json\/wp\/v2\/pages\/59391\/revisions"}],"predecessor-version":[{"id":60558,"href":"http:\/\/js-photo.fr\/acceuil\/wp-json\/wp\/v2\/pages\/59391\/revisions\/60558"}],"wp:attachment":[{"href":"http:\/\/js-photo.fr\/acceuil\/wp-json\/wp\/v2\/media?parent=59391"}],"curies":[{"name":"wp","href":"https:\/\/api.w.org\/{rel}","templated":true}]}}