{"id":59272,"date":"2024-01-21T16:10:25","date_gmt":"2024-01-21T15:10:25","guid":{"rendered":"http:\/\/js-photo.fr\/acceuil\/?page_id=59272"},"modified":"2024-01-21T16:10:55","modified_gmt":"2024-01-21T15:10:55","slug":"hand-13-janvier-2024","status":"publish","type":"page","link":"http:\/\/js-photo.fr\/acceuil\/hand-13-janvier-2024","title":{"rendered":"Hand 13 janvier 2024"},"content":{"rendered":"\n<p class=\"has-medium-font-size\">32 \u00e9me de finale de la coupe de France d\u00e9partementale, Nort Athletic Club Handball recevait le Club de Handball de Ch\u00e2teaugiron. D\u00e9faite des Nortais 26 \u00e0 21<\/p>\n\n\n\n<figure class=\"wp-block-gallery has-nested-images columns-1 is-cropped wp-block-gallery-2 is-layout-flex wp-block-gallery-is-layout-flex\">\n<figure class=\"wp-block-image size-large\"><img decoding=\"async\" data-id=\"59273\" src=\"http:\/\/js-photo.fr\/wp-content\/uploads\/Hand130124-001-826x556.jpg\" alt=\"\" class=\"wp-image-59273\"\/><\/figure>\n\n\n\n<figure class=\"wp-block-image size-large\"><img decoding=\"async\" data-id=\"59274\" src=\"http:\/\/js-photo.fr\/wp-content\/uploads\/Hand130124-002-826x556.jpg\" alt=\"\" class=\"wp-image-59274\"\/><\/figure>\n\n\n\n<figure class=\"wp-block-image size-large\"><img decoding=\"async\" data-id=\"59275\" src=\"http:\/\/js-photo.fr\/wp-content\/uploads\/Hand130124-003-826x556.jpg\" alt=\"\" class=\"wp-image-59275\"\/><\/figure>\n\n\n\n<figure class=\"wp-block-image size-large\"><img decoding=\"async\" data-id=\"59278\" src=\"http:\/\/js-photo.fr\/wp-content\/uploads\/Hand130124-004-826x556.jpg\" alt=\"\" class=\"wp-image-59278\"\/><\/figure>\n\n\n\n<figure class=\"wp-block-image size-large\"><img decoding=\"async\" data-id=\"59276\" src=\"http:\/\/js-photo.fr\/wp-content\/uploads\/Hand130124-005-826x556.jpg\" alt=\"\" class=\"wp-image-59276\"\/><\/figure>\n\n\n\n<figure class=\"wp-block-image size-large\"><img decoding=\"async\" data-id=\"59277\" src=\"http:\/\/js-photo.fr\/wp-content\/uploads\/Hand130124-006-826x556.jpg\" alt=\"\" class=\"wp-image-59277\"\/><\/figure>\n\n\n\n<figure class=\"wp-block-image size-large\"><img decoding=\"async\" data-id=\"59279\" src=\"http:\/\/js-photo.fr\/wp-content\/uploads\/Hand130124-007-826x556.jpg\" alt=\"\" class=\"wp-image-59279\"\/><\/figure>\n\n\n\n<figure class=\"wp-block-image size-large\"><img decoding=\"async\" data-id=\"59281\" src=\"http:\/\/js-photo.fr\/wp-content\/uploads\/Hand130124-008-826x556.jpg\" alt=\"\" class=\"wp-image-59281\"\/><\/figure>\n\n\n\n<figure class=\"wp-block-image size-large\"><img decoding=\"async\" data-id=\"59280\" src=\"http:\/\/js-photo.fr\/wp-content\/uploads\/Hand130124-009-826x556.jpg\" alt=\"\" class=\"wp-image-59280\"\/><\/figure>\n\n\n\n<figure class=\"wp-block-image size-large\"><img decoding=\"async\" data-id=\"59282\" src=\"http:\/\/js-photo.fr\/wp-content\/uploads\/Hand130124-010-826x556.jpg\" alt=\"\" class=\"wp-image-59282\"\/><\/figure>\n\n\n\n<figure class=\"wp-block-image size-large\"><img decoding=\"async\" data-id=\"59284\" src=\"http:\/\/js-photo.fr\/wp-content\/uploads\/Hand130124-011-826x556.jpg\" alt=\"\" class=\"wp-image-59284\"\/><\/figure>\n\n\n\n<figure class=\"wp-block-image size-large\"><img decoding=\"async\" data-id=\"59283\" src=\"http:\/\/js-photo.fr\/wp-content\/uploads\/Hand130124-012-826x556.jpg\" alt=\"\" class=\"wp-image-59283\"\/><\/figure>\n\n\n\n<figure class=\"wp-block-image size-large\"><img decoding=\"async\" data-id=\"59285\" src=\"http:\/\/js-photo.fr\/wp-content\/uploads\/Hand130124-013-826x556.jpg\" alt=\"\" class=\"wp-image-59285\"\/><\/figure>\n\n\n\n<figure class=\"wp-block-image size-large\"><img decoding=\"async\" data-id=\"59286\" src=\"http:\/\/js-photo.fr\/wp-content\/uploads\/Hand130124-014-826x556.jpg\" alt=\"\" class=\"wp-image-59286\"\/><\/figure>\n\n\n\n<figure class=\"wp-block-image size-large\"><img decoding=\"async\" data-id=\"59287\" src=\"http:\/\/js-photo.fr\/wp-content\/uploads\/Hand130124-015-826x556.jpg\" alt=\"\" class=\"wp-image-59287\"\/><\/figure>\n\n\n\n<figure class=\"wp-block-image size-large\"><img decoding=\"async\" data-id=\"59288\" src=\"http:\/\/js-photo.fr\/wp-content\/uploads\/Hand130124-016-826x556.jpg\" alt=\"\" class=\"wp-image-59288\"\/><\/figure>\n\n\n\n<figure class=\"wp-block-image size-large\"><img decoding=\"async\" data-id=\"59289\" src=\"http:\/\/js-photo.fr\/wp-content\/uploads\/Hand130124-017-826x556.jpg\" alt=\"\" class=\"wp-image-59289\"\/><\/figure>\n\n\n\n<figure class=\"wp-block-image size-large\"><img decoding=\"async\" data-id=\"59290\" src=\"http:\/\/js-photo.fr\/wp-content\/uploads\/Hand130124-018-826x556.jpg\" alt=\"\" class=\"wp-image-59290\"\/><\/figure>\n\n\n\n<figure class=\"wp-block-image size-large\"><img decoding=\"async\" data-id=\"59291\" src=\"http:\/\/js-photo.fr\/wp-content\/uploads\/Hand130124-019-826x556.jpg\" alt=\"\" class=\"wp-image-59291\"\/><\/figure>\n\n\n\n<figure class=\"wp-block-image size-large\"><img decoding=\"async\" data-id=\"59292\" src=\"http:\/\/js-photo.fr\/wp-content\/uploads\/Hand130124-020-826x556.jpg\" alt=\"\" class=\"wp-image-59292\"\/><\/figure>\n\n\n\n<figure class=\"wp-block-image size-large\"><img decoding=\"async\" data-id=\"59293\" src=\"http:\/\/js-photo.fr\/wp-content\/uploads\/Hand130124-021-826x556.jpg\" alt=\"\" class=\"wp-image-59293\"\/><\/figure>\n\n\n\n<figure class=\"wp-block-image size-large\"><img decoding=\"async\" data-id=\"59295\" src=\"http:\/\/js-photo.fr\/wp-content\/uploads\/Hand130124-022-826x556.jpg\" alt=\"\" class=\"wp-image-59295\"\/><\/figure>\n\n\n\n<figure class=\"wp-block-image size-large\"><img decoding=\"async\" data-id=\"59294\" src=\"http:\/\/js-photo.fr\/wp-content\/uploads\/Hand130124-023-826x556.jpg\" alt=\"\" class=\"wp-image-59294\"\/><\/figure>\n\n\n\n<figure class=\"wp-block-image size-large\"><img decoding=\"async\" data-id=\"59296\" src=\"http:\/\/js-photo.fr\/wp-content\/uploads\/Hand130124-024-826x556.jpg\" alt=\"\" class=\"wp-image-59296\"\/><\/figure>\n\n\n\n<figure class=\"wp-block-image size-large\"><img decoding=\"async\" data-id=\"59297\" src=\"http:\/\/js-photo.fr\/wp-content\/uploads\/Hand130124-025-826x556.jpg\" alt=\"\" class=\"wp-image-59297\"\/><\/figure>\n\n\n\n<figure class=\"wp-block-image size-large\"><img decoding=\"async\" data-id=\"59298\" src=\"http:\/\/js-photo.fr\/wp-content\/uploads\/Hand130124-026-826x556.jpg\" alt=\"\" class=\"wp-image-59298\"\/><\/figure>\n\n\n\n<figure class=\"wp-block-image size-large\"><img decoding=\"async\" data-id=\"59299\" src=\"http:\/\/js-photo.fr\/wp-content\/uploads\/Hand130124-027-826x556.jpg\" alt=\"\" class=\"wp-image-59299\"\/><\/figure>\n\n\n\n<figure class=\"wp-block-image size-large\"><img decoding=\"async\" data-id=\"59300\" src=\"http:\/\/js-photo.fr\/wp-content\/uploads\/Hand130124-028-826x556.jpg\" alt=\"\" class=\"wp-image-59300\"\/><\/figure>\n\n\n\n<figure class=\"wp-block-image size-large\"><img decoding=\"async\" data-id=\"59301\" src=\"http:\/\/js-photo.fr\/wp-content\/uploads\/Hand130124-029-826x556.jpg\" alt=\"\" class=\"wp-image-59301\"\/><\/figure>\n\n\n\n<figure class=\"wp-block-image size-large\"><img decoding=\"async\" data-id=\"59302\" src=\"http:\/\/js-photo.fr\/wp-content\/uploads\/Hand130124-030-826x556.jpg\" alt=\"\" class=\"wp-image-59302\"\/><\/figure>\n\n\n\n<figure class=\"wp-block-image size-large\"><img decoding=\"async\" data-id=\"59303\" src=\"http:\/\/js-photo.fr\/wp-content\/uploads\/Hand130124-031-826x556.jpg\" alt=\"\" class=\"wp-image-59303\"\/><\/figure>\n\n\n\n<figure class=\"wp-block-image size-large\"><img decoding=\"async\" data-id=\"59304\" src=\"http:\/\/js-photo.fr\/wp-content\/uploads\/Hand130124-032-826x556.jpg\" alt=\"\" class=\"wp-image-59304\"\/><\/figure>\n\n\n\n<figure class=\"wp-block-image size-large\"><img decoding=\"async\" data-id=\"59305\" src=\"http:\/\/js-photo.fr\/wp-content\/uploads\/Hand130124-033-826x556.jpg\" alt=\"\" class=\"wp-image-59305\"\/><\/figure>\n\n\n\n<figure class=\"wp-block-image size-large\"><img decoding=\"async\" data-id=\"59306\" src=\"http:\/\/js-photo.fr\/wp-content\/uploads\/Hand130124-034-826x556.jpg\" alt=\"\" class=\"wp-image-59306\"\/><\/figure>\n\n\n\n<figure class=\"wp-block-image size-large\"><img decoding=\"async\" data-id=\"59307\" src=\"http:\/\/js-photo.fr\/wp-content\/uploads\/Hand130124-035-826x556.jpg\" alt=\"\" class=\"wp-image-59307\"\/><\/figure>\n\n\n\n<figure class=\"wp-block-image size-large\"><img decoding=\"async\" data-id=\"59308\" src=\"http:\/\/js-photo.fr\/wp-content\/uploads\/Hand130124-036-826x556.jpg\" alt=\"\" class=\"wp-image-59308\"\/><\/figure>\n\n\n\n<figure class=\"wp-block-image size-large\"><img decoding=\"async\" data-id=\"59309\" src=\"http:\/\/js-photo.fr\/wp-content\/uploads\/Hand130124-037-826x556.jpg\" alt=\"\" class=\"wp-image-59309\"\/><\/figure>\n\n\n\n<figure class=\"wp-block-image size-large\"><img decoding=\"async\" data-id=\"59310\" src=\"http:\/\/js-photo.fr\/wp-content\/uploads\/Hand130124-038-826x556.jpg\" alt=\"\" class=\"wp-image-59310\"\/><\/figure>\n\n\n\n<figure class=\"wp-block-image size-large\"><img decoding=\"async\" data-id=\"59311\" src=\"http:\/\/js-photo.fr\/wp-content\/uploads\/Hand130124-039-826x556.jpg\" alt=\"\" class=\"wp-image-59311\"\/><\/figure>\n\n\n\n<figure class=\"wp-block-image size-large\"><img decoding=\"async\" data-id=\"59312\" src=\"http:\/\/js-photo.fr\/wp-content\/uploads\/Hand130124-040-826x556.jpg\" alt=\"\" class=\"wp-image-59312\"\/><\/figure>\n\n\n\n<figure class=\"wp-block-image size-large\"><img decoding=\"async\" data-id=\"59313\" src=\"http:\/\/js-photo.fr\/wp-content\/uploads\/Hand130124-041-826x556.jpg\" alt=\"\" class=\"wp-image-59313\"\/><\/figure>\n\n\n\n<figure class=\"wp-block-image size-large\"><img decoding=\"async\" data-id=\"59314\" src=\"http:\/\/js-photo.fr\/wp-content\/uploads\/Hand130124-042-826x556.jpg\" alt=\"\" class=\"wp-image-59314\"\/><\/figure>\n\n\n\n<figure class=\"wp-block-image size-large\"><img decoding=\"async\" data-id=\"59315\" src=\"http:\/\/js-photo.fr\/wp-content\/uploads\/Hand130124-043-826x556.jpg\" alt=\"\" class=\"wp-image-59315\"\/><\/figure>\n\n\n\n<figure class=\"wp-block-image size-large\"><img decoding=\"async\" data-id=\"59316\" src=\"http:\/\/js-photo.fr\/wp-content\/uploads\/Hand130124-044-826x556.jpg\" alt=\"\" class=\"wp-image-59316\"\/><\/figure>\n\n\n\n<figure class=\"wp-block-image size-large\"><img decoding=\"async\" data-id=\"59317\" src=\"http:\/\/js-photo.fr\/wp-content\/uploads\/Hand130124-045-826x556.jpg\" alt=\"\" class=\"wp-image-59317\"\/><\/figure>\n\n\n\n<figure class=\"wp-block-image size-large\"><img decoding=\"async\" data-id=\"59318\" src=\"http:\/\/js-photo.fr\/wp-content\/uploads\/Hand130124-046-826x556.jpg\" alt=\"\" class=\"wp-image-59318\"\/><\/figure>\n\n\n\n<figure class=\"wp-block-image size-large\"><img decoding=\"async\" data-id=\"59319\" src=\"http:\/\/js-photo.fr\/wp-content\/uploads\/Hand130124-047-826x556.jpg\" alt=\"\" class=\"wp-image-59319\"\/><\/figure>\n\n\n\n<figure class=\"wp-block-image size-large\"><img decoding=\"async\" data-id=\"59320\" src=\"http:\/\/js-photo.fr\/wp-content\/uploads\/Hand130124-048-826x556.jpg\" alt=\"\" class=\"wp-image-59320\"\/><\/figure>\n\n\n\n<figure class=\"wp-block-image size-large\"><img decoding=\"async\" data-id=\"59321\" src=\"http:\/\/js-photo.fr\/wp-content\/uploads\/Hand130124-049-826x556.jpg\" alt=\"\" class=\"wp-image-59321\"\/><\/figure>\n\n\n\n<figure class=\"wp-block-image size-large\"><img decoding=\"async\" data-id=\"59322\" src=\"http:\/\/js-photo.fr\/wp-content\/uploads\/Hand130124-050-826x556.jpg\" alt=\"\" class=\"wp-image-59322\"\/><\/figure>\n\n\n\n<figure class=\"wp-block-image size-large\"><img decoding=\"async\" data-id=\"59323\" src=\"http:\/\/js-photo.fr\/wp-content\/uploads\/Hand130124-051-826x556.jpg\" alt=\"\" class=\"wp-image-59323\"\/><\/figure>\n\n\n\n<figure class=\"wp-block-image size-large\"><img decoding=\"async\" data-id=\"59324\" src=\"http:\/\/js-photo.fr\/wp-content\/uploads\/Hand130124-052-826x556.jpg\" alt=\"\" class=\"wp-image-59324\"\/><\/figure>\n\n\n\n<figure class=\"wp-block-image size-large\"><img decoding=\"async\" data-id=\"59325\" src=\"http:\/\/js-photo.fr\/wp-content\/uploads\/Hand130124-053-826x556.jpg\" alt=\"\" class=\"wp-image-59325\"\/><\/figure>\n\n\n\n<figure class=\"wp-block-image size-large\"><img decoding=\"async\" data-id=\"59326\" src=\"http:\/\/js-photo.fr\/wp-content\/uploads\/Hand130124-054-826x556.jpg\" alt=\"\" class=\"wp-image-59326\"\/><\/figure>\n\n\n\n<figure class=\"wp-block-image size-large\"><img decoding=\"async\" data-id=\"59327\" src=\"http:\/\/js-photo.fr\/wp-content\/uploads\/Hand130124-055-826x556.jpg\" alt=\"\" class=\"wp-image-59327\"\/><\/figure>\n\n\n\n<figure class=\"wp-block-image size-large\"><img decoding=\"async\" data-id=\"59328\" src=\"http:\/\/js-photo.fr\/wp-content\/uploads\/Hand130124-056-826x556.jpg\" alt=\"\" class=\"wp-image-59328\"\/><\/figure>\n\n\n\n<figure class=\"wp-block-image size-large\"><img decoding=\"async\" data-id=\"59329\" src=\"http:\/\/js-photo.fr\/wp-content\/uploads\/Hand130124-057-826x556.jpg\" alt=\"\" class=\"wp-image-59329\"\/><\/figure>\n\n\n\n<figure class=\"wp-block-image size-large\"><img decoding=\"async\" data-id=\"59330\" src=\"http:\/\/js-photo.fr\/wp-content\/uploads\/Hand130124-058-826x556.jpg\" alt=\"\" class=\"wp-image-59330\"\/><\/figure>\n\n\n\n<figure class=\"wp-block-image size-large\"><img decoding=\"async\" data-id=\"59331\" src=\"http:\/\/js-photo.fr\/wp-content\/uploads\/Hand130124-059-826x556.jpg\" alt=\"\" class=\"wp-image-59331\"\/><\/figure>\n\n\n\n<figure class=\"wp-block-image size-large\"><img decoding=\"async\" data-id=\"59332\" src=\"http:\/\/js-photo.fr\/wp-content\/uploads\/Hand130124-060-826x556.jpg\" alt=\"\" class=\"wp-image-59332\"\/><\/figure>\n\n\n\n<figure class=\"wp-block-image size-large\"><img decoding=\"async\" data-id=\"59333\" src=\"http:\/\/js-photo.fr\/wp-content\/uploads\/Hand130124-061-826x556.jpg\" alt=\"\" class=\"wp-image-59333\"\/><\/figure>\n\n\n\n<figure class=\"wp-block-image size-large\"><img decoding=\"async\" data-id=\"59334\" src=\"http:\/\/js-photo.fr\/wp-content\/uploads\/Hand130124-062-826x556.jpg\" alt=\"\" class=\"wp-image-59334\"\/><\/figure>\n\n\n\n<figure class=\"wp-block-image size-large\"><img decoding=\"async\" data-id=\"59335\" src=\"http:\/\/js-photo.fr\/wp-content\/uploads\/Hand130124-063-826x556.jpg\" alt=\"\" class=\"wp-image-59335\"\/><\/figure>\n\n\n\n<figure class=\"wp-block-image size-large\"><img decoding=\"async\" data-id=\"59336\" src=\"http:\/\/js-photo.fr\/wp-content\/uploads\/Hand130124-064-826x556.jpg\" alt=\"\" class=\"wp-image-59336\"\/><\/figure>\n\n\n\n<figure class=\"wp-block-image size-large\"><img decoding=\"async\" data-id=\"59338\" src=\"http:\/\/js-photo.fr\/wp-content\/uploads\/Hand130124-065-826x556.jpg\" alt=\"\" class=\"wp-image-59338\"\/><\/figure>\n\n\n\n<figure class=\"wp-block-image size-large\"><img decoding=\"async\" data-id=\"59337\" src=\"http:\/\/js-photo.fr\/wp-content\/uploads\/Hand130124-066-826x556.jpg\" alt=\"\" class=\"wp-image-59337\"\/><\/figure>\n\n\n\n<figure class=\"wp-block-image size-large\"><img decoding=\"async\" data-id=\"59341\" src=\"http:\/\/js-photo.fr\/wp-content\/uploads\/Hand130124-067-826x556.jpg\" alt=\"\" class=\"wp-image-59341\"\/><\/figure>\n\n\n\n<figure class=\"wp-block-image size-large\"><img decoding=\"async\" data-id=\"59339\" src=\"http:\/\/js-photo.fr\/wp-content\/uploads\/Hand130124-068-826x556.jpg\" alt=\"\" class=\"wp-image-59339\"\/><\/figure>\n\n\n\n<figure class=\"wp-block-image size-large\"><img decoding=\"async\" data-id=\"59340\" src=\"http:\/\/js-photo.fr\/wp-content\/uploads\/Hand130124-069-826x556.jpg\" alt=\"\" class=\"wp-image-59340\"\/><\/figure>\n\n\n\n<figure class=\"wp-block-image size-large\"><img decoding=\"async\" data-id=\"59342\" src=\"http:\/\/js-photo.fr\/wp-content\/uploads\/Hand130124-070-826x556.jpg\" alt=\"\" class=\"wp-image-59342\"\/><\/figure>\n\n\n\n<figure class=\"wp-block-image size-large\"><img decoding=\"async\" data-id=\"59343\" src=\"http:\/\/js-photo.fr\/wp-content\/uploads\/Hand130124-071-826x556.jpg\" alt=\"\" class=\"wp-image-59343\"\/><\/figure>\n\n\n\n<figure class=\"wp-block-image size-large\"><img decoding=\"async\" data-id=\"59344\" src=\"http:\/\/js-photo.fr\/wp-content\/uploads\/Hand130124-072-826x556.jpg\" alt=\"\" class=\"wp-image-59344\"\/><\/figure>\n\n\n\n<figure class=\"wp-block-image size-large\"><img decoding=\"async\" data-id=\"59345\" src=\"http:\/\/js-photo.fr\/wp-content\/uploads\/Hand130124-073-826x556.jpg\" alt=\"\" class=\"wp-image-59345\"\/><\/figure>\n\n\n\n<figure class=\"wp-block-image size-large\"><img decoding=\"async\" data-id=\"59346\" src=\"http:\/\/js-photo.fr\/wp-content\/uploads\/Hand130124-074-826x556.jpg\" alt=\"\" class=\"wp-image-59346\"\/><\/figure>\n\n\n\n<figure class=\"wp-block-image size-large\"><img decoding=\"async\" data-id=\"59347\" src=\"http:\/\/js-photo.fr\/wp-content\/uploads\/Hand130124-075-826x556.jpg\" alt=\"\" class=\"wp-image-59347\"\/><\/figure>\n\n\n\n<figure class=\"wp-block-image size-large\"><img decoding=\"async\" data-id=\"59348\" src=\"http:\/\/js-photo.fr\/wp-content\/uploads\/Hand130124-076-826x556.jpg\" alt=\"\" class=\"wp-image-59348\"\/><\/figure>\n\n\n\n<figure class=\"wp-block-image size-large\"><img decoding=\"async\" data-id=\"59349\" src=\"http:\/\/js-photo.fr\/wp-content\/uploads\/Hand130124-077-826x556.jpg\" alt=\"\" class=\"wp-image-59349\"\/><\/figure>\n\n\n\n<figure class=\"wp-block-image size-large\"><img decoding=\"async\" data-id=\"59350\" src=\"http:\/\/js-photo.fr\/wp-content\/uploads\/Hand130124-078-826x556.jpg\" alt=\"\" class=\"wp-image-59350\"\/><\/figure>\n\n\n\n<figure class=\"wp-block-image size-large\"><img decoding=\"async\" data-id=\"59351\" src=\"http:\/\/js-photo.fr\/wp-content\/uploads\/Hand130124-079-826x556.jpg\" alt=\"\" class=\"wp-image-59351\"\/><\/figure>\n\n\n\n<figure class=\"wp-block-image size-large\"><img decoding=\"async\" data-id=\"59352\" src=\"http:\/\/js-photo.fr\/wp-content\/uploads\/Hand130124-080-826x556.jpg\" alt=\"\" class=\"wp-image-59352\"\/><\/figure>\n\n\n\n<figure class=\"wp-block-image size-large\"><img decoding=\"async\" data-id=\"59353\" src=\"http:\/\/js-photo.fr\/wp-content\/uploads\/Hand130124-081-826x556.jpg\" alt=\"\" class=\"wp-image-59353\"\/><\/figure>\n\n\n\n<figure class=\"wp-block-image size-large\"><img decoding=\"async\" data-id=\"59355\" src=\"http:\/\/js-photo.fr\/wp-content\/uploads\/Hand130124-082-826x556.jpg\" alt=\"\" class=\"wp-image-59355\"\/><\/figure>\n\n\n\n<figure class=\"wp-block-image size-large\"><img decoding=\"async\" data-id=\"59354\" src=\"http:\/\/js-photo.fr\/wp-content\/uploads\/Hand130124-083-826x556.jpg\" alt=\"\" class=\"wp-image-59354\"\/><\/figure>\n\n\n\n<figure class=\"wp-block-image size-large\"><img decoding=\"async\" data-id=\"59356\" src=\"http:\/\/js-photo.fr\/wp-content\/uploads\/Hand130124-084-826x556.jpg\" alt=\"\" class=\"wp-image-59356\"\/><\/figure>\n\n\n\n<figure class=\"wp-block-image size-large\"><img decoding=\"async\" data-id=\"59357\" src=\"http:\/\/js-photo.fr\/wp-content\/uploads\/Hand130124-085-826x556.jpg\" alt=\"\" class=\"wp-image-59357\"\/><\/figure>\n\n\n\n<figure class=\"wp-block-image size-large\"><img decoding=\"async\" data-id=\"59358\" src=\"http:\/\/js-photo.fr\/wp-content\/uploads\/Hand130124-086-826x556.jpg\" alt=\"\" class=\"wp-image-59358\"\/><\/figure>\n\n\n\n<figure class=\"wp-block-image size-large\"><img decoding=\"async\" data-id=\"59359\" src=\"http:\/\/js-photo.fr\/wp-content\/uploads\/Hand130124-087-826x556.jpg\" alt=\"\" class=\"wp-image-59359\"\/><\/figure>\n\n\n\n<figure class=\"wp-block-image size-large\"><img decoding=\"async\" data-id=\"59360\" src=\"http:\/\/js-photo.fr\/wp-content\/uploads\/Hand130124-088-826x556.jpg\" alt=\"\" class=\"wp-image-59360\"\/><\/figure>\n\n\n\n<figure class=\"wp-block-image size-large\"><img decoding=\"async\" data-id=\"59361\" src=\"http:\/\/js-photo.fr\/wp-content\/uploads\/Hand130124-089-826x556.jpg\" alt=\"\" class=\"wp-image-59361\"\/><\/figure>\n\n\n\n<figure class=\"wp-block-image size-large\"><img decoding=\"async\" data-id=\"59362\" src=\"http:\/\/js-photo.fr\/wp-content\/uploads\/Hand130124-090-826x556.jpg\" alt=\"\" class=\"wp-image-59362\"\/><\/figure>\n\n\n\n<figure class=\"wp-block-image size-large\"><img decoding=\"async\" data-id=\"59363\" src=\"http:\/\/js-photo.fr\/wp-content\/uploads\/Hand130124-091-826x556.jpg\" alt=\"\" class=\"wp-image-59363\"\/><\/figure>\n\n\n\n<figure class=\"wp-block-image size-large\"><img decoding=\"async\" data-id=\"59364\" src=\"http:\/\/js-photo.fr\/wp-content\/uploads\/Hand130124-092-826x556.jpg\" alt=\"\" class=\"wp-image-59364\"\/><\/figure>\n\n\n\n<figure class=\"wp-block-image size-large\"><img decoding=\"async\" data-id=\"59365\" src=\"http:\/\/js-photo.fr\/wp-content\/uploads\/Hand130124-093-826x556.jpg\" alt=\"\" class=\"wp-image-59365\"\/><\/figure>\n\n\n\n<figure class=\"wp-block-image size-large\"><img decoding=\"async\" data-id=\"59366\" src=\"http:\/\/js-photo.fr\/wp-content\/uploads\/Hand130124-094-826x556.jpg\" alt=\"\" class=\"wp-image-59366\"\/><\/figure>\n\n\n\n<figure class=\"wp-block-image size-large\"><img decoding=\"async\" data-id=\"59367\" src=\"http:\/\/js-photo.fr\/wp-content\/uploads\/Hand130124-095-826x556.jpg\" alt=\"\" class=\"wp-image-59367\"\/><\/figure>\n\n\n\n<figure class=\"wp-block-image size-large\"><img decoding=\"async\" data-id=\"59368\" src=\"http:\/\/js-photo.fr\/wp-content\/uploads\/Hand130124-096-826x556.jpg\" alt=\"\" class=\"wp-image-59368\"\/><\/figure>\n\n\n\n<figure class=\"wp-block-image size-large\"><img decoding=\"async\" data-id=\"59369\" src=\"http:\/\/js-photo.fr\/wp-content\/uploads\/Hand130124-097-826x556.jpg\" alt=\"\" class=\"wp-image-59369\"\/><\/figure>\n\n\n\n<figure class=\"wp-block-image size-large\"><img decoding=\"async\" data-id=\"59370\" src=\"http:\/\/js-photo.fr\/wp-content\/uploads\/Hand130124-098-826x556.jpg\" alt=\"\" class=\"wp-image-59370\"\/><\/figure>\n\n\n\n<figure class=\"wp-block-image size-large\"><img decoding=\"async\" data-id=\"59371\" src=\"http:\/\/js-photo.fr\/wp-content\/uploads\/Hand130124-099-826x556.jpg\" alt=\"\" class=\"wp-image-59371\"\/><\/figure>\n\n\n\n<figure class=\"wp-block-image size-large\"><img decoding=\"async\" data-id=\"59372\" src=\"http:\/\/js-photo.fr\/wp-content\/uploads\/Hand130124-100-826x556.jpg\" alt=\"\" class=\"wp-image-59372\"\/><\/figure>\n\n\n\n<figure class=\"wp-block-image size-large\"><img decoding=\"async\" data-id=\"59373\" src=\"http:\/\/js-photo.fr\/wp-content\/uploads\/Hand130124-101-826x556.jpg\" alt=\"\" class=\"wp-image-59373\"\/><\/figure>\n\n\n\n<figure class=\"wp-block-image size-large\"><img decoding=\"async\" data-id=\"59374\" src=\"http:\/\/js-photo.fr\/wp-content\/uploads\/Hand130124-102-826x556.jpg\" alt=\"\" class=\"wp-image-59374\"\/><\/figure>\n\n\n\n<figure class=\"wp-block-image size-large\"><img decoding=\"async\" data-id=\"59375\" src=\"http:\/\/js-photo.fr\/wp-content\/uploads\/Hand130124-103-826x556.jpg\" alt=\"\" class=\"wp-image-59375\"\/><\/figure>\n\n\n\n<figure class=\"wp-block-image size-large\"><img decoding=\"async\" data-id=\"59376\" src=\"http:\/\/js-photo.fr\/wp-content\/uploads\/Hand130124-104-826x556.jpg\" alt=\"\" class=\"wp-image-59376\"\/><\/figure>\n\n\n\n<figure class=\"wp-block-image size-large\"><img decoding=\"async\" data-id=\"59377\" src=\"http:\/\/js-photo.fr\/wp-content\/uploads\/Hand130124-105-826x556.jpg\" alt=\"\" class=\"wp-image-59377\"\/><\/figure>\n\n\n\n<figure class=\"wp-block-image size-large\"><img decoding=\"async\" data-id=\"59378\" src=\"http:\/\/js-photo.fr\/wp-content\/uploads\/Hand130124-106-826x556.jpg\" alt=\"\" class=\"wp-image-59378\"\/><\/figure>\n\n\n\n<figure class=\"wp-block-image size-large\"><img decoding=\"async\" data-id=\"59379\" src=\"http:\/\/js-photo.fr\/wp-content\/uploads\/Hand130124-107-826x556.jpg\" alt=\"\" class=\"wp-image-59379\"\/><\/figure>\n\n\n\n<figure class=\"wp-block-image size-large\"><img decoding=\"async\" data-id=\"59380\" src=\"http:\/\/js-photo.fr\/wp-content\/uploads\/Hand130124-108-826x556.jpg\" alt=\"\" class=\"wp-image-59380\"\/><\/figure>\n\n\n\n<figure class=\"wp-block-image size-large\"><img decoding=\"async\" data-id=\"59381\" src=\"http:\/\/js-photo.fr\/wp-content\/uploads\/Hand130124-109-826x556.jpg\" alt=\"\" class=\"wp-image-59381\"\/><\/figure>\n\n\n\n<figure class=\"wp-block-image size-large\"><img decoding=\"async\" data-id=\"59382\" src=\"http:\/\/js-photo.fr\/wp-content\/uploads\/Hand130124-110-826x556.jpg\" alt=\"\" class=\"wp-image-59382\"\/><\/figure>\n\n\n\n<figure class=\"wp-block-image size-large\"><img decoding=\"async\" data-id=\"59383\" src=\"http:\/\/js-photo.fr\/wp-content\/uploads\/Hand130124-111-826x556.jpg\" alt=\"\" class=\"wp-image-59383\"\/><\/figure>\n\n\n\n<figure class=\"wp-block-image size-large\"><img decoding=\"async\" data-id=\"59384\" src=\"http:\/\/js-photo.fr\/wp-content\/uploads\/Hand130124-112-826x556.jpg\" alt=\"\" class=\"wp-image-59384\"\/><\/figure>\n\n\n\n<figure class=\"wp-block-image size-large\"><img decoding=\"async\" data-id=\"59385\" src=\"http:\/\/js-photo.fr\/wp-content\/uploads\/Hand130124-113-826x556.jpg\" alt=\"\" class=\"wp-image-59385\"\/><\/figure>\n<\/figure>\n","protected":false},"excerpt":{"rendered":"<p>32 \u00e9me de finale de la coupe de France d\u00e9partementale, Nort Athletic Club Handball recevait le Club de Handball de Ch\u00e2teaugiron. D\u00e9faite des Nortais 26 &hellip; <\/p>\n","protected":false},"author":1,"featured_media":0,"parent":0,"menu_order":0,"comment_status":"open","ping_status":"closed","template":"","meta":{"footnotes":""},"class_list":["post-59272","page","type-page","status-publish","hentry"],"_links":{"self":[{"href":"http:\/\/js-photo.fr\/acceuil\/wp-json\/wp\/v2\/pages\/59272","targetHints":{"allow":["GET"]}}],"collection":[{"href":"http:\/\/js-photo.fr\/acceuil\/wp-json\/wp\/v2\/pages"}],"about":[{"href":"http:\/\/js-photo.fr\/acceuil\/wp-json\/wp\/v2\/types\/page"}],"author":[{"embeddable":true,"href":"http:\/\/js-photo.fr\/acceuil\/wp-json\/wp\/v2\/users\/1"}],"replies":[{"embeddable":true,"href":"http:\/\/js-photo.fr\/acceuil\/wp-json\/wp\/v2\/comments?post=59272"}],"version-history":[{"count":1,"href":"http:\/\/js-photo.fr\/acceuil\/wp-json\/wp\/v2\/pages\/59272\/revisions"}],"predecessor-version":[{"id":59386,"href":"http:\/\/js-photo.fr\/acceuil\/wp-json\/wp\/v2\/pages\/59272\/revisions\/59386"}],"wp:attachment":[{"href":"http:\/\/js-photo.fr\/acceuil\/wp-json\/wp\/v2\/media?parent=59272"}],"curies":[{"name":"wp","href":"https:\/\/api.w.org\/{rel}","templated":true}]}}