{"id":54302,"date":"2023-12-03T08:05:27","date_gmt":"2023-12-03T07:05:27","guid":{"rendered":"http:\/\/js-photo.fr\/acceuil\/?page_id=54302"},"modified":"2023-12-03T10:39:14","modified_gmt":"2023-12-03T09:39:14","slug":"cyclo-cross-du-bois-jo-2023-u23-et-seniors-page-6","status":"publish","type":"page","link":"http:\/\/js-photo.fr\/acceuil\/cyclo-cross-du-bois-jo-2023-a-saint-herblain\/cyclo-cross-du-bois-jo-2023-u23-et-seniors-page-6","title":{"rendered":"Cyclo-cross du Bois-Jo 2023 U23 et S\u00e9niors page 6"},"content":{"rendered":"\n<figure class=\"wp-block-gallery has-nested-images columns-1 is-cropped wp-block-gallery-2 is-layout-flex wp-block-gallery-is-layout-flex\">\n<figure class=\"wp-block-image size-large\"><img loading=\"lazy\" decoding=\"async\" width=\"826\" height=\"559\" data-id=\"55091\" src=\"http:\/\/js-photo.fr\/wp-content\/uploads\/2023\/12\/CycloUSSH20230755.jpg\" alt=\"\" class=\"wp-image-55091\" srcset=\"http:\/\/js-photo.fr\/wp-content\/uploads\/2023\/12\/CycloUSSH20230755.jpg 826w, http:\/\/js-photo.fr\/wp-content\/uploads\/2023\/12\/CycloUSSH20230755-768x520.jpg 768w\" sizes=\"auto, (max-width: 826px) 100vw, 826px\" \/><\/figure>\n\n\n\n<figure class=\"wp-block-image size-large\"><img loading=\"lazy\" decoding=\"async\" width=\"826\" height=\"559\" data-id=\"55089\" src=\"http:\/\/js-photo.fr\/wp-content\/uploads\/2023\/12\/CycloUSSH20230756.jpg\" alt=\"\" class=\"wp-image-55089\" srcset=\"http:\/\/js-photo.fr\/wp-content\/uploads\/2023\/12\/CycloUSSH20230756.jpg 826w, http:\/\/js-photo.fr\/wp-content\/uploads\/2023\/12\/CycloUSSH20230756-768x520.jpg 768w\" sizes=\"auto, (max-width: 826px) 100vw, 826px\" \/><\/figure>\n\n\n\n<figure class=\"wp-block-image size-large\"><img loading=\"lazy\" decoding=\"async\" width=\"826\" height=\"559\" data-id=\"55088\" src=\"http:\/\/js-photo.fr\/wp-content\/uploads\/2023\/12\/CycloUSSH20230757.jpg\" alt=\"\" class=\"wp-image-55088\" srcset=\"http:\/\/js-photo.fr\/wp-content\/uploads\/2023\/12\/CycloUSSH20230757.jpg 826w, http:\/\/js-photo.fr\/wp-content\/uploads\/2023\/12\/CycloUSSH20230757-768x520.jpg 768w\" sizes=\"auto, (max-width: 826px) 100vw, 826px\" \/><\/figure>\n\n\n\n<figure class=\"wp-block-image size-large\"><img loading=\"lazy\" decoding=\"async\" width=\"826\" height=\"559\" data-id=\"55090\" src=\"http:\/\/js-photo.fr\/wp-content\/uploads\/2023\/12\/CycloUSSH20230758.jpg\" alt=\"\" class=\"wp-image-55090\" srcset=\"http:\/\/js-photo.fr\/wp-content\/uploads\/2023\/12\/CycloUSSH20230758.jpg 826w, http:\/\/js-photo.fr\/wp-content\/uploads\/2023\/12\/CycloUSSH20230758-768x520.jpg 768w\" sizes=\"auto, (max-width: 826px) 100vw, 826px\" \/><\/figure>\n\n\n\n<figure class=\"wp-block-image size-large\"><img loading=\"lazy\" decoding=\"async\" width=\"826\" height=\"559\" data-id=\"55093\" src=\"http:\/\/js-photo.fr\/wp-content\/uploads\/2023\/12\/CycloUSSH20230759.jpg\" alt=\"\" class=\"wp-image-55093\" srcset=\"http:\/\/js-photo.fr\/wp-content\/uploads\/2023\/12\/CycloUSSH20230759.jpg 826w, http:\/\/js-photo.fr\/wp-content\/uploads\/2023\/12\/CycloUSSH20230759-768x520.jpg 768w\" sizes=\"auto, (max-width: 826px) 100vw, 826px\" \/><\/figure>\n\n\n\n<figure class=\"wp-block-image size-large\"><img loading=\"lazy\" decoding=\"async\" width=\"826\" height=\"559\" data-id=\"55099\" src=\"http:\/\/js-photo.fr\/wp-content\/uploads\/2023\/12\/CycloUSSH20230760.jpg\" alt=\"\" class=\"wp-image-55099\" srcset=\"http:\/\/js-photo.fr\/wp-content\/uploads\/2023\/12\/CycloUSSH20230760.jpg 826w, http:\/\/js-photo.fr\/wp-content\/uploads\/2023\/12\/CycloUSSH20230760-768x520.jpg 768w\" sizes=\"auto, (max-width: 826px) 100vw, 826px\" \/><\/figure>\n\n\n\n<figure class=\"wp-block-image size-large\"><img loading=\"lazy\" decoding=\"async\" width=\"826\" height=\"559\" data-id=\"55092\" src=\"http:\/\/js-photo.fr\/wp-content\/uploads\/2023\/12\/CycloUSSH20230761.jpg\" alt=\"\" class=\"wp-image-55092\" srcset=\"http:\/\/js-photo.fr\/wp-content\/uploads\/2023\/12\/CycloUSSH20230761.jpg 826w, http:\/\/js-photo.fr\/wp-content\/uploads\/2023\/12\/CycloUSSH20230761-768x520.jpg 768w\" sizes=\"auto, (max-width: 826px) 100vw, 826px\" \/><\/figure>\n\n\n\n<figure class=\"wp-block-image size-large\"><img loading=\"lazy\" decoding=\"async\" width=\"826\" height=\"559\" data-id=\"55094\" src=\"http:\/\/js-photo.fr\/wp-content\/uploads\/2023\/12\/CycloUSSH20230762.jpg\" alt=\"\" class=\"wp-image-55094\" srcset=\"http:\/\/js-photo.fr\/wp-content\/uploads\/2023\/12\/CycloUSSH20230762.jpg 826w, http:\/\/js-photo.fr\/wp-content\/uploads\/2023\/12\/CycloUSSH20230762-768x520.jpg 768w\" sizes=\"auto, (max-width: 826px) 100vw, 826px\" \/><\/figure>\n\n\n\n<figure class=\"wp-block-image size-large\"><img loading=\"lazy\" decoding=\"async\" width=\"826\" height=\"559\" data-id=\"55095\" src=\"http:\/\/js-photo.fr\/wp-content\/uploads\/2023\/12\/CycloUSSH20230763.jpg\" alt=\"\" class=\"wp-image-55095\" srcset=\"http:\/\/js-photo.fr\/wp-content\/uploads\/2023\/12\/CycloUSSH20230763.jpg 826w, http:\/\/js-photo.fr\/wp-content\/uploads\/2023\/12\/CycloUSSH20230763-768x520.jpg 768w\" sizes=\"auto, (max-width: 826px) 100vw, 826px\" \/><\/figure>\n\n\n\n<figure class=\"wp-block-image size-large\"><img loading=\"lazy\" decoding=\"async\" width=\"826\" height=\"559\" data-id=\"55097\" src=\"http:\/\/js-photo.fr\/wp-content\/uploads\/2023\/12\/CycloUSSH20230764.jpg\" alt=\"\" class=\"wp-image-55097\" srcset=\"http:\/\/js-photo.fr\/wp-content\/uploads\/2023\/12\/CycloUSSH20230764.jpg 826w, http:\/\/js-photo.fr\/wp-content\/uploads\/2023\/12\/CycloUSSH20230764-768x520.jpg 768w\" sizes=\"auto, (max-width: 826px) 100vw, 826px\" \/><\/figure>\n\n\n\n<figure class=\"wp-block-image size-large\"><img loading=\"lazy\" decoding=\"async\" width=\"826\" height=\"559\" data-id=\"55098\" src=\"http:\/\/js-photo.fr\/wp-content\/uploads\/2023\/12\/CycloUSSH20230765.jpg\" alt=\"\" class=\"wp-image-55098\" srcset=\"http:\/\/js-photo.fr\/wp-content\/uploads\/2023\/12\/CycloUSSH20230765.jpg 826w, http:\/\/js-photo.fr\/wp-content\/uploads\/2023\/12\/CycloUSSH20230765-768x520.jpg 768w\" sizes=\"auto, (max-width: 826px) 100vw, 826px\" \/><\/figure>\n\n\n\n<figure class=\"wp-block-image size-large\"><img loading=\"lazy\" decoding=\"async\" width=\"826\" height=\"559\" data-id=\"55096\" src=\"http:\/\/js-photo.fr\/wp-content\/uploads\/2023\/12\/CycloUSSH20230766.jpg\" alt=\"\" class=\"wp-image-55096\" srcset=\"http:\/\/js-photo.fr\/wp-content\/uploads\/2023\/12\/CycloUSSH20230766.jpg 826w, http:\/\/js-photo.fr\/wp-content\/uploads\/2023\/12\/CycloUSSH20230766-768x520.jpg 768w\" sizes=\"auto, (max-width: 826px) 100vw, 826px\" \/><\/figure>\n\n\n\n<figure class=\"wp-block-image size-large\"><img loading=\"lazy\" decoding=\"async\" width=\"826\" height=\"559\" data-id=\"55101\" src=\"http:\/\/js-photo.fr\/wp-content\/uploads\/2023\/12\/CycloUSSH20230767.jpg\" alt=\"\" class=\"wp-image-55101\" srcset=\"http:\/\/js-photo.fr\/wp-content\/uploads\/2023\/12\/CycloUSSH20230767.jpg 826w, http:\/\/js-photo.fr\/wp-content\/uploads\/2023\/12\/CycloUSSH20230767-768x520.jpg 768w\" sizes=\"auto, (max-width: 826px) 100vw, 826px\" \/><\/figure>\n\n\n\n<figure class=\"wp-block-image size-large\"><img loading=\"lazy\" decoding=\"async\" width=\"826\" height=\"559\" data-id=\"55100\" src=\"http:\/\/js-photo.fr\/wp-content\/uploads\/2023\/12\/CycloUSSH20230768.jpg\" alt=\"\" class=\"wp-image-55100\" srcset=\"http:\/\/js-photo.fr\/wp-content\/uploads\/2023\/12\/CycloUSSH20230768.jpg 826w, http:\/\/js-photo.fr\/wp-content\/uploads\/2023\/12\/CycloUSSH20230768-768x520.jpg 768w\" sizes=\"auto, (max-width: 826px) 100vw, 826px\" \/><\/figure>\n\n\n\n<figure class=\"wp-block-image size-large\"><img loading=\"lazy\" decoding=\"async\" width=\"826\" height=\"559\" data-id=\"55104\" src=\"http:\/\/js-photo.fr\/wp-content\/uploads\/2023\/12\/CycloUSSH20230769.jpg\" alt=\"\" class=\"wp-image-55104\" srcset=\"http:\/\/js-photo.fr\/wp-content\/uploads\/2023\/12\/CycloUSSH20230769.jpg 826w, http:\/\/js-photo.fr\/wp-content\/uploads\/2023\/12\/CycloUSSH20230769-768x520.jpg 768w\" sizes=\"auto, (max-width: 826px) 100vw, 826px\" \/><\/figure>\n\n\n\n<figure class=\"wp-block-image size-large\"><img loading=\"lazy\" decoding=\"async\" width=\"826\" height=\"559\" data-id=\"55108\" src=\"http:\/\/js-photo.fr\/wp-content\/uploads\/2023\/12\/CycloUSSH20230770.jpg\" alt=\"\" class=\"wp-image-55108\" srcset=\"http:\/\/js-photo.fr\/wp-content\/uploads\/2023\/12\/CycloUSSH20230770.jpg 826w, http:\/\/js-photo.fr\/wp-content\/uploads\/2023\/12\/CycloUSSH20230770-768x520.jpg 768w\" sizes=\"auto, (max-width: 826px) 100vw, 826px\" \/><\/figure>\n\n\n\n<figure class=\"wp-block-image size-large\"><img loading=\"lazy\" decoding=\"async\" width=\"826\" height=\"559\" data-id=\"55103\" src=\"http:\/\/js-photo.fr\/wp-content\/uploads\/2023\/12\/CycloUSSH20230771.jpg\" alt=\"\" class=\"wp-image-55103\" srcset=\"http:\/\/js-photo.fr\/wp-content\/uploads\/2023\/12\/CycloUSSH20230771.jpg 826w, http:\/\/js-photo.fr\/wp-content\/uploads\/2023\/12\/CycloUSSH20230771-768x520.jpg 768w\" sizes=\"auto, (max-width: 826px) 100vw, 826px\" \/><\/figure>\n\n\n\n<figure class=\"wp-block-image size-large\"><img loading=\"lazy\" decoding=\"async\" width=\"826\" height=\"559\" data-id=\"55102\" src=\"http:\/\/js-photo.fr\/wp-content\/uploads\/2023\/12\/CycloUSSH20230772.jpg\" alt=\"\" class=\"wp-image-55102\" srcset=\"http:\/\/js-photo.fr\/wp-content\/uploads\/2023\/12\/CycloUSSH20230772.jpg 826w, http:\/\/js-photo.fr\/wp-content\/uploads\/2023\/12\/CycloUSSH20230772-768x520.jpg 768w\" sizes=\"auto, (max-width: 826px) 100vw, 826px\" \/><\/figure>\n\n\n\n<figure class=\"wp-block-image size-large\"><img loading=\"lazy\" decoding=\"async\" width=\"826\" height=\"559\" data-id=\"55105\" src=\"http:\/\/js-photo.fr\/wp-content\/uploads\/2023\/12\/CycloUSSH20230773.jpg\" alt=\"\" class=\"wp-image-55105\" srcset=\"http:\/\/js-photo.fr\/wp-content\/uploads\/2023\/12\/CycloUSSH20230773.jpg 826w, http:\/\/js-photo.fr\/wp-content\/uploads\/2023\/12\/CycloUSSH20230773-768x520.jpg 768w\" sizes=\"auto, (max-width: 826px) 100vw, 826px\" \/><\/figure>\n\n\n\n<figure class=\"wp-block-image size-large\"><img loading=\"lazy\" decoding=\"async\" width=\"826\" height=\"559\" data-id=\"55109\" src=\"http:\/\/js-photo.fr\/wp-content\/uploads\/2023\/12\/CycloUSSH20230774.jpg\" alt=\"\" class=\"wp-image-55109\" srcset=\"http:\/\/js-photo.fr\/wp-content\/uploads\/2023\/12\/CycloUSSH20230774.jpg 826w, http:\/\/js-photo.fr\/wp-content\/uploads\/2023\/12\/CycloUSSH20230774-768x520.jpg 768w\" sizes=\"auto, (max-width: 826px) 100vw, 826px\" \/><\/figure>\n\n\n\n<figure class=\"wp-block-image size-large\"><img loading=\"lazy\" decoding=\"async\" width=\"826\" height=\"559\" data-id=\"55106\" src=\"http:\/\/js-photo.fr\/wp-content\/uploads\/2023\/12\/CycloUSSH20230775.jpg\" alt=\"\" class=\"wp-image-55106\" srcset=\"http:\/\/js-photo.fr\/wp-content\/uploads\/2023\/12\/CycloUSSH20230775.jpg 826w, http:\/\/js-photo.fr\/wp-content\/uploads\/2023\/12\/CycloUSSH20230775-768x520.jpg 768w\" sizes=\"auto, (max-width: 826px) 100vw, 826px\" \/><\/figure>\n\n\n\n<figure class=\"wp-block-image size-large\"><img loading=\"lazy\" decoding=\"async\" width=\"826\" height=\"559\" data-id=\"55107\" src=\"http:\/\/js-photo.fr\/wp-content\/uploads\/2023\/12\/CycloUSSH20230776.jpg\" alt=\"\" class=\"wp-image-55107\" srcset=\"http:\/\/js-photo.fr\/wp-content\/uploads\/2023\/12\/CycloUSSH20230776.jpg 826w, http:\/\/js-photo.fr\/wp-content\/uploads\/2023\/12\/CycloUSSH20230776-768x520.jpg 768w\" sizes=\"auto, (max-width: 826px) 100vw, 826px\" \/><\/figure>\n\n\n\n<figure class=\"wp-block-image size-large\"><img loading=\"lazy\" decoding=\"async\" width=\"826\" height=\"559\" data-id=\"55111\" src=\"http:\/\/js-photo.fr\/wp-content\/uploads\/2023\/12\/CycloUSSH20230777.jpg\" alt=\"\" class=\"wp-image-55111\" srcset=\"http:\/\/js-photo.fr\/wp-content\/uploads\/2023\/12\/CycloUSSH20230777.jpg 826w, http:\/\/js-photo.fr\/wp-content\/uploads\/2023\/12\/CycloUSSH20230777-768x520.jpg 768w\" sizes=\"auto, (max-width: 826px) 100vw, 826px\" \/><\/figure>\n\n\n\n<figure class=\"wp-block-image size-large\"><img loading=\"lazy\" decoding=\"async\" width=\"826\" height=\"559\" data-id=\"55110\" src=\"http:\/\/js-photo.fr\/wp-content\/uploads\/2023\/12\/CycloUSSH20230778.jpg\" alt=\"\" class=\"wp-image-55110\" srcset=\"http:\/\/js-photo.fr\/wp-content\/uploads\/2023\/12\/CycloUSSH20230778.jpg 826w, http:\/\/js-photo.fr\/wp-content\/uploads\/2023\/12\/CycloUSSH20230778-768x520.jpg 768w\" sizes=\"auto, (max-width: 826px) 100vw, 826px\" \/><\/figure>\n<\/figure>\n\n\n\n<ul class=\"wp-block-list\">\n<li class=\"has-large-font-size\">Toutes les photos, plus de 700 r\u00e9parties comme suit :\n<ul class=\"wp-block-list\">\n<li class=\"has-large-font-size\">Cat\u00e9gories moins de U15 : 180 photos r\u00e9parties en 3 pages :\n<ul class=\"wp-block-list\">\n<li class=\"has-large-font-size\"><a href=\"http:\/\/js-photo.fr\/acceuil\/cyclo-cross-du-bois-jo-2023-moins-de-u15-page-1\" data-type=\"page\" data-id=\"54280\">Cyclo-cross du Bois-Jo 2023 moins de U15  page 1<\/a><\/li>\n\n\n\n<li class=\"has-large-font-size\"><a href=\"http:\/\/js-photo.fr\/acceuil\/cyclo-cross-du-bois-jo-2023-moins-de-u15-page-2\" data-type=\"page\" data-id=\"54282\">Cyclo-cross du Bois-Jo 2023 moins de U15 page 2<\/a><\/li>\n\n\n\n<li class=\"has-large-font-size\"><a href=\"http:\/\/js-photo.fr\/acceuil\/cyclo-cross-du-bois-jo-2023-moins-de-u15-page-3\" data-type=\"page\" data-id=\"54284\">Cyclo-cross du Bois-Jo 2023 moins de U15 page 3<\/a><\/li>\n<\/ul>\n<\/li>\n\n\n\n<li class=\"has-large-font-size\">Cat\u00e9gories U17 \u00e0 U19 : 173 photos r\u00e9parties en 3 pages :\n<ul class=\"wp-block-list\">\n<li class=\"has-large-font-size\"><a href=\"http:\/\/js-photo.fr\/acceuil\/cyclo-cross-du-bois-jo-2023-u17-u19-page-1\" data-type=\"page\" data-id=\"54286\">Cyclo-cross du Bois-Jo 2023 U17-U19 page 1<\/a><\/li>\n\n\n\n<li class=\"has-large-font-size\"><a href=\"http:\/\/js-photo.fr\/acceuil\/cyclo-cross-du-bois-jo-2023-u17-u19-page-2\" data-type=\"page\" data-id=\"54288\">Cyclo-cross du Bois-Jo 2023 U17-U19 page 2<\/a><\/li>\n\n\n\n<li class=\"has-large-font-size\"><a href=\"http:\/\/js-photo.fr\/acceuil\/cyclo-cross-du-bois-jo-2023-u17-u19-page-3\" data-type=\"page\" data-id=\"54290\">Cyclo-cross du Bois-Jo 2023 U17-U19 page 3<\/a><\/li>\n<\/ul>\n<\/li>\n\n\n\n<li class=\"has-large-font-size\">Cat\u00e9gories U23 et S\u00e9niors : 420 photos r\u00e9parties en 6 pages :\n<ul class=\"wp-block-list\">\n<li class=\"has-large-font-size\"><a href=\"http:\/\/js-photo.fr\/acceuil\/cyclo-cross-du-bois-jo-2023-u23-et-seniors-page-1\" data-type=\"page\" data-id=\"54292\">Cyclo-cross du Bois-Jo 2023 U23 et S\u00e9niors page 1<\/a><\/li>\n\n\n\n<li class=\"has-large-font-size\"><a href=\"http:\/\/js-photo.fr\/acceuil\/cyclo-cross-du-bois-jo-2023-u23-et-seniors-page-2\" data-type=\"page\" data-id=\"54294\">Cyclo-cross du Bois-Jo 2023 U23 et S\u00e9niors page 2<\/a><\/li>\n\n\n\n<li class=\"has-large-font-size\"><a href=\"http:\/\/js-photo.fr\/acceuil\/cyclo-cross-du-bois-jo-2023-u23-et-seniors-page-3\" data-type=\"page\" data-id=\"54296\">Cyclo-cross du Bois-Jo 2023 U23 et S\u00e9niors page 3<\/a><\/li>\n\n\n\n<li class=\"has-large-font-size\"><a href=\"http:\/\/js-photo.fr\/acceuil\/cyclo-cross-du-bois-jo-2023-u23-et-seniors-page-4\" data-type=\"page\" data-id=\"54298\">Cyclo-cross du Bois-Jo 2023 U23 et S\u00e9niors page 4<\/a><\/li>\n\n\n\n<li class=\"has-large-font-size\"><a href=\"http:\/\/js-photo.fr\/acceuil\/cyclo-cross-du-bois-jo-2023-u23-et-seniors-page-5\" data-type=\"page\" data-id=\"54300\">Cyclo-cross du Bois-Jo 2023 U23 et S\u00e9niors page 5<\/a><\/li>\n\n\n\n<li class=\"has-large-font-size\"><a href=\"http:\/\/js-photo.fr\/acceuil\/cyclo-cross-du-bois-jo-2023-u23-et-seniors-page-6\" data-type=\"page\" data-id=\"54302\">Cyclo-cross du Bois-Jo 2023 U23 et S\u00e9niors page 6<\/a><\/li>\n<\/ul>\n<\/li>\n<\/ul>\n<\/li>\n<\/ul>\n","protected":false},"excerpt":{"rendered":"","protected":false},"author":1,"featured_media":0,"parent":54275,"menu_order":12,"comment_status":"open","ping_status":"closed","template":"","meta":{"footnotes":""},"class_list":["post-54302","page","type-page","status-publish","hentry"],"_links":{"self":[{"href":"http:\/\/js-photo.fr\/acceuil\/wp-json\/wp\/v2\/pages\/54302","targetHints":{"allow":["GET"]}}],"collection":[{"href":"http:\/\/js-photo.fr\/acceuil\/wp-json\/wp\/v2\/pages"}],"about":[{"href":"http:\/\/js-photo.fr\/acceuil\/wp-json\/wp\/v2\/types\/page"}],"author":[{"embeddable":true,"href":"http:\/\/js-photo.fr\/acceuil\/wp-json\/wp\/v2\/users\/1"}],"replies":[{"embeddable":true,"href":"http:\/\/js-photo.fr\/acceuil\/wp-json\/wp\/v2\/comments?post=54302"}],"version-history":[{"count":2,"href":"http:\/\/js-photo.fr\/acceuil\/wp-json\/wp\/v2\/pages\/54302\/revisions"}],"predecessor-version":[{"id":55112,"href":"http:\/\/js-photo.fr\/acceuil\/wp-json\/wp\/v2\/pages\/54302\/revisions\/55112"}],"up":[{"embeddable":true,"href":"http:\/\/js-photo.fr\/acceuil\/wp-json\/wp\/v2\/pages\/54275"}],"wp:attachment":[{"href":"http:\/\/js-photo.fr\/acceuil\/wp-json\/wp\/v2\/media?parent=54302"}],"curies":[{"name":"wp","href":"https:\/\/api.w.org\/{rel}","templated":true}]}}