{"id":48164,"date":"2023-10-21T17:40:54","date_gmt":"2023-10-21T16:40:54","guid":{"rendered":"http:\/\/js-photo.fr\/acceuil\/?page_id=48164"},"modified":"2023-10-21T17:47:05","modified_gmt":"2023-10-21T16:47:05","slug":"run-and-bike-de-lile-mouchet","status":"publish","type":"page","link":"http:\/\/js-photo.fr\/acceuil\/run-and-bike-de-lile-mouchet","title":{"rendered":"Run and Bike  de l&rsquo;Ile Mouchet"},"content":{"rendered":"\n<p>Le PACT44 (Pays d&rsquo;Ancenis Club Triathlon) organisait pour Halloween le bike and run de l&rsquo;Ile de Mouchet, ce samedi 21 octobre 2023.<br>Au programme de cette matin\u00e9e :<\/p>\n\n\n\n<ul class=\"wp-block-list\">\n<li>Randonn\u00e9e d&rsquo;Orientation d&rsquo;Halloween<\/li>\n\n\n\n<li>Run and Bike les Sorciers, pour les plus de 14 ans sur 9 kilom\u00e8tres.<\/li>\n\n\n\n<li>Run and Bike Jeunes : les Trolls pour les plus de 8 ans sur 3 kilom\u00e8tres.<\/li>\n\n\n\n<li>Run and Bike Ados : les Chauves-souris pour les plus de 10 ans sur 6 kilom\u00e8tres.<\/li>\n\n\n\n<li>Run and Bike Expert : l&rsquo;Enfer, nouveau parcours pour les experts de 19 Km.<\/li>\n<\/ul>\n\n\n\n<figure class=\"wp-block-gallery has-nested-images columns-default is-cropped wp-block-gallery-2 is-layout-flex wp-block-gallery-is-layout-flex\">\n<figure class=\"wp-block-image size-large\"><img decoding=\"async\" data-id=\"48165\" src=\"http:\/\/js-photo.fr\/wp-content\/uploads\/2023\/10\/IMG_0000-2-394x559.jpg\" alt=\"\" class=\"wp-image-48165\"\/><\/figure>\n<\/figure>\n\n\n\n<ul class=\"wp-block-list\">\n<li class=\"has-large-font-size\">Les photos :\n<ul class=\"wp-block-list\">\n<li><a href=\"http:\/\/js-photo.fr\/acceuil\/run-and-bike-de-lile-mouchet\/run-and-bike-de-lile-mouchet-page-1\" data-type=\"page\" data-id=\"48167\">Run and Bike de l\u2019Ile Mouchet page 1<\/a><\/li>\n\n\n\n<li><a href=\"http:\/\/js-photo.fr\/acceuil\/run-and-bike-de-lile-mouchet\/run-and-bike-de-lile-mouchet-page-2\" data-type=\"page\" data-id=\"48169\">Run and Bike de l\u2019Ile Mouchet page 2<\/a><\/li>\n\n\n\n<li><a href=\"http:\/\/js-photo.fr\/acceuil\/run-and-bike-de-lile-mouchet\/run-and-bike-de-lile-mouchet-page-3\" data-type=\"page\" data-id=\"48171\">Run and Bike de l\u2019Ile Mouchet page 3<\/a><\/li>\n\n\n\n<li class=\"has-medium-font-size\">N&rsquo;h\u00e9sitez pas \u00e0 partager, identifier suivre et aimer ma page <a href=\"https:\/\/www.facebook.com\/jsphoto.fr\" data-type=\"link\" data-id=\"https:\/\/www.facebook.com\/jsphoto.fr\">Facebook<\/a> . Si vous apparaissez sur l\u2019une des photos pr\u00e9sentes sur l\u2019une des pages de mon site, et que vous voulez obtenir la ou les photos, contactez-moi en pr\u00e9cisant le num\u00e9ro de la photo (en faisant un clic droit) et le num\u00e9ro de dossard \u00e0 <a href=\"mailto:jsphoto@hotmail.fr\">jsphoto@hotmail.fr<\/a><\/li>\n<\/ul>\n<\/li>\n<\/ul>\n","protected":false},"excerpt":{"rendered":"<p>Le PACT44 (Pays d&rsquo;Ancenis Club Triathlon) organisait pour Halloween le bike and run de l&rsquo;Ile de Mouchet, ce samedi 21 octobre 2023.Au programme de cette &hellip; <\/p>\n","protected":false},"author":1,"featured_media":0,"parent":0,"menu_order":0,"comment_status":"open","ping_status":"closed","template":"","meta":{"footnotes":""},"class_list":["post-48164","page","type-page","status-publish","hentry"],"_links":{"self":[{"href":"http:\/\/js-photo.fr\/acceuil\/wp-json\/wp\/v2\/pages\/48164","targetHints":{"allow":["GET"]}}],"collection":[{"href":"http:\/\/js-photo.fr\/acceuil\/wp-json\/wp\/v2\/pages"}],"about":[{"href":"http:\/\/js-photo.fr\/acceuil\/wp-json\/wp\/v2\/types\/page"}],"author":[{"embeddable":true,"href":"http:\/\/js-photo.fr\/acceuil\/wp-json\/wp\/v2\/users\/1"}],"replies":[{"embeddable":true,"href":"http:\/\/js-photo.fr\/acceuil\/wp-json\/wp\/v2\/comments?post=48164"}],"version-history":[{"count":2,"href":"http:\/\/js-photo.fr\/acceuil\/wp-json\/wp\/v2\/pages\/48164\/revisions"}],"predecessor-version":[{"id":48175,"href":"http:\/\/js-photo.fr\/acceuil\/wp-json\/wp\/v2\/pages\/48164\/revisions\/48175"}],"wp:attachment":[{"href":"http:\/\/js-photo.fr\/acceuil\/wp-json\/wp\/v2\/media?parent=48164"}],"curies":[{"name":"wp","href":"https:\/\/api.w.org\/{rel}","templated":true}]}}