{"id":4469,"date":"2022-05-29T15:03:48","date_gmt":"2022-05-29T14:03:48","guid":{"rendered":"http:\/\/js-photo.fr\/?page_id=4469"},"modified":"2026-03-13T16:09:34","modified_gmt":"2026-03-13T15:09:34","slug":"accueil","status":"publish","type":"page","link":"http:\/\/js-photo.fr\/acceuil\/","title":{"rendered":"Accueil"},"content":{"rendered":"\n<div class=\"wp-block-group\"><div class=\"wp-block-group__inner-container is-layout-flow wp-block-group-is-layout-flow\">\n<div class=\"wp-block-group is-vertical is-layout-flex wp-container-core-group-is-layout-8cf370e7 wp-block-group-is-layout-flex\">\n<p class=\"has-text-align-center has-text-color has-large-font-size\" style=\"color:#0c0c69\"><strong>Bienvenue, <\/strong><\/p>\n\n\n\n<p class=\"has-text-align-center has-text-color has-large-font-size\" style=\"color:#0c0c69\"><strong>Ce site \u00e0 pour but de vous faire d\u00e9couvrir mes photos, que je r\u00e9alise en tant qu&rsquo;amateur<\/strong>. <strong>Certains reportages contiennent plusieurs centaines de photos, j&rsquo;ai donc divis\u00e9 en plusieurs pages.<\/strong> <strong>Les photos sont class\u00e9es par date. Cliquez sur le lien pour se rendre sur la page d\u00e9sir\u00e9e<\/strong>. <\/p>\n\n\n\n<p class=\"has-text-align-center has-vivid-red-color has-pale-cyan-blue-background-color has-text-color has-background has-large-font-size\"><strong>Vous pouvez laisser des commentaires sur les pages. <\/strong><\/p>\n\n\n\n<p class=\"has-text-align-center has-vivid-red-color has-pale-cyan-blue-background-color has-text-color has-background has-large-font-size\"><strong>Pour toutes demandes de photos, merci de m&rsquo;envoyer un mail et uniquement par mail (pas dans les commentaires des pages).<\/strong><\/p>\n\n\n\n<p class=\"has-text-align-center has-large-font-size\">Retrouvez moi sur Facebook  <a href=\"https:\/\/www.facebook.com\/jsphoto.fr\">: jsphoto.fr<\/a> <\/p>\n\n\n\n<p class=\"has-text-align-center has-white-color has-black-background-color has-text-color has-background has-link-color has-medium-font-size wp-elements-7e134f0f343f4ed6f5b99521a3ac74b0\"><strong>Suite \u00e0 un trop grand nombre de photos sur mon site, je suis oblig\u00e9 de r\u00e9duire le nombre de fichiers (r\u00e9solution des photos).<\/strong> <strong>Donc pour visualiser certaines pages vous devez r\u00e9duire la taille de votre \u00e9cran, sinon les photos n&rsquo;appara\u00eetrons pas.<\/strong><\/p>\n<\/div>\n<\/div><\/div>\n\n\n\n<p class=\"has-text-align-center has-vivid-red-color has-pale-cyan-blue-background-color has-text-color has-background has-link-color wp-elements-165384c6c134e9772c3d8cc08d7f65e6\" style=\"font-size:81px\"><strong>2026<\/strong><\/p>\n\n\n\n<p class=\"has-text-align-center has-vivid-purple-color has-luminous-vivid-orange-background-color has-text-color has-background has-link-color has-large-font-size wp-elements-05f5d53b6c5baff05deea93ac2b3f42f\" style=\"text-decoration:underline\"><strong>Janvier 2026<\/strong><\/p>\n\n\n\n<ul class=\"wp-block-list has-black-color has-pale-pink-background-color has-text-color has-background has-link-color wp-elements-0ba9f52dcb8fafa4f31c67b0431f357a\">\n<li class=\"has-vivid-cyan-blue-color has-text-color has-link-color has-large-font-size wp-elements-2778defb68e98c4340daea8828482cc0\" style=\"text-decoration:underline\"><a href=\"http:\/\/js-photo.fr\/acceuil\/biathlon-des-pirates-17-janvier-2026\" data-type=\"page\" data-id=\"117782\"><strong>17 janvier 2026 : Biathlon des pirates<\/strong>.<\/a><\/li>\n\n\n\n<li class=\"has-vivid-cyan-blue-color has-text-color has-link-color has-large-font-size wp-elements-63b6d1029518b1daf4b598a57cdc5d99\" style=\"text-decoration:underline\"><strong><a href=\"http:\/\/js-photo.fr\/acceuil\/concert-de-lharmonie-st-michel-a-teille\" data-type=\"page\" data-id=\"119365\">24 janvier 2026 : Concert de l&rsquo;Harmonie St Michel \u00e0 Teill\u00e9<\/a>.<\/strong><\/li>\n<\/ul>\n\n\n\n<p class=\"has-text-align-center has-white-color has-vivid-cyan-blue-background-color has-text-color has-background has-link-color has-large-font-size wp-elements-9a35f405dbb3cbda5096dbbe2bbd1936\" style=\"text-decoration:underline\"><strong>F\u00e9vrier 2026<\/strong><\/p>\n\n\n\n<ul style=\"text-decoration:underline\" class=\"wp-block-list has-pale-cyan-blue-color has-vivid-red-background-color has-text-color has-background has-link-color has-large-font-size wp-elements-51e2c33989c3f033c236f1ec11661c30\">\n<li><a href=\"http:\/\/js-photo.fr\/acceuil\/concert-de-lharmonie-st-michel-a-heric\" data-type=\"page\" data-id=\"119447\">28 f\u00e9vrier 2026 : Concert de lHarmonie Saint Michel avec la fanfare d&rsquo;H\u00e9ric.<\/a><\/li>\n<\/ul>\n\n\n\n<p class=\"has-text-align-center has-vivid-cyan-blue-color has-luminous-vivid-amber-background-color has-text-color has-background has-link-color has-large-font-size wp-elements-a4059678f85b2c93cec19855e5cad355\" style=\"text-decoration:underline\"><strong>Mars 2026<\/strong><\/p>\n\n\n\n<ul style=\"text-decoration:underline\" class=\"wp-block-list has-black-color has-light-green-cyan-background-color has-text-color has-background has-link-color has-large-font-size wp-elements-58f339802cd9355f003b0f8a7cdd74b7\">\n<li class=\"has-vivid-red-color has-text-color has-link-color wp-elements-64e7500d47af611e77e0819dc15eefd7\"><\/li>\n<\/ul>\n\n\n\n<p class=\"has-text-align-center has-white-color has-vivid-purple-background-color has-text-color has-background has-link-color has-large-font-size wp-elements-68348cc6d1bad89fd1ea44ce9b7d8028\"><strong>Avril 2026<\/strong><\/p>\n\n\n\n<ul class=\"wp-block-list has-pale-cyan-blue-color has-luminous-vivid-orange-background-color has-text-color has-background has-link-color wp-elements-3e2b4838dfe84ba58d134194d2292fbc\">\n<li class=\"has-large-font-size\" style=\"text-decoration:underline\"><\/li>\n<\/ul>\n\n\n\n<p class=\"has-text-align-center has-vivid-red-color has-pale-cyan-blue-background-color has-text-color has-background has-link-color has-large-font-size wp-elements-b17afe25545e99190e192b512496c237\"><strong>Mai 2026<\/strong><\/p>\n\n\n\n<ul class=\"wp-block-list has-black-color has-vivid-green-cyan-background-color has-text-color has-background has-link-color has-large-font-size wp-elements-857e34fbb68ad54b81dd4a154d2e4831\">\n<li class=\"has-large-font-size\" style=\"text-decoration:underline\"><\/li>\n<\/ul>\n\n\n\n<p class=\"has-text-align-center has-light-green-cyan-color has-vivid-red-background-color has-text-color has-background has-link-color has-large-font-size wp-elements-e7acdf2ed0191c2a92b1ec1bff744d23\"><strong>Juin 2026<\/strong><\/p>\n\n\n\n<ul class=\"wp-block-list has-black-color has-cyan-bluish-gray-background-color has-text-color has-background has-link-color wp-elements-8879a1d0e135a2f7b282a18ea1b07626\">\n<li class=\"has-black-color has-text-color has-link-color has-large-font-size wp-elements-ad4534acff5d2b92c3ddd4f1fb1f19d4\" style=\"text-decoration:underline\"><\/li>\n<\/ul>\n\n\n\n<p class=\"has-text-align-center has-luminous-vivid-amber-color has-vivid-cyan-blue-background-color has-text-color has-background has-link-color has-large-font-size wp-elements-012ed2860ade2fb6f72cda88167da505\"><strong>Juillet 2026<\/strong><\/p>\n\n\n\n<ul class=\"wp-block-list has-vivid-green-cyan-color has-vivid-red-background-color has-text-color has-background has-link-color wp-elements-23b6681f4b6902fcb9cf11c90fe93f53\">\n<li class=\"has-large-font-size\" style=\"text-decoration:underline\"><\/li>\n<\/ul>\n\n\n\n<p class=\"has-text-align-center has-luminous-vivid-amber-color has-vivid-purple-background-color has-text-color has-background has-link-color has-large-font-size wp-elements-95ca69edccbad0746e76831530c72f36\"><strong>Ao\u00fbt 2026<\/strong><\/p>\n\n\n\n<ul class=\"wp-block-list has-white-color has-vivid-cyan-blue-background-color has-text-color has-background has-link-color has-large-font-size wp-elements-3fab86d24cc5bdfd4b80ae7201d4f3f2\">\n<li style=\"text-decoration:underline\"><\/li>\n<\/ul>\n\n\n\n<p class=\"has-text-align-center has-vivid-green-cyan-color has-vivid-red-background-color has-text-color has-background has-link-color has-large-font-size wp-elements-d10ab22222856c139945e6e389185b6a\"><strong>Septembre 2026<\/strong><\/p>\n\n\n\n<ul class=\"wp-block-list has-vivid-red-color has-luminous-vivid-amber-background-color has-text-color has-background has-link-color has-large-font-size wp-elements-dfb01774a72d95bc59d3862c1d192c86\">\n<li class=\"has-large-font-size\" style=\"text-decoration:underline\"><\/li>\n<\/ul>\n\n\n\n<p class=\"has-text-align-center has-luminous-vivid-orange-color has-cyan-bluish-gray-background-color has-text-color has-background has-link-color has-large-font-size wp-elements-761a23b0e5f47095acc9f4fbc6e44965\"><strong>Octobre 2026<\/strong><\/p>\n\n\n\n<ul class=\"wp-block-list has-vivid-red-color has-vivid-green-cyan-background-color has-text-color has-background has-link-color has-large-font-size wp-elements-57c5661a40b21bf68e9195dd8a5086a6\">\n<li class=\"has-large-font-size\" style=\"text-decoration:underline\"><\/li>\n<\/ul>\n\n\n\n<p class=\"has-text-align-center has-white-color has-vivid-purple-background-color has-text-color has-background has-link-color has-large-font-size wp-elements-97958bb7866a65d1db7f892f1c0cb7a1\"><strong>Novembre 2026<\/strong><\/p>\n\n\n\n<ul class=\"wp-block-list has-vivid-red-background-color has-background\">\n<li class=\"has-white-color has-text-color has-link-color has-large-font-size wp-elements-2fa5e519876197eaaeda9143a8547cc1\" style=\"text-decoration:underline\"><\/li>\n<\/ul>\n\n\n\n<p class=\"has-text-align-center has-luminous-vivid-orange-color has-vivid-cyan-blue-background-color has-text-color has-background has-link-color has-large-font-size wp-elements-167f4e7f505e4b9345ac042ec54b031d\"><strong>D\u00e9cembre 2026<\/strong><\/p>\n\n\n\n<ul class=\"wp-block-list has-black-color has-luminous-vivid-orange-background-color has-text-color has-background has-link-color has-large-font-size wp-elements-b366f4a6b1dd8e510ef297c2bca29f31\">\n<li class=\"has-large-font-size\" style=\"text-decoration:underline\"><\/li>\n<\/ul>\n\n\n\n<p class=\"has-large-font-size\">Vous \u00eates professionnel et voulez me sponsoriser , m&rsquo;aider \u00e0 renouveler mon mat\u00e9riel et continuer \u00e0 couvrir les \u00e9v\u00e8nements, Contactez moi : jsphoto@hotmail.fr ou sur ma cagnotte Leetchi : <a href=\"https:\/\/www.leetchi.com\/fr\/c\/but-renouveler-mon-materiel-publier-mon-site-internet-wwwjs-photofr-1876559?utm_source=copylink&amp;utm_medium=social_sharing\">https:\/\/www.leetchi.com\/fr\/c\/but-renouveler-mon-materiel-publier-mon-site-internet-wwwjs-photofr-1876559?utm_source=copylink&amp;utm_medium=social_sharing<\/a><\/p>\n\n\n\n<p><\/p>\n\n\n\n<p><\/p>\n\n\n\n<p><\/p>\n\n\n\n<p class=\"has-text-align-center has-x-large-font-size\"><a href=\"http:\/\/js-photo.fr\/accueil\/2022-2\" data-type=\"page\" data-id=\"10936\">Les photos de 2022 : ICI.<\/a><\/p>\n\n\n\n<p class=\"has-text-align-center has-x-large-font-size\"><a href=\"http:\/\/js-photo.fr\/acceuil\/accueil\/2023-2\" data-type=\"page\" data-id=\"56992\">Les photos de  2023 : ICI<\/a><\/p>\n\n\n\n<p class=\"has-text-align-center has-x-large-font-size\"><a href=\"http:\/\/js-photo.fr\/acceuil\/accueil\/annee-2024\" data-type=\"page\" data-id=\"94693\">Les photos de  2024 : ICI<\/a><\/p>\n\n\n\n<p class=\"has-text-align-center has-x-large-font-size\"><a href=\"http:\/\/js-photo.fr\/acceuil\/accueil\/annee-2025\" data-type=\"link\" data-id=\"http:\/\/js-photo.fr\/acceuil\/accueil\/annee-2025\">Les photos de 2025 : ICI<\/a><\/p>\n\n\n\n<p><\/p>\n\n\n\n<p><\/p>\n\n\n\n<p class=\"has-text-align-center has-white-color has-vivid-red-background-color has-text-color has-background has-link-color has-large-font-size wp-elements-51f10de0effe186b892c18aa8a450e38\">Merci \u00e0 ceux qui ont particip\u00e9 \u00e0 ma cagnotte et qui m&rsquo;ont permis de contribuer au rachat d&rsquo; un nouvel appareil et de continuer mon site internet.<\/p>\n\n\n\n<figure class=\"wp-block-gallery has-nested-images columns-default is-cropped wp-block-gallery-2 is-layout-flex wp-block-gallery-is-layout-flex\">\n<figure class=\"wp-block-image size-large\"><img loading=\"lazy\" decoding=\"async\" width=\"960\" height=\"800\" data-id=\"67560\" src=\"http:\/\/js-photo.fr\/wp-content\/uploads\/2024\/03\/Ma-cagnotte-au-23-mars-2024-960x800.jpg\" alt=\"\" class=\"wp-image-67560\" srcset=\"http:\/\/js-photo.fr\/wp-content\/uploads\/2024\/03\/Ma-cagnotte-au-23-mars-2024-960x800.jpg 960w, http:\/\/js-photo.fr\/wp-content\/uploads\/2024\/03\/Ma-cagnotte-au-23-mars-2024-768x640.jpg 768w, http:\/\/js-photo.fr\/wp-content\/uploads\/2024\/03\/Ma-cagnotte-au-23-mars-2024-1536x1280.jpg 1536w, http:\/\/js-photo.fr\/wp-content\/uploads\/2024\/03\/Ma-cagnotte-au-23-mars-2024-2048x1707.jpg 2048w\" sizes=\"auto, (max-width: 960px) 100vw, 960px\" \/><\/figure>\n<\/figure>\n","protected":false},"excerpt":{"rendered":"<p>Bienvenue, Ce site \u00e0 pour but de vous faire d\u00e9couvrir mes photos, que je r\u00e9alise en tant qu&rsquo;amateur. Certains reportages contiennent plusieurs centaines de photos, &hellip; <\/p>\n","protected":false},"author":1,"featured_media":0,"parent":0,"menu_order":0,"comment_status":"open","ping_status":"closed","template":"","meta":{"footnotes":""},"class_list":["post-4469","page","type-page","status-publish","hentry"],"_links":{"self":[{"href":"http:\/\/js-photo.fr\/acceuil\/wp-json\/wp\/v2\/pages\/4469","targetHints":{"allow":["GET"]}}],"collection":[{"href":"http:\/\/js-photo.fr\/acceuil\/wp-json\/wp\/v2\/pages"}],"about":[{"href":"http:\/\/js-photo.fr\/acceuil\/wp-json\/wp\/v2\/types\/page"}],"author":[{"embeddable":true,"href":"http:\/\/js-photo.fr\/acceuil\/wp-json\/wp\/v2\/users\/1"}],"replies":[{"embeddable":true,"href":"http:\/\/js-photo.fr\/acceuil\/wp-json\/wp\/v2\/comments?post=4469"}],"version-history":[{"count":441,"href":"http:\/\/js-photo.fr\/acceuil\/wp-json\/wp\/v2\/pages\/4469\/revisions"}],"predecessor-version":[{"id":119506,"href":"http:\/\/js-photo.fr\/acceuil\/wp-json\/wp\/v2\/pages\/4469\/revisions\/119506"}],"wp:attachment":[{"href":"http:\/\/js-photo.fr\/acceuil\/wp-json\/wp\/v2\/media?parent=4469"}],"curies":[{"name":"wp","href":"https:\/\/api.w.org\/{rel}","templated":true}]}}