{"id":43732,"date":"2023-10-04T18:55:58","date_gmt":"2023-10-04T17:55:58","guid":{"rendered":"http:\/\/js-photo.fr\/acceuil\/?page_id=43732"},"modified":"2023-10-04T19:52:27","modified_gmt":"2023-10-04T18:52:27","slug":"trail-de-mauves-en-vert-2023-course-nature-15-km-page-8","status":"publish","type":"page","link":"http:\/\/js-photo.fr\/acceuil\/trail-de-mauves-en-vert-2023-course-nature-15-km-page-8","title":{"rendered":"Trail de Mauves en Vert 2023 : Course Nature 15 km Page 8"},"content":{"rendered":"\n<figure class=\"wp-block-gallery has-nested-images columns-1 is-cropped wp-block-gallery-2 is-layout-flex wp-block-gallery-is-layout-flex\">\n<figure class=\"wp-block-image size-large\"><img loading=\"lazy\" decoding=\"async\" width=\"826\" height=\"559\" data-id=\"44308\" src=\"http:\/\/js-photo.fr\/wp-content\/uploads\/2023\/10\/TMV15km20230560.jpg\" alt=\"\" class=\"wp-image-44308\" srcset=\"http:\/\/js-photo.fr\/wp-content\/uploads\/2023\/10\/TMV15km20230560.jpg 826w, http:\/\/js-photo.fr\/wp-content\/uploads\/2023\/10\/TMV15km20230560-768x520.jpg 768w\" sizes=\"auto, (max-width: 826px) 100vw, 826px\" \/><\/figure>\n\n\n\n<figure class=\"wp-block-image size-large\"><img loading=\"lazy\" decoding=\"async\" width=\"826\" height=\"559\" data-id=\"44309\" src=\"http:\/\/js-photo.fr\/wp-content\/uploads\/2023\/10\/TMV15km20230561.jpg\" alt=\"\" class=\"wp-image-44309\" srcset=\"http:\/\/js-photo.fr\/wp-content\/uploads\/2023\/10\/TMV15km20230561.jpg 826w, http:\/\/js-photo.fr\/wp-content\/uploads\/2023\/10\/TMV15km20230561-768x520.jpg 768w\" sizes=\"auto, (max-width: 826px) 100vw, 826px\" \/><\/figure>\n\n\n\n<figure class=\"wp-block-image size-large\"><img loading=\"lazy\" decoding=\"async\" width=\"826\" height=\"559\" data-id=\"44310\" src=\"http:\/\/js-photo.fr\/wp-content\/uploads\/2023\/10\/TMV15km20230562.jpg\" alt=\"\" class=\"wp-image-44310\" srcset=\"http:\/\/js-photo.fr\/wp-content\/uploads\/2023\/10\/TMV15km20230562.jpg 826w, http:\/\/js-photo.fr\/wp-content\/uploads\/2023\/10\/TMV15km20230562-768x520.jpg 768w\" sizes=\"auto, (max-width: 826px) 100vw, 826px\" \/><\/figure>\n\n\n\n<figure class=\"wp-block-image size-large\"><img loading=\"lazy\" decoding=\"async\" width=\"826\" height=\"559\" data-id=\"44311\" src=\"http:\/\/js-photo.fr\/wp-content\/uploads\/2023\/10\/TMV15km20230563.jpg\" alt=\"\" class=\"wp-image-44311\" srcset=\"http:\/\/js-photo.fr\/wp-content\/uploads\/2023\/10\/TMV15km20230563.jpg 826w, http:\/\/js-photo.fr\/wp-content\/uploads\/2023\/10\/TMV15km20230563-768x520.jpg 768w\" sizes=\"auto, (max-width: 826px) 100vw, 826px\" \/><\/figure>\n\n\n\n<figure class=\"wp-block-image size-large\"><img loading=\"lazy\" decoding=\"async\" width=\"826\" height=\"559\" data-id=\"44317\" src=\"http:\/\/js-photo.fr\/wp-content\/uploads\/2023\/10\/TMV15km20230564.jpg\" alt=\"\" class=\"wp-image-44317\" srcset=\"http:\/\/js-photo.fr\/wp-content\/uploads\/2023\/10\/TMV15km20230564.jpg 826w, http:\/\/js-photo.fr\/wp-content\/uploads\/2023\/10\/TMV15km20230564-768x520.jpg 768w\" sizes=\"auto, (max-width: 826px) 100vw, 826px\" \/><\/figure>\n\n\n\n<figure class=\"wp-block-image size-large\"><img loading=\"lazy\" decoding=\"async\" width=\"826\" height=\"559\" data-id=\"44312\" src=\"http:\/\/js-photo.fr\/wp-content\/uploads\/2023\/10\/TMV15km20230565.jpg\" alt=\"\" class=\"wp-image-44312\" srcset=\"http:\/\/js-photo.fr\/wp-content\/uploads\/2023\/10\/TMV15km20230565.jpg 826w, http:\/\/js-photo.fr\/wp-content\/uploads\/2023\/10\/TMV15km20230565-768x520.jpg 768w\" sizes=\"auto, (max-width: 826px) 100vw, 826px\" \/><\/figure>\n\n\n\n<figure class=\"wp-block-image size-large\"><img loading=\"lazy\" decoding=\"async\" width=\"826\" height=\"559\" data-id=\"44314\" src=\"http:\/\/js-photo.fr\/wp-content\/uploads\/2023\/10\/TMV15km20230566.jpg\" alt=\"\" class=\"wp-image-44314\" srcset=\"http:\/\/js-photo.fr\/wp-content\/uploads\/2023\/10\/TMV15km20230566.jpg 826w, http:\/\/js-photo.fr\/wp-content\/uploads\/2023\/10\/TMV15km20230566-768x520.jpg 768w\" sizes=\"auto, (max-width: 826px) 100vw, 826px\" \/><\/figure>\n\n\n\n<figure class=\"wp-block-image size-large\"><img loading=\"lazy\" decoding=\"async\" width=\"826\" height=\"559\" data-id=\"44319\" src=\"http:\/\/js-photo.fr\/wp-content\/uploads\/2023\/10\/TMV15km20230567.jpg\" alt=\"\" class=\"wp-image-44319\" srcset=\"http:\/\/js-photo.fr\/wp-content\/uploads\/2023\/10\/TMV15km20230567.jpg 826w, http:\/\/js-photo.fr\/wp-content\/uploads\/2023\/10\/TMV15km20230567-768x520.jpg 768w\" sizes=\"auto, (max-width: 826px) 100vw, 826px\" \/><\/figure>\n\n\n\n<figure class=\"wp-block-image size-large\"><img loading=\"lazy\" decoding=\"async\" width=\"826\" height=\"559\" data-id=\"44313\" src=\"http:\/\/js-photo.fr\/wp-content\/uploads\/2023\/10\/TMV15km20230568.jpg\" alt=\"\" class=\"wp-image-44313\" srcset=\"http:\/\/js-photo.fr\/wp-content\/uploads\/2023\/10\/TMV15km20230568.jpg 826w, http:\/\/js-photo.fr\/wp-content\/uploads\/2023\/10\/TMV15km20230568-768x520.jpg 768w\" sizes=\"auto, (max-width: 826px) 100vw, 826px\" \/><\/figure>\n\n\n\n<figure class=\"wp-block-image size-large\"><img loading=\"lazy\" decoding=\"async\" width=\"826\" height=\"559\" data-id=\"44315\" src=\"http:\/\/js-photo.fr\/wp-content\/uploads\/2023\/10\/TMV15km20230569.jpg\" alt=\"\" class=\"wp-image-44315\" srcset=\"http:\/\/js-photo.fr\/wp-content\/uploads\/2023\/10\/TMV15km20230569.jpg 826w, http:\/\/js-photo.fr\/wp-content\/uploads\/2023\/10\/TMV15km20230569-768x520.jpg 768w\" sizes=\"auto, (max-width: 826px) 100vw, 826px\" \/><\/figure>\n\n\n\n<figure class=\"wp-block-image size-large\"><img loading=\"lazy\" decoding=\"async\" width=\"826\" height=\"559\" data-id=\"44316\" src=\"http:\/\/js-photo.fr\/wp-content\/uploads\/2023\/10\/TMV15km20230570.jpg\" alt=\"\" class=\"wp-image-44316\" srcset=\"http:\/\/js-photo.fr\/wp-content\/uploads\/2023\/10\/TMV15km20230570.jpg 826w, http:\/\/js-photo.fr\/wp-content\/uploads\/2023\/10\/TMV15km20230570-768x520.jpg 768w\" sizes=\"auto, (max-width: 826px) 100vw, 826px\" \/><\/figure>\n\n\n\n<figure class=\"wp-block-image size-large\"><img loading=\"lazy\" decoding=\"async\" width=\"826\" height=\"559\" data-id=\"44318\" src=\"http:\/\/js-photo.fr\/wp-content\/uploads\/2023\/10\/TMV15km20230571.jpg\" alt=\"\" class=\"wp-image-44318\" srcset=\"http:\/\/js-photo.fr\/wp-content\/uploads\/2023\/10\/TMV15km20230571.jpg 826w, http:\/\/js-photo.fr\/wp-content\/uploads\/2023\/10\/TMV15km20230571-768x520.jpg 768w\" sizes=\"auto, (max-width: 826px) 100vw, 826px\" \/><\/figure>\n\n\n\n<figure class=\"wp-block-image size-large\"><img loading=\"lazy\" decoding=\"async\" width=\"826\" height=\"559\" data-id=\"44321\" src=\"http:\/\/js-photo.fr\/wp-content\/uploads\/2023\/10\/TMV15km20230572.jpg\" alt=\"\" class=\"wp-image-44321\" srcset=\"http:\/\/js-photo.fr\/wp-content\/uploads\/2023\/10\/TMV15km20230572.jpg 826w, http:\/\/js-photo.fr\/wp-content\/uploads\/2023\/10\/TMV15km20230572-768x520.jpg 768w\" sizes=\"auto, (max-width: 826px) 100vw, 826px\" \/><\/figure>\n\n\n\n<figure class=\"wp-block-image size-large\"><img loading=\"lazy\" decoding=\"async\" width=\"826\" height=\"559\" data-id=\"44320\" src=\"http:\/\/js-photo.fr\/wp-content\/uploads\/2023\/10\/TMV15km20230573.jpg\" alt=\"\" class=\"wp-image-44320\" srcset=\"http:\/\/js-photo.fr\/wp-content\/uploads\/2023\/10\/TMV15km20230573.jpg 826w, http:\/\/js-photo.fr\/wp-content\/uploads\/2023\/10\/TMV15km20230573-768x520.jpg 768w\" sizes=\"auto, (max-width: 826px) 100vw, 826px\" \/><\/figure>\n\n\n\n<figure class=\"wp-block-image size-large\"><img loading=\"lazy\" decoding=\"async\" width=\"826\" height=\"559\" data-id=\"44322\" src=\"http:\/\/js-photo.fr\/wp-content\/uploads\/2023\/10\/TMV15km20230574.jpg\" alt=\"\" class=\"wp-image-44322\" srcset=\"http:\/\/js-photo.fr\/wp-content\/uploads\/2023\/10\/TMV15km20230574.jpg 826w, http:\/\/js-photo.fr\/wp-content\/uploads\/2023\/10\/TMV15km20230574-768x520.jpg 768w\" sizes=\"auto, (max-width: 826px) 100vw, 826px\" \/><\/figure>\n\n\n\n<figure class=\"wp-block-image size-large\"><img loading=\"lazy\" decoding=\"async\" width=\"826\" height=\"559\" data-id=\"44324\" src=\"http:\/\/js-photo.fr\/wp-content\/uploads\/2023\/10\/TMV15km20230575.jpg\" alt=\"\" class=\"wp-image-44324\" srcset=\"http:\/\/js-photo.fr\/wp-content\/uploads\/2023\/10\/TMV15km20230575.jpg 826w, http:\/\/js-photo.fr\/wp-content\/uploads\/2023\/10\/TMV15km20230575-768x520.jpg 768w\" sizes=\"auto, (max-width: 826px) 100vw, 826px\" \/><\/figure>\n\n\n\n<figure class=\"wp-block-image size-large\"><img loading=\"lazy\" decoding=\"async\" width=\"826\" height=\"559\" data-id=\"44325\" src=\"http:\/\/js-photo.fr\/wp-content\/uploads\/2023\/10\/TMV15km20230576.jpg\" alt=\"\" class=\"wp-image-44325\" srcset=\"http:\/\/js-photo.fr\/wp-content\/uploads\/2023\/10\/TMV15km20230576.jpg 826w, http:\/\/js-photo.fr\/wp-content\/uploads\/2023\/10\/TMV15km20230576-768x520.jpg 768w\" sizes=\"auto, (max-width: 826px) 100vw, 826px\" \/><\/figure>\n\n\n\n<figure class=\"wp-block-image size-large\"><img loading=\"lazy\" decoding=\"async\" width=\"826\" height=\"559\" data-id=\"44327\" src=\"http:\/\/js-photo.fr\/wp-content\/uploads\/2023\/10\/TMV15km20230577.jpg\" alt=\"\" class=\"wp-image-44327\" srcset=\"http:\/\/js-photo.fr\/wp-content\/uploads\/2023\/10\/TMV15km20230577.jpg 826w, http:\/\/js-photo.fr\/wp-content\/uploads\/2023\/10\/TMV15km20230577-768x520.jpg 768w\" sizes=\"auto, (max-width: 826px) 100vw, 826px\" \/><\/figure>\n\n\n\n<figure class=\"wp-block-image size-large\"><img loading=\"lazy\" decoding=\"async\" width=\"826\" height=\"559\" data-id=\"44323\" src=\"http:\/\/js-photo.fr\/wp-content\/uploads\/2023\/10\/TMV15km20230578.jpg\" alt=\"\" class=\"wp-image-44323\" srcset=\"http:\/\/js-photo.fr\/wp-content\/uploads\/2023\/10\/TMV15km20230578.jpg 826w, http:\/\/js-photo.fr\/wp-content\/uploads\/2023\/10\/TMV15km20230578-768x520.jpg 768w\" sizes=\"auto, (max-width: 826px) 100vw, 826px\" \/><\/figure>\n<\/figure>\n\n\n\n<ul class=\"has-large-font-size wp-block-list\">\n<li>Toutes les photos de la course nature 15 km :\n<ul class=\"wp-block-list\">\n<li><a href=\"http:\/\/js-photo.fr\/acceuil\/trail-de-mauves-en-vert-2023-course-nature-15-km-page-1\" data-type=\"page\" data-id=\"43718\">Trail de Mauves en Vert 2023 : Course Nature 15 km Page 1<\/a><\/li>\n\n\n\n<li><a href=\"http:\/\/js-photo.fr\/acceuil\/trail-de-mauves-en-vert-2023-course-nature-15-km-page-2\" data-type=\"page\" data-id=\"43720\">Trail de Mauves en Vert 2023 : Course Nature 15 km Page 2<\/a><\/li>\n\n\n\n<li><a href=\"http:\/\/js-photo.fr\/acceuil\/trail-de-mauves-en-vert-2023-course-nature-15-km-page-3\" data-type=\"page\" data-id=\"43722\">Trail de Mauves en Vert 2023 : Course Nature 15 km Page 3<\/a><\/li>\n\n\n\n<li><a href=\"http:\/\/js-photo.fr\/acceuil\/trail-de-mauves-en-vert-2023-course-nature-15-km-page-4\" data-type=\"page\" data-id=\"43724\">Trail de Mauves en Vert 2023 : Course Nature 15 km Page 4<\/a><\/li>\n\n\n\n<li><a href=\"http:\/\/js-photo.fr\/acceuil\/trail-de-mauves-en-vert-2023-course-nature-15-km-page-5\" data-type=\"page\" data-id=\"43726\">Trail de Mauves en Vert 2023 : Course Nature 15 km Page 5<\/a><\/li>\n\n\n\n<li><a href=\"http:\/\/js-photo.fr\/acceuil\/trail-de-mauves-en-vert-2023-course-nature-15-km-page-6\" data-type=\"page\" data-id=\"43728\">Trail de Mauves en Vert 2023 : Course Nature 15 km Page 6<\/a><\/li>\n\n\n\n<li><a href=\"http:\/\/js-photo.fr\/acceuil\/trail-de-mauves-en-vert-2023-course-nature-15-km-page-7\" data-type=\"page\" data-id=\"43730\">Trail de Mauves en Vert 2023 : Course Nature 15 km Page 7<\/a><\/li>\n\n\n\n<li><a href=\"http:\/\/js-photo.fr\/acceuil\/trail-de-mauves-en-vert-2023-course-nature-15-km-page-8\" data-type=\"page\" data-id=\"43732\">Trail de Mauves en Vert 2023 : Course Nature 15 km Page 8<\/a><\/li>\n\n\n\n<li class=\"has-medium-font-size\">N&rsquo;h\u00e9sitez pas \u00e0 partager, identifier, suivre et aimer ma page <a href=\"https:\/\/www.facebook.com\/jsphoto.fr\" data-type=\"link\" data-id=\"https:\/\/www.facebook.com\/jsphoto.fr\">Facebook<\/a> . Si vous apparaissez sur l\u2019une des photos pr\u00e9sentes sur l\u2019une des pages de mon site, et que vous voulez obtenir la ou les photos, contactez-moi en pr\u00e9cisant le num\u00e9ro de la photo (en faisant un clic droit) et le num\u00e9ro de dossard \u00e0 <a href=\"mailto:jsphoto@hotmail.fr\">jsphoto@hotmail.fr<\/a><\/li>\n<\/ul>\n<\/li>\n<\/ul>\n","protected":false},"excerpt":{"rendered":"","protected":false},"author":1,"featured_media":0,"parent":0,"menu_order":0,"comment_status":"open","ping_status":"closed","template":"","meta":{"footnotes":""},"class_list":["post-43732","page","type-page","status-publish","hentry"],"_links":{"self":[{"href":"http:\/\/js-photo.fr\/acceuil\/wp-json\/wp\/v2\/pages\/43732","targetHints":{"allow":["GET"]}}],"collection":[{"href":"http:\/\/js-photo.fr\/acceuil\/wp-json\/wp\/v2\/pages"}],"about":[{"href":"http:\/\/js-photo.fr\/acceuil\/wp-json\/wp\/v2\/types\/page"}],"author":[{"embeddable":true,"href":"http:\/\/js-photo.fr\/acceuil\/wp-json\/wp\/v2\/users\/1"}],"replies":[{"embeddable":true,"href":"http:\/\/js-photo.fr\/acceuil\/wp-json\/wp\/v2\/comments?post=43732"}],"version-history":[{"count":4,"href":"http:\/\/js-photo.fr\/acceuil\/wp-json\/wp\/v2\/pages\/43732\/revisions"}],"predecessor-version":[{"id":44339,"href":"http:\/\/js-photo.fr\/acceuil\/wp-json\/wp\/v2\/pages\/43732\/revisions\/44339"}],"wp:attachment":[{"href":"http:\/\/js-photo.fr\/acceuil\/wp-json\/wp\/v2\/media?parent=43732"}],"curies":[{"name":"wp","href":"https:\/\/api.w.org\/{rel}","templated":true}]}}