{"id":42631,"date":"2023-09-25T20:43:30","date_gmt":"2023-09-25T19:43:30","guid":{"rendered":"http:\/\/js-photo.fr\/acceuil\/?page_id=42631"},"modified":"2023-09-25T21:09:49","modified_gmt":"2023-09-25T20:09:49","slug":"suce-sur-raid-24-septembre-2023","status":"publish","type":"page","link":"http:\/\/js-photo.fr\/acceuil\/suce-sur-raid-24-septembre-2023","title":{"rendered":"Suc\u00e9-sur-Raid, 24 septembre 2023"},"content":{"rendered":"\n<p class=\"has-medium-font-size\">Le Suc\u00e9-sur-Raid est un raid multisport (ou raid aventure) qui consiste \u00e0 un encha\u00eenement d\u2019\u00e9preuves (course \u00e0 pied, cano\u00eb, VTT plus trois \u00e9preuves surprises). Il se pratique toujours en \u00e9quipe de trois, cent \u00e9quipes \u00e9taient inscrites. 25 kilom\u00e8tres de VTT, sur le beau terrain de jeu entre le port de Suc\u00e9-sur-Erdre, la plaine de Mazerolles, l\u2019Erdre, les belles demeures, la V\u00e9lodyss\u00e9e et les chemins de randonn\u00e9e. 4 KM de cano\u00eb sur la plus belle rivi\u00e8re de France. 9 KM de courses \u00e0 pied dans la campagne Suc\u00e9\u00e8nne ainsi  que 3 \u00e9preuves individuelles surprises pour gagner du temps\u2026 ou en perdre, tir \u00e0 la carabine, escalade, et rameur. Au cours des diff\u00e9rentes \u00e9preuves, une carte \u00e0 d\u00e9chiffrer et des balises \u00e0 trouver.<\/p>\n\n\n\n<figure class=\"wp-block-gallery has-nested-images columns-default is-cropped wp-block-gallery-2 is-layout-flex wp-block-gallery-is-layout-flex\">\n<figure class=\"wp-block-image size-large\"><img decoding=\"async\" data-id=\"42647\" src=\"http:\/\/js-photo.fr\/wp-content\/uploads\/2023\/09\/RaidSuce20230001-402x559.jpg\" alt=\"\" class=\"wp-image-42647\"\/><\/figure>\n<\/figure>\n\n\n\n<ul class=\"wp-block-list\">\n<li class=\"has-large-font-size\">Toutes les photos :\n<ul class=\"wp-block-list\">\n<li class=\"has-large-font-size\"><a href=\"http:\/\/js-photo.fr\/acceuil\/suce-sur-raid-24-septembre-2023\/suce-sur-raid-24-septembre-2023-page-1\" data-type=\"page\" data-id=\"42633\">Suc\u00e9-sur-Raid, 24 septembre 2023 page 1<\/a><\/li>\n\n\n\n<li class=\"has-large-font-size\"><a href=\"http:\/\/js-photo.fr\/acceuil\/suce-sur-raid-24-septembre-2023\/suce-sur-raid-24-septembre-2023-page-2\" data-type=\"page\" data-id=\"42635\">Suc\u00e9-sur-Raid, 24 septembre 2023 page 2<\/a><\/li>\n\n\n\n<li class=\"has-large-font-size\"><a href=\"http:\/\/js-photo.fr\/acceuil\/suce-sur-raid-24-septembre-2023\/suce-sur-raid-24-septembre-2023-page-3\" data-type=\"page\" data-id=\"42637\">Suc\u00e9-sur-Raid, 24 septembre 2023 page 3<\/a><\/li>\n\n\n\n<li class=\"has-large-font-size\"><a href=\"http:\/\/js-photo.fr\/acceuil\/suce-sur-raid-24-septembre-2023\/suce-sur-raid-24-septembre-2023-page-4\" data-type=\"page\" data-id=\"42639\">Suc\u00e9-sur-Raid, 24 septembre 2023 page 4<\/a><\/li>\n\n\n\n<li class=\"has-large-font-size\"><a href=\"http:\/\/js-photo.fr\/acceuil\/suce-sur-raid-24-septembre-2023\/suce-sur-raid-24-septembre-2023-page-5\" data-type=\"page\" data-id=\"42641\">Suc\u00e9-sur-Raid, 24 septembre 2023 page 5<\/a><\/li>\n\n\n\n<li class=\"has-large-font-size\"><a href=\"http:\/\/js-photo.fr\/acceuil\/suce-sur-raid-24-septembre-2023\/suce-sur-raid-24-septembre-2023-page-6\" data-type=\"page\" data-id=\"42643\">Suc\u00e9-sur-Raid, 24 septembre 2023 page 6<\/a><\/li>\n\n\n\n<li class=\"has-large-font-size\"><a href=\"http:\/\/js-photo.fr\/acceuil\/suce-sur-raid-24-septembre-2023\/suce-sur-raid-24-septembre-2023-page-7\" data-type=\"page\" data-id=\"42645\">Suc\u00e9-sur-Raid, 24 septembre 2023 page 7<\/a><\/li>\n\n\n\n<li class=\"has-medium-font-size\">N&rsquo;h\u00e9sitez pas \u00e0 partager, identifier, suivre et aimer ma page <a href=\"https:\/\/www.facebook.com\/jsphoto.fr\" data-type=\"link\" data-id=\"https:\/\/www.facebook.com\/jsphoto.fr\">Facebook<\/a> . Si vous apparaissez sur l\u2019une des photos pr\u00e9sentes sur l\u2019une des pages de mon site, et que vous voulez obtenir la ou les photos, contactez-moi en pr\u00e9cisant le num\u00e9ro de la photo (en faisant un clic droit) et le num\u00e9ro de dossard \u00e0 <a href=\"mailto:jsphoto@hotmail.fr\">jsphoto@hotmail.fr<\/a><\/li>\n<\/ul>\n<\/li>\n<\/ul>\n","protected":false},"excerpt":{"rendered":"<p>Le Suc\u00e9-sur-Raid est un raid multisport (ou raid aventure) qui consiste \u00e0 un encha\u00eenement d\u2019\u00e9preuves (course \u00e0 pied, cano\u00eb, VTT plus trois \u00e9preuves surprises). Il &hellip; <\/p>\n","protected":false},"author":1,"featured_media":0,"parent":0,"menu_order":0,"comment_status":"open","ping_status":"closed","template":"","meta":{"footnotes":""},"class_list":["post-42631","page","type-page","status-publish","hentry"],"_links":{"self":[{"href":"http:\/\/js-photo.fr\/acceuil\/wp-json\/wp\/v2\/pages\/42631","targetHints":{"allow":["GET"]}}],"collection":[{"href":"http:\/\/js-photo.fr\/acceuil\/wp-json\/wp\/v2\/pages"}],"about":[{"href":"http:\/\/js-photo.fr\/acceuil\/wp-json\/wp\/v2\/types\/page"}],"author":[{"embeddable":true,"href":"http:\/\/js-photo.fr\/acceuil\/wp-json\/wp\/v2\/users\/1"}],"replies":[{"embeddable":true,"href":"http:\/\/js-photo.fr\/acceuil\/wp-json\/wp\/v2\/comments?post=42631"}],"version-history":[{"count":2,"href":"http:\/\/js-photo.fr\/acceuil\/wp-json\/wp\/v2\/pages\/42631\/revisions"}],"predecessor-version":[{"id":42650,"href":"http:\/\/js-photo.fr\/acceuil\/wp-json\/wp\/v2\/pages\/42631\/revisions\/42650"}],"wp:attachment":[{"href":"http:\/\/js-photo.fr\/acceuil\/wp-json\/wp\/v2\/media?parent=42631"}],"curies":[{"name":"wp","href":"https:\/\/api.w.org\/{rel}","templated":true}]}}