{"id":30341,"date":"2023-05-10T20:53:42","date_gmt":"2023-05-10T19:53:42","guid":{"rendered":"http:\/\/js-photo.fr\/?page_id=30341"},"modified":"2023-05-10T21:09:15","modified_gmt":"2023-05-10T20:09:15","slug":"courses-cyclistes-blain","status":"publish","type":"page","link":"http:\/\/js-photo.fr\/acceuil\/courses-cyclistes-blain","title":{"rendered":"Courses cyclistes Blain"},"content":{"rendered":"\n<p class=\"has-medium-font-size\">07 mai 2023 : En poste depuis quelques mois, les deux copr\u00e9sidents, Alban Villeneuve et Alexis Poulaud sont les nouveaux dirigeants du VCB (V\u00e9lo Club Blinois), ils organisaient deux \u00e9preuves cyclistes ce dimanche 7 mai. La premi\u00e8re \u00e9preuve, r\u00e9serv\u00e9e aux Access 1-2-3-4 se d\u00e9roulait sur la boucle de 2.8 kilom\u00e8tres avec 25 tours au programme. L\u2019\u00e9preuve principale de la journ\u00e9e, la course en ligne r\u00e9serv\u00e9e aux Open 2 et 3 sur 105 kilom\u00e8tres comprenaient plusieurs mont\u00e9es avec de forts pourcentages, pour se retrouver sur la boucle de 2.8 kilom\u00e8tres avec 12 tours au programme.<\/p>\n\n\n\n<ul class=\"wp-block-list\">\n<li>Les photos courses Open 2 et 3 r\u00e9parties en 5 pages  et Access 1-2-3-4, 1 page:\n<ul class=\"wp-block-list\">\n<li><a href=\"http:\/\/js-photo.fr\/courses-cyclistes-blain\/courses-cyclistes-blain-open-2-et-3-page-1\" data-type=\"page\" data-id=\"30343\">Courses cyclistes Blain Open 2 et 3 Page 1<\/a><\/li>\n\n\n\n<li><a href=\"http:\/\/js-photo.fr\/courses-cyclistes-blain-open-2-et-3-page-2\" data-type=\"page\" data-id=\"30345\">Courses cyclistes Blain Open 2 et 3 Page 2<\/a><\/li>\n\n\n\n<li><a href=\"http:\/\/js-photo.fr\/courses-cyclistes-blain-open-2-et-3-page-3\" data-type=\"page\" data-id=\"30347\">Courses cyclistes Blain Open 2 et 3 Page 3<\/a><\/li>\n\n\n\n<li><a href=\"http:\/\/js-photo.fr\/courses-cyclistes-blain-open-2-et-3-page-4\" data-type=\"page\" data-id=\"30349\">Courses cyclistes Blain Open 2 et 3 Page 4<\/a><\/li>\n\n\n\n<li><a href=\"http:\/\/js-photo.fr\/courses-cyclistes-blain-open-2-et-3-page-5\" data-type=\"page\" data-id=\"30351\">Courses cyclistes Blain Open 2 et 3 Page 5<\/a><\/li>\n\n\n\n<li><a href=\"http:\/\/js-photo.fr\/courses-cyclistes-blain-access-1-2-3-4\" data-type=\"page\" data-id=\"30353\">Courses cyclistes Blain Access 1-2-3-4<\/a><\/li>\n<\/ul>\n<\/li>\n<\/ul>\n","protected":false},"excerpt":{"rendered":"<p>07 mai 2023 : En poste depuis quelques mois, les deux copr\u00e9sidents, Alban Villeneuve et Alexis Poulaud sont les nouveaux dirigeants du VCB (V\u00e9lo Club &hellip; <\/p>\n","protected":false},"author":1,"featured_media":0,"parent":0,"menu_order":0,"comment_status":"open","ping_status":"closed","template":"","meta":{"footnotes":""},"class_list":["post-30341","page","type-page","status-publish","hentry"],"_links":{"self":[{"href":"http:\/\/js-photo.fr\/acceuil\/wp-json\/wp\/v2\/pages\/30341","targetHints":{"allow":["GET"]}}],"collection":[{"href":"http:\/\/js-photo.fr\/acceuil\/wp-json\/wp\/v2\/pages"}],"about":[{"href":"http:\/\/js-photo.fr\/acceuil\/wp-json\/wp\/v2\/types\/page"}],"author":[{"embeddable":true,"href":"http:\/\/js-photo.fr\/acceuil\/wp-json\/wp\/v2\/users\/1"}],"replies":[{"embeddable":true,"href":"http:\/\/js-photo.fr\/acceuil\/wp-json\/wp\/v2\/comments?post=30341"}],"version-history":[{"count":2,"href":"http:\/\/js-photo.fr\/acceuil\/wp-json\/wp\/v2\/pages\/30341\/revisions"}],"predecessor-version":[{"id":30438,"href":"http:\/\/js-photo.fr\/acceuil\/wp-json\/wp\/v2\/pages\/30341\/revisions\/30438"}],"wp:attachment":[{"href":"http:\/\/js-photo.fr\/acceuil\/wp-json\/wp\/v2\/media?parent=30341"}],"curies":[{"name":"wp","href":"https:\/\/api.w.org\/{rel}","templated":true}]}}