{"id":28251,"date":"2023-05-01T05:13:52","date_gmt":"2023-05-01T04:13:52","guid":{"rendered":"http:\/\/js-photo.fr\/?page_id=28251"},"modified":"2023-05-01T05:30:29","modified_gmt":"2023-05-01T04:30:29","slug":"trail-de-la-carriere-2023","status":"publish","type":"page","link":"http:\/\/js-photo.fr\/acceuil\/trail-de-la-carriere-2023","title":{"rendered":"Trail de la carri\u00e8re 2023"},"content":{"rendered":"\n<p>Cinqui\u00e8me \u00e9dition du Trail de la Carri\u00e8re avec 3 \u00e9preuves au programme. Une Course Nature de 13km, un Trail de 27km et une Marche Nordique chronom\u00e9tr\u00e9e de 16km. Les circuits empruntaient un maximum de chemins (~95%).<\/p>\n\n\n\n<p>Les coureurs ont pu d\u00e9couvrir la Carri\u00e8re Chass\u00e9 , la campagne de Petit-Mars, et pour les trailers du 27 kilom\u00e8tres, ils ont pu d\u00e9couvrir les all\u00e9es de la p\u00e9pini\u00e8res du Val d&rsquo;Erdre. <\/p>\n\n\n\n<ul class=\"wp-block-list\">\n<li>Plus de 1000 photos r\u00e9parties en 13 pages :\n<ul class=\"wp-block-list\">\n<li><a href=\"http:\/\/js-photo.fr\/trail-de-la-carriere-2023-page-1\" data-type=\"page\" data-id=\"28253\">Trail de la carri\u00e8re 2023 Page 1<\/a><\/li>\n\n\n\n<li><a href=\"http:\/\/js-photo.fr\/trail-de-la-carriere-2023-page-2\" data-type=\"page\" data-id=\"28255\">Trail de la carri\u00e8re 2023 Page 2<\/a><\/li>\n\n\n\n<li><a href=\"http:\/\/js-photo.fr\/trail-de-la-carriere-2023-page-3\" data-type=\"page\" data-id=\"28262\">Trail de la carri\u00e8re 2023 Page 3<\/a><\/li>\n\n\n\n<li><a href=\"http:\/\/js-photo.fr\/trail-de-la-carriere-2023-page-4\" data-type=\"page\" data-id=\"28264\">Trail de la carri\u00e8re 2023 Page 4<\/a><\/li>\n\n\n\n<li><a href=\"http:\/\/js-photo.fr\/trail-de-la-carriere-2023-page-5\" data-type=\"page\" data-id=\"28266\">Trail de la carri\u00e8re 2023 Page 5<\/a><\/li>\n\n\n\n<li><a href=\"http:\/\/js-photo.fr\/trail-de-la-carriere-2023-page-6\" data-type=\"page\" data-id=\"28268\">Trail de la carri\u00e8re 2023 Page 6<\/a><\/li>\n\n\n\n<li><a href=\"http:\/\/js-photo.fr\/trail-de-la-carriere-2023-page-7\" data-type=\"page\" data-id=\"28270\">Trail de la carri\u00e8re 2023 Page 7<\/a><\/li>\n\n\n\n<li><a href=\"http:\/\/js-photo.fr\/trail-de-la-carriere-2023-page-8\" data-type=\"page\" data-id=\"28272\">Trail de la carri\u00e8re 2023 Page 8<\/a><\/li>\n\n\n\n<li><a href=\"http:\/\/js-photo.fr\/trail-de-la-carriere-2023-page-9\" data-type=\"page\" data-id=\"28274\">Trail de la carri\u00e8re 2023 Page 9<\/a><\/li>\n\n\n\n<li><a href=\"http:\/\/js-photo.fr\/trail-de-la-carriere-2023-page-10\" data-type=\"page\" data-id=\"28276\">Trail de la carri\u00e8re 2023 Page 10<\/a><\/li>\n\n\n\n<li><a href=\"http:\/\/js-photo.fr\/trail-de-la-carriere-2023-page-11\" data-type=\"page\" data-id=\"28278\">Trail de la carri\u00e8re 2023 Page 11<\/a><\/li>\n\n\n\n<li><a href=\"http:\/\/js-photo.fr\/trail-de-la-carriere-2023-page-12\" data-type=\"page\" data-id=\"28280\">Trail de la carri\u00e8re 2023 Page 12<\/a><\/li>\n\n\n\n<li><a href=\"http:\/\/js-photo.fr\/trail-de-la-carriere-2023-page-13\" data-type=\"page\" data-id=\"28282\">Trail de la carri\u00e8re 2023 Page 13<\/a><\/li>\n<\/ul>\n<\/li>\n<\/ul>\n\n\n\n<figure class=\"wp-block-gallery has-nested-images columns-default is-cropped wp-block-gallery-2 is-layout-flex wp-block-gallery-is-layout-flex\">\n<figure class=\"wp-block-image size-large\"><img loading=\"lazy\" decoding=\"async\" width=\"450\" height=\"626\" data-id=\"28257\" src=\"http:\/\/js-photo.fr\/wp-content\/uploads\/2023\/05\/Trailcarriere20230001.jpg\" alt=\"\" class=\"wp-image-28257\" srcset=\"http:\/\/js-photo.fr\/wp-content\/uploads\/2023\/05\/Trailcarriere20230001.jpg 450w, http:\/\/js-photo.fr\/wp-content\/uploads\/2023\/05\/Trailcarriere20230001-402x559.jpg 402w\" sizes=\"auto, (max-width: 450px) 100vw, 450px\" \/><\/figure>\n<\/figure>\n\n\n\n<h1 class=\"wp-block-heading\"><\/h1>\n","protected":false},"excerpt":{"rendered":"<p>Cinqui\u00e8me \u00e9dition du Trail de la Carri\u00e8re avec 3 \u00e9preuves au programme. Une Course Nature de 13km, un Trail de 27km et une Marche Nordique &hellip; <\/p>\n","protected":false},"author":1,"featured_media":0,"parent":0,"menu_order":0,"comment_status":"open","ping_status":"closed","template":"","meta":{"footnotes":""},"class_list":["post-28251","page","type-page","status-publish","hentry"],"_links":{"self":[{"href":"http:\/\/js-photo.fr\/acceuil\/wp-json\/wp\/v2\/pages\/28251","targetHints":{"allow":["GET"]}}],"collection":[{"href":"http:\/\/js-photo.fr\/acceuil\/wp-json\/wp\/v2\/pages"}],"about":[{"href":"http:\/\/js-photo.fr\/acceuil\/wp-json\/wp\/v2\/types\/page"}],"author":[{"embeddable":true,"href":"http:\/\/js-photo.fr\/acceuil\/wp-json\/wp\/v2\/users\/1"}],"replies":[{"embeddable":true,"href":"http:\/\/js-photo.fr\/acceuil\/wp-json\/wp\/v2\/comments?post=28251"}],"version-history":[{"count":5,"href":"http:\/\/js-photo.fr\/acceuil\/wp-json\/wp\/v2\/pages\/28251\/revisions"}],"predecessor-version":[{"id":28290,"href":"http:\/\/js-photo.fr\/acceuil\/wp-json\/wp\/v2\/pages\/28251\/revisions\/28290"}],"wp:attachment":[{"href":"http:\/\/js-photo.fr\/acceuil\/wp-json\/wp\/v2\/media?parent=28251"}],"curies":[{"name":"wp","href":"https:\/\/api.w.org\/{rel}","templated":true}]}}