{"id":27132,"date":"2023-04-30T16:58:25","date_gmt":"2023-04-30T15:58:25","guid":{"rendered":"http:\/\/js-photo.fr\/?page_id=27132"},"modified":"2023-04-30T17:08:01","modified_gmt":"2023-04-30T16:08:01","slug":"semi-marathon-de-nantes","status":"publish","type":"page","link":"http:\/\/js-photo.fr\/acceuil\/semi-marathon-de-nantes","title":{"rendered":"Semi-Marathon de Nantes 2023"},"content":{"rendered":"\n<p>23 avril 2023 : 41\u00e8me marathon de Nantes. Pour sa 41\u00e8me \u00e9dition, le marathon de Nantes a battu un record avec plus de 17 000 inscrits dans les 3 \u00e9preuves au programme, les foul\u00e9es de l&rsquo;\u00e9l\u00e9phant (10 km le samedi soir), le semi marathon (21 km) ces photos et le marathon (42 km). Le dimanche matin, les participants au marathon et semi marathon ont du brav\u00e9s les \u00e9l\u00e9ments , avec  le froid, la pluie et le vent.<\/p>\n\n\n\n<ul class=\"wp-block-list\">\n<li>Plus de 1050 photos r\u00e9parties en 14 pages :\n<ul class=\"wp-block-list\">\n<li><a href=\"http:\/\/js-photo.fr\/semi-marathon-de-nantes-page-1\" data-type=\"page\" data-id=\"27134\">Semi-Marathon de Nantes Page 1<\/a><\/li>\n\n\n\n<li><a href=\"http:\/\/js-photo.fr\/semi-marathon-de-nantes-page-2\" data-type=\"page\" data-id=\"27136\">Semi-Marathon de Nantes Page 2<\/a><\/li>\n\n\n\n<li><a href=\"http:\/\/js-photo.fr\/semi-marathon-de-nantes-page-3\" data-type=\"page\" data-id=\"27138\">Semi-Marathon de Nantes Page 3<\/a><\/li>\n\n\n\n<li><a href=\"http:\/\/js-photo.fr\/semi-marathon-de-nantes-page-4\" data-type=\"page\" data-id=\"27140\">Semi-Marathon de Nantes Page 4<\/a><\/li>\n\n\n\n<li><a href=\"http:\/\/js-photo.fr\/semi-marathon-de-nantes-page-5\" data-type=\"page\" data-id=\"27142\">Semi-Marathon de Nantes Page 5<\/a><\/li>\n\n\n\n<li><a href=\"http:\/\/js-photo.fr\/semi-marathon-de-nantes-page-6\" data-type=\"page\" data-id=\"27144\">Semi-Marathon de Nantes Page 6<\/a><\/li>\n\n\n\n<li><a href=\"http:\/\/js-photo.fr\/semi-marathon-de-nantes-page-7\" data-type=\"page\" data-id=\"27146\">Semi-Marathon de Nantes Page 7<\/a><\/li>\n\n\n\n<li><a href=\"http:\/\/js-photo.fr\/semi-marathon-de-nantes-page-8\" data-type=\"page\" data-id=\"27148\">Semi-Marathon de Nantes Page 8<\/a><\/li>\n\n\n\n<li><a href=\"http:\/\/js-photo.fr\/semi-marathon-de-nantes-page-9\" data-type=\"page\" data-id=\"27150\">Semi-Marathon de Nantes Page 9<\/a><\/li>\n\n\n\n<li><a href=\"http:\/\/js-photo.fr\/semi-marathon-de-nantes-page-10\" data-type=\"page\" data-id=\"27152\">Semi-Marathon de Nantes Page 10<\/a><\/li>\n\n\n\n<li><a href=\"http:\/\/js-photo.fr\/semi-marathon-de-nantes-page-11\" data-type=\"page\" data-id=\"27154\">Semi-Marathon de Nantes Page 11<\/a><\/li>\n\n\n\n<li><a href=\"http:\/\/js-photo.fr\/semi-marathon-de-nantes-page-12\" data-type=\"page\" data-id=\"27156\">Semi-Marathon de Nantes Page 12<\/a><\/li>\n\n\n\n<li><a href=\"http:\/\/js-photo.fr\/semi-marathon-de-nantes-page-13\" data-type=\"page\" data-id=\"27158\">Semi-Marathon de Nantes Page 13<\/a><\/li>\n\n\n\n<li><a href=\"http:\/\/js-photo.fr\/semi-marathon-de-nantes-page-14\" data-type=\"page\" data-id=\"27160\">Semi-Marathon de Nantes Page 14<\/a><\/li>\n<\/ul>\n<\/li>\n<\/ul>\n","protected":false},"excerpt":{"rendered":"<p>23 avril 2023 : 41\u00e8me marathon de Nantes. Pour sa 41\u00e8me \u00e9dition, le marathon de Nantes a battu un record avec plus de 17 000 &hellip; <\/p>\n","protected":false},"author":1,"featured_media":0,"parent":0,"menu_order":0,"comment_status":"closed","ping_status":"closed","template":"","meta":{"footnotes":""},"class_list":["post-27132","page","type-page","status-publish","hentry"],"_links":{"self":[{"href":"http:\/\/js-photo.fr\/acceuil\/wp-json\/wp\/v2\/pages\/27132","targetHints":{"allow":["GET"]}}],"collection":[{"href":"http:\/\/js-photo.fr\/acceuil\/wp-json\/wp\/v2\/pages"}],"about":[{"href":"http:\/\/js-photo.fr\/acceuil\/wp-json\/wp\/v2\/types\/page"}],"author":[{"embeddable":true,"href":"http:\/\/js-photo.fr\/acceuil\/wp-json\/wp\/v2\/users\/1"}],"replies":[{"embeddable":true,"href":"http:\/\/js-photo.fr\/acceuil\/wp-json\/wp\/v2\/comments?post=27132"}],"version-history":[{"count":2,"href":"http:\/\/js-photo.fr\/acceuil\/wp-json\/wp\/v2\/pages\/27132\/revisions"}],"predecessor-version":[{"id":27164,"href":"http:\/\/js-photo.fr\/acceuil\/wp-json\/wp\/v2\/pages\/27132\/revisions\/27164"}],"wp:attachment":[{"href":"http:\/\/js-photo.fr\/acceuil\/wp-json\/wp\/v2\/media?parent=27132"}],"curies":[{"name":"wp","href":"https:\/\/api.w.org\/{rel}","templated":true}]}}