{"id":2621,"date":"2022-05-22T19:35:30","date_gmt":"2022-05-22T19:35:30","guid":{"rendered":"http:\/\/js-photo.fr\/?page_id=2621"},"modified":"2022-05-23T18:53:48","modified_gmt":"2022-05-23T18:53:48","slug":"marsac-2022-page-1","status":"publish","type":"page","link":"http:\/\/js-photo.fr\/acceuil\/marsac-2022-page-1","title":{"rendered":"Randonn\u00e9e Marsac 2022"},"content":{"rendered":"\n<p class=\"has-large-font-size\"><span style=\"text-decoration: underline\" class=\"underline\"><strong>22 mai 2022<\/strong> : Randonn\u00e9e Marsac-sur-Don<\/span>:<\/p>\n\n\n\n<p>Plus de 900 participants  r\u00e9unis ce dimanche aux \u00e9tangs de Marsac-sur-Don pour une randonn\u00e9e.<\/p>\n\n\n\n<figure class=\"wp-block-gallery has-nested-images columns-1 is-cropped wp-block-gallery-2 is-layout-flex wp-block-gallery-is-layout-flex\">\n<figure class=\"wp-block-image size-full\"><img loading=\"lazy\" decoding=\"async\" width=\"826\" height=\"559\" data-id=\"2622\" src=\"http:\/\/js-photo.fr\/wp-content\/uploads\/2022\/05\/Marsac20220001.jpg\" alt=\"\" class=\"wp-image-2622\" srcset=\"http:\/\/js-photo.fr\/wp-content\/uploads\/2022\/05\/Marsac20220001.jpg 826w, http:\/\/js-photo.fr\/wp-content\/uploads\/2022\/05\/Marsac20220001-768x520.jpg 768w\" sizes=\"auto, (max-width: 826px) 100vw, 826px\" \/><\/figure>\n\n\n\n<figure class=\"wp-block-image size-full\"><img loading=\"lazy\" decoding=\"async\" width=\"826\" height=\"559\" data-id=\"2623\" src=\"http:\/\/js-photo.fr\/wp-content\/uploads\/2022\/05\/Marsac20220002.jpg\" alt=\"\" class=\"wp-image-2623\" srcset=\"http:\/\/js-photo.fr\/wp-content\/uploads\/2022\/05\/Marsac20220002.jpg 826w, http:\/\/js-photo.fr\/wp-content\/uploads\/2022\/05\/Marsac20220002-768x520.jpg 768w\" sizes=\"auto, (max-width: 826px) 100vw, 826px\" \/><\/figure>\n\n\n\n<figure class=\"wp-block-image size-full\"><img loading=\"lazy\" decoding=\"async\" width=\"826\" height=\"559\" data-id=\"2624\" src=\"http:\/\/js-photo.fr\/wp-content\/uploads\/2022\/05\/Marsac20220003.jpg\" alt=\"\" class=\"wp-image-2624\" srcset=\"http:\/\/js-photo.fr\/wp-content\/uploads\/2022\/05\/Marsac20220003.jpg 826w, http:\/\/js-photo.fr\/wp-content\/uploads\/2022\/05\/Marsac20220003-768x520.jpg 768w\" sizes=\"auto, (max-width: 826px) 100vw, 826px\" \/><\/figure>\n\n\n\n<figure class=\"wp-block-image size-full\"><img loading=\"lazy\" decoding=\"async\" width=\"826\" height=\"559\" data-id=\"2630\" src=\"http:\/\/js-photo.fr\/wp-content\/uploads\/2022\/05\/Marsac20220004.jpg\" alt=\"\" class=\"wp-image-2630\" srcset=\"http:\/\/js-photo.fr\/wp-content\/uploads\/2022\/05\/Marsac20220004.jpg 826w, http:\/\/js-photo.fr\/wp-content\/uploads\/2022\/05\/Marsac20220004-768x520.jpg 768w\" sizes=\"auto, (max-width: 826px) 100vw, 826px\" \/><\/figure>\n\n\n\n<figure class=\"wp-block-image size-full\"><img loading=\"lazy\" decoding=\"async\" width=\"826\" height=\"559\" data-id=\"2628\" src=\"http:\/\/js-photo.fr\/wp-content\/uploads\/2022\/05\/Marsac20220005.jpg\" alt=\"\" class=\"wp-image-2628\" srcset=\"http:\/\/js-photo.fr\/wp-content\/uploads\/2022\/05\/Marsac20220005.jpg 826w, http:\/\/js-photo.fr\/wp-content\/uploads\/2022\/05\/Marsac20220005-768x520.jpg 768w\" sizes=\"auto, (max-width: 826px) 100vw, 826px\" \/><\/figure>\n\n\n\n<figure class=\"wp-block-image size-full\"><img loading=\"lazy\" decoding=\"async\" width=\"826\" height=\"559\" data-id=\"2632\" src=\"http:\/\/js-photo.fr\/wp-content\/uploads\/2022\/05\/Marsac20220006.jpg\" alt=\"\" class=\"wp-image-2632\" srcset=\"http:\/\/js-photo.fr\/wp-content\/uploads\/2022\/05\/Marsac20220006.jpg 826w, http:\/\/js-photo.fr\/wp-content\/uploads\/2022\/05\/Marsac20220006-768x520.jpg 768w\" sizes=\"auto, (max-width: 826px) 100vw, 826px\" \/><\/figure>\n\n\n\n<figure class=\"wp-block-image size-full\"><img loading=\"lazy\" decoding=\"async\" width=\"826\" height=\"559\" data-id=\"2625\" src=\"http:\/\/js-photo.fr\/wp-content\/uploads\/2022\/05\/Marsac20220007.jpg\" alt=\"\" class=\"wp-image-2625\" srcset=\"http:\/\/js-photo.fr\/wp-content\/uploads\/2022\/05\/Marsac20220007.jpg 826w, http:\/\/js-photo.fr\/wp-content\/uploads\/2022\/05\/Marsac20220007-768x520.jpg 768w\" sizes=\"auto, (max-width: 826px) 100vw, 826px\" \/><\/figure>\n\n\n\n<figure class=\"wp-block-image size-full\"><img loading=\"lazy\" decoding=\"async\" width=\"826\" height=\"559\" data-id=\"2626\" src=\"http:\/\/js-photo.fr\/wp-content\/uploads\/2022\/05\/Marsac20220008.jpg\" alt=\"\" class=\"wp-image-2626\" srcset=\"http:\/\/js-photo.fr\/wp-content\/uploads\/2022\/05\/Marsac20220008.jpg 826w, http:\/\/js-photo.fr\/wp-content\/uploads\/2022\/05\/Marsac20220008-768x520.jpg 768w\" sizes=\"auto, (max-width: 826px) 100vw, 826px\" \/><\/figure>\n\n\n\n<figure class=\"wp-block-image size-full\"><img loading=\"lazy\" decoding=\"async\" width=\"826\" height=\"559\" data-id=\"2627\" src=\"http:\/\/js-photo.fr\/wp-content\/uploads\/2022\/05\/Marsac20220009.jpg\" alt=\"\" class=\"wp-image-2627\" srcset=\"http:\/\/js-photo.fr\/wp-content\/uploads\/2022\/05\/Marsac20220009.jpg 826w, http:\/\/js-photo.fr\/wp-content\/uploads\/2022\/05\/Marsac20220009-768x520.jpg 768w\" sizes=\"auto, (max-width: 826px) 100vw, 826px\" \/><\/figure>\n\n\n\n<figure class=\"wp-block-image size-full\"><img loading=\"lazy\" decoding=\"async\" width=\"826\" height=\"559\" data-id=\"2629\" src=\"http:\/\/js-photo.fr\/wp-content\/uploads\/2022\/05\/Marsac20220010.jpg\" alt=\"\" class=\"wp-image-2629\" srcset=\"http:\/\/js-photo.fr\/wp-content\/uploads\/2022\/05\/Marsac20220010.jpg 826w, http:\/\/js-photo.fr\/wp-content\/uploads\/2022\/05\/Marsac20220010-768x520.jpg 768w\" sizes=\"auto, (max-width: 826px) 100vw, 826px\" \/><\/figure>\n\n\n\n<figure class=\"wp-block-image size-full\"><img loading=\"lazy\" decoding=\"async\" width=\"826\" height=\"559\" data-id=\"2631\" src=\"http:\/\/js-photo.fr\/wp-content\/uploads\/2022\/05\/Marsac20220011.jpg\" alt=\"\" class=\"wp-image-2631\" srcset=\"http:\/\/js-photo.fr\/wp-content\/uploads\/2022\/05\/Marsac20220011.jpg 826w, http:\/\/js-photo.fr\/wp-content\/uploads\/2022\/05\/Marsac20220011-768x520.jpg 768w\" sizes=\"auto, (max-width: 826px) 100vw, 826px\" \/><\/figure>\n\n\n\n<figure class=\"wp-block-image size-full\"><img loading=\"lazy\" decoding=\"async\" width=\"826\" height=\"559\" data-id=\"2634\" src=\"http:\/\/js-photo.fr\/wp-content\/uploads\/2022\/05\/Marsac20220012.jpg\" alt=\"\" class=\"wp-image-2634\" srcset=\"http:\/\/js-photo.fr\/wp-content\/uploads\/2022\/05\/Marsac20220012.jpg 826w, http:\/\/js-photo.fr\/wp-content\/uploads\/2022\/05\/Marsac20220012-768x520.jpg 768w\" sizes=\"auto, (max-width: 826px) 100vw, 826px\" \/><\/figure>\n\n\n\n<figure class=\"wp-block-image size-full\"><img loading=\"lazy\" decoding=\"async\" width=\"826\" height=\"559\" data-id=\"2633\" src=\"http:\/\/js-photo.fr\/wp-content\/uploads\/2022\/05\/Marsac20220013.jpg\" alt=\"\" class=\"wp-image-2633\" srcset=\"http:\/\/js-photo.fr\/wp-content\/uploads\/2022\/05\/Marsac20220013.jpg 826w, http:\/\/js-photo.fr\/wp-content\/uploads\/2022\/05\/Marsac20220013-768x520.jpg 768w\" sizes=\"auto, (max-width: 826px) 100vw, 826px\" \/><\/figure>\n\n\n\n<figure class=\"wp-block-image size-full\"><img loading=\"lazy\" decoding=\"async\" width=\"826\" height=\"559\" data-id=\"2635\" src=\"http:\/\/js-photo.fr\/wp-content\/uploads\/2022\/05\/Marsac20220014.jpg\" alt=\"\" class=\"wp-image-2635\" srcset=\"http:\/\/js-photo.fr\/wp-content\/uploads\/2022\/05\/Marsac20220014.jpg 826w, http:\/\/js-photo.fr\/wp-content\/uploads\/2022\/05\/Marsac20220014-768x520.jpg 768w\" sizes=\"auto, (max-width: 826px) 100vw, 826px\" \/><\/figure>\n\n\n\n<figure class=\"wp-block-image size-full\"><img loading=\"lazy\" decoding=\"async\" width=\"826\" height=\"559\" data-id=\"2638\" src=\"http:\/\/js-photo.fr\/wp-content\/uploads\/2022\/05\/Marsac20220015.jpg\" alt=\"\" class=\"wp-image-2638\" srcset=\"http:\/\/js-photo.fr\/wp-content\/uploads\/2022\/05\/Marsac20220015.jpg 826w, http:\/\/js-photo.fr\/wp-content\/uploads\/2022\/05\/Marsac20220015-768x520.jpg 768w\" sizes=\"auto, (max-width: 826px) 100vw, 826px\" \/><\/figure>\n\n\n\n<figure class=\"wp-block-image size-full\"><img loading=\"lazy\" decoding=\"async\" width=\"826\" height=\"559\" data-id=\"2642\" src=\"http:\/\/js-photo.fr\/wp-content\/uploads\/2022\/05\/Marsac20220016.jpg\" alt=\"\" class=\"wp-image-2642\" srcset=\"http:\/\/js-photo.fr\/wp-content\/uploads\/2022\/05\/Marsac20220016.jpg 826w, http:\/\/js-photo.fr\/wp-content\/uploads\/2022\/05\/Marsac20220016-768x520.jpg 768w\" sizes=\"auto, (max-width: 826px) 100vw, 826px\" \/><\/figure>\n\n\n\n<figure class=\"wp-block-image size-full\"><img loading=\"lazy\" decoding=\"async\" width=\"826\" height=\"559\" data-id=\"2636\" src=\"http:\/\/js-photo.fr\/wp-content\/uploads\/2022\/05\/Marsac20220017.jpg\" alt=\"\" class=\"wp-image-2636\" srcset=\"http:\/\/js-photo.fr\/wp-content\/uploads\/2022\/05\/Marsac20220017.jpg 826w, http:\/\/js-photo.fr\/wp-content\/uploads\/2022\/05\/Marsac20220017-768x520.jpg 768w\" sizes=\"auto, (max-width: 826px) 100vw, 826px\" \/><\/figure>\n\n\n\n<figure class=\"wp-block-image size-full\"><img loading=\"lazy\" decoding=\"async\" width=\"826\" height=\"559\" data-id=\"2637\" src=\"http:\/\/js-photo.fr\/wp-content\/uploads\/2022\/05\/Marsac20220018.jpg\" alt=\"\" class=\"wp-image-2637\" srcset=\"http:\/\/js-photo.fr\/wp-content\/uploads\/2022\/05\/Marsac20220018.jpg 826w, http:\/\/js-photo.fr\/wp-content\/uploads\/2022\/05\/Marsac20220018-768x520.jpg 768w\" sizes=\"auto, (max-width: 826px) 100vw, 826px\" \/><\/figure>\n\n\n\n<figure class=\"wp-block-image size-full\"><img loading=\"lazy\" decoding=\"async\" width=\"826\" height=\"559\" data-id=\"2643\" src=\"http:\/\/js-photo.fr\/wp-content\/uploads\/2022\/05\/Marsac20220019.jpg\" alt=\"\" class=\"wp-image-2643\" srcset=\"http:\/\/js-photo.fr\/wp-content\/uploads\/2022\/05\/Marsac20220019.jpg 826w, http:\/\/js-photo.fr\/wp-content\/uploads\/2022\/05\/Marsac20220019-768x520.jpg 768w\" sizes=\"auto, (max-width: 826px) 100vw, 826px\" \/><\/figure>\n\n\n\n<figure class=\"wp-block-image size-full\"><img loading=\"lazy\" decoding=\"async\" width=\"826\" height=\"559\" data-id=\"2639\" src=\"http:\/\/js-photo.fr\/wp-content\/uploads\/2022\/05\/Marsac20220020.jpg\" alt=\"\" class=\"wp-image-2639\" srcset=\"http:\/\/js-photo.fr\/wp-content\/uploads\/2022\/05\/Marsac20220020.jpg 826w, http:\/\/js-photo.fr\/wp-content\/uploads\/2022\/05\/Marsac20220020-768x520.jpg 768w\" sizes=\"auto, (max-width: 826px) 100vw, 826px\" \/><\/figure>\n\n\n\n<figure class=\"wp-block-image size-full\"><img loading=\"lazy\" decoding=\"async\" width=\"826\" height=\"559\" data-id=\"2641\" src=\"http:\/\/js-photo.fr\/wp-content\/uploads\/2022\/05\/Marsac20220021.jpg\" alt=\"\" class=\"wp-image-2641\" srcset=\"http:\/\/js-photo.fr\/wp-content\/uploads\/2022\/05\/Marsac20220021.jpg 826w, http:\/\/js-photo.fr\/wp-content\/uploads\/2022\/05\/Marsac20220021-768x520.jpg 768w\" sizes=\"auto, (max-width: 826px) 100vw, 826px\" \/><\/figure>\n\n\n\n<figure class=\"wp-block-image size-full\"><img loading=\"lazy\" decoding=\"async\" width=\"826\" height=\"559\" data-id=\"2640\" src=\"http:\/\/js-photo.fr\/wp-content\/uploads\/2022\/05\/Marsac20220022.jpg\" alt=\"\" class=\"wp-image-2640\" srcset=\"http:\/\/js-photo.fr\/wp-content\/uploads\/2022\/05\/Marsac20220022.jpg 826w, http:\/\/js-photo.fr\/wp-content\/uploads\/2022\/05\/Marsac20220022-768x520.jpg 768w\" sizes=\"auto, (max-width: 826px) 100vw, 826px\" \/><\/figure>\n\n\n\n<figure class=\"wp-block-image size-full\"><img loading=\"lazy\" decoding=\"async\" width=\"826\" height=\"559\" data-id=\"2646\" src=\"http:\/\/js-photo.fr\/wp-content\/uploads\/2022\/05\/Marsac20220023.jpg\" alt=\"\" class=\"wp-image-2646\" srcset=\"http:\/\/js-photo.fr\/wp-content\/uploads\/2022\/05\/Marsac20220023.jpg 826w, http:\/\/js-photo.fr\/wp-content\/uploads\/2022\/05\/Marsac20220023-768x520.jpg 768w\" sizes=\"auto, (max-width: 826px) 100vw, 826px\" \/><\/figure>\n\n\n\n<figure class=\"wp-block-image size-full\"><img loading=\"lazy\" decoding=\"async\" width=\"826\" height=\"559\" data-id=\"2644\" src=\"http:\/\/js-photo.fr\/wp-content\/uploads\/2022\/05\/Marsac20220024.jpg\" alt=\"\" class=\"wp-image-2644\" srcset=\"http:\/\/js-photo.fr\/wp-content\/uploads\/2022\/05\/Marsac20220024.jpg 826w, http:\/\/js-photo.fr\/wp-content\/uploads\/2022\/05\/Marsac20220024-768x520.jpg 768w\" sizes=\"auto, (max-width: 826px) 100vw, 826px\" \/><\/figure>\n\n\n\n<figure class=\"wp-block-image size-full\"><img loading=\"lazy\" decoding=\"async\" width=\"826\" height=\"559\" data-id=\"2645\" src=\"http:\/\/js-photo.fr\/wp-content\/uploads\/2022\/05\/Marsac20220025.jpg\" alt=\"\" class=\"wp-image-2645\" srcset=\"http:\/\/js-photo.fr\/wp-content\/uploads\/2022\/05\/Marsac20220025.jpg 826w, http:\/\/js-photo.fr\/wp-content\/uploads\/2022\/05\/Marsac20220025-768x520.jpg 768w\" sizes=\"auto, (max-width: 826px) 100vw, 826px\" \/><\/figure>\n\n\n\n<figure class=\"wp-block-image size-full\"><img loading=\"lazy\" decoding=\"async\" width=\"826\" height=\"559\" data-id=\"2655\" src=\"http:\/\/js-photo.fr\/wp-content\/uploads\/2022\/05\/Marsac20220026.jpg\" alt=\"\" class=\"wp-image-2655\" srcset=\"http:\/\/js-photo.fr\/wp-content\/uploads\/2022\/05\/Marsac20220026.jpg 826w, http:\/\/js-photo.fr\/wp-content\/uploads\/2022\/05\/Marsac20220026-768x520.jpg 768w\" sizes=\"auto, (max-width: 826px) 100vw, 826px\" \/><\/figure>\n\n\n\n<figure class=\"wp-block-image size-full\"><img loading=\"lazy\" decoding=\"async\" width=\"826\" height=\"559\" data-id=\"2647\" src=\"http:\/\/js-photo.fr\/wp-content\/uploads\/2022\/05\/Marsac20220027.jpg\" alt=\"\" class=\"wp-image-2647\" srcset=\"http:\/\/js-photo.fr\/wp-content\/uploads\/2022\/05\/Marsac20220027.jpg 826w, http:\/\/js-photo.fr\/wp-content\/uploads\/2022\/05\/Marsac20220027-768x520.jpg 768w\" sizes=\"auto, (max-width: 826px) 100vw, 826px\" \/><\/figure>\n\n\n\n<figure class=\"wp-block-image size-full\"><img loading=\"lazy\" decoding=\"async\" width=\"826\" height=\"559\" data-id=\"2648\" src=\"http:\/\/js-photo.fr\/wp-content\/uploads\/2022\/05\/Marsac20220028.jpg\" alt=\"\" class=\"wp-image-2648\" srcset=\"http:\/\/js-photo.fr\/wp-content\/uploads\/2022\/05\/Marsac20220028.jpg 826w, http:\/\/js-photo.fr\/wp-content\/uploads\/2022\/05\/Marsac20220028-768x520.jpg 768w\" sizes=\"auto, (max-width: 826px) 100vw, 826px\" \/><\/figure>\n\n\n\n<figure class=\"wp-block-image size-full\"><img loading=\"lazy\" decoding=\"async\" width=\"826\" height=\"559\" data-id=\"2651\" src=\"http:\/\/js-photo.fr\/wp-content\/uploads\/2022\/05\/Marsac20220029.jpg\" alt=\"\" class=\"wp-image-2651\" srcset=\"http:\/\/js-photo.fr\/wp-content\/uploads\/2022\/05\/Marsac20220029.jpg 826w, http:\/\/js-photo.fr\/wp-content\/uploads\/2022\/05\/Marsac20220029-768x520.jpg 768w\" sizes=\"auto, (max-width: 826px) 100vw, 826px\" \/><\/figure>\n\n\n\n<figure class=\"wp-block-image size-full\"><img loading=\"lazy\" decoding=\"async\" width=\"826\" height=\"559\" data-id=\"2652\" src=\"http:\/\/js-photo.fr\/wp-content\/uploads\/2022\/05\/Marsac20220030.jpg\" alt=\"\" class=\"wp-image-2652\" srcset=\"http:\/\/js-photo.fr\/wp-content\/uploads\/2022\/05\/Marsac20220030.jpg 826w, http:\/\/js-photo.fr\/wp-content\/uploads\/2022\/05\/Marsac20220030-768x520.jpg 768w\" sizes=\"auto, (max-width: 826px) 100vw, 826px\" \/><\/figure>\n\n\n\n<figure class=\"wp-block-image size-full\"><img loading=\"lazy\" decoding=\"async\" width=\"826\" height=\"559\" data-id=\"2649\" src=\"http:\/\/js-photo.fr\/wp-content\/uploads\/2022\/05\/Marsac20220031.jpg\" alt=\"\" class=\"wp-image-2649\" srcset=\"http:\/\/js-photo.fr\/wp-content\/uploads\/2022\/05\/Marsac20220031.jpg 826w, http:\/\/js-photo.fr\/wp-content\/uploads\/2022\/05\/Marsac20220031-768x520.jpg 768w\" sizes=\"auto, (max-width: 826px) 100vw, 826px\" \/><\/figure>\n\n\n\n<figure class=\"wp-block-image size-full\"><img loading=\"lazy\" decoding=\"async\" width=\"826\" height=\"559\" data-id=\"2654\" src=\"http:\/\/js-photo.fr\/wp-content\/uploads\/2022\/05\/Marsac20220032.jpg\" alt=\"\" class=\"wp-image-2654\" srcset=\"http:\/\/js-photo.fr\/wp-content\/uploads\/2022\/05\/Marsac20220032.jpg 826w, http:\/\/js-photo.fr\/wp-content\/uploads\/2022\/05\/Marsac20220032-768x520.jpg 768w\" sizes=\"auto, (max-width: 826px) 100vw, 826px\" \/><\/figure>\n\n\n\n<figure class=\"wp-block-image size-full\"><img loading=\"lazy\" decoding=\"async\" width=\"826\" height=\"559\" data-id=\"2650\" src=\"http:\/\/js-photo.fr\/wp-content\/uploads\/2022\/05\/Marsac20220033.jpg\" alt=\"\" class=\"wp-image-2650\" srcset=\"http:\/\/js-photo.fr\/wp-content\/uploads\/2022\/05\/Marsac20220033.jpg 826w, http:\/\/js-photo.fr\/wp-content\/uploads\/2022\/05\/Marsac20220033-768x520.jpg 768w\" sizes=\"auto, (max-width: 826px) 100vw, 826px\" \/><\/figure>\n\n\n\n<figure class=\"wp-block-image size-full\"><img loading=\"lazy\" decoding=\"async\" width=\"826\" height=\"559\" data-id=\"2653\" src=\"http:\/\/js-photo.fr\/wp-content\/uploads\/2022\/05\/Marsac20220034.jpg\" alt=\"\" class=\"wp-image-2653\" srcset=\"http:\/\/js-photo.fr\/wp-content\/uploads\/2022\/05\/Marsac20220034.jpg 826w, http:\/\/js-photo.fr\/wp-content\/uploads\/2022\/05\/Marsac20220034-768x520.jpg 768w\" sizes=\"auto, (max-width: 826px) 100vw, 826px\" \/><\/figure>\n\n\n\n<figure class=\"wp-block-image size-full\"><img loading=\"lazy\" decoding=\"async\" width=\"826\" height=\"559\" data-id=\"2656\" src=\"http:\/\/js-photo.fr\/wp-content\/uploads\/2022\/05\/Marsac20220035.jpg\" alt=\"\" class=\"wp-image-2656\" srcset=\"http:\/\/js-photo.fr\/wp-content\/uploads\/2022\/05\/Marsac20220035.jpg 826w, http:\/\/js-photo.fr\/wp-content\/uploads\/2022\/05\/Marsac20220035-768x520.jpg 768w\" sizes=\"auto, (max-width: 826px) 100vw, 826px\" \/><\/figure>\n\n\n\n<figure class=\"wp-block-image size-full\"><img loading=\"lazy\" decoding=\"async\" width=\"826\" height=\"559\" data-id=\"2658\" src=\"http:\/\/js-photo.fr\/wp-content\/uploads\/2022\/05\/Marsac20220036.jpg\" alt=\"\" class=\"wp-image-2658\" srcset=\"http:\/\/js-photo.fr\/wp-content\/uploads\/2022\/05\/Marsac20220036.jpg 826w, http:\/\/js-photo.fr\/wp-content\/uploads\/2022\/05\/Marsac20220036-768x520.jpg 768w\" sizes=\"auto, (max-width: 826px) 100vw, 826px\" \/><\/figure>\n\n\n\n<figure class=\"wp-block-image size-full\"><img loading=\"lazy\" decoding=\"async\" width=\"826\" height=\"559\" data-id=\"2657\" src=\"http:\/\/js-photo.fr\/wp-content\/uploads\/2022\/05\/Marsac20220037.jpg\" alt=\"\" class=\"wp-image-2657\" srcset=\"http:\/\/js-photo.fr\/wp-content\/uploads\/2022\/05\/Marsac20220037.jpg 826w, http:\/\/js-photo.fr\/wp-content\/uploads\/2022\/05\/Marsac20220037-768x520.jpg 768w\" sizes=\"auto, (max-width: 826px) 100vw, 826px\" \/><\/figure>\n\n\n\n<figure class=\"wp-block-image size-full\"><img loading=\"lazy\" decoding=\"async\" width=\"826\" height=\"559\" data-id=\"2661\" src=\"http:\/\/js-photo.fr\/wp-content\/uploads\/2022\/05\/Marsac20220038.jpg\" alt=\"\" class=\"wp-image-2661\" srcset=\"http:\/\/js-photo.fr\/wp-content\/uploads\/2022\/05\/Marsac20220038.jpg 826w, http:\/\/js-photo.fr\/wp-content\/uploads\/2022\/05\/Marsac20220038-768x520.jpg 768w\" sizes=\"auto, (max-width: 826px) 100vw, 826px\" \/><\/figure>\n\n\n\n<figure class=\"wp-block-image size-full\"><img loading=\"lazy\" decoding=\"async\" width=\"826\" height=\"559\" data-id=\"2659\" src=\"http:\/\/js-photo.fr\/wp-content\/uploads\/2022\/05\/Marsac20220039.jpg\" alt=\"\" class=\"wp-image-2659\" srcset=\"http:\/\/js-photo.fr\/wp-content\/uploads\/2022\/05\/Marsac20220039.jpg 826w, http:\/\/js-photo.fr\/wp-content\/uploads\/2022\/05\/Marsac20220039-768x520.jpg 768w\" sizes=\"auto, (max-width: 826px) 100vw, 826px\" \/><\/figure>\n\n\n\n<figure class=\"wp-block-image size-full\"><img loading=\"lazy\" decoding=\"async\" width=\"826\" height=\"559\" data-id=\"2660\" src=\"http:\/\/js-photo.fr\/wp-content\/uploads\/2022\/05\/Marsac20220040.jpg\" alt=\"\" class=\"wp-image-2660\" srcset=\"http:\/\/js-photo.fr\/wp-content\/uploads\/2022\/05\/Marsac20220040.jpg 826w, http:\/\/js-photo.fr\/wp-content\/uploads\/2022\/05\/Marsac20220040-768x520.jpg 768w\" sizes=\"auto, (max-width: 826px) 100vw, 826px\" \/><\/figure>\n\n\n\n<figure class=\"wp-block-image size-full\"><img loading=\"lazy\" decoding=\"async\" width=\"826\" height=\"559\" data-id=\"2670\" src=\"http:\/\/js-photo.fr\/wp-content\/uploads\/2022\/05\/Marsac20220041.jpg\" alt=\"\" class=\"wp-image-2670\" srcset=\"http:\/\/js-photo.fr\/wp-content\/uploads\/2022\/05\/Marsac20220041.jpg 826w, http:\/\/js-photo.fr\/wp-content\/uploads\/2022\/05\/Marsac20220041-768x520.jpg 768w\" sizes=\"auto, (max-width: 826px) 100vw, 826px\" \/><\/figure>\n\n\n\n<figure class=\"wp-block-image size-full\"><img loading=\"lazy\" decoding=\"async\" width=\"826\" height=\"559\" data-id=\"2664\" src=\"http:\/\/js-photo.fr\/wp-content\/uploads\/2022\/05\/Marsac20220042.jpg\" alt=\"\" class=\"wp-image-2664\" srcset=\"http:\/\/js-photo.fr\/wp-content\/uploads\/2022\/05\/Marsac20220042.jpg 826w, http:\/\/js-photo.fr\/wp-content\/uploads\/2022\/05\/Marsac20220042-768x520.jpg 768w\" sizes=\"auto, (max-width: 826px) 100vw, 826px\" \/><\/figure>\n\n\n\n<figure class=\"wp-block-image size-full\"><img loading=\"lazy\" decoding=\"async\" width=\"826\" height=\"559\" data-id=\"2662\" src=\"http:\/\/js-photo.fr\/wp-content\/uploads\/2022\/05\/Marsac20220043.jpg\" alt=\"\" class=\"wp-image-2662\" srcset=\"http:\/\/js-photo.fr\/wp-content\/uploads\/2022\/05\/Marsac20220043.jpg 826w, http:\/\/js-photo.fr\/wp-content\/uploads\/2022\/05\/Marsac20220043-768x520.jpg 768w\" sizes=\"auto, (max-width: 826px) 100vw, 826px\" \/><\/figure>\n\n\n\n<figure class=\"wp-block-image size-full\"><img loading=\"lazy\" decoding=\"async\" width=\"826\" height=\"559\" data-id=\"2666\" src=\"http:\/\/js-photo.fr\/wp-content\/uploads\/2022\/05\/Marsac20220044.jpg\" alt=\"\" class=\"wp-image-2666\" srcset=\"http:\/\/js-photo.fr\/wp-content\/uploads\/2022\/05\/Marsac20220044.jpg 826w, http:\/\/js-photo.fr\/wp-content\/uploads\/2022\/05\/Marsac20220044-768x520.jpg 768w\" sizes=\"auto, (max-width: 826px) 100vw, 826px\" \/><\/figure>\n\n\n\n<figure class=\"wp-block-image size-full\"><img loading=\"lazy\" decoding=\"async\" width=\"826\" height=\"559\" data-id=\"2663\" src=\"http:\/\/js-photo.fr\/wp-content\/uploads\/2022\/05\/Marsac20220045.jpg\" alt=\"\" class=\"wp-image-2663\" srcset=\"http:\/\/js-photo.fr\/wp-content\/uploads\/2022\/05\/Marsac20220045.jpg 826w, http:\/\/js-photo.fr\/wp-content\/uploads\/2022\/05\/Marsac20220045-768x520.jpg 768w\" sizes=\"auto, (max-width: 826px) 100vw, 826px\" \/><\/figure>\n\n\n\n<figure class=\"wp-block-image size-full\"><img loading=\"lazy\" decoding=\"async\" width=\"826\" height=\"559\" data-id=\"2665\" src=\"http:\/\/js-photo.fr\/wp-content\/uploads\/2022\/05\/Marsac20220046.jpg\" alt=\"\" class=\"wp-image-2665\" srcset=\"http:\/\/js-photo.fr\/wp-content\/uploads\/2022\/05\/Marsac20220046.jpg 826w, http:\/\/js-photo.fr\/wp-content\/uploads\/2022\/05\/Marsac20220046-768x520.jpg 768w\" sizes=\"auto, (max-width: 826px) 100vw, 826px\" \/><\/figure>\n\n\n\n<figure class=\"wp-block-image size-full\"><img loading=\"lazy\" decoding=\"async\" width=\"826\" height=\"559\" data-id=\"2667\" src=\"http:\/\/js-photo.fr\/wp-content\/uploads\/2022\/05\/Marsac20220047.jpg\" alt=\"\" class=\"wp-image-2667\" srcset=\"http:\/\/js-photo.fr\/wp-content\/uploads\/2022\/05\/Marsac20220047.jpg 826w, http:\/\/js-photo.fr\/wp-content\/uploads\/2022\/05\/Marsac20220047-768x520.jpg 768w\" sizes=\"auto, (max-width: 826px) 100vw, 826px\" \/><\/figure>\n\n\n\n<figure class=\"wp-block-image size-full\"><img loading=\"lazy\" decoding=\"async\" width=\"826\" height=\"559\" data-id=\"2668\" src=\"http:\/\/js-photo.fr\/wp-content\/uploads\/2022\/05\/Marsac20220048.jpg\" alt=\"\" class=\"wp-image-2668\" srcset=\"http:\/\/js-photo.fr\/wp-content\/uploads\/2022\/05\/Marsac20220048.jpg 826w, http:\/\/js-photo.fr\/wp-content\/uploads\/2022\/05\/Marsac20220048-768x520.jpg 768w\" sizes=\"auto, (max-width: 826px) 100vw, 826px\" \/><\/figure>\n\n\n\n<figure class=\"wp-block-image size-full\"><img loading=\"lazy\" decoding=\"async\" width=\"826\" height=\"559\" data-id=\"2669\" src=\"http:\/\/js-photo.fr\/wp-content\/uploads\/2022\/05\/Marsac20220049.jpg\" alt=\"\" class=\"wp-image-2669\" srcset=\"http:\/\/js-photo.fr\/wp-content\/uploads\/2022\/05\/Marsac20220049.jpg 826w, http:\/\/js-photo.fr\/wp-content\/uploads\/2022\/05\/Marsac20220049-768x520.jpg 768w\" sizes=\"auto, (max-width: 826px) 100vw, 826px\" \/><\/figure>\n<\/figure>\n\n\n\n<p><\/p>\n","protected":false},"excerpt":{"rendered":"<p>22 mai 2022 : Randonn\u00e9e Marsac-sur-Don: Plus de 900 participants r\u00e9unis ce dimanche aux \u00e9tangs de Marsac-sur-Don pour une randonn\u00e9e.<\/p>\n","protected":false},"author":1,"featured_media":0,"parent":0,"menu_order":0,"comment_status":"open","ping_status":"closed","template":"","meta":{"footnotes":""},"class_list":["post-2621","page","type-page","status-publish","hentry"],"_links":{"self":[{"href":"http:\/\/js-photo.fr\/acceuil\/wp-json\/wp\/v2\/pages\/2621","targetHints":{"allow":["GET"]}}],"collection":[{"href":"http:\/\/js-photo.fr\/acceuil\/wp-json\/wp\/v2\/pages"}],"about":[{"href":"http:\/\/js-photo.fr\/acceuil\/wp-json\/wp\/v2\/types\/page"}],"author":[{"embeddable":true,"href":"http:\/\/js-photo.fr\/acceuil\/wp-json\/wp\/v2\/users\/1"}],"replies":[{"embeddable":true,"href":"http:\/\/js-photo.fr\/acceuil\/wp-json\/wp\/v2\/comments?post=2621"}],"version-history":[{"count":4,"href":"http:\/\/js-photo.fr\/acceuil\/wp-json\/wp\/v2\/pages\/2621\/revisions"}],"predecessor-version":[{"id":3232,"href":"http:\/\/js-photo.fr\/acceuil\/wp-json\/wp\/v2\/pages\/2621\/revisions\/3232"}],"wp:attachment":[{"href":"http:\/\/js-photo.fr\/acceuil\/wp-json\/wp\/v2\/media?parent=2621"}],"curies":[{"name":"wp","href":"https:\/\/api.w.org\/{rel}","templated":true}]}}