{"id":24136,"date":"2023-04-16T06:41:40","date_gmt":"2023-04-16T05:41:40","guid":{"rendered":"http:\/\/js-photo.fr\/?page_id=24136"},"modified":"2023-04-16T07:02:09","modified_gmt":"2023-04-16T06:02:09","slug":"course-caisses-a-savon-a-casson","status":"publish","type":"page","link":"http:\/\/js-photo.fr\/acceuil\/course-caisses-a-savon-a-casson","title":{"rendered":"Course caisses \u00e0 savon \u00e0 Casson"},"content":{"rendered":"\n<p class=\"has-medium-font-size\">15 avril 2023 : Le comit\u00e9 des f\u00eates de Casson organisait ce samedi la premi\u00e8re \u00e9dition de sa course de caisses \u00e0 savon. Sur un parcours de plus de 500 m\u00e8tres de d\u00e9nivel\u00e9, les 12 participants ont pu faire 5 descentes. Sur le parcours, les organisateurs avaient install\u00e9es 2 chicanes et un tremplin avec \u00e9chappatoire pour ceux qui ne voulaient pas le sauter. Lors de la premi\u00e8re descente, seulement deux concurrents ont saut\u00e9 le tremplin, mais sur les descentes suivantes, presque tous les v\u00e9hicules l&rsquo;ont franchi, non sans mal pour certains. Le public \u00e9tait pr\u00e9sent sur le c\u00f4t\u00e9 de la route pour applaudir les caisses \u00e0 savon.<\/p>\n\n\n\n<figure class=\"wp-block-gallery has-nested-images columns-default is-cropped wp-block-gallery-2 is-layout-flex wp-block-gallery-is-layout-flex\">\n<figure class=\"wp-block-image size-large\"><img loading=\"lazy\" decoding=\"async\" width=\"566\" height=\"800\" data-id=\"24148\" src=\"http:\/\/js-photo.fr\/wp-content\/uploads\/2023\/04\/Caisseasavon20230000.jpg\" alt=\"\" class=\"wp-image-24148\" srcset=\"http:\/\/js-photo.fr\/wp-content\/uploads\/2023\/04\/Caisseasavon20230000.jpg 566w, http:\/\/js-photo.fr\/wp-content\/uploads\/2023\/04\/Caisseasavon20230000-395x559.jpg 395w\" sizes=\"auto, (max-width: 566px) 100vw, 566px\" \/><\/figure>\n<\/figure>\n\n\n\n<div class=\"wp-block-group\"><div class=\"wp-block-group__inner-container is-layout-constrained wp-block-group-is-layout-constrained\">\n<p class=\"has-x-large-font-size\">Les photos :<\/p>\n\n\n\n<p class=\"has-x-large-font-size\"><a href=\"http:\/\/js-photo.fr\/course-caisses-a-savon-a-casson\/course-caisses-a-savon-a-casson-page-1-4\" data-type=\"page\" data-id=\"24139\">Page 1<\/a><\/p>\n\n\n\n<p class=\"has-x-large-font-size\"><a href=\"http:\/\/js-photo.fr\/course-caisses-a-savon-a-casson\/course-caisses-a-savon-a-casson-page-2-4\" data-type=\"page\" data-id=\"24141\">Page 2<\/a><\/p>\n\n\n\n<p class=\"has-x-large-font-size\"><a href=\"http:\/\/js-photo.fr\/course-caisses-a-savon-a-casson\/course-caisses-a-savon-a-casson-page-3-4\" data-type=\"page\" data-id=\"24143\">Page 3<\/a><\/p>\n\n\n\n<p class=\"has-x-large-font-size\"><a href=\"http:\/\/js-photo.fr\/course-caisses-a-savon-a-casson\/course-caisses-a-savon-a-casson-page-4-4\" data-type=\"page\" data-id=\"24145\">Page 4<\/a><\/p>\n<\/div><\/div>\n\n\n\n<p><\/p>\n","protected":false},"excerpt":{"rendered":"<p>15 avril 2023 : Le comit\u00e9 des f\u00eates de Casson organisait ce samedi la premi\u00e8re \u00e9dition de sa course de caisses \u00e0 savon. Sur un &hellip; <\/p>\n","protected":false},"author":1,"featured_media":0,"parent":0,"menu_order":0,"comment_status":"open","ping_status":"closed","template":"","meta":{"footnotes":""},"class_list":["post-24136","page","type-page","status-publish","hentry"],"_links":{"self":[{"href":"http:\/\/js-photo.fr\/acceuil\/wp-json\/wp\/v2\/pages\/24136","targetHints":{"allow":["GET"]}}],"collection":[{"href":"http:\/\/js-photo.fr\/acceuil\/wp-json\/wp\/v2\/pages"}],"about":[{"href":"http:\/\/js-photo.fr\/acceuil\/wp-json\/wp\/v2\/types\/page"}],"author":[{"embeddable":true,"href":"http:\/\/js-photo.fr\/acceuil\/wp-json\/wp\/v2\/users\/1"}],"replies":[{"embeddable":true,"href":"http:\/\/js-photo.fr\/acceuil\/wp-json\/wp\/v2\/comments?post=24136"}],"version-history":[{"count":3,"href":"http:\/\/js-photo.fr\/acceuil\/wp-json\/wp\/v2\/pages\/24136\/revisions"}],"predecessor-version":[{"id":24152,"href":"http:\/\/js-photo.fr\/acceuil\/wp-json\/wp\/v2\/pages\/24136\/revisions\/24152"}],"wp:attachment":[{"href":"http:\/\/js-photo.fr\/acceuil\/wp-json\/wp\/v2\/media?parent=24136"}],"curies":[{"name":"wp","href":"https:\/\/api.w.org\/{rel}","templated":true}]}}