{"id":21088,"date":"2023-04-02T14:30:08","date_gmt":"2023-04-02T13:30:08","guid":{"rendered":"http:\/\/js-photo.fr\/?page_id=21088"},"modified":"2023-04-03T07:47:41","modified_gmt":"2023-04-03T06:47:41","slug":"duathlon-touchois-2023","status":"publish","type":"page","link":"http:\/\/js-photo.fr\/acceuil\/duathlon-touchois-2023","title":{"rendered":"Duathlon Touchois 2023"},"content":{"rendered":"\n<figure class=\"wp-block-gallery has-nested-images columns-default is-cropped wp-block-gallery-2 is-layout-flex wp-block-gallery-is-layout-flex\">\n<figure class=\"wp-block-image size-full is-style-default\"><img loading=\"lazy\" decoding=\"async\" width=\"500\" height=\"706\" data-id=\"21089\" src=\"http:\/\/js-photo.fr\/wp-content\/uploads\/2023\/04\/IMG_0000.jpg\" alt=\"\" class=\"wp-image-21089\" srcset=\"http:\/\/js-photo.fr\/wp-content\/uploads\/2023\/04\/IMG_0000.jpg 500w, http:\/\/js-photo.fr\/wp-content\/uploads\/2023\/04\/IMG_0000-396x559.jpg 396w\" sizes=\"auto, (max-width: 500px) 100vw, 500px\" \/><\/figure>\n<\/figure>\n\n\n\n<ul class=\"wp-block-list\">\n<li class=\"has-x-large-font-size\">Les photos des pr\u00e9paratifs, du d\u00e9part du Gravel et de la cat\u00e9gorie Kids :\n<ul class=\"wp-block-list\">\n<li><a href=\"http:\/\/js-photo.fr\/duathlon-touchois-2023-categorie-kids-page-1-3\" data-type=\"page\" data-id=\"21092\">Page 1<\/a><\/li>\n\n\n\n<li><a href=\"http:\/\/js-photo.fr\/duathlon-touchois-2023\/duathlon-touchois-2023-categorie-kids-page-2-3\" data-type=\"page\" data-id=\"21094\">Page 2<\/a><\/li>\n\n\n\n<li><a href=\"http:\/\/js-photo.fr\/duathlon-touchois-2023-categorie-kids-page-3-3\" data-type=\"page\" data-id=\"21096\">Page 3<\/a><\/li>\n<\/ul>\n<\/li>\n<\/ul>\n\n\n\n<ul class=\"wp-block-list\">\n<li class=\"has-x-large-font-size\">Les photos de la cat\u00e9gorie Open :\n<ul class=\"wp-block-list\">\n<li class=\"has-x-large-font-size\"><a href=\"http:\/\/js-photo.fr\/duathlon-touchois-2023\/duathlon-touchois-2023-categorie-open-page-1-9\" data-type=\"page\" data-id=\"21371\">Page 1<\/a><\/li>\n\n\n\n<li class=\"has-x-large-font-size\"><a href=\"http:\/\/js-photo.fr\/duathlon-touchois-2023\/duathlon-touchois-2023-categorie-open-page-2-9\" data-type=\"page\" data-id=\"21373\">Page 2<\/a><\/li>\n\n\n\n<li class=\"has-x-large-font-size\"><a href=\"http:\/\/js-photo.fr\/duathlon-touchois-2023\/duathlon-touchois-2023-categorie-open-page-3-9\" data-type=\"page\" data-id=\"21375\">Page 3<\/a><\/li>\n\n\n\n<li class=\"has-x-large-font-size\"><a href=\"http:\/\/js-photo.fr\/duathlon-touchois-2023\/duathlon-touchois-2023-categorie-open-page-4-9\" data-type=\"page\" data-id=\"21377\">Page 4<\/a><\/li>\n\n\n\n<li class=\"has-x-large-font-size\"><a href=\"http:\/\/js-photo.fr\/duathlon-touchois-2023\/duathlon-touchois-2023-categorie-open-page-5-9\" data-type=\"page\" data-id=\"21379\">Page 5<\/a><\/li>\n\n\n\n<li class=\"has-x-large-font-size\"><a href=\"http:\/\/js-photo.fr\/duathlon-touchois-2023\/duathlon-touchois-2023-categorie-open-page-6-9\" data-type=\"page\" data-id=\"21381\">Page 6<\/a><\/li>\n\n\n\n<li class=\"has-x-large-font-size\"><a href=\"http:\/\/js-photo.fr\/duathlon-touchois-2023\/duathlon-touchois-2023-categorie-open-page-7-9\" data-type=\"page\" data-id=\"21383\">Page 7<\/a><\/li>\n\n\n\n<li class=\"has-x-large-font-size\"><a href=\"http:\/\/js-photo.fr\/duathlon-touchois-2023\/duathlon-touchois-2023-categorie-open-page-8-9\" data-type=\"page\" data-id=\"21385\">Page 8<\/a><\/li>\n\n\n\n<li class=\"has-x-large-font-size\"><a href=\"http:\/\/js-photo.fr\/duathlon-touchois-2023\/duathlon-touchois-2023-categorie-open-page-9-9\" data-type=\"page\" data-id=\"21387\">Page 9<\/a><\/li>\n<\/ul>\n<\/li>\n<\/ul>\n\n\n\n<p><\/p>\n","protected":false},"excerpt":{"rendered":"","protected":false},"author":1,"featured_media":0,"parent":0,"menu_order":0,"comment_status":"open","ping_status":"closed","template":"","meta":{"footnotes":""},"class_list":["post-21088","page","type-page","status-publish","hentry"],"_links":{"self":[{"href":"http:\/\/js-photo.fr\/acceuil\/wp-json\/wp\/v2\/pages\/21088","targetHints":{"allow":["GET"]}}],"collection":[{"href":"http:\/\/js-photo.fr\/acceuil\/wp-json\/wp\/v2\/pages"}],"about":[{"href":"http:\/\/js-photo.fr\/acceuil\/wp-json\/wp\/v2\/types\/page"}],"author":[{"embeddable":true,"href":"http:\/\/js-photo.fr\/acceuil\/wp-json\/wp\/v2\/users\/1"}],"replies":[{"embeddable":true,"href":"http:\/\/js-photo.fr\/acceuil\/wp-json\/wp\/v2\/comments?post=21088"}],"version-history":[{"count":4,"href":"http:\/\/js-photo.fr\/acceuil\/wp-json\/wp\/v2\/pages\/21088\/revisions"}],"predecessor-version":[{"id":22091,"href":"http:\/\/js-photo.fr\/acceuil\/wp-json\/wp\/v2\/pages\/21088\/revisions\/22091"}],"wp:attachment":[{"href":"http:\/\/js-photo.fr\/acceuil\/wp-json\/wp\/v2\/media?parent=21088"}],"curies":[{"name":"wp","href":"https:\/\/api.w.org\/{rel}","templated":true}]}}