{"id":16112,"date":"2023-01-15T10:51:36","date_gmt":"2023-01-15T09:51:36","guid":{"rendered":"http:\/\/js-photo.fr\/?page_id=16112"},"modified":"2023-01-15T16:50:58","modified_gmt":"2023-01-15T15:50:58","slug":"biathlon-des-pirates","status":"publish","type":"page","link":"http:\/\/js-photo.fr\/acceuil\/biathlon-des-pirates","title":{"rendered":"Biathlon des pirates"},"content":{"rendered":"\n<p>L&rsquo;EGT ( Erdre Gesvres Triathlon ) organisait son premier \u00e9v\u00e8nement avec un biathlon au programme.<\/p>\n\n\n\n<p>Malgr\u00e9 la pluie, le vent, les participants \u00e9taient au rendez-vous pour ce premier biathlon des pirates.<\/p>\n\n\n\n<p>Au cours de cette journ\u00e9e, 4 courses ont lieu :<\/p>\n\n\n\n<ul class=\"wp-block-list\">\n<li><strong>1)&nbsp;A 9 h30 d\u00e9part du Biathlon SPRINT Adulte (n\u00e9s avant 2007)<\/strong>. 82 participants\n<ul class=\"wp-block-list\">\n<li>5 tours de course \u00e0 pied d\u2019environ 1&nbsp;200 m entrecoup\u00e9s de 4 s\u00e9ries de 5 tirs couch\u00e9s.\n<ul class=\"wp-block-list\">\n<li><strong><em><span style=\"text-decoration: underline\" class=\"underline\">Cat\u00e9gorie Adultes :<\/span><\/em><\/strong>\n<ul class=\"wp-block-list\">\n<li><a href=\"http:\/\/js-photo.fr\/biathlon-des-pirates\/biathlon-des-pirates-adultes-page-1\" data-type=\"page\" data-id=\"16116\">Page 1<\/a><\/li>\n\n\n\n<li><a href=\"http:\/\/js-photo.fr\/biathlon-des-pirates\/biathlon-des-pirates-adultes-page-2\" data-type=\"page\" data-id=\"16196\">Page 2<\/a><\/li>\n\n\n\n<li><a href=\"http:\/\/js-photo.fr\/biathlon-des-pirates\/biathlon-des-pirates-adultes-page-3\" data-type=\"page\" data-id=\"16278\">Page 3<\/a><\/li>\n\n\n\n<li><a href=\"http:\/\/js-photo.fr\/biathlon-des-pirates\/biathlon-des-pirates-adultes-page-4\" data-type=\"page\" data-id=\"16360\">Page 4<\/a><\/li>\n<\/ul>\n<\/li>\n<\/ul>\n<\/li>\n<\/ul>\n<\/li>\n\n\n\n<li><strong>2) A 11h30 d\u00e9part du biathlon SPRINT enfant (n\u00e9s entre 2014 et 2011)<\/strong>\n<ul class=\"wp-block-list\">\n<li>4 tours de course \u00e0 pied d\u2019environ 300 m entrecoup\u00e9s de 3 s\u00e9ries de 5 tirs couch\u00e9s .\n<ul class=\"wp-block-list\">\n<li><strong><em><span style=\"text-decoration: underline\" class=\"underline\">Cat\u00e9gorie Enfants :<\/span><\/em><\/strong>\n<ul class=\"wp-block-list\">\n<li><a href=\"http:\/\/js-photo.fr\/biathlon-des-pirates\/biathlon-des-pirates-enfants-page-1\" data-type=\"page\" data-id=\"16439\">Page 1<\/a><\/li>\n\n\n\n<li><a href=\"http:\/\/js-photo.fr\/biathlon-des-pirates\/biathlon-des-pirates-enfants-page-2\" data-type=\"page\" data-id=\"16500\">Page 2<\/a><\/li>\n<\/ul>\n<\/li>\n<\/ul>\n<\/li>\n<\/ul>\n<\/li>\n\n\n\n<li><strong>3) A 13h30 d\u00e9part du biathlon SPRINT des coll\u00e9giens (n\u00e9s entre 2011 et 2008)<\/strong>\n<ul class=\"wp-block-list\">\n<li>4 tours de course \u00e0 pied d\u2019environ 400 m entrecoup\u00e9s de 3 s\u00e9ries de 5 tirs couch\u00e9s.\n<ul class=\"wp-block-list\">\n<li><strong><em><span style=\"text-decoration: underline\" class=\"underline\">Cat\u00e9gorie Coll\u00e9giens :<\/span><\/em><\/strong>\n<ul class=\"wp-block-list\">\n<li><a href=\"http:\/\/js-photo.fr\/biathlon-des-pirates\/biathlon-des-pirates-collegiens\" data-type=\"page\" data-id=\"16553\">Page 1<\/a><\/li>\n<\/ul>\n<\/li>\n<\/ul>\n<\/li>\n<\/ul>\n<\/li>\n\n\n\n<li><strong>4) A 15h d\u00e9part du Biathlon Relais par \u00e9quipe de 2 (n\u00e9es avant 2007).<\/strong>\n<ul class=\"wp-block-list\">\n<li>5 tours de course \u00e0 pied d\u2019environ 1 200 m entrecoup\u00e9s de 4 s\u00e9ries de 5 tirs couch\u00e9s\n<ul class=\"wp-block-list\">\n<li><strong><em><span style=\"text-decoration: underline\" class=\"underline\">Cat\u00e9gorie Relais :<\/span><\/em><\/strong>\n<ul class=\"wp-block-list\">\n<li><a href=\"http:\/\/js-photo.fr\/biathlon-des-pirates-relais-page-1\" data-type=\"page\" data-id=\"16637\">Page 1<\/a><\/li>\n\n\n\n<li><a href=\"http:\/\/js-photo.fr\/biathlon-des-pirates-relais-page-2\" data-type=\"page\" data-id=\"16718\">Page 2<\/a><\/li>\n<\/ul>\n<\/li>\n<\/ul>\n<\/li>\n<\/ul>\n<\/li>\n<\/ul>\n\n\n\n<p><\/p>\n\n\n\n<p><\/p>\n\n\n\n<figure class=\"wp-block-gallery has-nested-images columns-default is-cropped wp-block-gallery-2 is-layout-flex wp-block-gallery-is-layout-flex\">\n<figure class=\"wp-block-image size-large\"><img loading=\"lazy\" decoding=\"async\" width=\"450\" height=\"626\" data-id=\"16113\" src=\"http:\/\/js-photo.fr\/wp-content\/uploads\/2023\/01\/Biathlon1401230001.jpg\" alt=\"\" class=\"wp-image-16113\" srcset=\"http:\/\/js-photo.fr\/wp-content\/uploads\/2023\/01\/Biathlon1401230001.jpg 450w, http:\/\/js-photo.fr\/wp-content\/uploads\/2023\/01\/Biathlon1401230001-402x559.jpg 402w\" sizes=\"auto, (max-width: 450px) 100vw, 450px\" \/><\/figure>\n<\/figure>\n","protected":false},"excerpt":{"rendered":"<p>L&rsquo;EGT ( Erdre Gesvres Triathlon ) organisait son premier \u00e9v\u00e8nement avec un biathlon au programme. Malgr\u00e9 la pluie, le vent, les participants \u00e9taient au rendez-vous &hellip; <\/p>\n","protected":false},"author":1,"featured_media":0,"parent":0,"menu_order":0,"comment_status":"closed","ping_status":"closed","template":"","meta":{"footnotes":""},"class_list":["post-16112","page","type-page","status-publish","hentry"],"_links":{"self":[{"href":"http:\/\/js-photo.fr\/acceuil\/wp-json\/wp\/v2\/pages\/16112","targetHints":{"allow":["GET"]}}],"collection":[{"href":"http:\/\/js-photo.fr\/acceuil\/wp-json\/wp\/v2\/pages"}],"about":[{"href":"http:\/\/js-photo.fr\/acceuil\/wp-json\/wp\/v2\/types\/page"}],"author":[{"embeddable":true,"href":"http:\/\/js-photo.fr\/acceuil\/wp-json\/wp\/v2\/users\/1"}],"replies":[{"embeddable":true,"href":"http:\/\/js-photo.fr\/acceuil\/wp-json\/wp\/v2\/comments?post=16112"}],"version-history":[{"count":10,"href":"http:\/\/js-photo.fr\/acceuil\/wp-json\/wp\/v2\/pages\/16112\/revisions"}],"predecessor-version":[{"id":16802,"href":"http:\/\/js-photo.fr\/acceuil\/wp-json\/wp\/v2\/pages\/16112\/revisions\/16802"}],"wp:attachment":[{"href":"http:\/\/js-photo.fr\/acceuil\/wp-json\/wp\/v2\/media?parent=16112"}],"curies":[{"name":"wp","href":"https:\/\/api.w.org\/{rel}","templated":true}]}}