{"id":15599,"date":"2022-12-04T07:05:01","date_gmt":"2022-12-04T06:05:01","guid":{"rendered":"http:\/\/js-photo.fr\/?page_id=15599"},"modified":"2022-12-04T07:10:46","modified_gmt":"2022-12-04T06:10:46","slug":"randonnee-quads-a-nozay-au-profit-du-telethon-2022","status":"publish","type":"page","link":"http:\/\/js-photo.fr\/acceuil\/randonnee-quads-a-nozay-au-profit-du-telethon-2022","title":{"rendered":"Randonn\u00e9e quads \u00e0 Nozay au profit du T\u00e9l\u00e9thon 2022"},"content":{"rendered":"\n<p class=\"has-medium-font-size\"><span style=\"text-decoration: underline\" class=\"underline\"><strong>03 d\u00e9cembre 2022 :<\/strong><\/span>  Plus de 140 quads, motos, SSV ont r\u00e9pondus \u00e0 l&rsquo;appel de l&rsquo;association Noz\u00e9enne des \u00ab\u00a0Quads de la Pierre Bleue\u00a0\u00bb pour une randonn\u00e9e d&rsquo;environ 80 kilom\u00e8tres passant par les chemins, les bois, le terrain de motocross, et des terrains priv\u00e9s, ouvert sp\u00e9cialement par leur propri\u00e9taire uniquement pour cette journ\u00e9e. Un grand merci \u00e0 ces propri\u00e9taires, aux sponsors, au club de Motocross de Nozay, et \u00e0 l&rsquo;association \u00a0\u00bb Les Quads de la Pierre Bleue\u00a0\u00bb pour leur soutien au T\u00e9l\u00e9thon.<\/p>\n\n\n\n<ul class=\"wp-block-list\">\n<li>Plus de 400 photos r\u00e9parties en 6 pages :\n<ul class=\"wp-block-list\">\n<li><a href=\"http:\/\/js-photo.fr\/rando-quad-03-12-2022-page-1\" data-type=\"page\" data-id=\"15603\">Page 1<\/a><\/li>\n\n\n\n<li><a href=\"http:\/\/js-photo.fr\/rando-quad-03-12-2022-page-2\" data-type=\"page\" data-id=\"15605\">Page 2<\/a><\/li>\n\n\n\n<li><a href=\"http:\/\/js-photo.fr\/rando-quad-03-12-2022-page-3\" data-type=\"page\" data-id=\"15607\">Page 3<\/a><\/li>\n\n\n\n<li><a href=\"http:\/\/js-photo.fr\/rando-quad-03-12-2022-page-4\" data-type=\"page\" data-id=\"15609\">Page 4<\/a><\/li>\n\n\n\n<li><a href=\"http:\/\/js-photo.fr\/rando-quad-03-12-2022-page-5\" data-type=\"page\" data-id=\"15611\">Page 5<\/a><\/li>\n\n\n\n<li><a href=\"http:\/\/js-photo.fr\/rando-quad-03-12-2022-page-6\" data-type=\"page\" data-id=\"15613\">Page 6<\/a><\/li>\n<\/ul>\n<\/li>\n<\/ul>\n\n\n\n<p><\/p>\n","protected":false},"excerpt":{"rendered":"<p>03 d\u00e9cembre 2022 : Plus de 140 quads, motos, SSV ont r\u00e9pondus \u00e0 l&rsquo;appel de l&rsquo;association Noz\u00e9enne des \u00ab\u00a0Quads de la Pierre Bleue\u00a0\u00bb pour une &hellip; <\/p>\n","protected":false},"author":1,"featured_media":0,"parent":0,"menu_order":0,"comment_status":"closed","ping_status":"closed","template":"","meta":{"footnotes":""},"class_list":["post-15599","page","type-page","status-publish","hentry"],"_links":{"self":[{"href":"http:\/\/js-photo.fr\/acceuil\/wp-json\/wp\/v2\/pages\/15599","targetHints":{"allow":["GET"]}}],"collection":[{"href":"http:\/\/js-photo.fr\/acceuil\/wp-json\/wp\/v2\/pages"}],"about":[{"href":"http:\/\/js-photo.fr\/acceuil\/wp-json\/wp\/v2\/types\/page"}],"author":[{"embeddable":true,"href":"http:\/\/js-photo.fr\/acceuil\/wp-json\/wp\/v2\/users\/1"}],"replies":[{"embeddable":true,"href":"http:\/\/js-photo.fr\/acceuil\/wp-json\/wp\/v2\/comments?post=15599"}],"version-history":[{"count":3,"href":"http:\/\/js-photo.fr\/acceuil\/wp-json\/wp\/v2\/pages\/15599\/revisions"}],"predecessor-version":[{"id":15616,"href":"http:\/\/js-photo.fr\/acceuil\/wp-json\/wp\/v2\/pages\/15599\/revisions\/15616"}],"wp:attachment":[{"href":"http:\/\/js-photo.fr\/acceuil\/wp-json\/wp\/v2\/media?parent=15599"}],"curies":[{"name":"wp","href":"https:\/\/api.w.org\/{rel}","templated":true}]}}