{"id":12286,"date":"2022-10-09T07:44:16","date_gmt":"2022-10-09T06:44:16","guid":{"rendered":"http:\/\/js-photo.fr\/?page_id=12286"},"modified":"2023-04-07T17:49:52","modified_gmt":"2023-04-07T16:49:52","slug":"beerun44-2022","status":"publish","type":"page","link":"http:\/\/js-photo.fr\/acceuil\/beerun44-2022","title":{"rendered":"Beerun 44"},"content":{"rendered":"\n<p class=\"has-medium-font-size\">08 octobre 2022 : Cr\u00e9er par une bande de copains, l\u2019\u00e9v\u00e8nement BEERUN est une course conviviale qui permet de se d\u00e9penser et de d\u00e9couvrir des bi\u00e8res artisanales et locales (une d\u00e9gustation dans un verre de 12 cl) \u00e0 diff\u00e9rents stands, appel\u00e9s \u00ab&nbsp;beer points&nbsp;\u00bb. Cette course se d\u00e9roule autour du Lac de Vioreau, situ\u00e9 \u00e0 Jou\u00e9-sur-Erdre, une commune de Loire-Atlantique, site class\u00e9 Natura 2000. Plusieurs parcours \u00e9taient propos\u00e9s aux participants, 6 kilom\u00e8tres (La Demi), 13 kilom\u00e8tres (La Pinte) et 16 kilom\u00e8tres (La Mass). c&rsquo;est une \u00ab\u00a0course\u00a0\u00bb tr\u00e8s conviviale o\u00f9 le d\u00e9guisement \u00e9tait fortement recommand\u00e9.<\/p>\n\n\n\n<figure class=\"wp-block-gallery has-nested-images columns-default is-cropped wp-block-gallery-2 is-layout-flex wp-block-gallery-is-layout-flex\">\n<figure class=\"wp-block-image size-large\"><img decoding=\"async\" data-id=\"12288\" src=\"http:\/\/js-photo.fr\/wp-content\/uploads\/2022\/10\/Beerun20220000-1.jpg\" alt=\"\" class=\"wp-image-12288\"\/><\/figure>\n<\/figure>\n\n\n\n<p class=\"has-medium-font-size\">Pour ceux qui veulent des photos, donnez moi les num\u00e9ros des photos en faisant un clic droit et je vous les enverrais par mail&nbsp;: <a href=\"mailto:jsphoto@hotmail.fr\">jsphoto@hotmail.fr<\/a>.<\/p>\n\n\n\n<p class=\"has-medium-font-size\"><\/p>\n\n\n\n<ul class=\"has-medium-font-size wp-block-list\"><li>Plus de 850 photos r\u00e9parties sur 11 pages (toutes les photos ne peuvent \u00eatre mises en ligne, alors si vous apparaissez en arri\u00e8re-plan d\u2019une photo, contactez moi avec le num\u00e9ro de la photo)<ul><li><a href=\"http:\/\/js-photo.fr\/beerun44-2022-page-1\" data-type=\"page\" data-id=\"12290\">Page 1<\/a><\/li><li><a href=\"http:\/\/js-photo.fr\/beerun44-2022-page-2\" data-type=\"page\" data-id=\"12371\">Page 2<\/a><\/li><li><a href=\"http:\/\/js-photo.fr\/beerun44-2022\/beerun44-2022-page-3\" data-type=\"page\" data-id=\"12453\">Page 3<\/a><\/li><li><a href=\"http:\/\/js-photo.fr\/beerun44-2022-page-4\" data-type=\"page\" data-id=\"12535\">Page 4<\/a><\/li><li><a href=\"http:\/\/js-photo.fr\/beerun44-2022\/beerun44-2022-page-5\" data-type=\"page\" data-id=\"12617\">Page 5<\/a><\/li><li><a href=\"http:\/\/js-photo.fr\/beerun44-2022\/beerun44-2022-page-6\" data-type=\"page\" data-id=\"12699\">Page 6<\/a><\/li><li><a href=\"http:\/\/js-photo.fr\/beerun44-2022\/beerun44-2022-page-7\" data-type=\"page\" data-id=\"12781\">Page 7<\/a><\/li><li><a href=\"http:\/\/js-photo.fr\/beerun44-2022\/beerun44-2022-page-8\" data-type=\"page\" data-id=\"12863\">Page 8<\/a><\/li><li><a href=\"http:\/\/js-photo.fr\/beerun44-2022\/beerun44-2022-page-9\" data-type=\"page\" data-id=\"12945\">Page 9<\/a><\/li><li><a href=\"http:\/\/js-photo.fr\/beerun44-2022\/beerun44-2022-page-10\" data-type=\"page\" data-id=\"13027\">Page 10<\/a><\/li><li><a href=\"http:\/\/js-photo.fr\/beerun44-2022\/beerun44-2022-page-11\" data-type=\"page\" data-id=\"13111\">Page 11<\/a><\/li><\/ul><\/li><\/ul>\n","protected":false},"excerpt":{"rendered":"<p>08 octobre 2022 : Cr\u00e9er par une bande de copains, l\u2019\u00e9v\u00e8nement BEERUN est une course conviviale qui permet de se d\u00e9penser et de d\u00e9couvrir des &hellip; <\/p>\n","protected":false},"author":1,"featured_media":0,"parent":0,"menu_order":0,"comment_status":"open","ping_status":"closed","template":"","meta":{"footnotes":""},"class_list":["post-12286","page","type-page","status-publish","hentry"],"_links":{"self":[{"href":"http:\/\/js-photo.fr\/acceuil\/wp-json\/wp\/v2\/pages\/12286","targetHints":{"allow":["GET"]}}],"collection":[{"href":"http:\/\/js-photo.fr\/acceuil\/wp-json\/wp\/v2\/pages"}],"about":[{"href":"http:\/\/js-photo.fr\/acceuil\/wp-json\/wp\/v2\/types\/page"}],"author":[{"embeddable":true,"href":"http:\/\/js-photo.fr\/acceuil\/wp-json\/wp\/v2\/users\/1"}],"replies":[{"embeddable":true,"href":"http:\/\/js-photo.fr\/acceuil\/wp-json\/wp\/v2\/comments?post=12286"}],"version-history":[{"count":3,"href":"http:\/\/js-photo.fr\/acceuil\/wp-json\/wp\/v2\/pages\/12286\/revisions"}],"predecessor-version":[{"id":13177,"href":"http:\/\/js-photo.fr\/acceuil\/wp-json\/wp\/v2\/pages\/12286\/revisions\/13177"}],"wp:attachment":[{"href":"http:\/\/js-photo.fr\/acceuil\/wp-json\/wp\/v2\/media?parent=12286"}],"curies":[{"name":"wp","href":"https:\/\/api.w.org\/{rel}","templated":true}]}}