{"id":117769,"date":"2026-01-18T11:23:15","date_gmt":"2026-01-18T10:23:15","guid":{"rendered":"http:\/\/js-photo.fr\/acceuil\/?page_id=117769"},"modified":"2026-01-18T11:27:28","modified_gmt":"2026-01-18T10:27:28","slug":"annee-2025","status":"publish","type":"page","link":"http:\/\/js-photo.fr\/acceuil\/accueil\/annee-2025","title":{"rendered":"Ann\u00e9e 2025"},"content":{"rendered":"\n<div class=\"wp-block-group\"><div class=\"wp-block-group__inner-container is-layout-flow wp-block-group-is-layout-flow\">\n<div class=\"wp-block-group is-vertical is-layout-flex wp-container-core-group-is-layout-8cf370e7 wp-block-group-is-layout-flex\">\n<div class=\"wp-block-group\"><div class=\"wp-block-group__inner-container is-layout-flow wp-block-group-is-layout-flow\">\n<p class=\"has-text-align-center has-text-color has-large-font-size\" style=\"color:#0c0c69\"><strong>Bienvenue, <\/strong><\/p>\n\n\n\n<p class=\"has-text-align-center has-text-color has-large-font-size\" style=\"color:#0c0c69\"><strong>Ce site \u00e0 pour but de vous faire d\u00e9couvrir mes photos, que je r\u00e9alise en tant qu&rsquo;amateur<\/strong>. <strong>Certains reportages contiennent plusieurs centaines de photos, j&rsquo;ai donc divis\u00e9 en plusieurs pages.<\/strong> <strong>Les photos sont class\u00e9es par date. Cliquez sur le lien pour se rendre sur la page d\u00e9sir\u00e9e<\/strong>. <\/p>\n\n\n\n<p class=\"has-text-align-center has-vivid-red-color has-pale-cyan-blue-background-color has-text-color has-background has-large-font-size\"><strong>Vous pouvez laisser des commentaires sur les pages. Pour toutes demandes de photos, merci de m&rsquo;envoyer un mail et uniquement par mail (pas dans les commentaires des pages).<\/strong><\/p>\n\n\n\n<p><\/p>\n\n\n\n<p class=\"has-text-align-center has-vivid-red-color has-cyan-bluish-gray-background-color has-text-color has-background has-link-color has-large-font-size wp-elements-b15e0321cbc44b5b9cff13ca6a9ba7ee\"><strong>Pour visualiser les pages sur portable, il faut mettre comme param\u00e8tres : version pour ordinateur<\/strong><\/p>\n\n\n\n<p class=\"has-text-align-center has-large-font-size\">Retrouvez moi sur Facebook  <a href=\"https:\/\/www.facebook.com\/jsphoto.fr\">: jsphoto.fr<\/a> <\/p>\n\n\n\n<p class=\"has-text-align-center has-white-color has-black-background-color has-text-color has-background has-link-color has-x-large-font-size wp-elements-b94e73f1845a05911571526625ecb961\"><strong>Suite \u00e0 un trop grand nombre de photos sur mon site, je suis oblig\u00e9 de r\u00e9duire le nombre de fichiers (r\u00e9solution des photos).<\/strong> <strong>Donc pour visualiser certaines pages vous devez r\u00e9duire la taille de votre \u00e9cran, sinon les photos n&rsquo;appara\u00eetrons pas.<\/strong><\/p>\n\n\n\n<p class=\"has-text-align-center has-black-color has-pale-pink-background-color has-text-color has-background has-link-color has-x-large-font-size wp-elements-b55dc8bf7d1d73a890ad651ee1a4f74c\"><strong>2025<\/strong><\/p>\n\n\n\n<p class=\"has-text-align-center has-vivid-red-color has-vivid-green-cyan-background-color has-text-color has-background has-link-color has-large-font-size wp-elements-e9278245c048edc21fe030153aea2940\" style=\"text-decoration:underline\"><strong>F\u00e9vrier 2025<\/strong><\/p>\n<\/div><\/div>\n<\/div>\n<\/div><\/div>\n\n\n\n<ul style=\"text-decoration:underline\" class=\"wp-block-list has-pale-cyan-blue-color has-vivid-red-background-color has-text-color has-background has-link-color has-large-font-size wp-elements-c502944d2edfcc4ef6f31920529425c9\">\n<li><strong><a href=\"http:\/\/js-photo.fr\/acceuil\/dix-kilometres-carquefou-2025-page-1\" data-type=\"page\" data-id=\"94703\">23 f\u00e9vrier 2025 : 10 kilom\u00e8tres de Carquefou.<\/a><\/strong><\/li>\n<\/ul>\n\n\n\n<p class=\"has-text-align-center has-vivid-cyan-blue-color has-luminous-vivid-amber-background-color has-text-color has-background has-link-color has-large-font-size wp-elements-ea9b9808b1788e3a4cc2c7353a31b280\" style=\"text-decoration:underline\"><strong>Mars 2025<\/strong><\/p>\n\n\n\n<ul style=\"text-decoration:underline\" class=\"wp-block-list has-black-color has-light-green-cyan-background-color has-text-color has-background has-link-color has-large-font-size wp-elements-7205d4924214d6a56b1623343f9a7485\">\n<li class=\"has-vivid-red-color has-text-color has-link-color wp-elements-781eeeec63180ff6176ddc3d8ca0898f\"><strong><a href=\"http:\/\/js-photo.fr\/acceuil\/matinee-fagots-2025\" data-type=\"page\" data-id=\"96526\">08 mars 2025 : Matin\u00e9e fagots avec le comit\u00e9 des f\u00eates de Nort-sur-Erdre.<\/a><\/strong><\/li>\n\n\n\n<li class=\"has-vivid-red-color has-text-color has-link-color wp-elements-bb3c5666779f4c96298135a4b79b02b6\"><strong><a href=\"http:\/\/js-photo.fr\/acceuil\/odyssea-10-kilometres-page-1\" data-type=\"page\" data-id=\"96559\">16 mars 2025 : Odyss\u00e9a Nantes course 10 kilom\u00e8tres.<\/a><\/strong><\/li>\n\n\n\n<li class=\"has-vivid-red-color has-text-color has-link-color wp-elements-4d354cf2eee762562e13e09bbd3631e0\"><a href=\"http:\/\/js-photo.fr\/acceuil\/odyssea-course-et-marche-5-kilometres-page-1\" data-type=\"page\" data-id=\"98623\"><strong>16 mars 2025 : Odyss\u00e9a Nantes Course et marche 5 kilom\u00e8tres.<\/strong><\/a><\/li>\n\n\n\n<li class=\"has-vivid-red-color has-text-color has-link-color wp-elements-54487bfa75ea28f46578009fc521aff4\"><strong><a href=\"http:\/\/js-photo.fr\/acceuil\/atlantisports-2025-page-1\" data-type=\"page\" data-id=\"100315\">23 mars 2025 : Atlantisports \u00e0 Saint-Herblain, courses adultes.<\/a><\/strong><\/li>\n\n\n\n<li class=\"has-vivid-red-color has-text-color has-link-color wp-elements-122daaffc20b38ec7091ffe80ec16af0\"><a href=\"http:\/\/js-photo.fr\/acceuil\/les-oscars-de-lharmonie-page-1\" data-type=\"page\" data-id=\"101665\"><strong>28 mars 2025 : Les Oscars de l&rsquo;Harmonie Saint-Michel.<\/strong><\/a><\/li>\n<\/ul>\n\n\n\n<p class=\"has-text-align-center has-white-color has-vivid-purple-background-color has-text-color has-background has-link-color has-large-font-size wp-elements-454e8802a4be37a803ba90be91101e5b\"><strong>Avril 2025<\/strong><\/p>\n\n\n\n<ul class=\"wp-block-list has-pale-cyan-blue-color has-luminous-vivid-orange-background-color has-text-color has-background has-link-color wp-elements-160fa4ec944bb53dac9f0f1b990b1286\">\n<li class=\"has-large-font-size\" style=\"text-decoration:underline\"><strong><a href=\"http:\/\/js-photo.fr\/acceuil\/forge-tes-pieds-2025-page-1\" data-type=\"page\" data-id=\"102514\">6 avril 2025 : Forge tes pieds \u00e0 Moisdon-la-Rivi\u00e8re.<\/a><\/strong><\/li>\n\n\n\n<li class=\"has-large-font-size\" style=\"text-decoration:underline\"><a href=\"http:\/\/js-photo.fr\/acceuil\/courses-hippiques-6-avril-2025-a-nort-sur-erdre\" data-type=\"page\" data-id=\"103055\"><strong>6 avril 2025 : Courses hippiques \u00e0 Nort-sur-Erdre.<\/strong><\/a><\/li>\n\n\n\n<li class=\"has-large-font-size\" style=\"text-decoration:underline\"><strong><a href=\"http:\/\/js-photo.fr\/acceuil\/courses-cyclistes-erbray-13-avril-2025-page-1-2\" data-type=\"page\" data-id=\"103749\">13 avril 2025 Courses cyclistes d&rsquo;Erbray.<\/a><\/strong><\/li>\n\n\n\n<li class=\"has-large-font-size\" style=\"text-decoration:underline\"><strong><a href=\"http:\/\/js-photo.fr\/acceuil\/courses-hippiques-20-avril-2025-a-nort-sur-erdre-page-1-2\" data-type=\"page\" data-id=\"104157\">20 avril 2025 : Courses hippiques \u00e0 Nort-sur-Erdre.<\/a><\/strong><\/li>\n\n\n\n<li class=\"has-large-font-size\" style=\"text-decoration:underline\"><strong><a href=\"http:\/\/js-photo.fr\/acceuil\/courses-cyclistes-louisfert-21-avril-2025-page-1-2\" data-type=\"page\" data-id=\"104425\">21 avril 2025 : Course cycliste \u00e0 Louisfert. Prix Manu Cruaud.<\/a><\/strong><\/li>\n\n\n\n<li class=\"has-large-font-size\" style=\"text-decoration:underline\"><a href=\"http:\/\/js-photo.fr\/acceuil\/theatre-2-minutes-pour-une-vie-page-1\" data-type=\"page\" data-id=\"104742\"><strong>25 avril 2025 : Th\u00e9\u00e2tre \u00ab\u00a02 minutes pour une vie\u00a0\u00bb<\/strong>.<\/a><\/li>\n\n\n\n<li class=\"has-large-font-size\" style=\"text-decoration:underline\"><strong><a href=\"http:\/\/js-photo.fr\/acceuil\/trail-de-la-carriere-2025-page-1\" data-type=\"page\" data-id=\"104987\">27 avril 2025 : Trail de la carri\u00e8re.<\/a><\/strong><\/li>\n<\/ul>\n\n\n\n<p class=\"has-text-align-center has-vivid-red-color has-pale-cyan-blue-background-color has-text-color has-background has-link-color has-large-font-size wp-elements-3525c8fa5dc3771f9f47baf3e32431c7\"><strong>Mai 2025<\/strong><\/p>\n\n\n\n<ul class=\"wp-block-list has-black-color has-vivid-green-cyan-background-color has-text-color has-background has-link-color has-large-font-size wp-elements-286a488df520b270d6c0cab872b24f07\">\n<li class=\"has-large-font-size\" style=\"text-decoration:underline\"><a href=\"http:\/\/js-photo.fr\/acceuil\/foulees-du-1er-mai-2025-page-1\" data-type=\"page\" data-id=\"105967\"><strong>01 mai 2025 : Les foul\u00e9es du 1er mai \u00e0 Teill\u00e9.<\/strong><\/a><\/li>\n\n\n\n<li style=\"text-decoration:underline\"><strong><a href=\"http:\/\/js-photo.fr\/acceuil\/erdre-a-la-nage\" data-type=\"page\" data-id=\"106764\">08 mai 2025 : Erdre \u00e0 la nage.<\/a><\/strong><\/li>\n\n\n\n<li style=\"text-decoration:underline\"><strong><a href=\"http:\/\/js-photo.fr\/acceuil\/ceremonie-8-mai-2025\" data-type=\"page\" data-id=\"106849\">08 mai 2025 : comm\u00e9moration des 80 ans de la victoire du 8 mai 1945<\/a><\/strong><\/li>\n\n\n\n<li style=\"text-decoration:underline\"><strong><a href=\"http:\/\/js-photo.fr\/acceuil\/courses-hippiques-08-mai-2025-page-1\" data-type=\"page\" data-id=\"106929\">08 mai 2025 : Courses hippiques \u00e0 Nort-sur-Erdre.<\/a><\/strong><\/li>\n\n\n\n<li class=\"has-large-font-size\" style=\"text-decoration:underline\"><strong><a href=\"http:\/\/js-photo.fr\/acceuil\/courses-de-caisse-a-savon-page-1\" data-type=\"page\" data-id=\"107203\">17 mai 2025 : Courses de caisses \u00e0 savon \u00e0 Casson.<\/a><\/strong><\/li>\n\n\n\n<li style=\"text-decoration:underline\"><strong><a href=\"http:\/\/js-photo.fr\/acceuil\/concours-de-palets-des-chaperons-raid\" data-type=\"page\" data-id=\"107529\">17 mai 2025 : Concours de palets des \u00ab\u00a0Chaperons Raid \u00e0 Nort-sur-Erdre<\/a><\/strong>.<\/li>\n\n\n\n<li style=\"text-decoration:underline\"><strong><a href=\"http:\/\/js-photo.fr\/acceuil\/demi-finale-de-hand-18-mai-2025-page-1\" data-type=\"page\" data-id=\"107643\">18 mai 2025 : Demi-finale de hand \u00e0 Nort-sur-Erdre.<\/a><\/strong><\/li>\n\n\n\n<li style=\"text-decoration:underline\"><strong><a href=\"http:\/\/js-photo.fr\/acceuil\/courses-cyclistes-de-la-chaussee-a-blain-page-1\" data-type=\"page\" data-id=\"107919\">24 mai 2025 : Courses cyclistes de la \u00ab\u00a0Chauss\u00e9e\u00a0\u00bb \u00e0 Blain.<\/a><\/strong><\/li>\n\n\n\n<li class=\"has-large-font-size\" style=\"text-decoration:underline\"><strong><a href=\"http:\/\/js-photo.fr\/acceuil\/randonnee-vtt-et-pedestre-a-marsac-sur-don-25-mai-2025-page-2\" data-type=\"page\" data-id=\"108203\">25 mai 2025 : Randonn\u00e9e VTT et p\u00e9destre \u00e0 Marsac-sur-Don.<\/a><\/strong><\/li>\n\n\n\n<li class=\"has-large-font-size\" style=\"text-decoration:underline\"><strong><a href=\"http:\/\/js-photo.fr\/acceuil\/foot-75-ans-du-nac-football-31-mai-2025-page-1\" data-type=\"page\" data-id=\"112624\">31 mai 2025 : 75 ans du Nac football, Nort-sur-Erdre<\/a><\/strong><\/li>\n<\/ul>\n\n\n\n<p class=\"has-text-align-center has-light-green-cyan-color has-vivid-red-background-color has-text-color has-background has-link-color has-large-font-size wp-elements-1bacf95600aa97d1a7f1f7d5fd583ef0\"><strong>Juin 2025<\/strong><\/p>\n\n\n\n<ul class=\"wp-block-list has-black-color has-cyan-bluish-gray-background-color has-text-color has-background has-link-color wp-elements-ab482dd9bb694ed0a9602e505708be22\">\n<li class=\"has-black-color has-text-color has-link-color has-large-font-size wp-elements-f5d95e13a44eada9c244aca243890ea1\" style=\"text-decoration:underline\"><a href=\"http:\/\/js-photo.fr\/acceuil\/courses-hippiques-nort-sur-erdre-le-1er-juin-2025\" data-type=\"page\" data-id=\"111864\"><strong>1 er juin 2025 : Courses hippiques \u00e0 Nort-sur-Erdre.<\/strong><\/a><\/li>\n\n\n\n<li class=\"has-large-font-size\" style=\"text-decoration:underline\"><strong><a href=\"http:\/\/js-photo.fr\/acceuil\/motocross-la-meilleraie-de-bretagne-1er-juin-2025\" data-type=\"page\" data-id=\"112156\">1 er juin 2025 : Motocross \u00e0 la Meilleraye de Bretagne.<\/a><\/strong><\/li>\n\n\n\n<li class=\"has-large-font-size\" style=\"text-decoration:underline\"><strong>0<a href=\"http:\/\/js-photo.fr\/acceuil\/randonnee-quads-a-nozay-8-juin-2025\" data-type=\"page\" data-id=\"113050\">8 juin 2025 : Randonn\u00e9e &lsquo;Les Quads de la Pierre Bleue\u00a0\u00bb \u00e0 Nozay.<\/a><\/strong><\/li>\n\n\n\n<li class=\"has-large-font-size\" style=\"text-decoration:underline\"><strong><a href=\"http:\/\/js-photo.fr\/acceuil\/courses-hippiques-09-juin-2025-page-1\" data-type=\"page\" data-id=\"113220\">09 juin 2025 : Courses hippiques \u00e0 Nort-sur-Erdre.<\/a><\/strong><\/li>\n\n\n\n<li class=\"has-large-font-size\" style=\"text-decoration:underline\"><strong><a href=\"http:\/\/js-photo.fr\/acceuil\/tour-derdre-et-gesvres-2025-page-1\" data-type=\"page\" data-id=\"113463\">15 juin 2025 : Tour d&rsquo;Erdre et Gesvres.<\/a><\/strong><\/li>\n<\/ul>\n\n\n\n<p class=\"has-text-align-center has-luminous-vivid-amber-color has-vivid-cyan-blue-background-color has-text-color has-background has-link-color has-large-font-size wp-elements-24bb49b5b70485b97a802db55a5d3080\"><strong>Juillet 2025<\/strong><\/p>\n\n\n\n<ul class=\"wp-block-list has-vivid-green-cyan-color has-vivid-red-background-color has-text-color has-background has-link-color wp-elements-6ad4821cf497d980afe3b0785d96daba\">\n<li class=\"has-large-font-size\" style=\"text-decoration:underline\"><a href=\"http:\/\/js-photo.fr\/acceuil\/fete-du-mouton-13-juillet-2025-a-ligne-44\" data-type=\"page\" data-id=\"113768\"><strong>13 juillet 2025: F\u00eate du mouton \u00e0 Lign\u00e9.<\/strong><\/a><\/li>\n\n\n\n<li class=\"has-large-font-size\" style=\"text-decoration:underline\"><strong><a href=\"http:\/\/js-photo.fr\/acceuil\/fete-des-battages-2025-page-1\" data-type=\"page\" data-id=\"113977\">27 juillet 2025 : F\u00eate des battages \u00e0 la Chevallerais.<\/a><\/strong><\/li>\n<\/ul>\n\n\n\n<p class=\"has-text-align-center has-luminous-vivid-amber-color has-vivid-purple-background-color has-text-color has-background has-link-color has-large-font-size wp-elements-73a3d94b96ef8a07af9f4fba4e37ad08\"><strong>Ao\u00fbt 2025<\/strong><\/p>\n\n\n\n<ul class=\"wp-block-list has-white-color has-vivid-cyan-blue-background-color has-text-color has-background has-link-color has-large-font-size wp-elements-bf002a016386def09222413024ed3088\">\n<li style=\"text-decoration:underline\"><a href=\"http:\/\/js-photo.fr\/acceuil\/trophee-vert-2025\" data-type=\"page\" data-id=\"114275\">10 ao\u00fbt 2025 : Troph\u00e9e vert \u00e0 Nort-sur-Erdre.<\/a><\/li>\n<\/ul>\n\n\n\n<p class=\"has-text-align-center has-vivid-green-cyan-color has-vivid-red-background-color has-text-color has-background has-link-color has-large-font-size wp-elements-ab60071776d64745ae7ffd04170d1741\"><strong>Septembre 2025<\/strong><\/p>\n\n\n\n<ul class=\"wp-block-list has-vivid-red-color has-luminous-vivid-amber-background-color has-text-color has-background has-link-color has-large-font-size wp-elements-819bd875d999509227eefb31bc2b11db\">\n<li style=\"text-decoration:underline\"><strong><a href=\"http:\/\/js-photo.fr\/acceuil\/rando-marsienne-2025-page-1\" data-type=\"page\" data-id=\"114712\">07 septembre 2025 : La Rando Marsienne.<\/a><\/strong><\/li>\n\n\n\n<li style=\"text-decoration:underline\"><strong><a href=\"http:\/\/js-photo.fr\/acceuil\/courses-hippiques-7-septembre-2025\" data-type=\"page\" data-id=\"114482\">07 septembre 2025 : Courses hippiques \u00e0 Nort-sur-Erdre<\/a><\/strong>.<\/li>\n\n\n\n<li style=\"text-decoration:underline\"><strong><a href=\"http:\/\/js-photo.fr\/acceuil\/rando-des-bestioles\" data-type=\"page\" data-id=\"115049\">14 septembre 2025 : Rando des Bestioles, Les Touches.<\/a><\/strong><\/li>\n\n\n\n<li class=\"has-large-font-size\" style=\"text-decoration:underline\"><strong><a href=\"http:\/\/js-photo.fr\/acceuil\/suce-sur-raid-2025-page-1\" data-type=\"page\" data-id=\"115176\">28 septembre 2025 : Suc\u00e9-sur-Raid \u00e0 Suc\u00e9-sur-Erdre.<\/a><\/strong><\/li>\n<\/ul>\n\n\n\n<p class=\"has-text-align-center has-luminous-vivid-orange-color has-cyan-bluish-gray-background-color has-text-color has-background has-link-color has-large-font-size wp-elements-fef1b79df7fdfaddb81a462341e17c25\"><strong>Octobre 2025<\/strong><\/p>\n\n\n\n<ul class=\"wp-block-list has-vivid-red-color has-vivid-green-cyan-background-color has-text-color has-background has-link-color has-large-font-size wp-elements-7c73c7528ad94a9a4532980a6bea16d1\">\n<li class=\"has-large-font-size\" style=\"text-decoration:underline\"><strong><a href=\"http:\/\/js-photo.fr\/acceuil\/beerun-2025-page-1\" data-type=\"page\" data-id=\"115900\">04 octobre 2025 : Beerun \u00e0 Jou\u00e9-sur-Erdre.<\/a><\/strong><\/li>\n\n\n\n<li class=\"has-large-font-size\" style=\"text-decoration:underline\"><strong><a href=\"http:\/\/js-photo.fr\/acceuil\/courses-hippiques-05-octobre-2025-page-2\" data-type=\"page\" data-id=\"116654\">05 octobre 2025 : Courses hippiques \u00e0 Nort-sur-Erdre.<\/a><\/strong><\/li>\n<\/ul>\n\n\n\n<p class=\"has-text-align-center has-white-color has-vivid-purple-background-color has-text-color has-background has-link-color has-large-font-size wp-elements-66dcfb77ee607497a3cbba20c499eab2\"><strong>Novembre 2025<\/strong><\/p>\n\n\n\n<ul class=\"wp-block-list has-vivid-red-background-color has-background\">\n<li class=\"has-white-color has-text-color has-link-color has-large-font-size wp-elements-51e10152702a894d83da843ba6dc88a9\" style=\"text-decoration:underline\"><a href=\"http:\/\/js-photo.fr\/acceuil\/commemoration-de-larmistice-de-1918\" data-type=\"page\" data-id=\"116877\"><strong>09 novembre 2025 : Comm\u00e9moration de l&rsquo;armistice de  1918 \u00e0 Nort-sur-Erdre.<\/strong><\/a><\/li>\n\n\n\n<li class=\"has-white-color has-text-color has-link-color has-large-font-size wp-elements-e0afae3d33f974a65b118ec1c24a1e06\" style=\"text-decoration:underline\"><strong><a href=\"http:\/\/js-photo.fr\/acceuil\/ceremonie-de-la-sainte-barbe-2025\" data-type=\"page\" data-id=\"117554\">15 novembre 2025 : Sainte-Barbe 2025 \u00e0 Nort-sur-Erdre. <\/a><\/strong><\/li>\n<\/ul>\n\n\n\n<p class=\"has-text-align-center has-luminous-vivid-orange-color has-vivid-cyan-blue-background-color has-text-color has-background has-link-color has-large-font-size wp-elements-2823e4d779133c766fb1fee8e0e71e3d\"><strong>D\u00e9cembre 2025<\/strong><\/p>\n\n\n\n<ul class=\"wp-block-list has-black-color has-luminous-vivid-orange-background-color has-text-color has-background has-link-color has-large-font-size wp-elements-487faa37d275da64a55fa72509e7bfcf\">\n<li class=\"has-large-font-size\" style=\"text-decoration:underline\"><strong><a href=\"http:\/\/js-photo.fr\/acceuil\/concert-de-lharmonie-saint-michel-14-decembre-2025\" data-type=\"page\" data-id=\"117632\">14 d\u00e9cembre 2025 : Concert de l&rsquo;Harmonie Saint-Michel \u00e0 Nort-sur-Erdre.<\/a><\/strong><\/li>\n<\/ul>\n\n\n\n<p class=\"has-large-font-size\">Vous \u00eates professionnel et voulez me sponsoriser , m&rsquo;aider \u00e0 renouveler mon mat\u00e9riel et continuer \u00e0 couvrir les \u00e9v\u00e8nements, Contactez moi : jsphoto@hotmail.fr ou sur ma cagnotte Leetchi : <a href=\"https:\/\/www.leetchi.com\/fr\/c\/but-renouveler-mon-materiel-publier-mon-site-internet-wwwjs-photofr-1876559?utm_source=copylink&amp;utm_medium=social_sharing\">https:\/\/www.leetchi.com\/fr\/c\/but-renouveler-mon-materiel-publier-mon-site-internet-wwwjs-photofr-1876559?utm_source=copylink&amp;utm_medium=social_sharing<\/a><\/p>\n\n\n\n<p><\/p>\n\n\n\n<p><\/p>\n\n\n\n<p><\/p>\n\n\n\n<p class=\"has-text-align-center has-x-large-font-size\"><a href=\"http:\/\/js-photo.fr\/accueil\/2022-2\" data-type=\"page\" data-id=\"10936\">Les photos de 2022 : ICI.<\/a><\/p>\n\n\n\n<p class=\"has-text-align-center has-x-large-font-size\"><a href=\"http:\/\/js-photo.fr\/acceuil\/accueil\/2023-2\" data-type=\"page\" data-id=\"56992\">Les photos de  2023 : ICI<\/a><\/p>\n\n\n\n<p class=\"has-text-align-center has-x-large-font-size\"><a href=\"http:\/\/js-photo.fr\/acceuil\/accueil\/annee-2024\" data-type=\"page\" data-id=\"94693\">Les photos de  2024 : ICI<\/a><\/p>\n\n\n\n<p><\/p>\n\n\n\n<p class=\"has-text-align-center has-white-color has-vivid-red-background-color has-text-color has-background has-link-color has-large-font-size wp-elements-51f10de0effe186b892c18aa8a450e38\">Merci \u00e0 ceux qui ont particip\u00e9 \u00e0 ma cagnotte et qui m&rsquo;ont permis de contribuer au rachat d&rsquo; un nouvel appareil et de continuer mon site internet.<\/p>\n\n\n\n<figure class=\"wp-block-gallery has-nested-images columns-default is-cropped wp-block-gallery-2 is-layout-flex wp-block-gallery-is-layout-flex\">\n<figure class=\"wp-block-image size-large\"><img loading=\"lazy\" decoding=\"async\" width=\"960\" height=\"800\" data-id=\"67560\" src=\"http:\/\/js-photo.fr\/wp-content\/uploads\/2024\/03\/Ma-cagnotte-au-23-mars-2024-960x800.jpg\" alt=\"\" class=\"wp-image-67560\" srcset=\"http:\/\/js-photo.fr\/wp-content\/uploads\/2024\/03\/Ma-cagnotte-au-23-mars-2024-960x800.jpg 960w, http:\/\/js-photo.fr\/wp-content\/uploads\/2024\/03\/Ma-cagnotte-au-23-mars-2024-768x640.jpg 768w, http:\/\/js-photo.fr\/wp-content\/uploads\/2024\/03\/Ma-cagnotte-au-23-mars-2024-1536x1280.jpg 1536w, http:\/\/js-photo.fr\/wp-content\/uploads\/2024\/03\/Ma-cagnotte-au-23-mars-2024-2048x1707.jpg 2048w\" sizes=\"auto, (max-width: 960px) 100vw, 960px\" \/><\/figure>\n<\/figure>\n","protected":false},"excerpt":{"rendered":"<p>Bienvenue, Ce site \u00e0 pour but de vous faire d\u00e9couvrir mes photos, que je r\u00e9alise en tant qu&rsquo;amateur. Certains reportages contiennent plusieurs centaines de photos, &hellip; <\/p>\n","protected":false},"author":1,"featured_media":0,"parent":4469,"menu_order":1,"comment_status":"open","ping_status":"closed","template":"","meta":{"footnotes":""},"class_list":["post-117769","page","type-page","status-publish","hentry"],"_links":{"self":[{"href":"http:\/\/js-photo.fr\/acceuil\/wp-json\/wp\/v2\/pages\/117769","targetHints":{"allow":["GET"]}}],"collection":[{"href":"http:\/\/js-photo.fr\/acceuil\/wp-json\/wp\/v2\/pages"}],"about":[{"href":"http:\/\/js-photo.fr\/acceuil\/wp-json\/wp\/v2\/types\/page"}],"author":[{"embeddable":true,"href":"http:\/\/js-photo.fr\/acceuil\/wp-json\/wp\/v2\/users\/1"}],"replies":[{"embeddable":true,"href":"http:\/\/js-photo.fr\/acceuil\/wp-json\/wp\/v2\/comments?post=117769"}],"version-history":[{"count":2,"href":"http:\/\/js-photo.fr\/acceuil\/wp-json\/wp\/v2\/pages\/117769\/revisions"}],"predecessor-version":[{"id":117773,"href":"http:\/\/js-photo.fr\/acceuil\/wp-json\/wp\/v2\/pages\/117769\/revisions\/117773"}],"up":[{"embeddable":true,"href":"http:\/\/js-photo.fr\/acceuil\/wp-json\/wp\/v2\/pages\/4469"}],"wp:attachment":[{"href":"http:\/\/js-photo.fr\/acceuil\/wp-json\/wp\/v2\/media?parent=117769"}],"curies":[{"name":"wp","href":"https:\/\/api.w.org\/{rel}","templated":true}]}}