{"id":11743,"date":"2022-09-29T19:17:57","date_gmt":"2022-09-29T17:17:57","guid":{"rendered":"http:\/\/js-photo.fr\/?page_id=11743"},"modified":"2022-10-01T15:16:41","modified_gmt":"2022-10-01T13:16:41","slug":"challenge-des-3-rivieres","status":"publish","type":"page","link":"http:\/\/js-photo.fr\/acceuil\/challenge-des-3-rivieres","title":{"rendered":"Challenge des 3 rivi\u00e8res"},"content":{"rendered":"\n<p class=\"has-medium-font-size\">Le Challenge des 3 Rivi\u00e8res Troph\u00e9e Millet 2022 \u00e9tait organis\u00e9 par le Loire et Sillon Cyclisme et l\u2019\u00c9toile Cycliste Du Don le samedi 24 septembre \u00e0 Marsac sur Don et \u00e0 Guenrouet le dimanche 25 septembre. Le Challenge des 3 Rivi\u00e8res est organis\u00e9 en 2 \u00e9preuves sur 2 jours et est r\u00e9serv\u00e9 aux 3\u00e8mes cat\u00e9gories et juniors par \u00e9quipe de 5 coureurs. Il y avait aussi une course d&rsquo;attente pour les minimes \u00e0 Marsac le samedi et une course d&rsquo;attente, le Grand Prix Cristalline, \u00e0 Guenrouet le dimanche pour les pass-cyclistes.<\/p>\n\n\n\n<p class=\"has-medium-font-size\"><span style=\"text-decoration: underline\" class=\"underline\"><strong>24 septembre \u00e0 Marsac sur Don :<\/strong><\/span><\/p>\n\n\n\n<ul class=\"has-medium-font-size wp-block-list\"><li><a href=\"http:\/\/js-photo.fr\/challenge-des-3-rivieres-a-marsac-sur-don-page-1\" data-type=\"page\" data-id=\"11457\">Page 1<\/a><\/li><li><a href=\"http:\/\/js-photo.fr\/challenge-des-3-rivieres-a-marsac-sur-don-page-2\" data-type=\"page\" data-id=\"11541\">Page 2<\/a><\/li><li><a href=\"http:\/\/js-photo.fr\/challenge-des-3-rivieres-a-marsac-sur-don-page-3\" data-type=\"page\" data-id=\"11623\">Page 3<\/a><\/li><li><a href=\"http:\/\/js-photo.fr\/challenge-des-3-rivieres-a-marsac-sur-don-page-4\" data-type=\"page\" data-id=\"11705\">Page 4<\/a><\/li><\/ul>\n\n\n\n<p class=\"has-medium-font-size\"><span style=\"text-decoration: underline\" class=\"underline\"><strong>25 septembre \u00e0 Guenrouet :<\/strong><\/span><\/p>\n\n\n\n<ul class=\"wp-block-list\"><li><a href=\"http:\/\/js-photo.fr\/challenge-des-3-rivieres-a-guenrouet-page-1\" data-type=\"page\" data-id=\"11747\">Page 1<\/a><\/li><li><a href=\"http:\/\/js-photo.fr\/challenge-des-3-rivieres-a-guenrouet-page-2\" data-type=\"page\" data-id=\"11829\">Page 2<\/a><\/li><li><a href=\"http:\/\/js-photo.fr\/challenge-des-3-rivieres-a-guenrouet-page-3\" data-type=\"page\" data-id=\"11911\">Page 3<\/a><\/li><\/ul>\n","protected":false},"excerpt":{"rendered":"<p>Le Challenge des 3 Rivi\u00e8res Troph\u00e9e Millet 2022 \u00e9tait organis\u00e9 par le Loire et Sillon Cyclisme et l\u2019\u00c9toile Cycliste Du Don le samedi 24 septembre &hellip; <\/p>\n","protected":false},"author":1,"featured_media":0,"parent":0,"menu_order":0,"comment_status":"closed","ping_status":"closed","template":"","meta":{"footnotes":""},"class_list":["post-11743","page","type-page","status-publish","hentry"],"_links":{"self":[{"href":"http:\/\/js-photo.fr\/acceuil\/wp-json\/wp\/v2\/pages\/11743","targetHints":{"allow":["GET"]}}],"collection":[{"href":"http:\/\/js-photo.fr\/acceuil\/wp-json\/wp\/v2\/pages"}],"about":[{"href":"http:\/\/js-photo.fr\/acceuil\/wp-json\/wp\/v2\/types\/page"}],"author":[{"embeddable":true,"href":"http:\/\/js-photo.fr\/acceuil\/wp-json\/wp\/v2\/users\/1"}],"replies":[{"embeddable":true,"href":"http:\/\/js-photo.fr\/acceuil\/wp-json\/wp\/v2\/comments?post=11743"}],"version-history":[{"count":2,"href":"http:\/\/js-photo.fr\/acceuil\/wp-json\/wp\/v2\/pages\/11743\/revisions"}],"predecessor-version":[{"id":11978,"href":"http:\/\/js-photo.fr\/acceuil\/wp-json\/wp\/v2\/pages\/11743\/revisions\/11978"}],"wp:attachment":[{"href":"http:\/\/js-photo.fr\/acceuil\/wp-json\/wp\/v2\/media?parent=11743"}],"curies":[{"name":"wp","href":"https:\/\/api.w.org\/{rel}","templated":true}]}}