{"id":10936,"date":"2022-09-13T14:09:54","date_gmt":"2022-09-13T13:09:54","guid":{"rendered":"http:\/\/js-photo.fr\/?page_id=10936"},"modified":"2023-04-07T17:49:37","modified_gmt":"2023-04-07T16:49:37","slug":"2022-2","status":"publish","type":"page","link":"http:\/\/js-photo.fr\/acceuil\/accueil\/2022-2","title":{"rendered":"Ann\u00e9e 2022"},"content":{"rendered":"\n<div class=\"wp-block-group\"><div class=\"wp-block-group__inner-container is-layout-flow wp-block-group-is-layout-flow\">\n<div class=\"wp-block-group has-x-large-font-size is-vertical is-content-justification-center is-layout-flex wp-container-core-group-is-layout-4b2eccd6 wp-block-group-is-layout-flex\">\n<div class=\"wp-block-group\"><div class=\"wp-block-group__inner-container is-layout-flow wp-block-group-is-layout-flow\">\n<p class=\"has-text-align-center has-vivid-red-color has-text-color\" style=\"font-size:70px\"><strong>2022<\/strong><\/p>\n<\/div><\/div>\n<\/div>\n<\/div><\/div>\n\n\n\n<div class=\"wp-block-group\"><div class=\"wp-block-group__inner-container is-layout-flow wp-block-group-is-layout-flow\"><\/div><\/div>\n\n\n\n<h2 class=\"has-text-align-center has-white-color has-pale-cyan-blue-background-color has-text-color has-background has-x-large-font-size wp-block-heading\"><strong><span style=\"text-decoration: underline\" class=\"underline\">D\u00e9cembre 2022<\/span><\/strong><\/h2>\n\n\n\n<ul class=\"has-luminous-vivid-amber-background-color has-background wp-block-list\">\n<li><span style=\"text-decoration: underline\" class=\"underline\"><strong><a href=\"http:\/\/js-photo.fr\/randonnee-quads-a-nozay-au-profit-du-telethon-2022\" data-type=\"page\" data-id=\"15599\">03 d\u00e9cembre 2022 : Randonn\u00e9e quads \u00e0 Nozay au profit du T\u00e9l\u00e9thon.<\/a><\/strong><\/span><\/li>\n\n\n\n<li><span style=\"text-decoration: underline\" class=\"underline\"><strong><a href=\"http:\/\/js-photo.fr\/rando-moto-telethon-2022\" data-type=\"page\" data-id=\"16050\">03 d\u00e9cembre 2022 : Randonn\u00e9e moto \u00e0 Nort-sur-Erdre au profit du T\u00e9l\u00e9thon.<\/a><\/strong><\/span><\/li>\n<\/ul>\n\n\n\n<h2 class=\"has-text-align-center has-white-color has-pale-cyan-blue-background-color has-text-color has-background has-x-large-font-size wp-block-heading\"><strong><span style=\"text-decoration: underline\" class=\"underline\">Novembre 2022<\/span><\/strong><\/h2>\n\n\n\n<ul class=\"has-luminous-vivid-amber-background-color has-background wp-block-list\">\n<li><a href=\"http:\/\/js-photo.fr\/tnt-2022\" data-type=\"page\" data-id=\"15594\"><span style=\"text-decoration: underline\" class=\"underline\"><strong>26 novembre 2022 : TNT, Les Touches :<\/strong><\/span><\/a><\/li>\n\n\n\n<li><span style=\"text-decoration: underline\" class=\"underline\"><a href=\"http:\/\/js-photo.fr\/sainte-barbe-2022\" data-type=\"page\" data-id=\"14827\"><strong>19 novembre 2022 : Sainte -barbe au C.I.S de Nort-sur-Erdre :<\/strong><\/a><\/span><\/li>\n\n\n\n<li><strong><a href=\"http:\/\/js-photo.fr\/defile-nort-13-novembre-2022\"><span style=\"text-decoration: underline\" class=\"underline\">13 novembre 2022 : Comm\u00e9moration de l&rsquo;Armistice.<\/span><\/a><\/strong><\/li>\n\n\n\n<li><strong><a href=\"http:\/\/js-photo.fr\/la-rigolaise-page-1\" data-type=\"page\" data-id=\"14430\"><span style=\"text-decoration: underline\" class=\"underline\">06 novembre 2022 : Randonn\u00e9e La Rigolaise.<\/span><\/a><\/strong><span style=\"text-decoration: underline\" class=\"underline\"><\/span><\/li>\n<\/ul>\n\n\n\n<h2 class=\"has-text-align-center has-white-color has-pale-cyan-blue-background-color has-text-color has-background has-x-large-font-size wp-block-heading\"><strong><span style=\"text-decoration: underline\" class=\"underline\">Octobre 2022<\/span><\/strong><\/h2>\n\n\n\n<ul class=\"has-black-color has-luminous-vivid-amber-background-color has-text-color has-background has-medium-font-size wp-block-list\">\n<li><a href=\"http:\/\/js-photo.fr\/nort-vs-vallet-301022-page-1\" data-type=\"page\" data-id=\"14216\"><span style=\"text-decoration: underline\" class=\"underline\"><strong>30 octobre 2022 : Football Nort AC vs Vallet :<\/strong><\/span><\/a><\/li>\n\n\n\n<li><a href=\"http:\/\/js-photo.fr\/remerciement-des-benevoles-de-la-societe-des-courses-de-nort-sur-erdre\" data-type=\"page\" data-id=\"14171\"><strong><span style=\"text-decoration: underline\" class=\"underline\">29 octobre 2022 : Remerciements b\u00e9n\u00e9voles de la soci\u00e9t\u00e9 des courses de Nort-sur-Erdre :<\/span><\/strong><\/a><\/li>\n\n\n\n<li><strong><span style=\"text-decoration: underline\" class=\"underline\"><a href=\"http:\/\/js-photo.fr\/rando-vtt-a-heric-page-1\" data-type=\"page\" data-id=\"13893\">23 octobre 2022 : Randonn\u00e9e VTT \u00e0 H\u00e9ric :<\/a><\/span><\/strong><\/li>\n\n\n\n<li><strong><span style=\"text-decoration: underline\" class=\"underline\"><a href=\"http:\/\/js-photo.fr\/camp-americain-a-casson-remerciements\" data-type=\"page\" data-id=\"13837\">23 octobre 2022 : Remerciements du Camp Am\u00e9ricain de Casson :<\/a><\/span><\/strong><\/li>\n\n\n\n<li><strong><span style=\"text-decoration: underline\" class=\"underline\"><a href=\"http:\/\/js-photo.fr\/courses-hippiques-9-octobre-2022\" data-type=\"page\" data-id=\"13195\">09 ocobre 2022 : Courses hippiques<\/a><\/span><\/strong><\/li>\n\n\n\n<li><strong><a href=\"http:\/\/js-photo.fr\/beerun44-2022\" data-type=\"page\" data-id=\"12286\"><span style=\"text-decoration: underline\" class=\"underline\">08 octobre 2022 : Beerun 44 \u00e0 Jou\u00e9-sur-Erdre :<\/span><\/a><\/strong><\/li>\n\n\n\n<li><a href=\"http:\/\/js-photo.fr\/motocross-nozay-page-1\" data-type=\"page\" data-id=\"11981\"><span style=\"text-decoration: underline\" class=\"underline\"><strong>02 octobre 2022 : Motocross vintage \u00e0 Nozay :<\/strong><\/span><\/a><strong><span style=\"text-decoration: underline\" class=\"underline\"><\/span><\/strong><\/li>\n<\/ul>\n\n\n\n<h2 class=\"has-text-align-center has-white-color has-pale-cyan-blue-background-color has-text-color has-background has-x-large-font-size wp-block-heading\"><strong><span style=\"text-decoration: underline\" class=\"underline\">Septembre 2022<\/span><\/strong><\/h2>\n\n\n\n<ul class=\"has-black-color has-luminous-vivid-amber-background-color has-text-color has-background has-medium-font-size wp-block-list\">\n<li><strong><a href=\"http:\/\/js-photo.fr\/12-eme-traversee-de-nantes-page-1\" data-type=\"page\" data-id=\"13439\"><span style=\"text-decoration: underline\" class=\"underline\">25 septembre 2022 : 12 \u00e8me travers\u00e9e de Nantes :<\/span><\/a><\/strong><\/li>\n\n\n\n<li><strong><a href=\"http:\/\/js-photo.fr\/challenge-des-3-rivieres\" data-type=\"page\" data-id=\"11743\"><span style=\"text-decoration: underline\" class=\"underline\">25 septembre 2022 : Challenge des 3 rivi\u00e8res \u00e0 Guenrouet :<\/span><\/a><\/strong><\/li>\n\n\n\n<li><strong><a href=\"http:\/\/js-photo.fr\/challenge-des-3-rivieres\" data-type=\"page\" data-id=\"11743\"><span style=\"text-decoration: underline\" class=\"underline\">24 septembre : Challenge des 3 rivi\u00e8res \u00e0 Marsac-sur-Don :<\/span><\/a><\/strong><\/li>\n\n\n\n<li><strong><span style=\"text-decoration: underline\" class=\"underline\"><a href=\"http:\/\/js-photo.fr\/coupe-france-page-1\" data-type=\"page\" data-id=\"11306\">24 septembre 2022 : Coupe de France Nort\/Sabl\u00e9 sur Sarthe :<\/a><\/span><\/strong><\/li>\n\n\n\n<li><strong><a href=\"http:\/\/js-photo.fr\/suce-sur-raid-2022\" data-type=\"page\" data-id=\"11296\"><span style=\"text-decoration: underline\" class=\"underline\">18 septembre 2022 : Suc\u00e9-sur-Raid :<\/span><\/a><\/strong><\/li>\n\n\n\n<li><strong><a href=\"http:\/\/js-photo.fr\/courses-cyclistes-a-ligne-11-septembre-2022\" data-type=\"page\" data-id=\"11025\"><span style=\"text-decoration: underline\" class=\"underline\">11 septembre 2022 : Courses cyclistes \u00e0 Lign\u00e9 :<\/span><\/a><\/strong><\/li>\n\n\n\n<li><strong><span style=\"text-decoration: underline\" class=\"underline\"><a href=\"http:\/\/js-photo.fr\/motocross-04-septembre-2022\" data-type=\"page\" data-id=\"10941\">04 septembre 2022 : Moto-cross et Side-car cross \u00e0 H\u00e9ric :<\/a><\/span><\/strong><\/li>\n\n\n\n<li><strong><a href=\"http:\/\/js-photo.fr\/rando-marsienne-04-septembre-2022\" data-type=\"page\" data-id=\"10945\"><span style=\"text-decoration: underline\" class=\"underline\">04 septembre 2022 : La Rando Marsienne :<\/span><\/a><\/strong><\/li>\n\n\n\n<li><strong><span style=\"text-decoration: underline\" class=\"underline\"><a href=\"http:\/\/js-photo.fr\/nozay-sexpose-03-septembre-2022\" data-type=\"page\" data-id=\"10949\">03 septembre 2022  : Nozay s&rsquo;expose :<\/a><\/span><\/strong><\/li>\n<\/ul>\n\n\n\n<h2 class=\"has-text-align-center has-white-color has-pale-cyan-blue-background-color has-text-color has-background has-x-large-font-size wp-block-heading\"><strong><span style=\"text-decoration: underline\" class=\"underline\">Ao\u00fbt 2022<\/span><\/strong><\/h2>\n\n\n\n<ul class=\"has-luminous-vivid-amber-background-color has-background has-medium-font-size wp-block-list\">\n<li><strong><span style=\"text-decoration: underline\" class=\"underline\"><a href=\"http:\/\/js-photo.fr\/24-heures-vtt-de-la-loire-27-28-aout-2022\" data-type=\"page\" data-id=\"10953\">27-28 ao\u00fbt 2022 : 24 heures VTT de la Loire :<\/a><\/span><\/strong><\/li>\n\n\n\n<li><strong><span style=\"text-decoration: underline\" class=\"underline\"><a href=\"http:\/\/js-photo.fr\/rdverdre260822\">26 ao\u00fbt 2022 : Les Rendez-vous de l&rsquo;Erdre : D\u00e9part des bateaux.<\/a><\/span><\/strong><\/li>\n\n\n\n<li><strong><span style=\"text-decoration: underline\" class=\"underline\"><a href=\"http:\/\/js-photo.fr\/rdverdre250822\">25 ao\u00fbt 2022 : Les Rendez-vous de l&rsquo;Erdre : concert et illumination.<\/a><\/span><\/strong><\/li>\n\n\n\n<li><strong><span style=\"text-decoration: underline\" class=\"underline\"><a href=\"http:\/\/js-photo.fr\/ch140822\">14 ao\u00fbt 2022 : Courses hippiques \u00e0 Nort-sur-Erdre.<\/a><\/span><\/strong><\/li>\n<\/ul>\n\n\n\n<p class=\"has-text-align-center has-white-color has-pale-cyan-blue-background-color has-text-color has-background has-x-large-font-size\"><strong><span style=\"text-decoration: underline\" class=\"underline\">Juillet 2022<\/span><\/strong><\/p>\n\n\n\n<ul class=\"has-luminous-vivid-amber-background-color has-background has-medium-font-size wp-block-list\">\n<li><strong><span style=\"text-decoration: underline\" class=\"underline\"><a href=\"http:\/\/js-photo.fr\/open-de-lerdre-15-juillet-2022\" data-type=\"page\" data-id=\"10959\">15 juillet 2022 : Open de l&rsquo;Erdre :<\/a> <\/span><\/strong><\/li>\n\n\n\n<li><strong><span style=\"text-decoration: underline\" class=\"underline\"><a href=\"http:\/\/js-photo.fr\/expo-vehicules-anciens-14-juillet-2022\" data-type=\"page\" data-id=\"10962\">14 juillet 2022 : Exposition et d\u00e9fil\u00e9 de v\u00e9hicules anciens :<\/a><\/span><\/strong><\/li>\n\n\n\n<li><strong><a href=\"http:\/\/js-photo.fr\/fete-du-mouton-10-juillet-2022\" data-type=\"page\" data-id=\"10965\"><span style=\"text-decoration: underline\" class=\"underline\">10 juillet 2022 : F\u00eate du mouton, Lign\u00e9 :<\/span><\/a><\/strong><\/li>\n<\/ul>\n\n\n\n<p class=\"has-text-align-center has-white-color has-pale-cyan-blue-background-color has-text-color has-background has-x-large-font-size\"><strong><span style=\"text-decoration: underline\" class=\"underline\">Juin 2022<\/span><\/strong><\/p>\n\n\n\n<ul class=\"has-luminous-vivid-amber-background-color has-background has-medium-font-size wp-block-list\">\n<li><strong><span style=\"text-decoration: underline\" class=\"underline\"><a href=\"http:\/\/js-photo.fr\/78-eme-anniversaire-maquis-de-saffre-26-juin-2022\" data-type=\"page\" data-id=\"10970\">26 juin 2022 : 78\u00e8me anniversaire du Maquis de Saffr\u00e9 :<\/a><\/span><\/strong><\/li>\n\n\n\n<li><strong><span style=\"text-decoration: underline\" class=\"underline\"><a href=\"http:\/\/js-photo.fr\/courses-cyclistes-a-casson-19-juin-2022\" data-type=\"page\" data-id=\"10976\">19 juin 2022 : Courses cyclistes \u00e0 Casson :<\/a><\/span><\/strong><\/li>\n\n\n\n<li><strong><span style=\"text-decoration: underline\" class=\"underline\"><a href=\"http:\/\/js-photo.fr\/randonnee-vtt-abbaretz-12-juin-2022\" data-type=\"page\" data-id=\"10981\">12 juin 2022 : Randonn\u00e9e VTT et Marche \u00e0 Abbaretz :<\/a><\/span><\/strong><\/li>\n\n\n\n<li><strong><span style=\"text-decoration: underline\" class=\"underline\"><a href=\"http:\/\/js-photo.fr\/randonnee-quads-nozay-11-juin-2022\" data-type=\"page\" data-id=\"10986\">11 juin 2022 : Randonn\u00e9e quads \u00e0 Nozay :<\/a><\/span><\/strong><\/li>\n\n\n\n<li><strong><span style=\"text-decoration: underline\" class=\"underline\"><a href=\"http:\/\/js-photo.fr\/heric-en-couleurs-11-juin-2022\" data-type=\"page\" data-id=\"10990\">11 juin 2022 : H\u00e9ric en couleurs :<\/a><\/span><\/strong><\/li>\n\n\n\n<li><strong><span style=\"text-decoration: underline\" class=\"underline\"><a href=\"http:\/\/js-photo.fr\/ch060622\">6 juin 2022 : Courses hippiques du lundi de Pentec\u00f4te :<\/a><\/span><\/strong><\/li>\n\n\n\n<li><strong><span style=\"text-decoration: underline\" class=\"underline\"><a href=\"http:\/\/js-photo.fr\/kart-cross-les-touches-05-juin-2022\" data-type=\"page\" data-id=\"10994\">5 juin 2022 : Kart cross Les Touches :<\/a> <\/span><\/strong><\/li>\n\n\n\n<li><strong><span style=\"text-decoration: underline\" class=\"underline\"><a href=\"http:\/\/js-photo.fr\/meeting-aerien-de-la-ferte-alais-04-juin-2022\" data-type=\"page\" data-id=\"10997\">4 juin 2022 : Meeting a\u00e9rien de la Fert\u00e9-Alais :<\/a><\/span><\/strong><\/li>\n<\/ul>\n\n\n\n<p class=\"has-text-align-center has-white-color has-pale-cyan-blue-background-color has-text-color has-background has-x-large-font-size\"><strong><span style=\"text-decoration: underline\" class=\"underline\">Mai 2022<\/span><\/strong><\/p>\n\n\n\n<p><\/p>\n\n\n\n<ul class=\"has-luminous-vivid-amber-background-color has-background has-medium-font-size wp-block-list\">\n<li><strong><span style=\"text-decoration: underline\" class=\"underline\"><a href=\"http:\/\/js-photo.fr\/championnat-de-france-de-tir-a-la-corde-28-mai-2022\" data-type=\"page\" data-id=\"11000\">28 mai 2022 : Championnat de France de tir \u00e0 la corde : <\/a><\/span><\/strong><\/li>\n\n\n\n<li><strong><span style=\"text-decoration: underline\" class=\"underline\"><a href=\"http:\/\/js-photo.fr\/foot260522\">26 mai 2022 : Quart de finale de la coupe des Pays de Loire<\/a> :<\/span><\/strong><\/li>\n\n\n\n<li><strong><span style=\"text-decoration: underline\" class=\"underline\"><a href=\"http:\/\/js-photo.fr\/tournoi-de-lerdre-26-mai-2022\" data-type=\"page\" data-id=\"11003\">26 mai 2022 : Tournoi de l&rsquo;Erdre :<\/a> <\/span><\/strong><\/li>\n\n\n\n<li><strong><span style=\"text-decoration: underline\" class=\"underline\"><a href=\"http:\/\/js-photo.fr\/randonnee-marsac-sur-don-22-mai-2022\" data-type=\"page\" data-id=\"11007\">22 mai 2022 : Randonn\u00e9e Marsac sur Don :<\/a><\/span><\/strong><\/li>\n\n\n\n<li><strong><span style=\"text-decoration: underline\" class=\"underline\"><a href=\"http:\/\/js-photo.fr\/concours-de-palets\">14 mai 2022 : Concours de palets.<\/a><\/span><\/strong><\/li>\n\n\n\n<li><strong><span style=\"text-decoration: underline\" class=\"underline\"><a href=\"http:\/\/js-photo.fr\/ceremonie-du-8-mai-a-casson\">8 mai 2022 : C\u00e9r\u00e9monie 8 mai 1945 \u00e0 Casson.<\/a><\/span><\/strong><\/li>\n\n\n\n<li><strong><span style=\"text-decoration: underline\" class=\"underline\"><a href=\"http:\/\/js-photo.fr\/camp-us-a-casson-07-mai-2022\" data-type=\"page\" data-id=\"11011\">7 mai 2022 : Camp US :<\/a> <\/span><\/strong><\/li>\n\n\n\n<li><strong><span style=\"text-decoration: underline\" class=\"underline\"><a href=\"http:\/\/js-photo.fr\/trail-de-la-carriere-1er-mai-2022\" data-type=\"page\" data-id=\"11015\">1er mai 2022 : Trail de la carri\u00e8re :<\/a> <\/span><\/strong><\/li>\n<\/ul>\n\n\n\n<p class=\"has-text-align-center has-white-color has-pale-cyan-blue-background-color has-text-color has-background has-x-large-font-size\"><strong><span style=\"text-decoration: underline\" class=\"underline\">Avril 2022<\/span><\/strong><\/p>\n\n\n\n<p><\/p>\n\n\n\n<ul class=\"has-luminous-vivid-amber-background-color has-background has-medium-font-size wp-block-list\">\n<li><strong><span style=\"text-decoration: underline\" class=\"underline\"><a href=\"http:\/\/js-photo.fr\/deportes2022\">17 avril 2022 : Journ\u00e9e des d\u00e9port\u00e9s.<\/a><\/span><\/strong><\/li>\n\n\n\n<li><strong><a href=\"http:\/\/js-photo.fr\/duathlon-touchois-09-avril-2022\" data-type=\"page\" data-id=\"11019\"><span style=\"text-decoration: underline\" class=\"underline\">9 avril 2022 : Duathlon Touchois :<\/span><\/a><\/strong><\/li>\n<\/ul>\n\n\n\n<p class=\"has-text-align-center has-white-color has-pale-cyan-blue-background-color has-text-color has-background has-x-large-font-size\"><strong><span style=\"text-decoration: underline\" class=\"underline\">Mars 2022<\/span><\/strong><\/p>\n\n\n\n<p class=\"has-luminous-vivid-amber-background-color has-background\"><span style=\"text-decoration: underline\" class=\"underline\"><strong><a href=\"http:\/\/js-photo.fr\/matinee-fagots-2022\">12 mars 2022 : Matin\u00e9e fagots.<\/a><\/strong><\/span><\/p>\n","protected":false},"excerpt":{"rendered":"<p>2022 D\u00e9cembre 2022 Novembre 2022 Octobre 2022 Septembre 2022 Ao\u00fbt 2022 Juillet 2022 Juin 2022 Mai 2022 Avril 2022 Mars 2022 12 mars 2022 : &hellip; <\/p>\n","protected":false},"author":1,"featured_media":0,"parent":4469,"menu_order":2022,"comment_status":"open","ping_status":"closed","template":"","meta":{"footnotes":""},"class_list":["post-10936","page","type-page","status-publish","hentry"],"_links":{"self":[{"href":"http:\/\/js-photo.fr\/acceuil\/wp-json\/wp\/v2\/pages\/10936","targetHints":{"allow":["GET"]}}],"collection":[{"href":"http:\/\/js-photo.fr\/acceuil\/wp-json\/wp\/v2\/pages"}],"about":[{"href":"http:\/\/js-photo.fr\/acceuil\/wp-json\/wp\/v2\/types\/page"}],"author":[{"embeddable":true,"href":"http:\/\/js-photo.fr\/acceuil\/wp-json\/wp\/v2\/users\/1"}],"replies":[{"embeddable":true,"href":"http:\/\/js-photo.fr\/acceuil\/wp-json\/wp\/v2\/comments?post=10936"}],"version-history":[{"count":8,"href":"http:\/\/js-photo.fr\/acceuil\/wp-json\/wp\/v2\/pages\/10936\/revisions"}],"predecessor-version":[{"id":16437,"href":"http:\/\/js-photo.fr\/acceuil\/wp-json\/wp\/v2\/pages\/10936\/revisions\/16437"}],"up":[{"embeddable":true,"href":"http:\/\/js-photo.fr\/acceuil\/wp-json\/wp\/v2\/pages\/4469"}],"wp:attachment":[{"href":"http:\/\/js-photo.fr\/acceuil\/wp-json\/wp\/v2\/media?parent=10936"}],"curies":[{"name":"wp","href":"https:\/\/api.w.org\/{rel}","templated":true}]}}